{"id":1612,"date":"2021-11-02T22:59:07","date_gmt":"2021-11-02T21:59:07","guid":{"rendered":"https:\/\/menk-schmehmann.de\/ueber-uns\/"},"modified":"2025-05-16T09:47:39","modified_gmt":"2025-05-16T07:47:39","slug":"chi-siamo","status":"publish","type":"page","link":"https:\/\/menk-schmehmann.de\/it\/chi-siamo\/","title":{"rendered":"Chi siamo"},"content":{"rendered":"<div id=\"cs-content\" class=\"cs-content\"><div class=\"x-section e1612-e1 m18s-0 m18s-1\"><div class=\"x-bg\" aria-hidden=\"true\"><div class=\"x-bg-layer-lower-custom\"><div style=\"width: 100%; height: 40%; background: #FFF;\"><\/div><\/div><\/div><div class=\"x-row x-container max width e1612-e2 m18s-6 m18s-7 m18s-8 m18s-9 m18s-f m18s-g\"><div class=\"x-row-inner\"><div class=\"x-col e1612-e3 m18s-l m18s-m m18s-n m18s-o\"><span class=\"x-image e1612-e4 m18s-s m18s-t m18s-u m18s-v m18s-5\"><img decoding=\"async\" src=\"https:\/\/menk-schmehmann.de\/wp-content\/uploads\/menk_gruppe1-2-scaled.jpg\" width=\"2560\" height=\"1503\" alt=\"Image\" loading=\"lazy\"><\/span><div class=\"x-text x-text-headline e1612-e5 m18s-z m18s-10 m18s-11 m18s-12 m18s-13 m18s-14 m18s-15\"><div class=\"x-text-content\"><div class=\"x-text-content-text\"><h1 class=\"x-text-content-text-primary\">Chi siamo:<\/h1>\n<\/div><\/div><\/div><div class=\"x-text x-text-headline e1612-e6 m18s-z m18s-12 m18s-13 m18s-14 m18s-15 m18s-16 m18s-17\"><div class=\"x-text-content\"><div class=\"x-text-content-text\"><h2 class=\"x-text-content-text-primary\">uno sguardo oltre la facciata.<\/h2>\n<\/div><\/div><\/div><div class=\"x-text x-content e1612-e7 m18s-1d m18s-1e m18s-1f m18s-1g m18s-1h\">Non siamo un'azienda che vive nell'anonimato. Ecco perch\u00e9 vi invitiamo a visitare il nostro stabilimento, a conoscere la nostra storia, il nostro team e l\u2019opinione dei nostri dipendenti.<\/div><\/div><\/div><\/div><\/div><div class=\"x-section e1612-e8 m18s-0 m18s-2 m18s-3\"><div class=\"x-row x-container max width e1612-e9 m18s-6 m18s-9 m18s-a m18s-b m18s-c m18s-f m18s-h\"><div class=\"x-row-inner\"><div class=\"x-col e1612-e10 m18s-l m18s-m m18s-n m18s-o\"><div class=\"x-text x-text-headline e1612-e11 m18s-z m18s-10 m18s-11 m18s-12 m18s-13 m18s-14 m18s-18\"><div class=\"x-text-content\"><div class=\"x-text-content-text\"><h4 class=\"x-text-content-text-primary\">Chi siamo<\/h4>\n<\/div><\/div><\/div><div class=\"x-text x-text-headline e1612-e12 m18s-13 m18s-14 m18s-18 m18s-19 m18s-1a\"><div class=\"x-text-content\"><div class=\"x-text-content-text\"><h4 class=\"x-text-content-text-primary\">e cosa rappresentiamo<\/h4>\n<\/div><\/div><\/div><\/div><\/div><\/div><div class=\"x-row x-container max width e1612-e13 m18s-6 m18s-7 m18s-8 m18s-d m18s-i\"><div class=\"x-row-inner\"><div class=\"x-col e1612-e14 m18s-o\"><div class=\"x-text x-content e1612-e15 m18s-1f m18s-1g m18s-1h m18s-1i m18s-1j\"><p><strong>Schmehmann: Da oltre 75 anni il nostro nome \u00e8 sinonimo di qualit\u00e0, impegno e servizio al cliente. In tre quarti di secolo, una piccola officina si \u00e8 trasformata in un'azienda industriale apprezzata da partner di tutto il mondo.<\/strong><\/p>\n<p>Tuttavia, non abbiamo mai dimenticato le nostre radici. Perch\u00e9, sebbene i dipendenti della nostra sede siano molti di pi\u00f9 rispetto a tre quarti di secolo fa, ognuno di loro fa parte di una grande famiglia. Per noi il lavoro di squadra e il senso di appartenenza sono fondamentali, perch\u00e9 l'unione e l'impegno per il successo sono i nostri principali obiettivi.<\/p>\n<p>In fondo, ci\u00f2 che conta per noi \u00e8 la soddisfazione dei nostri clienti. Dalla prima consulenza all'ultimo cordone di saldatura, evadiamo anche gli ordini pi\u00f9 complessi in modo efficiente e rapido. Senza il nostro lavoro, il mondo si fermerebbe, perch\u00e9 non pieghiamo solo tubi, ma realizziamo anche progetti orientati al futuro ponendoci come unico fornitore e operando come un team coeso per i clienti di tutti i continenti.<\/p><\/div><\/div><div class=\"x-col e1612-e16 m18s-o m18s-p\"><span class=\"x-image e1612-e17 m18s-s m18s-u m18s-w\"><img decoding=\"async\" src=\"https:\/\/menk-schmehmann.de\/wp-content\/uploads\/2021\/11\/Menk-Schmehmann-Gebaeude.jpg\" width=\"1200\" height=\"665\" alt=\"Image\" loading=\"lazy\"><\/span><\/div><\/div><\/div><\/div><div class=\"x-section e1612-e18 m18s-0 m18s-3 m18s-4\"><div class=\"x-row x-container max width e1612-e19 m18s-6 m18s-9 m18s-a m18s-c m18s-e m18s-f m18s-j\"><div class=\"x-row-inner\"><div class=\"x-col e1612-e20 m18s-l m18s-m m18s-o m18s-q\"><div class=\"x-text x-text-headline e1612-e21 m18s-z m18s-11 m18s-13 m18s-14 m18s-18 m18s-1a m18s-1b\"><div class=\"x-text-content\"><div class=\"x-text-content-text\"><h2 class=\"x-text-content-text-primary\">la nostra storia<\/h2>\n<\/div><\/div><\/div><\/div><\/div><\/div><div class=\"x-row x-container max width e1612-e22 m18s-6 m18s-7 m18s-9 m18s-c m18s-f m18s-k\"><div class=\"x-row-inner\"><div class=\"x-col e1612-e23 m18s-l m18s-n m18s-o m18s-r\"><div class=\"x-div e1612-e24 m18s-1m m18s-1n m18s-1o m18s-1p m18s-1q m18s-1r m18s-1s m18s-1t m18s-1u m18s-1v\"><a class=\"x-div e1612-e25 m18s-1r m18s-1s m18s-1t m18s-1u m18s-1v m18s-1w\" href=\"#\" data-x-slide-goto=\"1\"><div class=\"x-text x-content e1612-e26 m18s-1e m18s-1f m18s-1j m18s-1k\">1945<\/div><\/a><a class=\"x-div e1612-e27 m18s-1r m18s-1t m18s-1u m18s-1v m18s-1w m18s-1x\" href=\"#\" data-x-slide-goto=\"2\"><div class=\"x-text x-content e1612-e28 m18s-1e m18s-1f m18s-1j m18s-1k\"><p>1956<\/p><\/div><\/a><a class=\"x-div e1612-e29 m18s-1r m18s-1s m18s-1t m18s-1u m18s-1v m18s-1w\" href=\"#\" data-x-slide-goto=\"3\"><div class=\"x-text x-content e1612-e30 m18s-1e m18s-1f m18s-1j m18s-1k\"><p>1994<\/p><\/div><\/a><a class=\"x-div e1612-e31 m18s-1r m18s-1s m18s-1t m18s-1u m18s-1v m18s-1w\" href=\"#\" data-x-slide-goto=\"4\"><div class=\"x-text x-content e1612-e32 m18s-1e m18s-1f m18s-1j m18s-1k\"><p>1995<\/p><\/div><\/a><a class=\"x-div e1612-e33 m18s-1r m18s-1s m18s-1t m18s-1u m18s-1v m18s-1w\" href=\"#\" data-x-slide-goto=\"5\"><div class=\"x-text x-content e1612-e34 m18s-1e m18s-1f m18s-1j m18s-1k\"><p>2009<\/p><\/div><\/a><a class=\"x-div e1612-e35 m18s-1r m18s-1s m18s-1t m18s-1u m18s-1v m18s-1w\" href=\"#\" data-x-slide-goto=\"6\"><div class=\"x-text x-content e1612-e36 m18s-1e m18s-1f m18s-1j m18s-1k\"><p>2010<\/p><\/div><\/a><a class=\"x-div e1612-e37 m18s-1r m18s-1s m18s-1t m18s-1u m18s-1v m18s-1w\" href=\"#\" data-x-slide-goto=\"7\"><div class=\"x-text x-content e1612-e38 m18s-1e m18s-1f m18s-1j m18s-1k\"><p>2013<\/p><\/div><\/a><a class=\"x-div e1612-e39 m18s-1r m18s-1s m18s-1t m18s-1u m18s-1v m18s-1w\" href=\"#\" data-x-slide-goto=\"8\"><div class=\"x-text x-content e1612-e40 m18s-1e m18s-1f m18s-1j m18s-1k\"><p>2015<\/p><\/div><\/a><a class=\"x-div e1612-e41 m18s-1r m18s-1s m18s-1t m18s-1u m18s-1v m18s-1w\" href=\"#\" data-x-slide-goto=\"9\"><div class=\"x-text x-content e1612-e42 m18s-1e m18s-1f m18s-1j m18s-1k\"><p>2021<\/p><\/div><\/a><\/div><\/div><div class=\"x-col e1612-e43 m18s-o\"><div class=\"x-div e1612-e44 m18s-1r m18s-1s m18s-1t m18s-1u m18s-1v\"><div class=\"x-div e1612-e45 m18s-1m m18s-1n m18s-1r m18s-1s m18s-1t m18s-1u m18s-1v m18s-1y m18s-1z\"><div class=\"x-slide-container-viewport is-loading e1612-e46 m18s-27\" data-x-slide-container=\"{&quot;keyboardNavigation&quot;:true,&quot;startingSlide&quot;:1,&quot;enter&quot;:&quot;fade&quot;,&quot;exit&quot;:&quot;fade&quot;,&quot;swipe&quot;:&quot;&quot;,&quot;stacked&quot;:true}\"><div class=\"x-slide-container-content\"><div class=\"x-slide-container is-stacked\"><div class=\"x-slide e1612-e47 m18s-28\" data-x-slide=\"\"><span class=\"x-image e1612-e48 m18s-s m18s-x\"><img decoding=\"async\" src=\"https:\/\/menk-schmehmann.de\/wp-content\/uploads\/Gruendung-SRT.png\" width=\"605\" height=\"403\" alt=\"Image\" loading=\"lazy\"><\/span><div class=\"x-div e1612-e49 m18s-1m m18s-1n m18s-1q m18s-1r m18s-1s m18s-1t m18s-1v m18s-1y m18s-20 m18s-21\"><div class=\"x-text x-text-headline e1612-e50 m18s-z m18s-12 m18s-13 m18s-16 m18s-1a m18s-1c\"><div class=\"x-text-content\"><div class=\"x-text-content-text\"><h5 class=\"x-text-content-text-primary\">1945<\/h5>\n<\/div><\/div><\/div><div class=\"x-text x-content e1612-e51 m18s-1f m18s-1h m18s-1i m18s-1j m18s-1l\"><p>Iniziare come un piccolo laboratorio in una caserma abbandonata a Bad Marienberg<\/p><\/div><\/div><\/div><div class=\"x-slide e1612-e52 m18s-28\" data-x-slide=\"\"><div class=\"x-div e1612-e53 m18s-1m m18s-1n m18s-1q m18s-1r m18s-1s m18s-1t m18s-1v m18s-1y m18s-20 m18s-21\"><span class=\"x-image e1612-e54 m18s-s m18s-x\"><img decoding=\"async\" src=\"https:\/\/menk-schmehmann.de\/wp-content\/uploads\/Erste-Halle.png\" width=\"569\" height=\"416\" alt=\"Image\" loading=\"lazy\"><\/span><div class=\"x-text x-text-headline e1612-e55 m18s-z m18s-12 m18s-13 m18s-16 m18s-1a m18s-1c\"><div class=\"x-text-content\"><div class=\"x-text-content-text\"><h5 class=\"x-text-content-text-primary\">1956<\/h5>\n<\/div><\/div><\/div><div class=\"x-text x-content e1612-e56 m18s-1f m18s-1h m18s-1i m18s-1j m18s-1l\"><p>Acquisizione delle prime macchine e costruzione del primo capannone di produzione a Bad Marienberg<\/p><\/div><\/div><\/div><div class=\"x-slide e1612-e57 m18s-28\" data-x-slide=\"\"><span class=\"x-image e1612-e58 m18s-s m18s-x\"><img decoding=\"async\" src=\"https:\/\/menk-schmehmann.de\/wp-content\/uploads\/Menk-Schmehmann-Geschichte-02.jpg\" width=\"1500\" height=\"1012\" alt=\"Image\" loading=\"lazy\"><\/span><div class=\"x-div e1612-e59 m18s-1m m18s-1n m18s-1q m18s-1r m18s-1s m18s-1t m18s-1v m18s-1y m18s-20 m18s-21 m18s-22\"><div class=\"x-text x-text-headline e1612-e60 m18s-z m18s-12 m18s-13 m18s-16 m18s-1a m18s-1c\"><div class=\"x-text-content\"><div class=\"x-text-content-text\"><h5 class=\"x-text-content-text-primary\">1994<\/h5>\n<\/div><\/div><\/div><div class=\"x-text x-content e1612-e61 m18s-1f m18s-1h m18s-1i m18s-1j m18s-1l\"><p>Acquisizione da parte della famiglia Sch&auml;fer di Neunkirchen<\/p><\/div><\/div><\/div><div class=\"x-slide e1612-e62 m18s-28\" data-x-slide=\"\"><span class=\"x-image e1612-e63 m18s-s m18s-v m18s-x m18s-y\"><img decoding=\"async\" src=\"https:\/\/menk-schmehmann.de\/wp-content\/uploads\/Unbenannt.png\" width=\"604\" height=\"445\" alt=\"Image\" loading=\"lazy\"><\/span><div class=\"x-div e1612-e64 m18s-1m m18s-1n m18s-1q m18s-1r m18s-1s m18s-1t m18s-1v m18s-1y m18s-20 m18s-21 m18s-22\"><div class=\"x-text x-text-headline e1612-e65 m18s-z m18s-12 m18s-13 m18s-16 m18s-1a m18s-1c\"><div class=\"x-text-content\"><div class=\"x-text-content-text\"><h5 class=\"x-text-content-text-primary\">1995<\/h5>\n<\/div><\/div><\/div><div class=\"x-text x-content e1612-e66 m18s-1f m18s-1h m18s-1i m18s-1j m18s-1l\"><p>Fusione con la societ&agrave; Rohrverformungstechnik Ebener GmbH di Bad Marienberg<\/p><\/div><\/div><\/div><div class=\"x-slide e1612-e67 m18s-28\" data-x-slide=\"\"><span class=\"x-image e1612-e68 m18s-s m18s-x\"><img decoding=\"async\" src=\"https:\/\/menk-schmehmann.de\/wp-content\/uploads\/MP-2009-02-25-15-scaled.jpg\" width=\"2560\" height=\"1714\" alt=\"Image\" loading=\"lazy\"><\/span><div class=\"x-div e1612-e69 m18s-1m m18s-1n m18s-1q m18s-1r m18s-1s m18s-1t m18s-1v m18s-1y m18s-20 m18s-21 m18s-22\"><div class=\"x-text x-text-headline e1612-e70 m18s-z m18s-12 m18s-13 m18s-16 m18s-1a m18s-1c\"><div class=\"x-text-content\"><div class=\"x-text-content-text\"><h5 class=\"x-text-content-text-primary\">2009<\/h5>\n<\/div><\/div><\/div><div class=\"x-text x-content e1612-e71 m18s-1f m18s-1h m18s-1i m18s-1j m18s-1l\"><p>Fusione con MP Rohrverformungstechnik GmbH di Norken<\/p><\/div><\/div><\/div><div class=\"x-slide e1612-e72 m18s-28\" data-x-slide=\"\"><span class=\"x-image e1612-e73 m18s-s m18s-x\"><img decoding=\"async\" src=\"https:\/\/menk-schmehmann.de\/wp-content\/uploads\/FLS2-scaled.jpg\" width=\"2560\" height=\"1344\" alt=\"Image\" loading=\"lazy\"><\/span><div class=\"x-div e1612-e74 m18s-1m m18s-1n m18s-1q m18s-1r m18s-1s m18s-1t m18s-1v m18s-1y m18s-20 m18s-21 m18s-22\"><div class=\"x-text x-text-headline e1612-e75 m18s-z m18s-12 m18s-13 m18s-16 m18s-1a m18s-1c\"><div class=\"x-text-content\"><div class=\"x-text-content-text\"><h5 class=\"x-text-content-text-primary\">2010<\/h5>\n<\/div><\/div><\/div><div class=\"x-text x-content e1612-e76 m18s-1f m18s-1h m18s-1i m18s-1j m18s-1l\"><p>Acquisizione di una macchina piegatrice all'avanguardia controllata da CNC<\/p><\/div><\/div><\/div><div class=\"x-slide e1612-e77 m18s-28\" data-x-slide=\"\"><span class=\"x-image e1612-e78 m18s-s m18s-v m18s-x\"><img decoding=\"async\" src=\"https:\/\/menk-schmehmann.de\/wp-content\/uploads\/Schmehmann-FI.jpg\" width=\"1200\" height=\"630\" alt=\"Image\" loading=\"lazy\"><\/span><div class=\"x-div e1612-e79 m18s-1m m18s-1n m18s-1q m18s-1r m18s-1s m18s-1t m18s-1v m18s-1y m18s-20 m18s-21 m18s-22\"><div class=\"x-text x-text-headline e1612-e80 m18s-z m18s-12 m18s-13 m18s-16 m18s-1a m18s-1c\"><div class=\"x-text-content\"><div class=\"x-text-content-text\"><h5 class=\"x-text-content-text-primary\">2013<\/h5>\n<\/div><\/div><\/div><div class=\"x-text x-content e1612-e81 m18s-1f m18s-1h m18s-1i m18s-1j m18s-1l\"><p>Fondazione di Menk-Schmehmann GmbH &amp; Co. KG come societ&agrave; di vendita e gestione di Schmehmann Rohrverformungstechnik GmbH &amp; Menk Appratebau GmbH<\/p><\/div><\/div><\/div><div class=\"x-slide e1612-e82 m18s-28\" data-x-slide=\"\"><div class=\"x-div e1612-e83 m18s-1m m18s-1n m18s-1q m18s-1r m18s-1s m18s-1t m18s-1v m18s-1y m18s-20 m18s-21 m18s-22\"><span class=\"x-image e1612-e84 m18s-s m18s-x\"><img decoding=\"async\" src=\"https:\/\/menk-schmehmann.de\/wp-content\/uploads\/tubeinspect_bild1-platzhalter.png\" width=\"1208\" height=\"792\" alt=\"Image\" loading=\"lazy\"><\/span><div class=\"x-text x-text-headline e1612-e85 m18s-z m18s-12 m18s-13 m18s-16 m18s-1a m18s-1c\"><div class=\"x-text-content\"><div class=\"x-text-content-text\"><h5 class=\"x-text-content-text-primary\">2015<\/h5>\n<\/div><\/div><\/div><div class=\"x-text x-content e1612-e86 m18s-1f m18s-1h m18s-1i m18s-1j m18s-1l\"><p>Acquisizione di una cella di misura che esegue misure ottiche senza contatto<\/p><\/div><\/div><\/div><div class=\"x-slide e1612-e87 m18s-28\" data-x-slide=\"\"><span class=\"x-image e1612-e88 m18s-s m18s-x\"><img decoding=\"async\" src=\"https:\/\/menk-schmehmann.de\/wp-content\/uploads\/MenkSchmehmann-2020-006-scaled.jpg\" width=\"2560\" height=\"1705\" alt=\"Image\" loading=\"lazy\"><\/span><div class=\"x-div e1612-e89 m18s-1m m18s-1n m18s-1q m18s-1r m18s-1s m18s-1t m18s-1v m18s-1y m18s-20 m18s-21 m18s-22\"><div class=\"x-text x-text-headline e1612-e90 m18s-z m18s-12 m18s-13 m18s-16 m18s-1a m18s-1c\"><div class=\"x-text-content\"><div class=\"x-text-content-text\"><h5 class=\"x-text-content-text-primary\">2021<\/h5>\n<\/div><\/div><\/div><div class=\"x-text x-content e1612-e91 m18s-1f m18s-1h m18s-1i m18s-1j m18s-1l\"><p>Zusammenlegung der beiden Produktionsstandorte, Erweiterung der Produktionsfl&auml;che auf 20.000m&sup2;<\/p><\/div><\/div><\/div><\/div><\/div><\/div><div class=\"x-div e1612-e92 m18s-1m m18s-1r m18s-1s m18s-1u m18s-1v m18s-22 m18s-23 m18s-24\"><a class=\"x-div e1612-e93 m18s-1m m18s-1n m18s-1p m18s-1r m18s-1s m18s-1t m18s-1u m18s-21 m18s-25\" href=\"#prev\" data-x-effect-provider=\"colors particles effects\" data-x-slide-prev=\"\"><i class=\"x-icon e1612-e94 m18s-29\" aria-hidden=\"true\" data-x-icon-o=\"&#xf060;\"><\/i><\/a><a class=\"x-div e1612-e95 m18s-1m m18s-1n m18s-1p m18s-1r m18s-1s m18s-1u m18s-21 m18s-24 m18s-25 m18s-26\" href=\"#next\" data-x-effect-provider=\"colors particles effects\" data-x-slide-next=\"\"><i class=\"x-icon e1612-e96 m18s-29\" aria-hidden=\"true\" data-x-icon-o=\"&#xf061;\"><\/i><\/a><\/div><\/div><\/div><\/div><\/div><\/div><\/div><\/div>","protected":false},"excerpt":{"rendered":"<p>Chi siamo: uno sguardo oltre la facciata. Non siamo un&#8217;azienda che vive nell&#8217;anonimato. Ecco perch\u00e9 vi invitiamo a visitare il nostro stabilimento, a conoscere la nostra storia, il nostro team e l\u2019opinione dei nostri dipendenti.Chi siamo e cosa rappresentiamo Schmehmann: Da oltre 75 anni il nostro nome \u00e8 sinonimo di qualit\u00e0, impegno e servizio al cliente. In tre quarti di &#8230;<\/p>\n","protected":false},"author":1,"featured_media":0,"parent":0,"menu_order":0,"comment_status":"closed","ping_status":"closed","template":"template-blank-4.php","meta":{"_acf_changed":false,"footnotes":""},"class_list":["post-1612","page","type-page","status-publish","hentry","no-post-thumbnail"],"acf":[],"yoast_head":"<!-- This site is optimized with the Yoast SEO plugin v26.8 - https:\/\/yoast.com\/product\/yoast-seo-wordpress\/ -->\n<title>Chi siamo | Menk-Schmehmann GmbH &amp; Co.KG<\/title>\n<meta name=\"robots\" content=\"index, follow, max-snippet:-1, max-image-preview:large, max-video-preview:-1\" \/>\n<link rel=\"canonical\" href=\"https:\/\/menk-schmehmann.de\/it\/chi-siamo\/\" \/>\n<meta property=\"og:locale\" content=\"it_IT\" \/>\n<meta property=\"og:type\" content=\"article\" \/>\n<meta property=\"og:title\" content=\"Chi siamo | Menk-Schmehmann GmbH &amp; Co.KG\" \/>\n<meta property=\"og:description\" content=\"Chi siamo: uno sguardo oltre la facciata. Non siamo un&#039;azienda che vive nell&#039;anonimato. Ecco perch\u00e9 vi invitiamo a visitare il nostro stabilimento, a conoscere la nostra storia, il nostro team e l\u2019opinione dei nostri dipendenti.Chi siamo e cosa rappresentiamo Schmehmann: Da oltre 75 anni il nostro nome \u00e8 sinonimo di qualit\u00e0, impegno e servizio al cliente. In tre quarti di ...\" \/>\n<meta property=\"og:url\" content=\"https:\/\/menk-schmehmann.de\/it\/chi-siamo\/\" \/>\n<meta property=\"og:site_name\" content=\"Menk-Schmehmann GmbH &amp; Co.KG\" \/>\n<meta property=\"article:modified_time\" content=\"2025-05-16T07:47:39+00:00\" \/>\n<meta property=\"og:image\" content=\"https:\/\/menk-schmehmann.de\/wp-content\/uploads\/menk_gruppe1-2-scaled.jpg\" \/>\n<meta name=\"twitter:card\" content=\"summary_large_image\" \/>\n<meta name=\"twitter:label1\" content=\"Tempo di lettura stimato\" \/>\n\t<meta name=\"twitter:data1\" content=\"2 minuti\" \/>\n<script type=\"application\/ld+json\" class=\"yoast-schema-graph\">{\"@context\":\"https:\/\/schema.org\",\"@graph\":[{\"@type\":[\"WebPage\",\"AboutPage\"],\"@id\":\"https:\/\/menk-schmehmann.de\/it\/chi-siamo\/\",\"url\":\"https:\/\/menk-schmehmann.de\/it\/chi-siamo\/\",\"name\":\"Chi siamo | Menk-Schmehmann GmbH &amp; Co.KG\",\"isPartOf\":{\"@id\":\"https:\/\/menk-schmehmann.de\/it\/#website\"},\"primaryImageOfPage\":{\"@id\":\"https:\/\/menk-schmehmann.de\/it\/chi-siamo\/#primaryimage\"},\"image\":{\"@id\":\"https:\/\/menk-schmehmann.de\/it\/chi-siamo\/#primaryimage\"},\"thumbnailUrl\":\"https:\/\/menk-schmehmann.de\/wp-content\/uploads\/menk_gruppe1-2-scaled.jpg\",\"datePublished\":\"2021-11-02T21:59:07+00:00\",\"dateModified\":\"2025-05-16T07:47:39+00:00\",\"breadcrumb\":{\"@id\":\"https:\/\/menk-schmehmann.de\/it\/chi-siamo\/#breadcrumb\"},\"inLanguage\":\"it-IT\",\"potentialAction\":[{\"@type\":\"ReadAction\",\"target\":[\"https:\/\/menk-schmehmann.de\/it\/chi-siamo\/\"]}]},{\"@type\":\"ImageObject\",\"inLanguage\":\"it-IT\",\"@id\":\"https:\/\/menk-schmehmann.de\/it\/chi-siamo\/#primaryimage\",\"url\":\"https:\/\/menk-schmehmann.de\/wp-content\/uploads\/menk_gruppe1-2-scaled.jpg\",\"contentUrl\":\"https:\/\/menk-schmehmann.de\/wp-content\/uploads\/menk_gruppe1-2-scaled.jpg\"},{\"@type\":\"BreadcrumbList\",\"@id\":\"https:\/\/menk-schmehmann.de\/it\/chi-siamo\/#breadcrumb\",\"itemListElement\":[{\"@type\":\"ListItem\",\"position\":1,\"name\":\"Startseite\",\"item\":\"https:\/\/menk-schmehmann.de\/it\/\"},{\"@type\":\"ListItem\",\"position\":2,\"name\":\"Chi siamo\"}]},{\"@type\":\"WebSite\",\"@id\":\"https:\/\/menk-schmehmann.de\/it\/#website\",\"url\":\"https:\/\/menk-schmehmann.de\/it\/\",\"name\":\"Menk-Schmehmann GmbH &amp; Co.KG\",\"description\":\"Anlagenbau &amp; Rohrverformungstechnik\",\"publisher\":{\"@id\":\"https:\/\/menk-schmehmann.de\/it\/#organization\"},\"potentialAction\":[{\"@type\":\"SearchAction\",\"target\":{\"@type\":\"EntryPoint\",\"urlTemplate\":\"https:\/\/menk-schmehmann.de\/it\/?s={search_term_string}\"},\"query-input\":{\"@type\":\"PropertyValueSpecification\",\"valueRequired\":true,\"valueName\":\"search_term_string\"}}],\"inLanguage\":\"it-IT\"},{\"@type\":\"Organization\",\"@id\":\"https:\/\/menk-schmehmann.de\/it\/#organization\",\"name\":\"Menk Schmehmann\",\"url\":\"https:\/\/menk-schmehmann.de\/it\/\",\"logo\":{\"@type\":\"ImageObject\",\"inLanguage\":\"it-IT\",\"@id\":\"https:\/\/menk-schmehmann.de\/it\/#\/schema\/logo\/image\/\",\"url\":\"https:\/\/menk-schmehmann.de\/wp-content\/uploads\/2021\/11\/Menk-Schmehmann-Logo.png\",\"contentUrl\":\"https:\/\/menk-schmehmann.de\/wp-content\/uploads\/2021\/11\/Menk-Schmehmann-Logo.png\",\"width\":775,\"height\":120,\"caption\":\"Menk Schmehmann\"},\"image\":{\"@id\":\"https:\/\/menk-schmehmann.de\/it\/#\/schema\/logo\/image\/\"}}]}<\/script>\n<!-- \/ Yoast SEO plugin. -->","yoast_head_json":{"title":"Chi siamo | Menk-Schmehmann GmbH &amp; Co.KG","robots":{"index":"index","follow":"follow","max-snippet":"max-snippet:-1","max-image-preview":"max-image-preview:large","max-video-preview":"max-video-preview:-1"},"canonical":"https:\/\/menk-schmehmann.de\/it\/chi-siamo\/","og_locale":"it_IT","og_type":"article","og_title":"Chi siamo | Menk-Schmehmann GmbH &amp; Co.KG","og_description":"Chi siamo: uno sguardo oltre la facciata. Non siamo un'azienda che vive nell'anonimato. Ecco perch\u00e9 vi invitiamo a visitare il nostro stabilimento, a conoscere la nostra storia, il nostro team e l\u2019opinione dei nostri dipendenti.Chi siamo e cosa rappresentiamo Schmehmann: Da oltre 75 anni il nostro nome \u00e8 sinonimo di qualit\u00e0, impegno e servizio al cliente. In tre quarti di ...","og_url":"https:\/\/menk-schmehmann.de\/it\/chi-siamo\/","og_site_name":"Menk-Schmehmann GmbH &amp; Co.KG","article_modified_time":"2025-05-16T07:47:39+00:00","og_image":[{"url":"https:\/\/menk-schmehmann.de\/wp-content\/uploads\/menk_gruppe1-2-scaled.jpg","type":"","width":"","height":""}],"twitter_card":"summary_large_image","twitter_misc":{"Tempo di lettura stimato":"2 minuti"},"schema":{"@context":"https:\/\/schema.org","@graph":[{"@type":["WebPage","AboutPage"],"@id":"https:\/\/menk-schmehmann.de\/it\/chi-siamo\/","url":"https:\/\/menk-schmehmann.de\/it\/chi-siamo\/","name":"Chi siamo | Menk-Schmehmann GmbH &amp; Co.KG","isPartOf":{"@id":"https:\/\/menk-schmehmann.de\/it\/#website"},"primaryImageOfPage":{"@id":"https:\/\/menk-schmehmann.de\/it\/chi-siamo\/#primaryimage"},"image":{"@id":"https:\/\/menk-schmehmann.de\/it\/chi-siamo\/#primaryimage"},"thumbnailUrl":"https:\/\/menk-schmehmann.de\/wp-content\/uploads\/menk_gruppe1-2-scaled.jpg","datePublished":"2021-11-02T21:59:07+00:00","dateModified":"2025-05-16T07:47:39+00:00","breadcrumb":{"@id":"https:\/\/menk-schmehmann.de\/it\/chi-siamo\/#breadcrumb"},"inLanguage":"it-IT","potentialAction":[{"@type":"ReadAction","target":["https:\/\/menk-schmehmann.de\/it\/chi-siamo\/"]}]},{"@type":"ImageObject","inLanguage":"it-IT","@id":"https:\/\/menk-schmehmann.de\/it\/chi-siamo\/#primaryimage","url":"https:\/\/menk-schmehmann.de\/wp-content\/uploads\/menk_gruppe1-2-scaled.jpg","contentUrl":"https:\/\/menk-schmehmann.de\/wp-content\/uploads\/menk_gruppe1-2-scaled.jpg"},{"@type":"BreadcrumbList","@id":"https:\/\/menk-schmehmann.de\/it\/chi-siamo\/#breadcrumb","itemListElement":[{"@type":"ListItem","position":1,"name":"Startseite","item":"https:\/\/menk-schmehmann.de\/it\/"},{"@type":"ListItem","position":2,"name":"Chi siamo"}]},{"@type":"WebSite","@id":"https:\/\/menk-schmehmann.de\/it\/#website","url":"https:\/\/menk-schmehmann.de\/it\/","name":"Menk-Schmehmann GmbH &amp; Co.KG","description":"Anlagenbau &amp; Rohrverformungstechnik","publisher":{"@id":"https:\/\/menk-schmehmann.de\/it\/#organization"},"potentialAction":[{"@type":"SearchAction","target":{"@type":"EntryPoint","urlTemplate":"https:\/\/menk-schmehmann.de\/it\/?s={search_term_string}"},"query-input":{"@type":"PropertyValueSpecification","valueRequired":true,"valueName":"search_term_string"}}],"inLanguage":"it-IT"},{"@type":"Organization","@id":"https:\/\/menk-schmehmann.de\/it\/#organization","name":"Menk Schmehmann","url":"https:\/\/menk-schmehmann.de\/it\/","logo":{"@type":"ImageObject","inLanguage":"it-IT","@id":"https:\/\/menk-schmehmann.de\/it\/#\/schema\/logo\/image\/","url":"https:\/\/menk-schmehmann.de\/wp-content\/uploads\/2021\/11\/Menk-Schmehmann-Logo.png","contentUrl":"https:\/\/menk-schmehmann.de\/wp-content\/uploads\/2021\/11\/Menk-Schmehmann-Logo.png","width":775,"height":120,"caption":"Menk Schmehmann"},"image":{"@id":"https:\/\/menk-schmehmann.de\/it\/#\/schema\/logo\/image\/"}}]}},"_links":{"self":[{"href":"https:\/\/menk-schmehmann.de\/it\/wp-json\/wp\/v2\/pages\/1612","targetHints":{"allow":["GET"]}}],"collection":[{"href":"https:\/\/menk-schmehmann.de\/it\/wp-json\/wp\/v2\/pages"}],"about":[{"href":"https:\/\/menk-schmehmann.de\/it\/wp-json\/wp\/v2\/types\/page"}],"author":[{"embeddable":true,"href":"https:\/\/menk-schmehmann.de\/it\/wp-json\/wp\/v2\/users\/1"}],"replies":[{"embeddable":true,"href":"https:\/\/menk-schmehmann.de\/it\/wp-json\/wp\/v2\/comments?post=1612"}],"version-history":[{"count":4,"href":"https:\/\/menk-schmehmann.de\/it\/wp-json\/wp\/v2\/pages\/1612\/revisions"}],"predecessor-version":[{"id":7762,"href":"https:\/\/menk-schmehmann.de\/it\/wp-json\/wp\/v2\/pages\/1612\/revisions\/7762"}],"wp:attachment":[{"href":"https:\/\/menk-schmehmann.de\/it\/wp-json\/wp\/v2\/media?parent=1612"}],"curies":[{"name":"wp","href":"https:\/\/api.w.org\/{rel}","templated":true}]}}