{"id":1579,"date":"2021-11-15T20:23:51","date_gmt":"2021-11-15T19:23:51","guid":{"rendered":"https:\/\/menk-schmehmann.de\/industrie\/chemie-petrochemie\/"},"modified":"2025-05-16T09:47:24","modified_gmt":"2025-05-16T07:47:24","slug":"industria-chimica-e-petrolchimica","status":"publish","type":"page","link":"https:\/\/menk-schmehmann.de\/it\/industrie\/industria-chimica-e-petrolchimica\/","title":{"rendered":"Industria chimica e petrolchimica"},"content":{"rendered":"<div id=\"cs-content\" class=\"cs-content\"><div class=\"x-section e1579-e1 m17v-0 m17v-1\"><div class=\"x-bg\" aria-hidden=\"true\"><div class=\"x-bg-layer-lower-custom\"><div style=\"width: 100%; height: 40%; background: #FFF;\"><\/div><\/div><\/div><div class=\"x-row x-container max width e1579-e2 m17v-4 m17v-5 m17v-6 m17v-7 m17v-8 m17v-e m17v-f\"><div class=\"x-row-inner\"><div class=\"x-col e1579-e3 m17v-k m17v-l\"><span class=\"x-image e1579-e4 m17v-s m17v-t\"><img decoding=\"async\" src=\"https:\/\/menk-schmehmann.de\/wp-content\/uploads\/2021\/11\/Menk-Schmehmann-Chemie-und-Petrochemie.jpg\" width=\"2400\" height=\"1330\" alt=\"Image\" loading=\"lazy\"><\/span><div class=\"x-text x-text-headline e1579-e5 m17v-v m17v-w\"><div class=\"x-text-content\"><div class=\"x-text-content-text\"><h1 class=\"x-text-content-text-primary\">Industria chimica e petrolchimica:<\/h1>\n<\/div><\/div><\/div><div class=\"x-text x-text-headline e1579-e6 m17v-w m17v-x\"><div class=\"x-text-content\"><div class=\"x-text-content-text\"><h2 class=\"x-text-content-text-primary\">dove la sicurezza \u00e8 indispensabile<\/h2>\n<\/div><\/div><\/div><\/div><\/div><\/div><\/div><div class=\"x-section e1579-e7 m17v-0 m17v-2\"><div class=\"x-row x-container max width e1579-e8 m17v-4 m17v-6 m17v-7 m17v-8 m17v-9 m17v-a m17v-e m17v-g\"><div class=\"x-row-inner\"><div class=\"x-col e1579-e9 m17v-k m17v-l m17v-m m17v-n m17v-o\"><span class=\"x-image e1579-e10 m17v-s m17v-u m17v-3\"><img decoding=\"async\" src=\"https:\/\/menk-schmehmann.de\/wp-content\/uploads\/2021\/11\/Menk-Schmehmann-Icon-Chemie.png\" width=\"250\" height=\"250\" alt=\"Image\" loading=\"lazy\"><\/span><\/div><\/div><\/div><div class=\"x-row x-container max width e1579-e11 m17v-4 m17v-6 m17v-7 m17v-9 m17v-a m17v-b m17v-h\"><div class=\"x-row-inner\"><div class=\"x-col e1579-e12 m17v-k m17v-l m17v-m m17v-o m17v-p\"><div class=\"x-text x-content e1579-e13 m17v-y m17v-z\"><p><strong>Lavorate con sostanze che non ammettono errori. Garantiamo processi di lavoro sicuri.<\/strong><\/p>\n<p><span>Le bobine piatte prodotte dal nostro stabilimento non solo definiscono gli standard in termini di qualit\u00e0 e precisione, ma i nostri esperti qualificati verificano l'affidabilit\u00e0 di ogni componente attraverso procedure di collaudo in pi\u00f9 fasi prima di consegnarli ai clienti.<\/span><\/p>\n<p><span>I tempi di consegna rapidi sono di vitale importanza per noi, cos\u00ec come l'evasione di ordini complessi. Che si tratti di componenti di serie o di un semplice sistema a bobina piatta con migliaia di curve, noi siamo in grado di costruirlo.<\/span><\/p><\/div><\/div><div class=\"x-col e1579-e14 m17v-k m17v-q\"><div class=\"x-text x-content e1579-e15 m17v-y m17v-z\"><div><b><span lang=\"IT\">Vantaggi per voi<\/span><\/b><\/div>\n<div><\/div><\/div><ul class=\"x-row e1579-e16 m17v-4 m17v-9 m17v-c m17v-d m17v-i\"><div class=\"x-row-inner\"><li class=\"x-col e1579-e17 m17v-k m17v-l m17v-m m17v-n m17v-r\"><figure class=\"x-div e1579-e18 m17v-11 m17v-12\"><i class=\"x-icon e1579-e19 m17v-14\" aria-hidden=\"true\" data-x-icon-s=\"&#xf00c;\"><\/i><\/figure><div class=\"x-div e1579-e20 m17v-12 m17v-13\"><div class=\"x-text x-content e1579-e21 m17v-z m17v-10\">Il vostro partner specializzato in tecnologia per l'industria chimica e petrolchimica<\/div><\/div><\/li><li class=\"x-col e1579-e22 m17v-k m17v-l m17v-m m17v-n m17v-r\"><figure class=\"x-div e1579-e23 m17v-11 m17v-12\"><i class=\"x-icon e1579-e24 m17v-14\" aria-hidden=\"true\" data-x-icon-s=\"&#xf00c;\"><\/i><\/figure><div class=\"x-div e1579-e25 m17v-12 m17v-13\"><div class=\"x-text x-content e1579-e26 m17v-z m17v-10\">Produzione di parti in serie e componenti speciali, nonch\u00e9 di sistemi completi conformemente alle vostre specifiche<\/div><\/div><\/li><li class=\"x-col e1579-e27 m17v-k m17v-l m17v-m m17v-n m17v-r\"><figure class=\"x-div e1579-e28 m17v-11 m17v-12\"><i class=\"x-icon e1579-e29 m17v-14\" aria-hidden=\"true\" data-x-icon-s=\"&#xf00c;\"><\/i><\/figure><div class=\"x-div e1579-e30 m17v-12 m17v-13\"><div class=\"x-text x-content e1579-e31 m17v-z m17v-10\">Rapida elaborazione degli ordini e consegna finale<\/div><\/div><\/li><li class=\"x-col e1579-e32 m17v-k m17v-l m17v-m m17v-n m17v-r\"><figure class=\"x-div e1579-e33 m17v-11 m17v-12\"><i class=\"x-icon e1579-e34 m17v-14\" aria-hidden=\"true\" data-x-icon-s=\"&#xf00c;\"><\/i><\/figure><div class=\"x-div e1579-e35 m17v-12 m17v-13\"><div class=\"x-text x-content e1579-e36 m17v-z m17v-10\">Controllo qualit\u00e0 completo in conformit\u00e0 alla norma ISO 9001:2015<\/div><\/div><\/li><li class=\"x-col e1579-e37 m17v-k m17v-l m17v-m m17v-n m17v-r\"><figure class=\"x-div e1579-e38 m17v-11 m17v-12\"><i class=\"x-icon e1579-e39 m17v-14\" aria-hidden=\"true\" data-x-icon-s=\"&#xf00c;\"><\/i><\/figure><div class=\"x-div e1579-e40 m17v-12 m17v-13\"><div class=\"x-text x-content e1579-e41 m17v-z m17v-10\">Prodotti di alta qualit\u00e0 frutto del lavoro di dipendenti altamente qualificati<\/div><\/div><\/li><\/div><\/ul><\/div><\/div><\/div><div class=\"x-row x-container max width e1579-e42 m17v-4 m17v-5 m17v-7 m17v-8 m17v-d m17v-e m17v-j\"><div class=\"x-row-inner\"><div class=\"x-col e1579-e43 m17v-k m17v-l\"><div class=\"x-text x-content e1579-e44 m17v-y m17v-z\"><p>Siete interessati al nostro lavoro?  <a title=\"Kontakt\" href=\"\/kontakt\">Siamo a vostra disposizione.<\/a><\/p><\/div><\/div><\/div><\/div><\/div><\/div>","protected":false},"excerpt":{"rendered":"<p>Industria chimica e petrolchimica: dove la sicurezza \u00e8 indispensabile Lavorate con sostanze che non ammettono errori. Garantiamo processi di lavoro sicuri. Le bobine piatte prodotte dal nostro stabilimento non solo definiscono gli standard in termini di qualit\u00e0 e precisione, ma i nostri esperti qualificati verificano l&#8217;affidabilit\u00e0 di ogni componente attraverso procedure di collaudo in pi\u00f9 fasi prima di consegnarli ai &#8230;<\/p>\n","protected":false},"author":1,"featured_media":0,"parent":1571,"menu_order":0,"comment_status":"closed","ping_status":"closed","template":"template-blank-4.php","meta":{"_acf_changed":false,"footnotes":""},"class_list":["post-1579","page","type-page","status-publish","hentry","no-post-thumbnail"],"acf":[],"yoast_head":"<!-- This site is optimized with the Yoast SEO plugin v26.8 - https:\/\/yoast.com\/product\/yoast-seo-wordpress\/ -->\n<title>Industria chimica e petrolchimica | Menk-Schmehmann GmbH &amp; Co.KG<\/title>\n<meta name=\"robots\" content=\"index, follow, max-snippet:-1, max-image-preview:large, max-video-preview:-1\" \/>\n<link rel=\"canonical\" href=\"https:\/\/menk-schmehmann.de\/it\/industrie\/industria-chimica-e-petrolchimica\/\" \/>\n<meta property=\"og:locale\" content=\"it_IT\" \/>\n<meta property=\"og:type\" content=\"article\" \/>\n<meta property=\"og:title\" content=\"Industria chimica e petrolchimica | Menk-Schmehmann GmbH &amp; Co.KG\" \/>\n<meta property=\"og:description\" content=\"Industria chimica e petrolchimica: dove la sicurezza \u00e8 indispensabile Lavorate con sostanze che non ammettono errori. Garantiamo processi di lavoro sicuri. Le bobine piatte prodotte dal nostro stabilimento non solo definiscono gli standard in termini di qualit\u00e0 e precisione, ma i nostri esperti qualificati verificano l&#039;affidabilit\u00e0 di ogni componente attraverso procedure di collaudo in pi\u00f9 fasi prima di consegnarli ai ...\" \/>\n<meta property=\"og:url\" content=\"https:\/\/menk-schmehmann.de\/it\/industrie\/industria-chimica-e-petrolchimica\/\" \/>\n<meta property=\"og:site_name\" content=\"Menk-Schmehmann GmbH &amp; Co.KG\" \/>\n<meta property=\"article:modified_time\" content=\"2025-05-16T07:47:24+00:00\" \/>\n<meta property=\"og:image\" content=\"https:\/\/menk-schmehmann.de\/wp-content\/uploads\/2021\/11\/Menk-Schmehmann-Chemie-und-Petrochemie.jpg\" \/>\n<meta name=\"twitter:card\" content=\"summary_large_image\" \/>\n<meta name=\"twitter:label1\" content=\"Tempo di lettura stimato\" \/>\n\t<meta name=\"twitter:data1\" content=\"1 minuto\" \/>\n<script type=\"application\/ld+json\" class=\"yoast-schema-graph\">{\"@context\":\"https:\/\/schema.org\",\"@graph\":[{\"@type\":\"WebPage\",\"@id\":\"https:\/\/menk-schmehmann.de\/it\/industrie\/industria-chimica-e-petrolchimica\/\",\"url\":\"https:\/\/menk-schmehmann.de\/it\/industrie\/industria-chimica-e-petrolchimica\/\",\"name\":\"Industria chimica e petrolchimica | Menk-Schmehmann GmbH &amp; Co.KG\",\"isPartOf\":{\"@id\":\"https:\/\/menk-schmehmann.de\/it\/#website\"},\"primaryImageOfPage\":{\"@id\":\"https:\/\/menk-schmehmann.de\/it\/industrie\/industria-chimica-e-petrolchimica\/#primaryimage\"},\"image\":{\"@id\":\"https:\/\/menk-schmehmann.de\/it\/industrie\/industria-chimica-e-petrolchimica\/#primaryimage\"},\"thumbnailUrl\":\"https:\/\/menk-schmehmann.de\/wp-content\/uploads\/2021\/11\/Menk-Schmehmann-Chemie-und-Petrochemie.jpg\",\"datePublished\":\"2021-11-15T19:23:51+00:00\",\"dateModified\":\"2025-05-16T07:47:24+00:00\",\"breadcrumb\":{\"@id\":\"https:\/\/menk-schmehmann.de\/it\/industrie\/industria-chimica-e-petrolchimica\/#breadcrumb\"},\"inLanguage\":\"it-IT\",\"potentialAction\":[{\"@type\":\"ReadAction\",\"target\":[\"https:\/\/menk-schmehmann.de\/it\/industrie\/industria-chimica-e-petrolchimica\/\"]}]},{\"@type\":\"ImageObject\",\"inLanguage\":\"it-IT\",\"@id\":\"https:\/\/menk-schmehmann.de\/it\/industrie\/industria-chimica-e-petrolchimica\/#primaryimage\",\"url\":\"https:\/\/menk-schmehmann.de\/wp-content\/uploads\/2021\/11\/Menk-Schmehmann-Chemie-und-Petrochemie.jpg\",\"contentUrl\":\"https:\/\/menk-schmehmann.de\/wp-content\/uploads\/2021\/11\/Menk-Schmehmann-Chemie-und-Petrochemie.jpg\"},{\"@type\":\"BreadcrumbList\",\"@id\":\"https:\/\/menk-schmehmann.de\/it\/industrie\/industria-chimica-e-petrolchimica\/#breadcrumb\",\"itemListElement\":[{\"@type\":\"ListItem\",\"position\":1,\"name\":\"Startseite\",\"item\":\"https:\/\/menk-schmehmann.de\/it\/\"},{\"@type\":\"ListItem\",\"position\":2,\"name\":\"Industrie\",\"item\":\"https:\/\/menk-schmehmann.de\/it\/branchen\/\"},{\"@type\":\"ListItem\",\"position\":3,\"name\":\"Industria chimica e petrolchimica\"}]},{\"@type\":\"WebSite\",\"@id\":\"https:\/\/menk-schmehmann.de\/it\/#website\",\"url\":\"https:\/\/menk-schmehmann.de\/it\/\",\"name\":\"Menk-Schmehmann GmbH &amp; Co.KG\",\"description\":\"Anlagenbau &amp; Rohrverformungstechnik\",\"publisher\":{\"@id\":\"https:\/\/menk-schmehmann.de\/it\/#organization\"},\"potentialAction\":[{\"@type\":\"SearchAction\",\"target\":{\"@type\":\"EntryPoint\",\"urlTemplate\":\"https:\/\/menk-schmehmann.de\/it\/?s={search_term_string}\"},\"query-input\":{\"@type\":\"PropertyValueSpecification\",\"valueRequired\":true,\"valueName\":\"search_term_string\"}}],\"inLanguage\":\"it-IT\"},{\"@type\":\"Organization\",\"@id\":\"https:\/\/menk-schmehmann.de\/it\/#organization\",\"name\":\"Menk Schmehmann\",\"url\":\"https:\/\/menk-schmehmann.de\/it\/\",\"logo\":{\"@type\":\"ImageObject\",\"inLanguage\":\"it-IT\",\"@id\":\"https:\/\/menk-schmehmann.de\/it\/#\/schema\/logo\/image\/\",\"url\":\"https:\/\/menk-schmehmann.de\/wp-content\/uploads\/2021\/11\/Menk-Schmehmann-Logo.png\",\"contentUrl\":\"https:\/\/menk-schmehmann.de\/wp-content\/uploads\/2021\/11\/Menk-Schmehmann-Logo.png\",\"width\":775,\"height\":120,\"caption\":\"Menk Schmehmann\"},\"image\":{\"@id\":\"https:\/\/menk-schmehmann.de\/it\/#\/schema\/logo\/image\/\"}}]}<\/script>\n<!-- \/ Yoast SEO plugin. -->","yoast_head_json":{"title":"Industria chimica e petrolchimica | Menk-Schmehmann GmbH &amp; Co.KG","robots":{"index":"index","follow":"follow","max-snippet":"max-snippet:-1","max-image-preview":"max-image-preview:large","max-video-preview":"max-video-preview:-1"},"canonical":"https:\/\/menk-schmehmann.de\/it\/industrie\/industria-chimica-e-petrolchimica\/","og_locale":"it_IT","og_type":"article","og_title":"Industria chimica e petrolchimica | Menk-Schmehmann GmbH &amp; Co.KG","og_description":"Industria chimica e petrolchimica: dove la sicurezza \u00e8 indispensabile Lavorate con sostanze che non ammettono errori. Garantiamo processi di lavoro sicuri. Le bobine piatte prodotte dal nostro stabilimento non solo definiscono gli standard in termini di qualit\u00e0 e precisione, ma i nostri esperti qualificati verificano l'affidabilit\u00e0 di ogni componente attraverso procedure di collaudo in pi\u00f9 fasi prima di consegnarli ai ...","og_url":"https:\/\/menk-schmehmann.de\/it\/industrie\/industria-chimica-e-petrolchimica\/","og_site_name":"Menk-Schmehmann GmbH &amp; Co.KG","article_modified_time":"2025-05-16T07:47:24+00:00","og_image":[{"url":"https:\/\/menk-schmehmann.de\/wp-content\/uploads\/2021\/11\/Menk-Schmehmann-Chemie-und-Petrochemie.jpg","type":"","width":"","height":""}],"twitter_card":"summary_large_image","twitter_misc":{"Tempo di lettura stimato":"1 minuto"},"schema":{"@context":"https:\/\/schema.org","@graph":[{"@type":"WebPage","@id":"https:\/\/menk-schmehmann.de\/it\/industrie\/industria-chimica-e-petrolchimica\/","url":"https:\/\/menk-schmehmann.de\/it\/industrie\/industria-chimica-e-petrolchimica\/","name":"Industria chimica e petrolchimica | Menk-Schmehmann GmbH &amp; Co.KG","isPartOf":{"@id":"https:\/\/menk-schmehmann.de\/it\/#website"},"primaryImageOfPage":{"@id":"https:\/\/menk-schmehmann.de\/it\/industrie\/industria-chimica-e-petrolchimica\/#primaryimage"},"image":{"@id":"https:\/\/menk-schmehmann.de\/it\/industrie\/industria-chimica-e-petrolchimica\/#primaryimage"},"thumbnailUrl":"https:\/\/menk-schmehmann.de\/wp-content\/uploads\/2021\/11\/Menk-Schmehmann-Chemie-und-Petrochemie.jpg","datePublished":"2021-11-15T19:23:51+00:00","dateModified":"2025-05-16T07:47:24+00:00","breadcrumb":{"@id":"https:\/\/menk-schmehmann.de\/it\/industrie\/industria-chimica-e-petrolchimica\/#breadcrumb"},"inLanguage":"it-IT","potentialAction":[{"@type":"ReadAction","target":["https:\/\/menk-schmehmann.de\/it\/industrie\/industria-chimica-e-petrolchimica\/"]}]},{"@type":"ImageObject","inLanguage":"it-IT","@id":"https:\/\/menk-schmehmann.de\/it\/industrie\/industria-chimica-e-petrolchimica\/#primaryimage","url":"https:\/\/menk-schmehmann.de\/wp-content\/uploads\/2021\/11\/Menk-Schmehmann-Chemie-und-Petrochemie.jpg","contentUrl":"https:\/\/menk-schmehmann.de\/wp-content\/uploads\/2021\/11\/Menk-Schmehmann-Chemie-und-Petrochemie.jpg"},{"@type":"BreadcrumbList","@id":"https:\/\/menk-schmehmann.de\/it\/industrie\/industria-chimica-e-petrolchimica\/#breadcrumb","itemListElement":[{"@type":"ListItem","position":1,"name":"Startseite","item":"https:\/\/menk-schmehmann.de\/it\/"},{"@type":"ListItem","position":2,"name":"Industrie","item":"https:\/\/menk-schmehmann.de\/it\/branchen\/"},{"@type":"ListItem","position":3,"name":"Industria chimica e petrolchimica"}]},{"@type":"WebSite","@id":"https:\/\/menk-schmehmann.de\/it\/#website","url":"https:\/\/menk-schmehmann.de\/it\/","name":"Menk-Schmehmann GmbH &amp; Co.KG","description":"Anlagenbau &amp; Rohrverformungstechnik","publisher":{"@id":"https:\/\/menk-schmehmann.de\/it\/#organization"},"potentialAction":[{"@type":"SearchAction","target":{"@type":"EntryPoint","urlTemplate":"https:\/\/menk-schmehmann.de\/it\/?s={search_term_string}"},"query-input":{"@type":"PropertyValueSpecification","valueRequired":true,"valueName":"search_term_string"}}],"inLanguage":"it-IT"},{"@type":"Organization","@id":"https:\/\/menk-schmehmann.de\/it\/#organization","name":"Menk Schmehmann","url":"https:\/\/menk-schmehmann.de\/it\/","logo":{"@type":"ImageObject","inLanguage":"it-IT","@id":"https:\/\/menk-schmehmann.de\/it\/#\/schema\/logo\/image\/","url":"https:\/\/menk-schmehmann.de\/wp-content\/uploads\/2021\/11\/Menk-Schmehmann-Logo.png","contentUrl":"https:\/\/menk-schmehmann.de\/wp-content\/uploads\/2021\/11\/Menk-Schmehmann-Logo.png","width":775,"height":120,"caption":"Menk Schmehmann"},"image":{"@id":"https:\/\/menk-schmehmann.de\/it\/#\/schema\/logo\/image\/"}}]}},"_links":{"self":[{"href":"https:\/\/menk-schmehmann.de\/it\/wp-json\/wp\/v2\/pages\/1579","targetHints":{"allow":["GET"]}}],"collection":[{"href":"https:\/\/menk-schmehmann.de\/it\/wp-json\/wp\/v2\/pages"}],"about":[{"href":"https:\/\/menk-schmehmann.de\/it\/wp-json\/wp\/v2\/types\/page"}],"author":[{"embeddable":true,"href":"https:\/\/menk-schmehmann.de\/it\/wp-json\/wp\/v2\/users\/1"}],"replies":[{"embeddable":true,"href":"https:\/\/menk-schmehmann.de\/it\/wp-json\/wp\/v2\/comments?post=1579"}],"version-history":[{"count":9,"href":"https:\/\/menk-schmehmann.de\/it\/wp-json\/wp\/v2\/pages\/1579\/revisions"}],"predecessor-version":[{"id":7754,"href":"https:\/\/menk-schmehmann.de\/it\/wp-json\/wp\/v2\/pages\/1579\/revisions\/7754"}],"up":[{"embeddable":true,"href":"https:\/\/menk-schmehmann.de\/it\/wp-json\/wp\/v2\/pages\/1571"}],"wp:attachment":[{"href":"https:\/\/menk-schmehmann.de\/it\/wp-json\/wp\/v2\/media?parent=1579"}],"curies":[{"name":"wp","href":"https:\/\/api.w.org\/{rel}","templated":true}]}}