{"id":1070,"date":"2021-10-22T11:43:29","date_gmt":"2021-10-22T09:43:29","guid":{"rendered":"https:\/\/menk-schmehmann.de\/start\/"},"modified":"2025-05-16T09:47:21","modified_gmt":"2025-05-16T07:47:21","slug":"start","status":"publish","type":"page","link":"https:\/\/menk-schmehmann.de\/it\/","title":{"rendered":"Start"},"content":{"rendered":"<div id=\"cs-content\" class=\"cs-content\"><div class=\"x-section e1070-e1 mtq-0 mtq-1\"><div class=\"x-bg\" aria-hidden=\"true\"><div class=\"x-bg-layer-lower-custom\"><div style=\"width: 100%; height: 30vh; background-color: #FFF;\"><\/div><\/div><\/div><div class=\"x-row x-container max width e1070-e2 mtq-4 mtq-5 mtq-7 mtq-8\"><div class=\"x-row-inner\"><div class=\"x-col e1070-e3 mtq-b mtq-c\"><div class=\"x-div e1070-e4 mtq-e mtq-f mtq-g mtq-h\"><div class=\"x-div e1070-e5 mtq-e mtq-g mtq-h mtq-i\"><div class=\"x-slide-container-viewport is-loading e1070-e6 mtq-p\" data-x-slide-container=\"{&quot;keyboardNavigation&quot;:true,&quot;startingSlide&quot;:1,&quot;enter&quot;:&quot;fade&quot;,&quot;exit&quot;:&quot;fade&quot;,&quot;swipe&quot;:&quot;&quot;,&quot;stacked&quot;:true}\"><div class=\"x-slide-container-content\"><div class=\"x-slide-container is-stacked\"><div class=\"x-slide e1070-e7 mtq-q mtq-r\" data-x-slide=\"\"><div class=\"x-bg\" aria-hidden=\"true\"><div class=\"x-bg-layer-lower-image\"><\/div><\/div><div class=\"x-div e1070-e8 mtq-e mtq-g mtq-h mtq-i mtq-j mtq-k mtq-l\"><div class=\"x-text x-content e1070-e9 mtq-t mtq-u mtq-v mtq-w mtq-x\">Funzione<\/div><div class=\"x-text x-content e1070-e10 mtq-v mtq-w mtq-x mtq-y\">di forma<\/div><\/div><\/div><div class=\"x-slide e1070-e11 mtq-q mtq-s\" data-x-slide=\"\"><div class=\"x-bg\" aria-hidden=\"true\"><div class=\"x-bg-layer-lower-image\"><\/div><\/div><a class=\"x-anchor x-anchor-button has-graphic has-particle e1070-e12 mtq-12 mtq-13\" tabindex=\"0\" href=\"\/karriere\/ausbildung\/\"><span class=\"x-particle is-primary\" data-x-particle=\"scale-x inside-c_l\" aria-hidden=\"true\"><span style=\"\"><\/span><\/span><div class=\"x-anchor-content\"><span class=\"x-graphic\" aria-hidden=\"true\"><i class=\"x-icon x-graphic-child x-graphic-icon x-graphic-primary\" aria-hidden=\"true\" data-x-icon-s=\"&#xf105;\"><\/i><\/span><div class=\"x-anchor-text\"><span class=\"x-anchor-text-primary\">Formazione<\/span><\/div><\/div><\/a><\/div><\/div><\/div><\/div><div class=\"x-div e1070-e13 mtq-e mtq-g mtq-i mtq-j mtq-m mtq-n mtq-3\"><a class=\"x-div e1070-e14 mtq-e mtq-h mtq-i mtq-j mtq-k mtq-n mtq-o\" href=\"#prev\" data-x-effect-provider=\"colors particles effects\" data-x-slide-prev=\"\"><i class=\"x-icon e1070-e15 mtq-15\" aria-hidden=\"true\" data-x-icon-o=\"&#xf060;\"><\/i><\/a><a class=\"x-div e1070-e16 mtq-e mtq-h mtq-i mtq-j mtq-k mtq-n mtq-o\" href=\"#next\" data-x-effect-provider=\"colors particles effects\" data-x-slide-next=\"\"><i class=\"x-icon e1070-e17 mtq-15\" aria-hidden=\"true\" data-x-icon-o=\"&#xf061;\"><\/i><\/a><\/div><\/div><ul class=\"x-slide-pagination is-row e1070-e18 mtq-16\" data-x-slide-pagination=\"\"><\/ul><\/div><div class=\"x-text x-content e1070-e19 mtq-v mtq-y mtq-z mtq-10\"><p>Da oltre 75 anni siamo un'azienda leader nella formatura di tubi, nell'assemblaggio saldato e nella costruzione di impianti.<br \/>\n<br \/>\nLa nostra area produttiva di oltre 20.000 mq garantisce una puntuale evasione degli ordini e una rapida consegna; la nostra comprovata competenza unita al nostro parco macchine ad alta tecnologia, ci permette di svolgere anche i progetti pi\u00f9 complessi e impegnativi.<br \/>\n<br \/>\nPer noi vale per ogni ordine: sviluppiamo sempre la migliore soluzione individuale per i nostri clienti. In questo modo, non solo garantiamo un risultato finale di altissima qualit\u00e0, ma allo stesso tempo otteniamo la massima redditivit\u00e0.<\/p><\/div><\/div><\/div><\/div><\/div><div class=\"x-section e1070-e20 mtq-0 mtq-2\"><div class=\"x-row x-container max width e1070-e21 mtq-5 mtq-6 mtq-7 mtq-9\"><div class=\"x-row-inner\"><div class=\"x-col e1070-e22 mtq-b mtq-d\"><div class=\"x-div e1070-e23 mtq-e mtq-g mtq-h mtq-i mtq-j mtq-k mtq-l\"><span class=\"x-image e1070-e24 mtq-17 mtq-18 mtq-19\"><img decoding=\"async\" src=\"https:\/\/menk-schmehmann.de\/wp-content\/uploads\/2021\/11\/Menk-Schmehmann-Icon-Rohre.png\" width=\"250\" height=\"250\" alt=\"Image\" loading=\"lazy\"><\/span><div class=\"x-text x-text-headline e1070-e25 mtq-1c\"><div class=\"x-text-content\"><div class=\"x-text-content-text\"><h2 class=\"x-text-content-text-primary\">Industrie<\/h2>\n<\/div><\/div><\/div><div class=\"x-text x-content e1070-e26 mtq-t mtq-v mtq-x mtq-z mtq-11\"><p>In qualit&agrave; di azienda leader a livello mondiale nella produzione di bobine piatte e sistemi di bobine tubolari, siamo il principale punto di riferimento per i progetti nei settori energetico, chimico e petrolchimico, per la costruzione di apparecchiature e impianti, nonch&eacute; per l'industria alimentare e farmaceutica. Scoprite cosa possiamo fare per la vostra azienda.<\/p><\/div><\/div><a class=\"x-anchor x-anchor-button has-graphic has-particle e1070-e27 mtq-12 mtq-14\" tabindex=\"0\" href=\"\/it\/industrie\"><span class=\"x-particle is-primary\" data-x-particle=\"scale-x inside-c_l\" aria-hidden=\"true\"><span style=\"\"><\/span><\/span><div class=\"x-anchor-content\"><span class=\"x-graphic\" aria-hidden=\"true\"><i class=\"x-icon x-graphic-child x-graphic-icon x-graphic-primary\" aria-hidden=\"true\" data-x-icon-s=\"&#xf105;\"><\/i><\/span><div class=\"x-anchor-text\"><span class=\"x-anchor-text-primary\">Di pi\u00f9<\/span><\/div><\/div><\/a><\/div><div class=\"x-col e1070-e28 mtq-b mtq-d\"><div class=\"x-div e1070-e29 mtq-e mtq-g mtq-h mtq-i mtq-j mtq-k mtq-l\"><span class=\"x-image e1070-e30 mtq-17 mtq-19 mtq-1a\"><img decoding=\"async\" src=\"https:\/\/menk-schmehmann.de\/wp-content\/uploads\/2021\/11\/Menk-Schmehmann-Icon-Maschine.png\" width=\"300\" height=\"300\" alt=\"Image\" loading=\"lazy\"><\/span><div class=\"x-text x-text-headline e1070-e31 mtq-1c\"><div class=\"x-text-content\"><div class=\"x-text-content-text\"><h2 class=\"x-text-content-text-primary\">Prodotti e servizi<\/h2>\n<\/div><\/div><\/div><div class=\"x-text x-content e1070-e32 mtq-t mtq-v mtq-x mtq-z mtq-11\"><p>Dalla semplice piegatura dei tubi alle complesse bobine piane e alle bobine di tubi altamente specifiche, siamo il partner ideale a cui rivolgersi quando le cose devono andare per il verso giusto. Scoprite di pi&ugrave; sui nostri prodotti principali e su come li produciamo.<\/p><\/div><\/div><a class=\"x-anchor x-anchor-button has-graphic has-particle e1070-e33 mtq-12 mtq-14\" tabindex=\"0\" href=\"\/it\/tutto-sui-tubi\/\"><span class=\"x-particle is-primary\" data-x-particle=\"scale-x inside-c_l\" aria-hidden=\"true\"><span style=\"\"><\/span><\/span><div class=\"x-anchor-content\"><span class=\"x-graphic\" aria-hidden=\"true\"><i class=\"x-icon x-graphic-child x-graphic-icon x-graphic-primary\" aria-hidden=\"true\" data-x-icon-s=\"&#xf105;\"><\/i><\/span><div class=\"x-anchor-text\"><span class=\"x-anchor-text-primary\">Di pi\u00f9<\/span><\/div><\/div><\/a><\/div><\/div><\/div><div class=\"x-row x-container max width e1070-e34 mtq-4 mtq-5 mtq-7 mtq-a\"><div class=\"x-row-inner\"><div class=\"x-col e1070-e35 mtq-b mtq-c\"><span class=\"x-image e1070-e36 mtq-17 mtq-1b\"><img decoding=\"async\" src=\"https:\/\/menk-schmehmann.de\/wp-content\/uploads\/2021\/11\/Menk-Schmehmann-02.jpg\" width=\"517\" height=\"484\" alt=\"Image\" loading=\"lazy\"><\/span><\/div><div class=\"x-col e1070-e37 mtq-b mtq-c\"><span class=\"x-image e1070-e38 mtq-17 mtq-1b\"><img decoding=\"async\" src=\"https:\/\/menk-schmehmann.de\/wp-content\/uploads\/2021\/11\/Menk-Schmehmann-03.jpg\" width=\"517\" height=\"484\" alt=\"Image\" loading=\"lazy\"><\/span><\/div><\/div><\/div><\/div><\/div>","protected":false},"excerpt":{"rendered":"<p>Funzionedi formaFormazioneDa oltre 75 anni siamo un&#8217;azienda leader nella formatura di tubi, nell&#8217;assemblaggio saldato e nella costruzione di impianti. La nostra area produttiva di oltre 20.000 mq garantisce una puntuale evasione degli ordini e una rapida consegna; la nostra comprovata competenza unita al nostro parco macchine ad alta tecnologia, ci permette di svolgere anche i progetti pi\u00f9 complessi e impegnativi. &#8230;<\/p>\n","protected":false},"author":1,"featured_media":0,"parent":0,"menu_order":0,"comment_status":"closed","ping_status":"closed","template":"template-blank-4.php","meta":{"_acf_changed":false,"footnotes":""},"class_list":["post-1070","page","type-page","status-publish","hentry","no-post-thumbnail"],"acf":[],"yoast_head":"<!-- This site is optimized with the Yoast SEO plugin v26.8 - https:\/\/yoast.com\/product\/yoast-seo-wordpress\/ -->\n<title>Menk-Schmehmann GmbH &amp; Co.KG | Anlagenbau &amp; Rohrverformungstechnik<\/title>\n<meta name=\"description\" content=\"Seit \u00fcber 75 Jahren sind wir einer der f\u00fchrenden Spezialisten f\u00fcr komplexe Rohrverformung, Schwei\u00df-Baugruppen und Anlagenbau.\" \/>\n<meta name=\"robots\" content=\"index, follow, max-snippet:-1, max-image-preview:large, max-video-preview:-1\" \/>\n<link rel=\"canonical\" href=\"https:\/\/menk-schmehmann.de\/it\/\" \/>\n<meta property=\"og:locale\" content=\"it_IT\" \/>\n<meta property=\"og:type\" content=\"article\" \/>\n<meta property=\"og:title\" content=\"Menk-Schmehmann GmbH &amp; Co.KG | Anlagenbau &amp; Rohrverformungstechnik\" \/>\n<meta property=\"og:description\" content=\"Seit \u00fcber 75 Jahren sind wir einer der f\u00fchrenden Spezialisten f\u00fcr komplexe Rohrverformung, Schwei\u00df-Baugruppen und Anlagenbau.\" \/>\n<meta property=\"og:url\" content=\"https:\/\/menk-schmehmann.de\/it\/\" \/>\n<meta property=\"og:site_name\" content=\"Menk-Schmehmann GmbH &amp; Co.KG\" \/>\n<meta property=\"article:modified_time\" content=\"2025-05-16T07:47:21+00:00\" \/>\n<meta property=\"og:image\" content=\"https:\/\/menk-schmehmann.de\/wp-content\/uploads\/2021\/11\/Menk-Schmehmann-Icon-Rohre.png\" \/>\n<meta name=\"twitter:card\" content=\"summary_large_image\" \/>\n<meta name=\"twitter:label1\" content=\"Tempo di lettura stimato\" \/>\n\t<meta name=\"twitter:data1\" content=\"1 minuto\" \/>\n<script type=\"application\/ld+json\" class=\"yoast-schema-graph\">{\"@context\":\"https:\/\/schema.org\",\"@graph\":[{\"@type\":\"WebPage\",\"@id\":\"https:\/\/menk-schmehmann.de\/it\/\",\"url\":\"https:\/\/menk-schmehmann.de\/it\/\",\"name\":\"Menk-Schmehmann GmbH &amp; Co.KG | Anlagenbau &amp; Rohrverformungstechnik\",\"isPartOf\":{\"@id\":\"https:\/\/menk-schmehmann.de\/it\/#website\"},\"primaryImageOfPage\":{\"@id\":\"https:\/\/menk-schmehmann.de\/it\/#primaryimage\"},\"image\":{\"@id\":\"https:\/\/menk-schmehmann.de\/it\/#primaryimage\"},\"thumbnailUrl\":\"https:\/\/menk-schmehmann.de\/wp-content\/uploads\/2021\/11\/Menk-Schmehmann-Icon-Rohre.png\",\"datePublished\":\"2021-10-22T09:43:29+00:00\",\"dateModified\":\"2025-05-16T07:47:21+00:00\",\"description\":\"Seit \u00fcber 75 Jahren sind wir einer der f\u00fchrenden Spezialisten f\u00fcr komplexe Rohrverformung, Schwei\u00df-Baugruppen und Anlagenbau.\",\"breadcrumb\":{\"@id\":\"https:\/\/menk-schmehmann.de\/it\/#breadcrumb\"},\"inLanguage\":\"it-IT\",\"potentialAction\":[{\"@type\":\"ReadAction\",\"target\":[\"https:\/\/menk-schmehmann.de\/it\/\"]}]},{\"@type\":\"ImageObject\",\"inLanguage\":\"it-IT\",\"@id\":\"https:\/\/menk-schmehmann.de\/it\/#primaryimage\",\"url\":\"https:\/\/menk-schmehmann.de\/wp-content\/uploads\/2021\/11\/Menk-Schmehmann-Icon-Rohre.png\",\"contentUrl\":\"https:\/\/menk-schmehmann.de\/wp-content\/uploads\/2021\/11\/Menk-Schmehmann-Icon-Rohre.png\"},{\"@type\":\"BreadcrumbList\",\"@id\":\"https:\/\/menk-schmehmann.de\/it\/#breadcrumb\",\"itemListElement\":[{\"@type\":\"ListItem\",\"position\":1,\"name\":\"Startseite\",\"item\":\"https:\/\/menk-schmehmann.de\/it\/\"},{\"@type\":\"ListItem\",\"position\":2,\"name\":\"Start\"}]},{\"@type\":\"WebSite\",\"@id\":\"https:\/\/menk-schmehmann.de\/it\/#website\",\"url\":\"https:\/\/menk-schmehmann.de\/it\/\",\"name\":\"Menk-Schmehmann GmbH &amp; Co.KG\",\"description\":\"Anlagenbau &amp; Rohrverformungstechnik\",\"publisher\":{\"@id\":\"https:\/\/menk-schmehmann.de\/it\/#organization\"},\"potentialAction\":[{\"@type\":\"SearchAction\",\"target\":{\"@type\":\"EntryPoint\",\"urlTemplate\":\"https:\/\/menk-schmehmann.de\/it\/?s={search_term_string}\"},\"query-input\":{\"@type\":\"PropertyValueSpecification\",\"valueRequired\":true,\"valueName\":\"search_term_string\"}}],\"inLanguage\":\"it-IT\"},{\"@type\":\"Organization\",\"@id\":\"https:\/\/menk-schmehmann.de\/it\/#organization\",\"name\":\"Menk Schmehmann\",\"url\":\"https:\/\/menk-schmehmann.de\/it\/\",\"logo\":{\"@type\":\"ImageObject\",\"inLanguage\":\"it-IT\",\"@id\":\"https:\/\/menk-schmehmann.de\/it\/#\/schema\/logo\/image\/\",\"url\":\"https:\/\/menk-schmehmann.de\/wp-content\/uploads\/2021\/11\/Menk-Schmehmann-Logo.png\",\"contentUrl\":\"https:\/\/menk-schmehmann.de\/wp-content\/uploads\/2021\/11\/Menk-Schmehmann-Logo.png\",\"width\":775,\"height\":120,\"caption\":\"Menk Schmehmann\"},\"image\":{\"@id\":\"https:\/\/menk-schmehmann.de\/it\/#\/schema\/logo\/image\/\"}}]}<\/script>\n<!-- \/ Yoast SEO plugin. -->","yoast_head_json":{"title":"Menk-Schmehmann GmbH &amp; Co.KG | Anlagenbau &amp; Rohrverformungstechnik","description":"Seit \u00fcber 75 Jahren sind wir einer der f\u00fchrenden Spezialisten f\u00fcr komplexe Rohrverformung, Schwei\u00df-Baugruppen und Anlagenbau.","robots":{"index":"index","follow":"follow","max-snippet":"max-snippet:-1","max-image-preview":"max-image-preview:large","max-video-preview":"max-video-preview:-1"},"canonical":"https:\/\/menk-schmehmann.de\/it\/","og_locale":"it_IT","og_type":"article","og_title":"Menk-Schmehmann GmbH &amp; Co.KG | Anlagenbau &amp; Rohrverformungstechnik","og_description":"Seit \u00fcber 75 Jahren sind wir einer der f\u00fchrenden Spezialisten f\u00fcr komplexe Rohrverformung, Schwei\u00df-Baugruppen und Anlagenbau.","og_url":"https:\/\/menk-schmehmann.de\/it\/","og_site_name":"Menk-Schmehmann GmbH &amp; Co.KG","article_modified_time":"2025-05-16T07:47:21+00:00","og_image":[{"url":"https:\/\/menk-schmehmann.de\/wp-content\/uploads\/2021\/11\/Menk-Schmehmann-Icon-Rohre.png","type":"","width":"","height":""}],"twitter_card":"summary_large_image","twitter_misc":{"Tempo di lettura stimato":"1 minuto"},"schema":{"@context":"https:\/\/schema.org","@graph":[{"@type":"WebPage","@id":"https:\/\/menk-schmehmann.de\/it\/","url":"https:\/\/menk-schmehmann.de\/it\/","name":"Menk-Schmehmann GmbH &amp; Co.KG | Anlagenbau &amp; Rohrverformungstechnik","isPartOf":{"@id":"https:\/\/menk-schmehmann.de\/it\/#website"},"primaryImageOfPage":{"@id":"https:\/\/menk-schmehmann.de\/it\/#primaryimage"},"image":{"@id":"https:\/\/menk-schmehmann.de\/it\/#primaryimage"},"thumbnailUrl":"https:\/\/menk-schmehmann.de\/wp-content\/uploads\/2021\/11\/Menk-Schmehmann-Icon-Rohre.png","datePublished":"2021-10-22T09:43:29+00:00","dateModified":"2025-05-16T07:47:21+00:00","description":"Seit \u00fcber 75 Jahren sind wir einer der f\u00fchrenden Spezialisten f\u00fcr komplexe Rohrverformung, Schwei\u00df-Baugruppen und Anlagenbau.","breadcrumb":{"@id":"https:\/\/menk-schmehmann.de\/it\/#breadcrumb"},"inLanguage":"it-IT","potentialAction":[{"@type":"ReadAction","target":["https:\/\/menk-schmehmann.de\/it\/"]}]},{"@type":"ImageObject","inLanguage":"it-IT","@id":"https:\/\/menk-schmehmann.de\/it\/#primaryimage","url":"https:\/\/menk-schmehmann.de\/wp-content\/uploads\/2021\/11\/Menk-Schmehmann-Icon-Rohre.png","contentUrl":"https:\/\/menk-schmehmann.de\/wp-content\/uploads\/2021\/11\/Menk-Schmehmann-Icon-Rohre.png"},{"@type":"BreadcrumbList","@id":"https:\/\/menk-schmehmann.de\/it\/#breadcrumb","itemListElement":[{"@type":"ListItem","position":1,"name":"Startseite","item":"https:\/\/menk-schmehmann.de\/it\/"},{"@type":"ListItem","position":2,"name":"Start"}]},{"@type":"WebSite","@id":"https:\/\/menk-schmehmann.de\/it\/#website","url":"https:\/\/menk-schmehmann.de\/it\/","name":"Menk-Schmehmann GmbH &amp; Co.KG","description":"Anlagenbau &amp; Rohrverformungstechnik","publisher":{"@id":"https:\/\/menk-schmehmann.de\/it\/#organization"},"potentialAction":[{"@type":"SearchAction","target":{"@type":"EntryPoint","urlTemplate":"https:\/\/menk-schmehmann.de\/it\/?s={search_term_string}"},"query-input":{"@type":"PropertyValueSpecification","valueRequired":true,"valueName":"search_term_string"}}],"inLanguage":"it-IT"},{"@type":"Organization","@id":"https:\/\/menk-schmehmann.de\/it\/#organization","name":"Menk Schmehmann","url":"https:\/\/menk-schmehmann.de\/it\/","logo":{"@type":"ImageObject","inLanguage":"it-IT","@id":"https:\/\/menk-schmehmann.de\/it\/#\/schema\/logo\/image\/","url":"https:\/\/menk-schmehmann.de\/wp-content\/uploads\/2021\/11\/Menk-Schmehmann-Logo.png","contentUrl":"https:\/\/menk-schmehmann.de\/wp-content\/uploads\/2021\/11\/Menk-Schmehmann-Logo.png","width":775,"height":120,"caption":"Menk Schmehmann"},"image":{"@id":"https:\/\/menk-schmehmann.de\/it\/#\/schema\/logo\/image\/"}}]}},"_links":{"self":[{"href":"https:\/\/menk-schmehmann.de\/it\/wp-json\/wp\/v2\/pages\/1070","targetHints":{"allow":["GET"]}}],"collection":[{"href":"https:\/\/menk-schmehmann.de\/it\/wp-json\/wp\/v2\/pages"}],"about":[{"href":"https:\/\/menk-schmehmann.de\/it\/wp-json\/wp\/v2\/types\/page"}],"author":[{"embeddable":true,"href":"https:\/\/menk-schmehmann.de\/it\/wp-json\/wp\/v2\/users\/1"}],"replies":[{"embeddable":true,"href":"https:\/\/menk-schmehmann.de\/it\/wp-json\/wp\/v2\/comments?post=1070"}],"version-history":[{"count":6,"href":"https:\/\/menk-schmehmann.de\/it\/wp-json\/wp\/v2\/pages\/1070\/revisions"}],"predecessor-version":[{"id":7751,"href":"https:\/\/menk-schmehmann.de\/it\/wp-json\/wp\/v2\/pages\/1070\/revisions\/7751"}],"wp:attachment":[{"href":"https:\/\/menk-schmehmann.de\/it\/wp-json\/wp\/v2\/media?parent=1070"}],"curies":[{"name":"wp","href":"https:\/\/api.w.org\/{rel}","templated":true}]}}