{"id":1803,"date":"2022-07-11T09:45:09","date_gmt":"2022-07-11T07:45:09","guid":{"rendered":"https:\/\/menk-schmehmann.de\/chi-siamo-fr\/"},"modified":"2025-05-16T09:48:12","modified_gmt":"2025-05-16T07:48:12","slug":"a-propos-de-nous","status":"publish","type":"page","link":"https:\/\/menk-schmehmann.de\/fr\/a-propos-de-nous\/","title":{"rendered":"\u00c0 propos de nous"},"content":{"rendered":"<div id=\"cs-content\" class=\"cs-content\"><div class=\"x-section e1803-e1 m1e3-0 m1e3-1\"><div class=\"x-bg\" aria-hidden=\"true\"><div class=\"x-bg-layer-lower-custom\"><div style=\"width: 100%; height: 40%; background: #FFF;\"><\/div><\/div><\/div><div class=\"x-row x-container max width e1803-e2 m1e3-6 m1e3-7 m1e3-8 m1e3-9 m1e3-f m1e3-g\"><div class=\"x-row-inner\"><div class=\"x-col e1803-e3 m1e3-l m1e3-m m1e3-n m1e3-o\"><span class=\"x-image e1803-e4 m1e3-s m1e3-t m1e3-u m1e3-v m1e3-5\"><img decoding=\"async\" src=\"https:\/\/menk-schmehmann.de\/wp-content\/uploads\/menk_gruppe1-2-scaled.jpg\" width=\"2560\" height=\"1503\" alt=\"Image\" loading=\"lazy\"><\/span><div class=\"x-text x-text-headline e1803-e5 m1e3-z m1e3-10 m1e3-11 m1e3-12 m1e3-13 m1e3-14 m1e3-15\"><div class=\"x-text-content\"><div class=\"x-text-content-text\"><h1 class=\"x-text-content-text-primary\">\u00c0 propos de nous:<\/h1>\n<\/div><\/div><\/div><div class=\"x-text x-text-headline e1803-e6 m1e3-z m1e3-12 m1e3-13 m1e3-14 m1e3-15 m1e3-16 m1e3-17\"><div class=\"x-text-content\"><div class=\"x-text-content-text\"><h2 class=\"x-text-content-text-primary\">un coup d\u2019\u0153il derri\u00e8re la fa\u00e7ade<\/h2>\n<\/div><\/div><\/div><div class=\"x-text x-content e1803-e7 m1e3-1d m1e3-1e m1e3-1f m1e3-1g m1e3-1h\">Nous sommes une entreprise qui vit dans l\u2019anonymat. Pour ce faire, nous vous invitons \u00e0 visiter notre usine, \u00e0 d\u00e9couvrir notre histoire. Nous vous pr\u00e9senterons notre \u00e9quipe et laisserons la parole \u00e0 nos collaborateurs.<\/div><\/div><\/div><\/div><\/div><div class=\"x-section e1803-e8 m1e3-0 m1e3-2 m1e3-3\"><div class=\"x-row x-container max width e1803-e9 m1e3-6 m1e3-9 m1e3-a m1e3-b m1e3-c m1e3-f m1e3-h\"><div class=\"x-row-inner\"><div class=\"x-col e1803-e10 m1e3-l m1e3-m m1e3-n m1e3-o\"><div class=\"x-text x-text-headline e1803-e11 m1e3-z m1e3-10 m1e3-11 m1e3-12 m1e3-13 m1e3-14 m1e3-18\"><div class=\"x-text-content\"><div class=\"x-text-content-text\"><h4 class=\"x-text-content-text-primary\">Qui sommes-nous <\/h4>\n<\/div><\/div><\/div><div class=\"x-text x-text-headline e1803-e12 m1e3-13 m1e3-14 m1e3-18 m1e3-19 m1e3-1a\"><div class=\"x-text-content\"><div class=\"x-text-content-text\"><h4 class=\"x-text-content-text-primary\">et que repr\u00e9sentons-nous ?<\/h4>\n<\/div><\/div><\/div><\/div><\/div><\/div><div class=\"x-row x-container max width e1803-e13 m1e3-6 m1e3-7 m1e3-8 m1e3-d m1e3-i\"><div class=\"x-row-inner\"><div class=\"x-col e1803-e14 m1e3-o\"><div class=\"x-text x-content e1803-e15 m1e3-1f m1e3-1g m1e3-1h m1e3-1i m1e3-1j\"><p><strong> Schmehmann : depuis plus de 75 ans notre nom est synonyme de qualit\u00e9, engagement et service au client. En trois quart de si\u00e8cle, un petit atelier est devenu une entreprise industrielle, v\u00e9ritable r\u00e9f\u00e9rence pour nos partenaires du monde entier.<\/strong><\/p>\n<p>Pourtant, nous n\u2019avons jamais oubli\u00e9 nos racines. Car m\u00eame si aujourd\u2019hui nos collaborateurs sont plus nombreux dans nos installations, chacun d\u2019entre eux fait partie int\u00e9grante d\u2019une grande famille. Nous savons appr\u00e9cier le travail en \u00e9quipe et l\u2019appartenance \u00e0 un groupe, nous priorisons l\u2019union qui rend possible le succ\u00e8s.\n\n<\/p>\n<p>\n\u00c0 la fin de la journ\u00e9e, la satisfaction de nos clients est ce qui compte vraiment. De la premi\u00e8re consultation au dernier cordon de soudure, nous livrons les commandes les plus complexes, de fa\u00e7on rapide et performante. Sans notre travail, le monde s\u2019arr\u00eaterait de tourner, car nous ne nous limitons pas \u00e0 cintrer des tuyaux, nous implantons des projets de futur en qualit\u00e9 de fournisseur unique, en intervenant comme une \u00e9quipe unie, aupr\u00e8s des clients du monde entier.\n<\/div><\/div><div class=\"x-col e1803-e16 m1e3-o m1e3-p\"><span class=\"x-image e1803-e17 m1e3-s m1e3-u m1e3-w\"><img decoding=\"async\" src=\"https:\/\/menk-schmehmann.de\/wp-content\/uploads\/2021\/11\/Menk-Schmehmann-Gebaeude.jpg\" width=\"1200\" height=\"665\" alt=\"Image\" loading=\"lazy\"><\/span><\/div><\/div><\/div><\/div><div class=\"x-section e1803-e18 m1e3-0 m1e3-3 m1e3-4\"><div class=\"x-row x-container max width e1803-e19 m1e3-6 m1e3-9 m1e3-a m1e3-c m1e3-e m1e3-f m1e3-j\"><div class=\"x-row-inner\"><div class=\"x-col e1803-e20 m1e3-l m1e3-m m1e3-o m1e3-q\"><div class=\"x-text x-text-headline e1803-e21 m1e3-z m1e3-11 m1e3-13 m1e3-14 m1e3-18 m1e3-1a m1e3-1b\"><div class=\"x-text-content\"><div class=\"x-text-content-text\"><h2 class=\"x-text-content-text-primary\">Notre histoire<\/h2>\n<\/div><\/div><\/div><\/div><\/div><\/div><div class=\"x-row x-container max width e1803-e22 m1e3-6 m1e3-7 m1e3-9 m1e3-c m1e3-f m1e3-k\"><div class=\"x-row-inner\"><div class=\"x-col e1803-e23 m1e3-l m1e3-n m1e3-o m1e3-r\"><div class=\"x-div e1803-e24 m1e3-1m m1e3-1n m1e3-1o m1e3-1p m1e3-1q m1e3-1r m1e3-1s m1e3-1t m1e3-1u m1e3-1v\"><a class=\"x-div e1803-e25 m1e3-1r m1e3-1s m1e3-1t m1e3-1u m1e3-1v m1e3-1w\" href=\"#\" data-x-slide-goto=\"1\"><div class=\"x-text x-content e1803-e26 m1e3-1e m1e3-1f m1e3-1j m1e3-1k\">1945<\/div><\/a><a class=\"x-div e1803-e27 m1e3-1r m1e3-1t m1e3-1u m1e3-1v m1e3-1w m1e3-1x\" href=\"#\" data-x-slide-goto=\"2\"><div class=\"x-text x-content e1803-e28 m1e3-1e m1e3-1f m1e3-1j m1e3-1k\"><p>1956<\/p><\/div><\/a><a class=\"x-div e1803-e29 m1e3-1r m1e3-1s m1e3-1t m1e3-1u m1e3-1v m1e3-1w\" href=\"#\" data-x-slide-goto=\"3\"><div class=\"x-text x-content e1803-e30 m1e3-1e m1e3-1f m1e3-1j m1e3-1k\"><p>1994<\/p><\/div><\/a><a class=\"x-div e1803-e31 m1e3-1r m1e3-1s m1e3-1t m1e3-1u m1e3-1v m1e3-1w\" href=\"#\" data-x-slide-goto=\"4\"><div class=\"x-text x-content e1803-e32 m1e3-1e m1e3-1f m1e3-1j m1e3-1k\"><p>1995<\/p><\/div><\/a><a class=\"x-div e1803-e33 m1e3-1r m1e3-1s m1e3-1t m1e3-1u m1e3-1v m1e3-1w\" href=\"#\" data-x-slide-goto=\"5\"><div class=\"x-text x-content e1803-e34 m1e3-1e m1e3-1f m1e3-1j m1e3-1k\"><p>2009<\/p><\/div><\/a><a class=\"x-div e1803-e35 m1e3-1r m1e3-1s m1e3-1t m1e3-1u m1e3-1v m1e3-1w\" href=\"#\" data-x-slide-goto=\"6\"><div class=\"x-text x-content e1803-e36 m1e3-1e m1e3-1f m1e3-1j m1e3-1k\"><p>2010<\/p><\/div><\/a><a class=\"x-div e1803-e37 m1e3-1r m1e3-1s m1e3-1t m1e3-1u m1e3-1v m1e3-1w\" href=\"#\" data-x-slide-goto=\"7\"><div class=\"x-text x-content e1803-e38 m1e3-1e m1e3-1f m1e3-1j m1e3-1k\"><p>2013<\/p><\/div><\/a><a class=\"x-div e1803-e39 m1e3-1r m1e3-1s m1e3-1t m1e3-1u m1e3-1v m1e3-1w\" href=\"#\" data-x-slide-goto=\"8\"><div class=\"x-text x-content e1803-e40 m1e3-1e m1e3-1f m1e3-1j m1e3-1k\"><p>2015<\/p><\/div><\/a><a class=\"x-div e1803-e41 m1e3-1r m1e3-1s m1e3-1t m1e3-1u m1e3-1v m1e3-1w\" href=\"#\" data-x-slide-goto=\"9\"><div class=\"x-text x-content e1803-e42 m1e3-1e m1e3-1f m1e3-1j m1e3-1k\"><p>2021<\/p><\/div><\/a><\/div><\/div><div class=\"x-col e1803-e43 m1e3-o\"><div class=\"x-div e1803-e44 m1e3-1r m1e3-1s m1e3-1t m1e3-1u m1e3-1v\"><div class=\"x-div e1803-e45 m1e3-1m m1e3-1n m1e3-1r m1e3-1s m1e3-1t m1e3-1u m1e3-1v m1e3-1y m1e3-1z\"><div class=\"x-slide-container-viewport is-loading e1803-e46 m1e3-27\" data-x-slide-container=\"{&quot;keyboardNavigation&quot;:true,&quot;startingSlide&quot;:1,&quot;enter&quot;:&quot;fade&quot;,&quot;exit&quot;:&quot;fade&quot;,&quot;swipe&quot;:&quot;&quot;,&quot;stacked&quot;:true}\"><div class=\"x-slide-container-content\"><div class=\"x-slide-container is-stacked\"><div class=\"x-slide e1803-e47 m1e3-28\" data-x-slide=\"\"><span class=\"x-image e1803-e48 m1e3-s m1e3-x\"><img decoding=\"async\" src=\"https:\/\/menk-schmehmann.de\/wp-content\/uploads\/Gruendung-SRT.png\" width=\"605\" height=\"403\" alt=\"Image\" loading=\"lazy\"><\/span><div class=\"x-div e1803-e49 m1e3-1m m1e3-1n m1e3-1q m1e3-1r m1e3-1s m1e3-1t m1e3-1v m1e3-1y m1e3-20 m1e3-21\"><div class=\"x-text x-text-headline e1803-e50 m1e3-z m1e3-12 m1e3-13 m1e3-16 m1e3-1a m1e3-1c\"><div class=\"x-text-content\"><div class=\"x-text-content-text\"><h5 class=\"x-text-content-text-primary\">1945<\/h5>\n<\/div><\/div><\/div><div class=\"x-text x-content e1803-e51 m1e3-1f m1e3-1h m1e3-1i m1e3-1j m1e3-1l\"><p>D\u00e9but comme petit atelier dans une caserne abandonn\u00e9e \u00e0 Bad Marienberg<\/p><\/div><\/div><\/div><div class=\"x-slide e1803-e52 m1e3-28\" data-x-slide=\"\"><div class=\"x-div e1803-e53 m1e3-1m m1e3-1n m1e3-1q m1e3-1r m1e3-1s m1e3-1t m1e3-1v m1e3-1y m1e3-20 m1e3-21\"><span class=\"x-image e1803-e54 m1e3-s m1e3-x\"><img decoding=\"async\" src=\"https:\/\/menk-schmehmann.de\/wp-content\/uploads\/Erste-Halle.png\" width=\"569\" height=\"416\" alt=\"Image\" loading=\"lazy\"><\/span><div class=\"x-text x-text-headline e1803-e55 m1e3-z m1e3-12 m1e3-13 m1e3-16 m1e3-1a m1e3-1c\"><div class=\"x-text-content\"><div class=\"x-text-content-text\"><h5 class=\"x-text-content-text-primary\">1956<\/h5>\n<\/div><\/div><\/div><div class=\"x-text x-content e1803-e56 m1e3-1f m1e3-1h m1e3-1i m1e3-1j m1e3-1l\"><p>Acquisition des premi&egrave;res machines et construction du premier hall de production &agrave; Bad Marienberg<\/p><\/div><\/div><\/div><div class=\"x-slide e1803-e57 m1e3-28\" data-x-slide=\"\"><span class=\"x-image e1803-e58 m1e3-s m1e3-x\"><img decoding=\"async\" src=\"https:\/\/menk-schmehmann.de\/wp-content\/uploads\/Menk-Schmehmann-Geschichte-02.jpg\" width=\"1500\" height=\"1012\" alt=\"Image\" loading=\"lazy\"><\/span><div class=\"x-div e1803-e59 m1e3-1m m1e3-1n m1e3-1q m1e3-1r m1e3-1s m1e3-1t m1e3-1v m1e3-1y m1e3-20 m1e3-21 m1e3-22\"><div class=\"x-text x-text-headline e1803-e60 m1e3-z m1e3-12 m1e3-13 m1e3-16 m1e3-1a m1e3-1c\"><div class=\"x-text-content\"><div class=\"x-text-content-text\"><h5 class=\"x-text-content-text-primary\">1994<\/h5>\n<\/div><\/div><\/div><div class=\"x-text x-content e1803-e61 m1e3-1f m1e3-1h m1e3-1i m1e3-1j m1e3-1l\"><p>Reprise par la famille Sch&auml;fer de Neunkirchen<\/p><\/div><\/div><\/div><div class=\"x-slide e1803-e62 m1e3-28\" data-x-slide=\"\"><span class=\"x-image e1803-e63 m1e3-s m1e3-v m1e3-x m1e3-y\"><img decoding=\"async\" src=\"https:\/\/menk-schmehmann.de\/wp-content\/uploads\/Unbenannt.png\" width=\"604\" height=\"445\" alt=\"Image\" loading=\"lazy\"><\/span><div class=\"x-div e1803-e64 m1e3-1m m1e3-1n m1e3-1q m1e3-1r m1e3-1s m1e3-1t m1e3-1v m1e3-1y m1e3-20 m1e3-21 m1e3-22\"><div class=\"x-text x-text-headline e1803-e65 m1e3-z m1e3-12 m1e3-13 m1e3-16 m1e3-1a m1e3-1c\"><div class=\"x-text-content\"><div class=\"x-text-content-text\"><h5 class=\"x-text-content-text-primary\">1995<\/h5>\n<\/div><\/div><\/div><div class=\"x-text x-content e1803-e66 m1e3-1f m1e3-1h m1e3-1i m1e3-1j m1e3-1l\"><p>Fusion avec la soci&eacute;t&eacute; Rohrverformungstechnik Ebener GmbH &agrave; Bad Marienberg<\/p><\/div><\/div><\/div><div class=\"x-slide e1803-e67 m1e3-28\" data-x-slide=\"\"><span class=\"x-image e1803-e68 m1e3-s m1e3-x\"><img decoding=\"async\" src=\"https:\/\/menk-schmehmann.de\/wp-content\/uploads\/MP-2009-02-25-15-scaled.jpg\" width=\"2560\" height=\"1714\" alt=\"Image\" loading=\"lazy\"><\/span><div class=\"x-div e1803-e69 m1e3-1m m1e3-1n m1e3-1q m1e3-1r m1e3-1s m1e3-1t m1e3-1v m1e3-1y m1e3-20 m1e3-21 m1e3-22\"><div class=\"x-text x-text-headline e1803-e70 m1e3-z m1e3-12 m1e3-13 m1e3-16 m1e3-1a m1e3-1c\"><div class=\"x-text-content\"><div class=\"x-text-content-text\"><h5 class=\"x-text-content-text-primary\">2009<\/h5>\n<\/div><\/div><\/div><div class=\"x-text x-content e1803-e71 m1e3-1f m1e3-1h m1e3-1i m1e3-1j m1e3-1l\"><p>Fusion avec MP Rohrverformungstechnik GmbH &agrave; Norken<\/p><\/div><\/div><\/div><div class=\"x-slide e1803-e72 m1e3-28\" data-x-slide=\"\"><span class=\"x-image e1803-e73 m1e3-s m1e3-x\"><img decoding=\"async\" src=\"https:\/\/menk-schmehmann.de\/wp-content\/uploads\/FLS2-scaled.jpg\" width=\"2560\" height=\"1344\" alt=\"Image\" loading=\"lazy\"><\/span><div class=\"x-div e1803-e74 m1e3-1m m1e3-1n m1e3-1q m1e3-1r m1e3-1s m1e3-1t m1e3-1v m1e3-1y m1e3-20 m1e3-21 m1e3-22\"><div class=\"x-text x-text-headline e1803-e75 m1e3-z m1e3-12 m1e3-13 m1e3-16 m1e3-1a m1e3-1c\"><div class=\"x-text-content\"><div class=\"x-text-content-text\"><h5 class=\"x-text-content-text-primary\">2010<\/h5>\n<\/div><\/div><\/div><div class=\"x-text x-content e1803-e76 m1e3-1f m1e3-1h m1e3-1i m1e3-1j m1e3-1l\"><p>Acquisition d'une machine de pliage ultramoderne &agrave; commande CNC<\/p><\/div><\/div><\/div><div class=\"x-slide e1803-e77 m1e3-28\" data-x-slide=\"\"><span class=\"x-image e1803-e78 m1e3-s m1e3-v m1e3-x\"><img decoding=\"async\" src=\"https:\/\/menk-schmehmann.de\/wp-content\/uploads\/Schmehmann-FI.jpg\" width=\"1200\" height=\"630\" alt=\"Image\" loading=\"lazy\"><\/span><div class=\"x-div e1803-e79 m1e3-1m m1e3-1n m1e3-1q m1e3-1r m1e3-1s m1e3-1t m1e3-1v m1e3-1y m1e3-20 m1e3-21 m1e3-22\"><div class=\"x-text x-text-headline e1803-e80 m1e3-z m1e3-12 m1e3-13 m1e3-16 m1e3-1a m1e3-1c\"><div class=\"x-text-content\"><div class=\"x-text-content-text\"><h5 class=\"x-text-content-text-primary\">2013<\/h5>\n<\/div><\/div><\/div><div class=\"x-text x-content e1803-e81 m1e3-1f m1e3-1h m1e3-1i m1e3-1j m1e3-1l\"><p>Cr&eacute;ation de la soci&eacute;t&eacute; Menk-Schmehmann GmbH &amp; Co. KG en tant que soci&eacute;t&eacute; de distribution et de gestion de Schmehmann Rohrverformungstechnik GmbH &amp; Menk Appratebau GmbH<\/p><\/div><\/div><\/div><div class=\"x-slide e1803-e82 m1e3-28\" data-x-slide=\"\"><div class=\"x-div e1803-e83 m1e3-1m m1e3-1n m1e3-1q m1e3-1r m1e3-1s m1e3-1t m1e3-1v m1e3-1y m1e3-20 m1e3-21 m1e3-22\"><span class=\"x-image e1803-e84 m1e3-s m1e3-x\"><img decoding=\"async\" src=\"https:\/\/menk-schmehmann.de\/wp-content\/uploads\/tubeinspect_bild1-platzhalter.png\" width=\"1208\" height=\"792\" alt=\"Image\" loading=\"lazy\"><\/span><div class=\"x-text x-text-headline e1803-e85 m1e3-z m1e3-12 m1e3-13 m1e3-16 m1e3-1a m1e3-1c\"><div class=\"x-text-content\"><div class=\"x-text-content-text\"><h5 class=\"x-text-content-text-primary\">2015<\/h5>\n<\/div><\/div><\/div><div class=\"x-text x-content e1803-e86 m1e3-1f m1e3-1h m1e3-1i m1e3-1j m1e3-1l\"><p>Acquisition d'une cellule de mesure qui effectue des mesures optiques sans contact.<\/p><\/div><\/div><\/div><div class=\"x-slide e1803-e87 m1e3-28\" data-x-slide=\"\"><span class=\"x-image e1803-e88 m1e3-s m1e3-x\"><img decoding=\"async\" src=\"https:\/\/menk-schmehmann.de\/wp-content\/uploads\/MenkSchmehmann-2020-006-scaled.jpg\" width=\"2560\" height=\"1705\" alt=\"Image\" loading=\"lazy\"><\/span><div class=\"x-div e1803-e89 m1e3-1m m1e3-1n m1e3-1q m1e3-1r m1e3-1s m1e3-1t m1e3-1v m1e3-1y m1e3-20 m1e3-21 m1e3-22\"><div class=\"x-text x-text-headline e1803-e90 m1e3-z m1e3-12 m1e3-13 m1e3-16 m1e3-1a m1e3-1c\"><div class=\"x-text-content\"><div class=\"x-text-content-text\"><h5 class=\"x-text-content-text-primary\">2021<\/h5>\n<\/div><\/div><\/div><div class=\"x-text x-content e1803-e91 m1e3-1f m1e3-1h m1e3-1i m1e3-1j m1e3-1l\"><p>Regroupement des deux sites de production, extension de la surface de production &agrave; 20.000m&sup2;.<\/p><\/div><\/div><\/div><\/div><\/div><\/div><div class=\"x-div e1803-e92 m1e3-1m m1e3-1r m1e3-1s m1e3-1u m1e3-1v m1e3-22 m1e3-23 m1e3-24\"><a class=\"x-div e1803-e93 m1e3-1m m1e3-1n m1e3-1p m1e3-1r m1e3-1s m1e3-1t m1e3-1u m1e3-21 m1e3-25\" href=\"#prev\" data-x-effect-provider=\"colors particles effects\" data-x-slide-prev=\"\"><i class=\"x-icon e1803-e94 m1e3-29\" aria-hidden=\"true\" data-x-icon-o=\"&#xf060;\"><\/i><\/a><a class=\"x-div e1803-e95 m1e3-1m m1e3-1n m1e3-1p m1e3-1r m1e3-1s m1e3-1u m1e3-21 m1e3-24 m1e3-25 m1e3-26\" href=\"#next\" data-x-effect-provider=\"colors particles effects\" data-x-slide-next=\"\"><i class=\"x-icon e1803-e96 m1e3-29\" aria-hidden=\"true\" data-x-icon-o=\"&#xf061;\"><\/i><\/a><\/div><\/div><\/div><\/div><\/div><\/div><\/div><\/div>","protected":false},"excerpt":{"rendered":"<p>\u00c0 propos de nous: un coup d\u2019\u0153il derri\u00e8re la fa\u00e7ade Nous sommes une entreprise qui vit dans l\u2019anonymat. Pour ce faire, nous vous invitons \u00e0 visiter notre usine, \u00e0 d\u00e9couvrir notre histoire. Nous vous pr\u00e9senterons notre \u00e9quipe et laisserons la parole \u00e0 nos collaborateurs.Qui sommes-nous et que repr\u00e9sentons-nous ? Schmehmann : depuis plus de 75 ans notre nom est synonyme &#8230;<\/p>\n","protected":false},"author":5,"featured_media":0,"parent":0,"menu_order":0,"comment_status":"closed","ping_status":"closed","template":"template-blank-4.php","meta":{"_acf_changed":false,"footnotes":""},"class_list":["post-1803","page","type-page","status-publish","hentry","no-post-thumbnail"],"acf":[],"yoast_head":"<!-- This site is optimized with the Yoast SEO plugin v26.8 - https:\/\/yoast.com\/product\/yoast-seo-wordpress\/ -->\n<title>\u00c0 propos de nous | Menk-Schmehmann GmbH &amp; Co.KG<\/title>\n<meta name=\"robots\" content=\"index, follow, max-snippet:-1, max-image-preview:large, max-video-preview:-1\" \/>\n<link rel=\"canonical\" href=\"https:\/\/menk-schmehmann.de\/fr\/a-propos-de-nous\/\" \/>\n<meta property=\"og:locale\" content=\"fr_FR\" \/>\n<meta property=\"og:type\" content=\"article\" \/>\n<meta property=\"og:title\" content=\"\u00c0 propos de nous | Menk-Schmehmann GmbH &amp; Co.KG\" \/>\n<meta property=\"og:description\" content=\"\u00c0 propos de nous: un coup d\u2019\u0153il derri\u00e8re la fa\u00e7ade Nous sommes une entreprise qui vit dans l\u2019anonymat. Pour ce faire, nous vous invitons \u00e0 visiter notre usine, \u00e0 d\u00e9couvrir notre histoire. Nous vous pr\u00e9senterons notre \u00e9quipe et laisserons la parole \u00e0 nos collaborateurs.Qui sommes-nous et que repr\u00e9sentons-nous ? Schmehmann : depuis plus de 75 ans notre nom est synonyme ...\" \/>\n<meta property=\"og:url\" content=\"https:\/\/menk-schmehmann.de\/fr\/a-propos-de-nous\/\" \/>\n<meta property=\"og:site_name\" content=\"Menk-Schmehmann GmbH &amp; Co.KG\" \/>\n<meta property=\"article:modified_time\" content=\"2025-05-16T07:48:12+00:00\" \/>\n<meta property=\"og:image\" content=\"https:\/\/menk-schmehmann.de\/wp-content\/uploads\/menk_gruppe1-2-scaled.jpg\" \/>\n<meta name=\"twitter:card\" content=\"summary_large_image\" \/>\n<meta name=\"twitter:label1\" content=\"Dur\u00e9e de lecture estim\u00e9e\" \/>\n\t<meta name=\"twitter:data1\" content=\"2 minutes\" \/>\n<script type=\"application\/ld+json\" class=\"yoast-schema-graph\">{\"@context\":\"https:\/\/schema.org\",\"@graph\":[{\"@type\":\"WebPage\",\"@id\":\"https:\/\/menk-schmehmann.de\/fr\/a-propos-de-nous\/\",\"url\":\"https:\/\/menk-schmehmann.de\/fr\/a-propos-de-nous\/\",\"name\":\"\u00c0 propos de nous | Menk-Schmehmann GmbH &amp; Co.KG\",\"isPartOf\":{\"@id\":\"https:\/\/menk-schmehmann.de\/fr\/#website\"},\"primaryImageOfPage\":{\"@id\":\"https:\/\/menk-schmehmann.de\/fr\/a-propos-de-nous\/#primaryimage\"},\"image\":{\"@id\":\"https:\/\/menk-schmehmann.de\/fr\/a-propos-de-nous\/#primaryimage\"},\"thumbnailUrl\":\"https:\/\/menk-schmehmann.de\/wp-content\/uploads\/menk_gruppe1-2-scaled.jpg\",\"datePublished\":\"2022-07-11T07:45:09+00:00\",\"dateModified\":\"2025-05-16T07:48:12+00:00\",\"breadcrumb\":{\"@id\":\"https:\/\/menk-schmehmann.de\/fr\/a-propos-de-nous\/#breadcrumb\"},\"inLanguage\":\"fr-FR\",\"potentialAction\":[{\"@type\":\"ReadAction\",\"target\":[\"https:\/\/menk-schmehmann.de\/fr\/a-propos-de-nous\/\"]}]},{\"@type\":\"ImageObject\",\"inLanguage\":\"fr-FR\",\"@id\":\"https:\/\/menk-schmehmann.de\/fr\/a-propos-de-nous\/#primaryimage\",\"url\":\"https:\/\/menk-schmehmann.de\/wp-content\/uploads\/menk_gruppe1-2-scaled.jpg\",\"contentUrl\":\"https:\/\/menk-schmehmann.de\/wp-content\/uploads\/menk_gruppe1-2-scaled.jpg\"},{\"@type\":\"BreadcrumbList\",\"@id\":\"https:\/\/menk-schmehmann.de\/fr\/a-propos-de-nous\/#breadcrumb\",\"itemListElement\":[{\"@type\":\"ListItem\",\"position\":1,\"name\":\"Startseite\",\"item\":\"https:\/\/menk-schmehmann.de\/fr\/\"},{\"@type\":\"ListItem\",\"position\":2,\"name\":\"\u00c0 propos de nous\"}]},{\"@type\":\"WebSite\",\"@id\":\"https:\/\/menk-schmehmann.de\/fr\/#website\",\"url\":\"https:\/\/menk-schmehmann.de\/fr\/\",\"name\":\"Menk-Schmehmann GmbH &amp; Co.KG\",\"description\":\"Anlagenbau &amp; Rohrverformungstechnik\",\"publisher\":{\"@id\":\"https:\/\/menk-schmehmann.de\/fr\/#organization\"},\"potentialAction\":[{\"@type\":\"SearchAction\",\"target\":{\"@type\":\"EntryPoint\",\"urlTemplate\":\"https:\/\/menk-schmehmann.de\/fr\/?s={search_term_string}\"},\"query-input\":{\"@type\":\"PropertyValueSpecification\",\"valueRequired\":true,\"valueName\":\"search_term_string\"}}],\"inLanguage\":\"fr-FR\"},{\"@type\":\"Organization\",\"@id\":\"https:\/\/menk-schmehmann.de\/fr\/#organization\",\"name\":\"Menk Schmehmann\",\"url\":\"https:\/\/menk-schmehmann.de\/fr\/\",\"logo\":{\"@type\":\"ImageObject\",\"inLanguage\":\"fr-FR\",\"@id\":\"https:\/\/menk-schmehmann.de\/fr\/#\/schema\/logo\/image\/\",\"url\":\"https:\/\/menk-schmehmann.de\/wp-content\/uploads\/2021\/11\/Menk-Schmehmann-Logo.png\",\"contentUrl\":\"https:\/\/menk-schmehmann.de\/wp-content\/uploads\/2021\/11\/Menk-Schmehmann-Logo.png\",\"width\":775,\"height\":120,\"caption\":\"Menk Schmehmann\"},\"image\":{\"@id\":\"https:\/\/menk-schmehmann.de\/fr\/#\/schema\/logo\/image\/\"}}]}<\/script>\n<!-- \/ Yoast SEO plugin. -->","yoast_head_json":{"title":"\u00c0 propos de nous | Menk-Schmehmann GmbH &amp; Co.KG","robots":{"index":"index","follow":"follow","max-snippet":"max-snippet:-1","max-image-preview":"max-image-preview:large","max-video-preview":"max-video-preview:-1"},"canonical":"https:\/\/menk-schmehmann.de\/fr\/a-propos-de-nous\/","og_locale":"fr_FR","og_type":"article","og_title":"\u00c0 propos de nous | Menk-Schmehmann GmbH &amp; Co.KG","og_description":"\u00c0 propos de nous: un coup d\u2019\u0153il derri\u00e8re la fa\u00e7ade Nous sommes une entreprise qui vit dans l\u2019anonymat. Pour ce faire, nous vous invitons \u00e0 visiter notre usine, \u00e0 d\u00e9couvrir notre histoire. Nous vous pr\u00e9senterons notre \u00e9quipe et laisserons la parole \u00e0 nos collaborateurs.Qui sommes-nous et que repr\u00e9sentons-nous ? Schmehmann : depuis plus de 75 ans notre nom est synonyme ...","og_url":"https:\/\/menk-schmehmann.de\/fr\/a-propos-de-nous\/","og_site_name":"Menk-Schmehmann GmbH &amp; Co.KG","article_modified_time":"2025-05-16T07:48:12+00:00","og_image":[{"url":"https:\/\/menk-schmehmann.de\/wp-content\/uploads\/menk_gruppe1-2-scaled.jpg","type":"","width":"","height":""}],"twitter_card":"summary_large_image","twitter_misc":{"Dur\u00e9e de lecture estim\u00e9e":"2 minutes"},"schema":{"@context":"https:\/\/schema.org","@graph":[{"@type":"WebPage","@id":"https:\/\/menk-schmehmann.de\/fr\/a-propos-de-nous\/","url":"https:\/\/menk-schmehmann.de\/fr\/a-propos-de-nous\/","name":"\u00c0 propos de nous | Menk-Schmehmann GmbH &amp; Co.KG","isPartOf":{"@id":"https:\/\/menk-schmehmann.de\/fr\/#website"},"primaryImageOfPage":{"@id":"https:\/\/menk-schmehmann.de\/fr\/a-propos-de-nous\/#primaryimage"},"image":{"@id":"https:\/\/menk-schmehmann.de\/fr\/a-propos-de-nous\/#primaryimage"},"thumbnailUrl":"https:\/\/menk-schmehmann.de\/wp-content\/uploads\/menk_gruppe1-2-scaled.jpg","datePublished":"2022-07-11T07:45:09+00:00","dateModified":"2025-05-16T07:48:12+00:00","breadcrumb":{"@id":"https:\/\/menk-schmehmann.de\/fr\/a-propos-de-nous\/#breadcrumb"},"inLanguage":"fr-FR","potentialAction":[{"@type":"ReadAction","target":["https:\/\/menk-schmehmann.de\/fr\/a-propos-de-nous\/"]}]},{"@type":"ImageObject","inLanguage":"fr-FR","@id":"https:\/\/menk-schmehmann.de\/fr\/a-propos-de-nous\/#primaryimage","url":"https:\/\/menk-schmehmann.de\/wp-content\/uploads\/menk_gruppe1-2-scaled.jpg","contentUrl":"https:\/\/menk-schmehmann.de\/wp-content\/uploads\/menk_gruppe1-2-scaled.jpg"},{"@type":"BreadcrumbList","@id":"https:\/\/menk-schmehmann.de\/fr\/a-propos-de-nous\/#breadcrumb","itemListElement":[{"@type":"ListItem","position":1,"name":"Startseite","item":"https:\/\/menk-schmehmann.de\/fr\/"},{"@type":"ListItem","position":2,"name":"\u00c0 propos de nous"}]},{"@type":"WebSite","@id":"https:\/\/menk-schmehmann.de\/fr\/#website","url":"https:\/\/menk-schmehmann.de\/fr\/","name":"Menk-Schmehmann GmbH &amp; Co.KG","description":"Anlagenbau &amp; Rohrverformungstechnik","publisher":{"@id":"https:\/\/menk-schmehmann.de\/fr\/#organization"},"potentialAction":[{"@type":"SearchAction","target":{"@type":"EntryPoint","urlTemplate":"https:\/\/menk-schmehmann.de\/fr\/?s={search_term_string}"},"query-input":{"@type":"PropertyValueSpecification","valueRequired":true,"valueName":"search_term_string"}}],"inLanguage":"fr-FR"},{"@type":"Organization","@id":"https:\/\/menk-schmehmann.de\/fr\/#organization","name":"Menk Schmehmann","url":"https:\/\/menk-schmehmann.de\/fr\/","logo":{"@type":"ImageObject","inLanguage":"fr-FR","@id":"https:\/\/menk-schmehmann.de\/fr\/#\/schema\/logo\/image\/","url":"https:\/\/menk-schmehmann.de\/wp-content\/uploads\/2021\/11\/Menk-Schmehmann-Logo.png","contentUrl":"https:\/\/menk-schmehmann.de\/wp-content\/uploads\/2021\/11\/Menk-Schmehmann-Logo.png","width":775,"height":120,"caption":"Menk Schmehmann"},"image":{"@id":"https:\/\/menk-schmehmann.de\/fr\/#\/schema\/logo\/image\/"}}]}},"_links":{"self":[{"href":"https:\/\/menk-schmehmann.de\/fr\/wp-json\/wp\/v2\/pages\/1803","targetHints":{"allow":["GET"]}}],"collection":[{"href":"https:\/\/menk-schmehmann.de\/fr\/wp-json\/wp\/v2\/pages"}],"about":[{"href":"https:\/\/menk-schmehmann.de\/fr\/wp-json\/wp\/v2\/types\/page"}],"author":[{"embeddable":true,"href":"https:\/\/menk-schmehmann.de\/fr\/wp-json\/wp\/v2\/users\/5"}],"replies":[{"embeddable":true,"href":"https:\/\/menk-schmehmann.de\/fr\/wp-json\/wp\/v2\/comments?post=1803"}],"version-history":[{"count":11,"href":"https:\/\/menk-schmehmann.de\/fr\/wp-json\/wp\/v2\/pages\/1803\/revisions"}],"predecessor-version":[{"id":7784,"href":"https:\/\/menk-schmehmann.de\/fr\/wp-json\/wp\/v2\/pages\/1803\/revisions\/7784"}],"wp:attachment":[{"href":"https:\/\/menk-schmehmann.de\/fr\/wp-json\/wp\/v2\/media?parent=1803"}],"curies":[{"name":"wp","href":"https:\/\/api.w.org\/{rel}","templated":true}]}}