{"id":1632,"date":"2022-06-22T10:45:27","date_gmt":"2022-06-22T08:45:27","guid":{"rendered":"https:\/\/menk-schmehmann.de\/apparate-anlagenbau-fr\/"},"modified":"2025-05-16T09:47:44","modified_gmt":"2025-05-16T07:47:44","slug":"apparate-anlagenbau-fr","status":"publish","type":"page","link":"https:\/\/menk-schmehmann.de\/fr\/industries\/apparate-anlagenbau-fr\/","title":{"rendered":"Apparate- &#038; Anlagenbau (FR)"},"content":{"rendered":"<div id=\"cs-content\" class=\"cs-content\"><div class=\"x-section e1632-e1 m19c-0 m19c-1\"><div class=\"x-bg\" aria-hidden=\"true\"><div class=\"x-bg-layer-lower-custom\"><div style=\"width: 100%; height: 40%; background: #FFF;\"><\/div><\/div><\/div><div class=\"x-row x-container max width e1632-e2 m19c-4 m19c-5 m19c-6 m19c-7 m19c-8 m19c-e m19c-f\"><div class=\"x-row-inner\"><div class=\"x-col e1632-e3 m19c-k m19c-l\"><span class=\"x-image e1632-e4 m19c-s m19c-t\"><img decoding=\"async\" src=\"https:\/\/menk-schmehmann.de\/wp-content\/uploads\/2021\/11\/Menk-Schmehmann-Apparate-und-Anlagenbau.jpg\" width=\"2400\" height=\"1330\" alt=\"Image\" loading=\"lazy\"><\/span><div class=\"x-text x-text-headline e1632-e5 m19c-v m19c-w\"><div class=\"x-text-content\"><div class=\"x-text-content-text\"><h1 class=\"x-text-content-text-primary\">Construction d\u2019\u00e9quipements et de stations compl\u00e8tes. <\/h1>\n<\/div><\/div><\/div><div class=\"x-text x-text-headline e1632-e6 m19c-w m19c-x\"><div class=\"x-text-content\"><div class=\"x-text-content-text\"><h2 class=\"x-text-content-text-primary\">Technologie de pointe<\/h2>\n<\/div><\/div><\/div><\/div><\/div><\/div><\/div><div class=\"x-section e1632-e7 m19c-0 m19c-2\"><div class=\"x-row x-container max width e1632-e8 m19c-4 m19c-6 m19c-7 m19c-8 m19c-9 m19c-a m19c-e m19c-g\"><div class=\"x-row-inner\"><div class=\"x-col e1632-e9 m19c-k m19c-l m19c-m m19c-n m19c-o\"><span class=\"x-image e1632-e10 m19c-s m19c-u m19c-3\"><img decoding=\"async\" src=\"https:\/\/menk-schmehmann.de\/wp-content\/uploads\/2021\/11\/Menk-Schmehmann-Icon-Apparate.png\" width=\"250\" height=\"250\" alt=\"Image\" loading=\"lazy\"><\/span><\/div><\/div><\/div><div class=\"x-row x-container max width e1632-e11 m19c-4 m19c-6 m19c-7 m19c-9 m19c-a m19c-b m19c-h\"><div class=\"x-row-inner\"><div class=\"x-col e1632-e12 m19c-k m19c-l m19c-m m19c-o m19c-p\"><div class=\"x-text x-content e1632-e13 m19c-y m19c-z\"><p><strong>Vous \u00eates le moteur de l\u2019\u00e9conomie, nous sommes votre partenaire de confiance.<\/strong><\/p>\n<p><span>La construction d\u2019\u00e9quipements et de stations compl\u00e8tes dynamise constamment l\u2019innovation, et avec nos syst\u00e8mes de serpentins plats nous sommes au c\u0153ur de ce progr\u00e8s depuis plusieurs d\u00e9cennies. Nous fabriquons des composants qui remplissent les standards de qualit\u00e9 et de pr\u00e9cision les plus stricts. Nous fabriquons avec des machines de derni\u00e8re g\u00e9n\u00e9ration sous la houlette de notre personnel hautement qualifi\u00e9, qui v\u00e9rifie chaque composant en le soumettant \u00e0 des tests exhaustifs.<\/span><\/p>\n<p><span>Que vous ayez besoin d\u2019un composant unique, fabriqu\u00e9 en suivant vos plans de fabrication et destin\u00e9 \u00e0 votre prochain projet, ou bien des pi\u00e8ces en s\u00e9rie en grandes quantit\u00e9s, nous proposons des livraisons rapides, quelle que soit la quantit\u00e9 command\u00e9e.<\/span><\/p><\/div><\/div><div class=\"x-col e1632-e14 m19c-k m19c-q\"><div class=\"x-text x-content e1632-e15 m19c-y m19c-z\"><strong>Une s\u00e9rie d\u2019avantages<\/strong><\/div><ul class=\"x-row e1632-e16 m19c-4 m19c-9 m19c-c m19c-d m19c-i\"><div class=\"x-row-inner\"><li class=\"x-col e1632-e17 m19c-k m19c-l m19c-m m19c-n m19c-r\"><figure class=\"x-div e1632-e18 m19c-11 m19c-12\"><i class=\"x-icon e1632-e19 m19c-14\" aria-hidden=\"true\" data-x-icon-s=\"&#xf00c;\"><\/i><\/figure><div class=\"x-div e1632-e20 m19c-12 m19c-13\"><div class=\"x-text x-content e1632-e21 m19c-z m19c-10\">Votre partenaire exp\u00e9riment\u00e9 pour la construction d\u2019\u00e9quipements et de stations compl\u00e8tes<\/div><\/div><\/li><li class=\"x-col e1632-e22 m19c-k m19c-l m19c-m m19c-n m19c-r\"><figure class=\"x-div e1632-e23 m19c-11 m19c-12\"><i class=\"x-icon e1632-e24 m19c-14\" aria-hidden=\"true\" data-x-icon-s=\"&#xf00c;\"><\/i><\/figure><div class=\"x-div e1632-e25 m19c-12 m19c-13\"><div class=\"x-text x-content e1632-e26 m19c-z m19c-10\">Fabrication en s\u00e9rie et de pi\u00e8ces sp\u00e9ciales, ainsi que de syst\u00e8mes complets, selon vos sp\u00e9cifications.<\/div><\/div><\/li><li class=\"x-col e1632-e27 m19c-k m19c-l m19c-m m19c-n m19c-r\"><figure class=\"x-div e1632-e28 m19c-11 m19c-12\"><i class=\"x-icon e1632-e29 m19c-14\" aria-hidden=\"true\" data-x-icon-s=\"&#xf00c;\"><\/i><\/figure><div class=\"x-div e1632-e30 m19c-12 m19c-13\"><div class=\"x-text x-content e1632-e31 m19c-z m19c-10\">Traitement rapide des commandes et de la livraison finale.<\/div><\/div><\/li><li class=\"x-col e1632-e32 m19c-k m19c-l m19c-m m19c-n m19c-r\"><figure class=\"x-div e1632-e33 m19c-11 m19c-12\"><i class=\"x-icon e1632-e34 m19c-14\" aria-hidden=\"true\" data-x-icon-s=\"&#xf00c;\"><\/i><\/figure><div class=\"x-div e1632-e35 m19c-12 m19c-13\"><div class=\"x-text x-content e1632-e36 m19c-z m19c-10\">Contr\u00f4le de la qualit\u00e9 totale, selon la norme ISO 9001:2015.<\/div><\/div><\/li><li class=\"x-col e1632-e37 m19c-k m19c-l m19c-m m19c-n m19c-r\"><figure class=\"x-div e1632-e38 m19c-11 m19c-12\"><i class=\"x-icon e1632-e39 m19c-14\" aria-hidden=\"true\" data-x-icon-s=\"&#xf00c;\"><\/i><\/figure><div class=\"x-div e1632-e40 m19c-12 m19c-13\"><div class=\"x-text x-content e1632-e41 m19c-z m19c-10\">Produits de premier ordre, fabriqu\u00e9s par notre personnel hautement qualifi\u00e9.<\/div><\/div><\/li><\/div><\/ul><\/div><\/div><\/div><div class=\"x-row x-container max width e1632-e42 m19c-4 m19c-5 m19c-7 m19c-8 m19c-d m19c-e m19c-j\"><div class=\"x-row-inner\"><div class=\"x-col e1632-e43 m19c-k m19c-l\"><div class=\"x-text x-content e1632-e44 m19c-y m19c-z\"><p>N\u2019h\u00e9sitez pas \u00e0 nous contacter, <a title=\"Kontakt\" href=\"\/kontakt\">nous attendons votre commande.<\/a><\/p><\/div><\/div><\/div><\/div><\/div><\/div>","protected":false},"excerpt":{"rendered":"<p>Construction d\u2019\u00e9quipements et de stations compl\u00e8tes. Technologie de pointe Vous \u00eates le moteur de l\u2019\u00e9conomie, nous sommes votre partenaire de confiance. La construction d\u2019\u00e9quipements et de stations compl\u00e8tes dynamise constamment l\u2019innovation, et avec nos syst\u00e8mes de serpentins plats nous sommes au c\u0153ur de ce progr\u00e8s depuis plusieurs d\u00e9cennies. Nous fabriquons des composants qui remplissent les standards de qualit\u00e9 et de &#8230;<\/p>\n","protected":false},"author":4,"featured_media":0,"parent":1616,"menu_order":0,"comment_status":"closed","ping_status":"closed","template":"template-blank-4.php","meta":{"_acf_changed":false,"footnotes":""},"class_list":["post-1632","page","type-page","status-publish","hentry","no-post-thumbnail"],"acf":[],"yoast_head":"<!-- This site is optimized with the Yoast SEO plugin v26.8 - https:\/\/yoast.com\/product\/yoast-seo-wordpress\/ -->\n<title>Apparate- &amp; Anlagenbau (FR) | Menk-Schmehmann GmbH &amp; Co.KG<\/title>\n<meta name=\"robots\" content=\"index, follow, max-snippet:-1, max-image-preview:large, max-video-preview:-1\" \/>\n<link rel=\"canonical\" href=\"https:\/\/menk-schmehmann.de\/fr\/industries\/apparate-anlagenbau-fr\/\" \/>\n<meta property=\"og:locale\" content=\"fr_FR\" \/>\n<meta property=\"og:type\" content=\"article\" \/>\n<meta property=\"og:title\" content=\"Apparate- &amp; Anlagenbau (FR) | Menk-Schmehmann GmbH &amp; Co.KG\" \/>\n<meta property=\"og:description\" content=\"Construction d\u2019\u00e9quipements et de stations compl\u00e8tes. Technologie de pointe Vous \u00eates le moteur de l\u2019\u00e9conomie, nous sommes votre partenaire de confiance. La construction d\u2019\u00e9quipements et de stations compl\u00e8tes dynamise constamment l\u2019innovation, et avec nos syst\u00e8mes de serpentins plats nous sommes au c\u0153ur de ce progr\u00e8s depuis plusieurs d\u00e9cennies. Nous fabriquons des composants qui remplissent les standards de qualit\u00e9 et de ...\" \/>\n<meta property=\"og:url\" content=\"https:\/\/menk-schmehmann.de\/fr\/industries\/apparate-anlagenbau-fr\/\" \/>\n<meta property=\"og:site_name\" content=\"Menk-Schmehmann GmbH &amp; Co.KG\" \/>\n<meta property=\"article:modified_time\" content=\"2025-05-16T07:47:44+00:00\" \/>\n<meta property=\"og:image\" content=\"https:\/\/menk-schmehmann.de\/wp-content\/uploads\/2021\/11\/Menk-Schmehmann-Apparate-und-Anlagenbau.jpg\" \/>\n<meta name=\"twitter:card\" content=\"summary_large_image\" \/>\n<meta name=\"twitter:label1\" content=\"Dur\u00e9e de lecture estim\u00e9e\" \/>\n\t<meta name=\"twitter:data1\" content=\"1 minute\" \/>\n<script type=\"application\/ld+json\" class=\"yoast-schema-graph\">{\"@context\":\"https:\/\/schema.org\",\"@graph\":[{\"@type\":\"WebPage\",\"@id\":\"https:\/\/menk-schmehmann.de\/fr\/industries\/apparate-anlagenbau-fr\/\",\"url\":\"https:\/\/menk-schmehmann.de\/fr\/industries\/apparate-anlagenbau-fr\/\",\"name\":\"Apparate- & Anlagenbau (FR) | Menk-Schmehmann GmbH &amp; Co.KG\",\"isPartOf\":{\"@id\":\"https:\/\/menk-schmehmann.de\/fr\/#website\"},\"primaryImageOfPage\":{\"@id\":\"https:\/\/menk-schmehmann.de\/fr\/industries\/apparate-anlagenbau-fr\/#primaryimage\"},\"image\":{\"@id\":\"https:\/\/menk-schmehmann.de\/fr\/industries\/apparate-anlagenbau-fr\/#primaryimage\"},\"thumbnailUrl\":\"https:\/\/menk-schmehmann.de\/wp-content\/uploads\/2021\/11\/Menk-Schmehmann-Apparate-und-Anlagenbau.jpg\",\"datePublished\":\"2022-06-22T08:45:27+00:00\",\"dateModified\":\"2025-05-16T07:47:44+00:00\",\"breadcrumb\":{\"@id\":\"https:\/\/menk-schmehmann.de\/fr\/industries\/apparate-anlagenbau-fr\/#breadcrumb\"},\"inLanguage\":\"fr-FR\",\"potentialAction\":[{\"@type\":\"ReadAction\",\"target\":[\"https:\/\/menk-schmehmann.de\/fr\/industries\/apparate-anlagenbau-fr\/\"]}]},{\"@type\":\"ImageObject\",\"inLanguage\":\"fr-FR\",\"@id\":\"https:\/\/menk-schmehmann.de\/fr\/industries\/apparate-anlagenbau-fr\/#primaryimage\",\"url\":\"https:\/\/menk-schmehmann.de\/wp-content\/uploads\/2021\/11\/Menk-Schmehmann-Apparate-und-Anlagenbau.jpg\",\"contentUrl\":\"https:\/\/menk-schmehmann.de\/wp-content\/uploads\/2021\/11\/Menk-Schmehmann-Apparate-und-Anlagenbau.jpg\"},{\"@type\":\"BreadcrumbList\",\"@id\":\"https:\/\/menk-schmehmann.de\/fr\/industries\/apparate-anlagenbau-fr\/#breadcrumb\",\"itemListElement\":[{\"@type\":\"ListItem\",\"position\":1,\"name\":\"Startseite\",\"item\":\"https:\/\/menk-schmehmann.de\/fr\/\"},{\"@type\":\"ListItem\",\"position\":2,\"name\":\"Industries\",\"item\":\"https:\/\/menk-schmehmann.de\/fr\/branchen\/\"},{\"@type\":\"ListItem\",\"position\":3,\"name\":\"Apparate- &#038; Anlagenbau (FR)\"}]},{\"@type\":\"WebSite\",\"@id\":\"https:\/\/menk-schmehmann.de\/fr\/#website\",\"url\":\"https:\/\/menk-schmehmann.de\/fr\/\",\"name\":\"Menk-Schmehmann GmbH &amp; Co.KG\",\"description\":\"Anlagenbau &amp; Rohrverformungstechnik\",\"publisher\":{\"@id\":\"https:\/\/menk-schmehmann.de\/fr\/#organization\"},\"potentialAction\":[{\"@type\":\"SearchAction\",\"target\":{\"@type\":\"EntryPoint\",\"urlTemplate\":\"https:\/\/menk-schmehmann.de\/fr\/?s={search_term_string}\"},\"query-input\":{\"@type\":\"PropertyValueSpecification\",\"valueRequired\":true,\"valueName\":\"search_term_string\"}}],\"inLanguage\":\"fr-FR\"},{\"@type\":\"Organization\",\"@id\":\"https:\/\/menk-schmehmann.de\/fr\/#organization\",\"name\":\"Menk Schmehmann\",\"url\":\"https:\/\/menk-schmehmann.de\/fr\/\",\"logo\":{\"@type\":\"ImageObject\",\"inLanguage\":\"fr-FR\",\"@id\":\"https:\/\/menk-schmehmann.de\/fr\/#\/schema\/logo\/image\/\",\"url\":\"https:\/\/menk-schmehmann.de\/wp-content\/uploads\/2021\/11\/Menk-Schmehmann-Logo.png\",\"contentUrl\":\"https:\/\/menk-schmehmann.de\/wp-content\/uploads\/2021\/11\/Menk-Schmehmann-Logo.png\",\"width\":775,\"height\":120,\"caption\":\"Menk Schmehmann\"},\"image\":{\"@id\":\"https:\/\/menk-schmehmann.de\/fr\/#\/schema\/logo\/image\/\"}}]}<\/script>\n<!-- \/ Yoast SEO plugin. -->","yoast_head_json":{"title":"Apparate- & Anlagenbau (FR) | Menk-Schmehmann GmbH &amp; Co.KG","robots":{"index":"index","follow":"follow","max-snippet":"max-snippet:-1","max-image-preview":"max-image-preview:large","max-video-preview":"max-video-preview:-1"},"canonical":"https:\/\/menk-schmehmann.de\/fr\/industries\/apparate-anlagenbau-fr\/","og_locale":"fr_FR","og_type":"article","og_title":"Apparate- & Anlagenbau (FR) | Menk-Schmehmann GmbH &amp; Co.KG","og_description":"Construction d\u2019\u00e9quipements et de stations compl\u00e8tes. Technologie de pointe Vous \u00eates le moteur de l\u2019\u00e9conomie, nous sommes votre partenaire de confiance. La construction d\u2019\u00e9quipements et de stations compl\u00e8tes dynamise constamment l\u2019innovation, et avec nos syst\u00e8mes de serpentins plats nous sommes au c\u0153ur de ce progr\u00e8s depuis plusieurs d\u00e9cennies. Nous fabriquons des composants qui remplissent les standards de qualit\u00e9 et de ...","og_url":"https:\/\/menk-schmehmann.de\/fr\/industries\/apparate-anlagenbau-fr\/","og_site_name":"Menk-Schmehmann GmbH &amp; Co.KG","article_modified_time":"2025-05-16T07:47:44+00:00","og_image":[{"url":"https:\/\/menk-schmehmann.de\/wp-content\/uploads\/2021\/11\/Menk-Schmehmann-Apparate-und-Anlagenbau.jpg","type":"","width":"","height":""}],"twitter_card":"summary_large_image","twitter_misc":{"Dur\u00e9e de lecture estim\u00e9e":"1 minute"},"schema":{"@context":"https:\/\/schema.org","@graph":[{"@type":"WebPage","@id":"https:\/\/menk-schmehmann.de\/fr\/industries\/apparate-anlagenbau-fr\/","url":"https:\/\/menk-schmehmann.de\/fr\/industries\/apparate-anlagenbau-fr\/","name":"Apparate- & Anlagenbau (FR) | Menk-Schmehmann GmbH &amp; Co.KG","isPartOf":{"@id":"https:\/\/menk-schmehmann.de\/fr\/#website"},"primaryImageOfPage":{"@id":"https:\/\/menk-schmehmann.de\/fr\/industries\/apparate-anlagenbau-fr\/#primaryimage"},"image":{"@id":"https:\/\/menk-schmehmann.de\/fr\/industries\/apparate-anlagenbau-fr\/#primaryimage"},"thumbnailUrl":"https:\/\/menk-schmehmann.de\/wp-content\/uploads\/2021\/11\/Menk-Schmehmann-Apparate-und-Anlagenbau.jpg","datePublished":"2022-06-22T08:45:27+00:00","dateModified":"2025-05-16T07:47:44+00:00","breadcrumb":{"@id":"https:\/\/menk-schmehmann.de\/fr\/industries\/apparate-anlagenbau-fr\/#breadcrumb"},"inLanguage":"fr-FR","potentialAction":[{"@type":"ReadAction","target":["https:\/\/menk-schmehmann.de\/fr\/industries\/apparate-anlagenbau-fr\/"]}]},{"@type":"ImageObject","inLanguage":"fr-FR","@id":"https:\/\/menk-schmehmann.de\/fr\/industries\/apparate-anlagenbau-fr\/#primaryimage","url":"https:\/\/menk-schmehmann.de\/wp-content\/uploads\/2021\/11\/Menk-Schmehmann-Apparate-und-Anlagenbau.jpg","contentUrl":"https:\/\/menk-schmehmann.de\/wp-content\/uploads\/2021\/11\/Menk-Schmehmann-Apparate-und-Anlagenbau.jpg"},{"@type":"BreadcrumbList","@id":"https:\/\/menk-schmehmann.de\/fr\/industries\/apparate-anlagenbau-fr\/#breadcrumb","itemListElement":[{"@type":"ListItem","position":1,"name":"Startseite","item":"https:\/\/menk-schmehmann.de\/fr\/"},{"@type":"ListItem","position":2,"name":"Industries","item":"https:\/\/menk-schmehmann.de\/fr\/branchen\/"},{"@type":"ListItem","position":3,"name":"Apparate- &#038; Anlagenbau (FR)"}]},{"@type":"WebSite","@id":"https:\/\/menk-schmehmann.de\/fr\/#website","url":"https:\/\/menk-schmehmann.de\/fr\/","name":"Menk-Schmehmann GmbH &amp; Co.KG","description":"Anlagenbau &amp; Rohrverformungstechnik","publisher":{"@id":"https:\/\/menk-schmehmann.de\/fr\/#organization"},"potentialAction":[{"@type":"SearchAction","target":{"@type":"EntryPoint","urlTemplate":"https:\/\/menk-schmehmann.de\/fr\/?s={search_term_string}"},"query-input":{"@type":"PropertyValueSpecification","valueRequired":true,"valueName":"search_term_string"}}],"inLanguage":"fr-FR"},{"@type":"Organization","@id":"https:\/\/menk-schmehmann.de\/fr\/#organization","name":"Menk Schmehmann","url":"https:\/\/menk-schmehmann.de\/fr\/","logo":{"@type":"ImageObject","inLanguage":"fr-FR","@id":"https:\/\/menk-schmehmann.de\/fr\/#\/schema\/logo\/image\/","url":"https:\/\/menk-schmehmann.de\/wp-content\/uploads\/2021\/11\/Menk-Schmehmann-Logo.png","contentUrl":"https:\/\/menk-schmehmann.de\/wp-content\/uploads\/2021\/11\/Menk-Schmehmann-Logo.png","width":775,"height":120,"caption":"Menk Schmehmann"},"image":{"@id":"https:\/\/menk-schmehmann.de\/fr\/#\/schema\/logo\/image\/"}}]}},"_links":{"self":[{"href":"https:\/\/menk-schmehmann.de\/fr\/wp-json\/wp\/v2\/pages\/1632","targetHints":{"allow":["GET"]}}],"collection":[{"href":"https:\/\/menk-schmehmann.de\/fr\/wp-json\/wp\/v2\/pages"}],"about":[{"href":"https:\/\/menk-schmehmann.de\/fr\/wp-json\/wp\/v2\/types\/page"}],"author":[{"embeddable":true,"href":"https:\/\/menk-schmehmann.de\/fr\/wp-json\/wp\/v2\/users\/4"}],"replies":[{"embeddable":true,"href":"https:\/\/menk-schmehmann.de\/fr\/wp-json\/wp\/v2\/comments?post=1632"}],"version-history":[{"count":4,"href":"https:\/\/menk-schmehmann.de\/fr\/wp-json\/wp\/v2\/pages\/1632\/revisions"}],"predecessor-version":[{"id":7767,"href":"https:\/\/menk-schmehmann.de\/fr\/wp-json\/wp\/v2\/pages\/1632\/revisions\/7767"}],"up":[{"embeddable":true,"href":"https:\/\/menk-schmehmann.de\/fr\/wp-json\/wp\/v2\/pages\/1616"}],"wp:attachment":[{"href":"https:\/\/menk-schmehmann.de\/fr\/wp-json\/wp\/v2\/media?parent=1632"}],"curies":[{"name":"wp","href":"https:\/\/api.w.org\/{rel}","templated":true}]}}