{"id":1628,"date":"2021-11-15T20:24:53","date_gmt":"2021-11-15T19:24:53","guid":{"rendered":"https:\/\/menk-schmehmann.de\/industries\/lebensmittel-pharmaindustrie\/"},"modified":"2025-05-16T09:47:43","modified_gmt":"2025-05-16T07:47:43","slug":"lebensmittel-pharmaindustrie","status":"publish","type":"page","link":"https:\/\/menk-schmehmann.de\/fr\/industries\/lebensmittel-pharmaindustrie\/","title":{"rendered":"Lebensmittel- &#038; Pharmaindustrie"},"content":{"rendered":"<div id=\"cs-content\" class=\"cs-content\"><div class=\"x-section e1628-e1 m198-0 m198-1\"><div class=\"x-bg\" aria-hidden=\"true\"><div class=\"x-bg-layer-lower-custom\"><div style=\"width: 100%; height: 40%; background: #FFF;\"><\/div><\/div><\/div><div class=\"x-row x-container max width e1628-e2 m198-4 m198-5 m198-6 m198-7 m198-8 m198-e m198-f\"><div class=\"x-row-inner\"><div class=\"x-col e1628-e3 m198-k m198-l\"><span class=\"x-image e1628-e4 m198-s m198-t\"><img decoding=\"async\" src=\"https:\/\/menk-schmehmann.de\/wp-content\/uploads\/2021\/11\/Menk-Schmehmann-Lebensmittel-und-Pharmaindustrie.jpg\" width=\"2400\" height=\"1330\" alt=\"Image\" loading=\"lazy\"><\/span><div class=\"x-text x-text-headline e1628-e5 m198-v m198-w\"><div class=\"x-text-content\"><div class=\"x-text-content-text\"><h1 class=\"x-text-content-text-primary\">Industries alimentaire et pharmaceutique <\/h1>\n<\/div><\/div><\/div><div class=\"x-text x-text-headline e1628-e6 m198-w m198-x\"><div class=\"x-text-content\"><div class=\"x-text-content-text\"><h2 class=\"x-text-content-text-primary\">lorsque l\u2019hygi\u00e8ne est une priorit\u00e9.<\/h2>\n<\/div><\/div><\/div><\/div><\/div><\/div><\/div><div class=\"x-section e1628-e7 m198-0 m198-2\"><div class=\"x-row x-container max width e1628-e8 m198-4 m198-6 m198-7 m198-8 m198-9 m198-a m198-e m198-g\"><div class=\"x-row-inner\"><div class=\"x-col e1628-e9 m198-k m198-l m198-m m198-n m198-o\"><span class=\"x-image e1628-e10 m198-s m198-u m198-3\"><img decoding=\"async\" src=\"https:\/\/menk-schmehmann.de\/wp-content\/uploads\/2021\/11\/Menk-Schmehmann-Icon-Lebensmittel.png\" width=\"250\" height=\"250\" alt=\"Image\" loading=\"lazy\"><\/span><\/div><\/div><\/div><div class=\"x-row x-container max width e1628-e11 m198-4 m198-6 m198-7 m198-9 m198-a m198-b m198-h\"><div class=\"x-row-inner\"><div class=\"x-col e1628-e12 m198-k m198-l m198-m m198-o m198-p\"><div class=\"x-text x-content e1628-e13 m198-y m198-z m198-10\"><p><strong>Vous travaillez au sein d\u2019une industrie o\u00f9 la plus petite contamination peut impliquer la perte totale de la production. Faites-nous confiance.<\/strong><\/p>\n<p><span>Les syst\u00e8mes de serpentins de notre usine sont fabriqu\u00e9s par notre personnel hautement qualifi\u00e9 qui utilise les machines les plus modernes, dot\u00e9es d\u2019une pr\u00e9cision millim\u00e9trique. Cela vous garantit une fiabilit\u00e9 absolue et une excellente qualit\u00e9. Par ailleurs, chaque composant est soumis \u00e0 de nombreux processus d\u2019inspection et tests dans notre laboratoire, avant la livraison.<\/span><\/p>\n<p><span>C\u2019est ainsi que nous fabriquons des composants en s\u00e9rie et des produits sur mesure sur notre site de production, pour les composants en acier inoxydable de grande puret\u00e9, conformes \u00e0 vos exigences et qui remplissent haut la main les standards les plus stricts des industries alimentaire et pharmaceutique. Il va s\u2019en dire que nous pouvons r\u00e9pondre \u00e0 toutes vos questions de fa\u00e7on rapide et fiable, gr\u00e2ce \u00e0 notre grande capacit\u00e9 de production.<\/span><\/p><\/div><\/div><div class=\"x-col e1628-e14 m198-k m198-q\"><div class=\"x-text x-content e1628-e15 m198-z m198-10 m198-11\"><div><b><span lang=\"FR\">Une s\u00e9rie d\u2019avantages\u00a0<\/span><\/b><\/div>\n<div><\/div><\/div><ul class=\"x-row e1628-e16 m198-4 m198-9 m198-c m198-d m198-i\"><div class=\"x-row-inner\"><li class=\"x-col e1628-e17 m198-k m198-l m198-m m198-n m198-r\"><figure class=\"x-div e1628-e18 m198-13 m198-14\"><i class=\"x-icon e1628-e19 m198-16\" aria-hidden=\"true\" data-x-icon-s=\"&#xf00c;\"><\/i><\/figure><div class=\"x-div e1628-e20 m198-14 m198-15\"><div class=\"x-text x-content e1628-e21 m198-y m198-z m198-12\">Votre partenaire exp\u00e9riment\u00e9 pour les industries alimentaire et pharmaceutique<\/div><\/div><\/li><li class=\"x-col e1628-e22 m198-k m198-l m198-m m198-n m198-r\"><figure class=\"x-div e1628-e23 m198-13 m198-14\"><i class=\"x-icon e1628-e24 m198-16\" aria-hidden=\"true\" data-x-icon-s=\"&#xf00c;\"><\/i><\/figure><div class=\"x-div e1628-e25 m198-14 m198-15\"><div class=\"x-text x-content e1628-e26 m198-y m198-z m198-12\">Un site de production s\u00e9par\u00e9 pour le traitement de l\u2019acier inoxydable dans une atmosph\u00e8re pure, qui remplit les plus hauts standards d\u2019hygi\u00e8ne<\/div><\/div><\/li><li class=\"x-col e1628-e27 m198-k m198-l m198-m m198-n m198-r\"><figure class=\"x-div e1628-e28 m198-13 m198-14\"><i class=\"x-icon e1628-e29 m198-16\" aria-hidden=\"true\" data-x-icon-s=\"&#xf00c;\"><\/i><\/figure><div class=\"x-div e1628-e30 m198-14 m198-15\"><div class=\"x-text x-content e1628-e31 m198-y m198-z m198-12\">Fabrication en s\u00e9rie et fabrication de pi\u00e8ces sp\u00e9ciales, ainsi que de syst\u00e8mes complets, selon vos sp\u00e9cifications.<\/div><\/div><\/li><li class=\"x-col e1628-e32 m198-k m198-l m198-m m198-n m198-r\"><figure class=\"x-div e1628-e33 m198-13 m198-14\"><i class=\"x-icon e1628-e34 m198-16\" aria-hidden=\"true\" data-x-icon-s=\"&#xf00c;\"><\/i><\/figure><div class=\"x-div e1628-e35 m198-14 m198-15\"><div class=\"x-text x-content e1628-e36 m198-y m198-z m198-12\">Traitement rapide des commandes et de la livraison finale.<\/div><\/div><\/li><li class=\"x-col e1628-e37 m198-k m198-l m198-m m198-n m198-r\"><figure class=\"x-div e1628-e38 m198-13 m198-14\"><i class=\"x-icon e1628-e39 m198-16\" aria-hidden=\"true\" data-x-icon-s=\"&#xf00c;\"><\/i><\/figure><div class=\"x-div e1628-e40 m198-14 m198-15\"><div class=\"x-text x-content e1628-e41 m198-y m198-z m198-12\">Contr\u00f4le complet de la qualit\u00e9, selon la norme ISO 9001:2015<\/div><\/div><\/li><li class=\"x-col e1628-e42 m198-k m198-l m198-m m198-n m198-r\"><figure class=\"x-div e1628-e43 m198-13 m198-14\"><i class=\"x-icon e1628-e44 m198-16\" aria-hidden=\"true\" data-x-icon-s=\"&#xf00c;\"><\/i><\/figure><div class=\"x-div e1628-e45 m198-14 m198-15\"><div class=\"x-text x-content e1628-e46 m198-y m198-z m198-12\">Produits de premier ordre, fabriqu\u00e9s par notre personnel hautement qualifi\u00e9<\/div><\/div><\/li><\/div><\/ul><\/div><\/div><\/div><div class=\"x-row x-container max width e1628-e47 m198-4 m198-5 m198-7 m198-8 m198-d m198-e m198-j\"><div class=\"x-row-inner\"><div class=\"x-col e1628-e48 m198-k m198-l\"><div class=\"x-text x-content e1628-e49 m198-z m198-10 m198-11\"><p>Vous voulez passer commande?  <a title=\"Kontakt\" href=\"\/kontakt\">Nous esp\u00e9rons recevoir de vos nouvelles tr\u00e8s bient\u00f4t.<\/a><\/p><\/div><\/div><\/div><\/div><\/div><\/div>","protected":false},"excerpt":{"rendered":"<p>Industries alimentaire et pharmaceutique lorsque l\u2019hygi\u00e8ne est une priorit\u00e9. Vous travaillez au sein d\u2019une industrie o\u00f9 la plus petite contamination peut impliquer la perte totale de la production. Faites-nous confiance. Les syst\u00e8mes de serpentins de notre usine sont fabriqu\u00e9s par notre personnel hautement qualifi\u00e9 qui utilise les machines les plus modernes, dot\u00e9es d\u2019une pr\u00e9cision millim\u00e9trique. Cela vous garantit une fiabilit\u00e9 &#8230;<\/p>\n","protected":false},"author":1,"featured_media":0,"parent":1616,"menu_order":0,"comment_status":"closed","ping_status":"closed","template":"template-blank-4.php","meta":{"_acf_changed":false,"footnotes":""},"class_list":["post-1628","page","type-page","status-publish","hentry","no-post-thumbnail"],"acf":[],"yoast_head":"<!-- This site is optimized with the Yoast SEO plugin v26.8 - https:\/\/yoast.com\/product\/yoast-seo-wordpress\/ -->\n<title>Lebensmittel- &amp; Pharmaindustrie | Menk-Schmehmann GmbH &amp; Co.KG<\/title>\n<meta name=\"robots\" content=\"index, follow, max-snippet:-1, max-image-preview:large, max-video-preview:-1\" \/>\n<link rel=\"canonical\" href=\"https:\/\/menk-schmehmann.de\/fr\/industries\/lebensmittel-pharmaindustrie\/\" \/>\n<meta property=\"og:locale\" content=\"fr_FR\" \/>\n<meta property=\"og:type\" content=\"article\" \/>\n<meta property=\"og:title\" content=\"Lebensmittel- &amp; Pharmaindustrie | Menk-Schmehmann GmbH &amp; Co.KG\" \/>\n<meta property=\"og:description\" content=\"Industries alimentaire et pharmaceutique lorsque l\u2019hygi\u00e8ne est une priorit\u00e9. Vous travaillez au sein d\u2019une industrie o\u00f9 la plus petite contamination peut impliquer la perte totale de la production. Faites-nous confiance. Les syst\u00e8mes de serpentins de notre usine sont fabriqu\u00e9s par notre personnel hautement qualifi\u00e9 qui utilise les machines les plus modernes, dot\u00e9es d\u2019une pr\u00e9cision millim\u00e9trique. Cela vous garantit une fiabilit\u00e9 ...\" \/>\n<meta property=\"og:url\" content=\"https:\/\/menk-schmehmann.de\/fr\/industries\/lebensmittel-pharmaindustrie\/\" \/>\n<meta property=\"og:site_name\" content=\"Menk-Schmehmann GmbH &amp; Co.KG\" \/>\n<meta property=\"article:modified_time\" content=\"2025-05-16T07:47:43+00:00\" \/>\n<meta property=\"og:image\" content=\"https:\/\/menk-schmehmann.de\/wp-content\/uploads\/2021\/11\/Menk-Schmehmann-Lebensmittel-und-Pharmaindustrie.jpg\" \/>\n<meta name=\"twitter:card\" content=\"summary_large_image\" \/>\n<meta name=\"twitter:label1\" content=\"Dur\u00e9e de lecture estim\u00e9e\" \/>\n\t<meta name=\"twitter:data1\" content=\"1 minute\" \/>\n<script type=\"application\/ld+json\" class=\"yoast-schema-graph\">{\"@context\":\"https:\/\/schema.org\",\"@graph\":[{\"@type\":\"WebPage\",\"@id\":\"https:\/\/menk-schmehmann.de\/fr\/industries\/lebensmittel-pharmaindustrie\/\",\"url\":\"https:\/\/menk-schmehmann.de\/fr\/industries\/lebensmittel-pharmaindustrie\/\",\"name\":\"Lebensmittel- & Pharmaindustrie | Menk-Schmehmann GmbH &amp; Co.KG\",\"isPartOf\":{\"@id\":\"https:\/\/menk-schmehmann.de\/fr\/#website\"},\"primaryImageOfPage\":{\"@id\":\"https:\/\/menk-schmehmann.de\/fr\/industries\/lebensmittel-pharmaindustrie\/#primaryimage\"},\"image\":{\"@id\":\"https:\/\/menk-schmehmann.de\/fr\/industries\/lebensmittel-pharmaindustrie\/#primaryimage\"},\"thumbnailUrl\":\"https:\/\/menk-schmehmann.de\/wp-content\/uploads\/2021\/11\/Menk-Schmehmann-Lebensmittel-und-Pharmaindustrie.jpg\",\"datePublished\":\"2021-11-15T19:24:53+00:00\",\"dateModified\":\"2025-05-16T07:47:43+00:00\",\"breadcrumb\":{\"@id\":\"https:\/\/menk-schmehmann.de\/fr\/industries\/lebensmittel-pharmaindustrie\/#breadcrumb\"},\"inLanguage\":\"fr-FR\",\"potentialAction\":[{\"@type\":\"ReadAction\",\"target\":[\"https:\/\/menk-schmehmann.de\/fr\/industries\/lebensmittel-pharmaindustrie\/\"]}]},{\"@type\":\"ImageObject\",\"inLanguage\":\"fr-FR\",\"@id\":\"https:\/\/menk-schmehmann.de\/fr\/industries\/lebensmittel-pharmaindustrie\/#primaryimage\",\"url\":\"https:\/\/menk-schmehmann.de\/wp-content\/uploads\/2021\/11\/Menk-Schmehmann-Lebensmittel-und-Pharmaindustrie.jpg\",\"contentUrl\":\"https:\/\/menk-schmehmann.de\/wp-content\/uploads\/2021\/11\/Menk-Schmehmann-Lebensmittel-und-Pharmaindustrie.jpg\"},{\"@type\":\"BreadcrumbList\",\"@id\":\"https:\/\/menk-schmehmann.de\/fr\/industries\/lebensmittel-pharmaindustrie\/#breadcrumb\",\"itemListElement\":[{\"@type\":\"ListItem\",\"position\":1,\"name\":\"Startseite\",\"item\":\"https:\/\/menk-schmehmann.de\/fr\/\"},{\"@type\":\"ListItem\",\"position\":2,\"name\":\"Industries\",\"item\":\"https:\/\/menk-schmehmann.de\/fr\/branchen\/\"},{\"@type\":\"ListItem\",\"position\":3,\"name\":\"Lebensmittel- &#038; Pharmaindustrie\"}]},{\"@type\":\"WebSite\",\"@id\":\"https:\/\/menk-schmehmann.de\/fr\/#website\",\"url\":\"https:\/\/menk-schmehmann.de\/fr\/\",\"name\":\"Menk-Schmehmann GmbH &amp; Co.KG\",\"description\":\"Anlagenbau &amp; Rohrverformungstechnik\",\"publisher\":{\"@id\":\"https:\/\/menk-schmehmann.de\/fr\/#organization\"},\"potentialAction\":[{\"@type\":\"SearchAction\",\"target\":{\"@type\":\"EntryPoint\",\"urlTemplate\":\"https:\/\/menk-schmehmann.de\/fr\/?s={search_term_string}\"},\"query-input\":{\"@type\":\"PropertyValueSpecification\",\"valueRequired\":true,\"valueName\":\"search_term_string\"}}],\"inLanguage\":\"fr-FR\"},{\"@type\":\"Organization\",\"@id\":\"https:\/\/menk-schmehmann.de\/fr\/#organization\",\"name\":\"Menk Schmehmann\",\"url\":\"https:\/\/menk-schmehmann.de\/fr\/\",\"logo\":{\"@type\":\"ImageObject\",\"inLanguage\":\"fr-FR\",\"@id\":\"https:\/\/menk-schmehmann.de\/fr\/#\/schema\/logo\/image\/\",\"url\":\"https:\/\/menk-schmehmann.de\/wp-content\/uploads\/2021\/11\/Menk-Schmehmann-Logo.png\",\"contentUrl\":\"https:\/\/menk-schmehmann.de\/wp-content\/uploads\/2021\/11\/Menk-Schmehmann-Logo.png\",\"width\":775,\"height\":120,\"caption\":\"Menk Schmehmann\"},\"image\":{\"@id\":\"https:\/\/menk-schmehmann.de\/fr\/#\/schema\/logo\/image\/\"}}]}<\/script>\n<!-- \/ Yoast SEO plugin. -->","yoast_head_json":{"title":"Lebensmittel- & Pharmaindustrie | Menk-Schmehmann GmbH &amp; Co.KG","robots":{"index":"index","follow":"follow","max-snippet":"max-snippet:-1","max-image-preview":"max-image-preview:large","max-video-preview":"max-video-preview:-1"},"canonical":"https:\/\/menk-schmehmann.de\/fr\/industries\/lebensmittel-pharmaindustrie\/","og_locale":"fr_FR","og_type":"article","og_title":"Lebensmittel- & Pharmaindustrie | Menk-Schmehmann GmbH &amp; Co.KG","og_description":"Industries alimentaire et pharmaceutique lorsque l\u2019hygi\u00e8ne est une priorit\u00e9. Vous travaillez au sein d\u2019une industrie o\u00f9 la plus petite contamination peut impliquer la perte totale de la production. Faites-nous confiance. Les syst\u00e8mes de serpentins de notre usine sont fabriqu\u00e9s par notre personnel hautement qualifi\u00e9 qui utilise les machines les plus modernes, dot\u00e9es d\u2019une pr\u00e9cision millim\u00e9trique. Cela vous garantit une fiabilit\u00e9 ...","og_url":"https:\/\/menk-schmehmann.de\/fr\/industries\/lebensmittel-pharmaindustrie\/","og_site_name":"Menk-Schmehmann GmbH &amp; Co.KG","article_modified_time":"2025-05-16T07:47:43+00:00","og_image":[{"url":"https:\/\/menk-schmehmann.de\/wp-content\/uploads\/2021\/11\/Menk-Schmehmann-Lebensmittel-und-Pharmaindustrie.jpg","type":"","width":"","height":""}],"twitter_card":"summary_large_image","twitter_misc":{"Dur\u00e9e de lecture estim\u00e9e":"1 minute"},"schema":{"@context":"https:\/\/schema.org","@graph":[{"@type":"WebPage","@id":"https:\/\/menk-schmehmann.de\/fr\/industries\/lebensmittel-pharmaindustrie\/","url":"https:\/\/menk-schmehmann.de\/fr\/industries\/lebensmittel-pharmaindustrie\/","name":"Lebensmittel- & Pharmaindustrie | Menk-Schmehmann GmbH &amp; Co.KG","isPartOf":{"@id":"https:\/\/menk-schmehmann.de\/fr\/#website"},"primaryImageOfPage":{"@id":"https:\/\/menk-schmehmann.de\/fr\/industries\/lebensmittel-pharmaindustrie\/#primaryimage"},"image":{"@id":"https:\/\/menk-schmehmann.de\/fr\/industries\/lebensmittel-pharmaindustrie\/#primaryimage"},"thumbnailUrl":"https:\/\/menk-schmehmann.de\/wp-content\/uploads\/2021\/11\/Menk-Schmehmann-Lebensmittel-und-Pharmaindustrie.jpg","datePublished":"2021-11-15T19:24:53+00:00","dateModified":"2025-05-16T07:47:43+00:00","breadcrumb":{"@id":"https:\/\/menk-schmehmann.de\/fr\/industries\/lebensmittel-pharmaindustrie\/#breadcrumb"},"inLanguage":"fr-FR","potentialAction":[{"@type":"ReadAction","target":["https:\/\/menk-schmehmann.de\/fr\/industries\/lebensmittel-pharmaindustrie\/"]}]},{"@type":"ImageObject","inLanguage":"fr-FR","@id":"https:\/\/menk-schmehmann.de\/fr\/industries\/lebensmittel-pharmaindustrie\/#primaryimage","url":"https:\/\/menk-schmehmann.de\/wp-content\/uploads\/2021\/11\/Menk-Schmehmann-Lebensmittel-und-Pharmaindustrie.jpg","contentUrl":"https:\/\/menk-schmehmann.de\/wp-content\/uploads\/2021\/11\/Menk-Schmehmann-Lebensmittel-und-Pharmaindustrie.jpg"},{"@type":"BreadcrumbList","@id":"https:\/\/menk-schmehmann.de\/fr\/industries\/lebensmittel-pharmaindustrie\/#breadcrumb","itemListElement":[{"@type":"ListItem","position":1,"name":"Startseite","item":"https:\/\/menk-schmehmann.de\/fr\/"},{"@type":"ListItem","position":2,"name":"Industries","item":"https:\/\/menk-schmehmann.de\/fr\/branchen\/"},{"@type":"ListItem","position":3,"name":"Lebensmittel- &#038; Pharmaindustrie"}]},{"@type":"WebSite","@id":"https:\/\/menk-schmehmann.de\/fr\/#website","url":"https:\/\/menk-schmehmann.de\/fr\/","name":"Menk-Schmehmann GmbH &amp; Co.KG","description":"Anlagenbau &amp; Rohrverformungstechnik","publisher":{"@id":"https:\/\/menk-schmehmann.de\/fr\/#organization"},"potentialAction":[{"@type":"SearchAction","target":{"@type":"EntryPoint","urlTemplate":"https:\/\/menk-schmehmann.de\/fr\/?s={search_term_string}"},"query-input":{"@type":"PropertyValueSpecification","valueRequired":true,"valueName":"search_term_string"}}],"inLanguage":"fr-FR"},{"@type":"Organization","@id":"https:\/\/menk-schmehmann.de\/fr\/#organization","name":"Menk Schmehmann","url":"https:\/\/menk-schmehmann.de\/fr\/","logo":{"@type":"ImageObject","inLanguage":"fr-FR","@id":"https:\/\/menk-schmehmann.de\/fr\/#\/schema\/logo\/image\/","url":"https:\/\/menk-schmehmann.de\/wp-content\/uploads\/2021\/11\/Menk-Schmehmann-Logo.png","contentUrl":"https:\/\/menk-schmehmann.de\/wp-content\/uploads\/2021\/11\/Menk-Schmehmann-Logo.png","width":775,"height":120,"caption":"Menk Schmehmann"},"image":{"@id":"https:\/\/menk-schmehmann.de\/fr\/#\/schema\/logo\/image\/"}}]}},"_links":{"self":[{"href":"https:\/\/menk-schmehmann.de\/fr\/wp-json\/wp\/v2\/pages\/1628","targetHints":{"allow":["GET"]}}],"collection":[{"href":"https:\/\/menk-schmehmann.de\/fr\/wp-json\/wp\/v2\/pages"}],"about":[{"href":"https:\/\/menk-schmehmann.de\/fr\/wp-json\/wp\/v2\/types\/page"}],"author":[{"embeddable":true,"href":"https:\/\/menk-schmehmann.de\/fr\/wp-json\/wp\/v2\/users\/1"}],"replies":[{"embeddable":true,"href":"https:\/\/menk-schmehmann.de\/fr\/wp-json\/wp\/v2\/comments?post=1628"}],"version-history":[{"count":3,"href":"https:\/\/menk-schmehmann.de\/fr\/wp-json\/wp\/v2\/pages\/1628\/revisions"}],"predecessor-version":[{"id":7766,"href":"https:\/\/menk-schmehmann.de\/fr\/wp-json\/wp\/v2\/pages\/1628\/revisions\/7766"}],"up":[{"embeddable":true,"href":"https:\/\/menk-schmehmann.de\/fr\/wp-json\/wp\/v2\/pages\/1616"}],"wp:attachment":[{"href":"https:\/\/menk-schmehmann.de\/fr\/wp-json\/wp\/v2\/media?parent=1628"}],"curies":[{"name":"wp","href":"https:\/\/api.w.org\/{rel}","templated":true}]}}