{"id":1624,"date":"2021-11-15T20:23:51","date_gmt":"2021-11-15T19:23:51","guid":{"rendered":"https:\/\/menk-schmehmann.de\/industries\/chemie-petrochemie\/"},"modified":"2025-05-16T09:47:42","modified_gmt":"2025-05-16T07:47:42","slug":"industries-de-chimie-et-petrochimie","status":"publish","type":"page","link":"https:\/\/menk-schmehmann.de\/fr\/industries\/industries-de-chimie-et-petrochimie\/","title":{"rendered":"Industries de chimie et p\u00e9trochimie"},"content":{"rendered":"<div id=\"cs-content\" class=\"cs-content\"><div class=\"x-section e1624-e1 m194-0 m194-1\"><div class=\"x-bg\" aria-hidden=\"true\"><div class=\"x-bg-layer-lower-custom\"><div style=\"width: 100%; height: 40%; background: #FFF;\"><\/div><\/div><\/div><div class=\"x-row x-container max width e1624-e2 m194-4 m194-5 m194-6 m194-7 m194-8 m194-e m194-f\"><div class=\"x-row-inner\"><div class=\"x-col e1624-e3 m194-k m194-l\"><span class=\"x-image e1624-e4 m194-s m194-t\"><img decoding=\"async\" src=\"https:\/\/menk-schmehmann.de\/wp-content\/uploads\/2021\/11\/Menk-Schmehmann-Chemie-und-Petrochemie.jpg\" width=\"2400\" height=\"1330\" alt=\"Image\" loading=\"lazy\"><\/span><div class=\"x-text x-text-headline e1624-e5 m194-v m194-w\"><div class=\"x-text-content\"><div class=\"x-text-content-text\"><h1 class=\"x-text-content-text-primary\">Industries de chimie et p\u00e9trochimie:<\/h1>\n<\/div><\/div><\/div><div class=\"x-text x-text-headline e1624-e6 m194-w m194-x\"><div class=\"x-text-content\"><div class=\"x-text-content-text\"><h2 class=\"x-text-content-text-primary\">quand la s\u00e9curit\u00e9 est la priorit\u00e9<\/h2>\n<\/div><\/div><\/div><\/div><\/div><\/div><\/div><div class=\"x-section e1624-e7 m194-0 m194-2\"><div class=\"x-row x-container max width e1624-e8 m194-4 m194-6 m194-7 m194-8 m194-9 m194-a m194-e m194-g\"><div class=\"x-row-inner\"><div class=\"x-col e1624-e9 m194-k m194-l m194-m m194-n m194-o\"><span class=\"x-image e1624-e10 m194-s m194-u m194-3\"><img decoding=\"async\" src=\"https:\/\/menk-schmehmann.de\/wp-content\/uploads\/2021\/11\/Menk-Schmehmann-Icon-Chemie.png\" width=\"250\" height=\"250\" alt=\"Image\" loading=\"lazy\"><\/span><\/div><\/div><\/div><div class=\"x-row x-container max width e1624-e11 m194-4 m194-6 m194-7 m194-9 m194-a m194-b m194-h\"><div class=\"x-row-inner\"><div class=\"x-col e1624-e12 m194-k m194-l m194-m m194-o m194-p\"><div class=\"x-text x-content e1624-e13 m194-y m194-z\"><p><strong>Vous travaillez avec des substances qui ne permettent aucune marge d\u2019erreur. Nous garantissons des proc\u00e9d\u00e9s de travail totalement s\u00fbrs.<\/strong><\/p>\n<p><span>Les serpentins plats de notre usine remplissent les standards en termes de qualit\u00e9 et de pr\u00e9cision et nos experts qualifi\u00e9s v\u00e9rifient la fiabilit\u00e9 de chaque composant, en les soumettant \u00e0 des tests compos\u00e9s de plusieurs \u00e9tapes avant la livraison au client.<\/span><\/p>\n<p><span>Les d\u00e9lais de livraison rapides et le respect des commandes complexes sont notre priorit\u00e9. Nous fabriquons aussi bien des composants en s\u00e9rie standard que des syst\u00e8mes simples de serpentins plats avec des milliers de cintrages.<\/span><\/p><\/div><\/div><div class=\"x-col e1624-e14 m194-k m194-q\"><div class=\"x-text x-content e1624-e15 m194-y m194-z\"><strong>Une s\u00e9rie d\u2019avantages<\/strong><\/div><ul class=\"x-row e1624-e16 m194-4 m194-9 m194-c m194-d m194-i\"><div class=\"x-row-inner\"><li class=\"x-col e1624-e17 m194-k m194-l m194-m m194-n m194-r\"><figure class=\"x-div e1624-e18 m194-11 m194-12\"><i class=\"x-icon e1624-e19 m194-14\" aria-hidden=\"true\" data-x-icon-s=\"&#xf00c;\"><\/i><\/figure><div class=\"x-div e1624-e20 m194-12 m194-13\"><div class=\"x-text x-content e1624-e21 m194-z m194-10\">Votre partenaire exp\u00e9riment\u00e9 en technologie pour les industries de chimie et p\u00e9trochimie.<\/div><\/div><\/li><li class=\"x-col e1624-e22 m194-k m194-l m194-m m194-n m194-r\"><figure class=\"x-div e1624-e23 m194-11 m194-12\"><i class=\"x-icon e1624-e24 m194-14\" aria-hidden=\"true\" data-x-icon-s=\"&#xf00c;\"><\/i><\/figure><div class=\"x-div e1624-e25 m194-12 m194-13\"><div class=\"x-text x-content e1624-e26 m194-z m194-10\">Fabrication en s\u00e9rie et fabrication de pi\u00e8ces sp\u00e9ciales, ainsi que de syst\u00e8mes complets, selon vos sp\u00e9cifications.<\/div><\/div><\/li><li class=\"x-col e1624-e27 m194-k m194-l m194-m m194-n m194-r\"><figure class=\"x-div e1624-e28 m194-11 m194-12\"><i class=\"x-icon e1624-e29 m194-14\" aria-hidden=\"true\" data-x-icon-s=\"&#xf00c;\"><\/i><\/figure><div class=\"x-div e1624-e30 m194-12 m194-13\"><div class=\"x-text x-content e1624-e31 m194-z m194-10\">Traitement rapide des commandes et de la livraison finale.<\/div><\/div><\/li><li class=\"x-col e1624-e32 m194-k m194-l m194-m m194-n m194-r\"><figure class=\"x-div e1624-e33 m194-11 m194-12\"><i class=\"x-icon e1624-e34 m194-14\" aria-hidden=\"true\" data-x-icon-s=\"&#xf00c;\"><\/i><\/figure><div class=\"x-div e1624-e35 m194-12 m194-13\"><div class=\"x-text x-content e1624-e36 m194-z m194-10\">Contr\u00f4le complet de la qualit\u00e9, selon la norme ISO 9001:2015.<\/div><\/div><\/li><li class=\"x-col e1624-e37 m194-k m194-l m194-m m194-n m194-r\"><figure class=\"x-div e1624-e38 m194-11 m194-12\"><i class=\"x-icon e1624-e39 m194-14\" aria-hidden=\"true\" data-x-icon-s=\"&#xf00c;\"><\/i><\/figure><div class=\"x-div e1624-e40 m194-12 m194-13\"><div class=\"x-text x-content e1624-e41 m194-z m194-10\">Produits de premier ordre, fabriqu\u00e9s par notre personnel hautement qualifi\u00e9.<\/div><\/div><\/li><\/div><\/ul><\/div><\/div><\/div><div class=\"x-row x-container max width e1624-e42 m194-4 m194-5 m194-7 m194-8 m194-d m194-e m194-j\"><div class=\"x-row-inner\"><div class=\"x-col e1624-e43 m194-k m194-l\"><div class=\"x-text x-content e1624-e44 m194-y m194-z\"><p>Notre travail vous int\u00e9resse?  <a title=\"Kontakt\" href=\"\/kontakt\">Nous sommes \u00e0 votre enti\u00e8re disposition..<\/a><\/p><\/div><\/div><\/div><\/div><\/div><\/div>","protected":false},"excerpt":{"rendered":"<p>Industries de chimie et p\u00e9trochimie: quand la s\u00e9curit\u00e9 est la priorit\u00e9 Vous travaillez avec des substances qui ne permettent aucune marge d\u2019erreur. Nous garantissons des proc\u00e9d\u00e9s de travail totalement s\u00fbrs. Les serpentins plats de notre usine remplissent les standards en termes de qualit\u00e9 et de pr\u00e9cision et nos experts qualifi\u00e9s v\u00e9rifient la fiabilit\u00e9 de chaque composant, en les soumettant \u00e0 &#8230;<\/p>\n","protected":false},"author":1,"featured_media":0,"parent":1616,"menu_order":0,"comment_status":"closed","ping_status":"closed","template":"template-blank-4.php","meta":{"_acf_changed":false,"footnotes":""},"class_list":["post-1624","page","type-page","status-publish","hentry","no-post-thumbnail"],"acf":[],"yoast_head":"<!-- This site is optimized with the Yoast SEO plugin v26.8 - https:\/\/yoast.com\/product\/yoast-seo-wordpress\/ -->\n<title>Industries de chimie et p\u00e9trochimie | Menk-Schmehmann GmbH &amp; Co.KG<\/title>\n<meta name=\"robots\" content=\"index, follow, max-snippet:-1, max-image-preview:large, max-video-preview:-1\" \/>\n<link rel=\"canonical\" href=\"https:\/\/menk-schmehmann.de\/fr\/industries\/industries-de-chimie-et-petrochimie\/\" \/>\n<meta property=\"og:locale\" content=\"fr_FR\" \/>\n<meta property=\"og:type\" content=\"article\" \/>\n<meta property=\"og:title\" content=\"Industries de chimie et p\u00e9trochimie | Menk-Schmehmann GmbH &amp; Co.KG\" \/>\n<meta property=\"og:description\" content=\"Industries de chimie et p\u00e9trochimie: quand la s\u00e9curit\u00e9 est la priorit\u00e9 Vous travaillez avec des substances qui ne permettent aucune marge d\u2019erreur. Nous garantissons des proc\u00e9d\u00e9s de travail totalement s\u00fbrs. Les serpentins plats de notre usine remplissent les standards en termes de qualit\u00e9 et de pr\u00e9cision et nos experts qualifi\u00e9s v\u00e9rifient la fiabilit\u00e9 de chaque composant, en les soumettant \u00e0 ...\" \/>\n<meta property=\"og:url\" content=\"https:\/\/menk-schmehmann.de\/fr\/industries\/industries-de-chimie-et-petrochimie\/\" \/>\n<meta property=\"og:site_name\" content=\"Menk-Schmehmann GmbH &amp; Co.KG\" \/>\n<meta property=\"article:modified_time\" content=\"2025-05-16T07:47:42+00:00\" \/>\n<meta property=\"og:image\" content=\"https:\/\/menk-schmehmann.de\/wp-content\/uploads\/2021\/11\/Menk-Schmehmann-Chemie-und-Petrochemie.jpg\" \/>\n<meta name=\"twitter:card\" content=\"summary_large_image\" \/>\n<meta name=\"twitter:label1\" content=\"Dur\u00e9e de lecture estim\u00e9e\" \/>\n\t<meta name=\"twitter:data1\" content=\"1 minute\" \/>\n<script type=\"application\/ld+json\" class=\"yoast-schema-graph\">{\"@context\":\"https:\/\/schema.org\",\"@graph\":[{\"@type\":\"WebPage\",\"@id\":\"https:\/\/menk-schmehmann.de\/fr\/industries\/industries-de-chimie-et-petrochimie\/\",\"url\":\"https:\/\/menk-schmehmann.de\/fr\/industries\/industries-de-chimie-et-petrochimie\/\",\"name\":\"Industries de chimie et p\u00e9trochimie | Menk-Schmehmann GmbH &amp; Co.KG\",\"isPartOf\":{\"@id\":\"https:\/\/menk-schmehmann.de\/fr\/#website\"},\"primaryImageOfPage\":{\"@id\":\"https:\/\/menk-schmehmann.de\/fr\/industries\/industries-de-chimie-et-petrochimie\/#primaryimage\"},\"image\":{\"@id\":\"https:\/\/menk-schmehmann.de\/fr\/industries\/industries-de-chimie-et-petrochimie\/#primaryimage\"},\"thumbnailUrl\":\"https:\/\/menk-schmehmann.de\/wp-content\/uploads\/2021\/11\/Menk-Schmehmann-Chemie-und-Petrochemie.jpg\",\"datePublished\":\"2021-11-15T19:23:51+00:00\",\"dateModified\":\"2025-05-16T07:47:42+00:00\",\"breadcrumb\":{\"@id\":\"https:\/\/menk-schmehmann.de\/fr\/industries\/industries-de-chimie-et-petrochimie\/#breadcrumb\"},\"inLanguage\":\"fr-FR\",\"potentialAction\":[{\"@type\":\"ReadAction\",\"target\":[\"https:\/\/menk-schmehmann.de\/fr\/industries\/industries-de-chimie-et-petrochimie\/\"]}]},{\"@type\":\"ImageObject\",\"inLanguage\":\"fr-FR\",\"@id\":\"https:\/\/menk-schmehmann.de\/fr\/industries\/industries-de-chimie-et-petrochimie\/#primaryimage\",\"url\":\"https:\/\/menk-schmehmann.de\/wp-content\/uploads\/2021\/11\/Menk-Schmehmann-Chemie-und-Petrochemie.jpg\",\"contentUrl\":\"https:\/\/menk-schmehmann.de\/wp-content\/uploads\/2021\/11\/Menk-Schmehmann-Chemie-und-Petrochemie.jpg\"},{\"@type\":\"BreadcrumbList\",\"@id\":\"https:\/\/menk-schmehmann.de\/fr\/industries\/industries-de-chimie-et-petrochimie\/#breadcrumb\",\"itemListElement\":[{\"@type\":\"ListItem\",\"position\":1,\"name\":\"Startseite\",\"item\":\"https:\/\/menk-schmehmann.de\/fr\/\"},{\"@type\":\"ListItem\",\"position\":2,\"name\":\"Industries\",\"item\":\"https:\/\/menk-schmehmann.de\/fr\/branchen\/\"},{\"@type\":\"ListItem\",\"position\":3,\"name\":\"Industries de chimie et p\u00e9trochimie\"}]},{\"@type\":\"WebSite\",\"@id\":\"https:\/\/menk-schmehmann.de\/fr\/#website\",\"url\":\"https:\/\/menk-schmehmann.de\/fr\/\",\"name\":\"Menk-Schmehmann GmbH &amp; Co.KG\",\"description\":\"Anlagenbau &amp; Rohrverformungstechnik\",\"publisher\":{\"@id\":\"https:\/\/menk-schmehmann.de\/fr\/#organization\"},\"potentialAction\":[{\"@type\":\"SearchAction\",\"target\":{\"@type\":\"EntryPoint\",\"urlTemplate\":\"https:\/\/menk-schmehmann.de\/fr\/?s={search_term_string}\"},\"query-input\":{\"@type\":\"PropertyValueSpecification\",\"valueRequired\":true,\"valueName\":\"search_term_string\"}}],\"inLanguage\":\"fr-FR\"},{\"@type\":\"Organization\",\"@id\":\"https:\/\/menk-schmehmann.de\/fr\/#organization\",\"name\":\"Menk Schmehmann\",\"url\":\"https:\/\/menk-schmehmann.de\/fr\/\",\"logo\":{\"@type\":\"ImageObject\",\"inLanguage\":\"fr-FR\",\"@id\":\"https:\/\/menk-schmehmann.de\/fr\/#\/schema\/logo\/image\/\",\"url\":\"https:\/\/menk-schmehmann.de\/wp-content\/uploads\/2021\/11\/Menk-Schmehmann-Logo.png\",\"contentUrl\":\"https:\/\/menk-schmehmann.de\/wp-content\/uploads\/2021\/11\/Menk-Schmehmann-Logo.png\",\"width\":775,\"height\":120,\"caption\":\"Menk Schmehmann\"},\"image\":{\"@id\":\"https:\/\/menk-schmehmann.de\/fr\/#\/schema\/logo\/image\/\"}}]}<\/script>\n<!-- \/ Yoast SEO plugin. -->","yoast_head_json":{"title":"Industries de chimie et p\u00e9trochimie | Menk-Schmehmann GmbH &amp; Co.KG","robots":{"index":"index","follow":"follow","max-snippet":"max-snippet:-1","max-image-preview":"max-image-preview:large","max-video-preview":"max-video-preview:-1"},"canonical":"https:\/\/menk-schmehmann.de\/fr\/industries\/industries-de-chimie-et-petrochimie\/","og_locale":"fr_FR","og_type":"article","og_title":"Industries de chimie et p\u00e9trochimie | Menk-Schmehmann GmbH &amp; Co.KG","og_description":"Industries de chimie et p\u00e9trochimie: quand la s\u00e9curit\u00e9 est la priorit\u00e9 Vous travaillez avec des substances qui ne permettent aucune marge d\u2019erreur. Nous garantissons des proc\u00e9d\u00e9s de travail totalement s\u00fbrs. Les serpentins plats de notre usine remplissent les standards en termes de qualit\u00e9 et de pr\u00e9cision et nos experts qualifi\u00e9s v\u00e9rifient la fiabilit\u00e9 de chaque composant, en les soumettant \u00e0 ...","og_url":"https:\/\/menk-schmehmann.de\/fr\/industries\/industries-de-chimie-et-petrochimie\/","og_site_name":"Menk-Schmehmann GmbH &amp; Co.KG","article_modified_time":"2025-05-16T07:47:42+00:00","og_image":[{"url":"https:\/\/menk-schmehmann.de\/wp-content\/uploads\/2021\/11\/Menk-Schmehmann-Chemie-und-Petrochemie.jpg","type":"","width":"","height":""}],"twitter_card":"summary_large_image","twitter_misc":{"Dur\u00e9e de lecture estim\u00e9e":"1 minute"},"schema":{"@context":"https:\/\/schema.org","@graph":[{"@type":"WebPage","@id":"https:\/\/menk-schmehmann.de\/fr\/industries\/industries-de-chimie-et-petrochimie\/","url":"https:\/\/menk-schmehmann.de\/fr\/industries\/industries-de-chimie-et-petrochimie\/","name":"Industries de chimie et p\u00e9trochimie | Menk-Schmehmann GmbH &amp; Co.KG","isPartOf":{"@id":"https:\/\/menk-schmehmann.de\/fr\/#website"},"primaryImageOfPage":{"@id":"https:\/\/menk-schmehmann.de\/fr\/industries\/industries-de-chimie-et-petrochimie\/#primaryimage"},"image":{"@id":"https:\/\/menk-schmehmann.de\/fr\/industries\/industries-de-chimie-et-petrochimie\/#primaryimage"},"thumbnailUrl":"https:\/\/menk-schmehmann.de\/wp-content\/uploads\/2021\/11\/Menk-Schmehmann-Chemie-und-Petrochemie.jpg","datePublished":"2021-11-15T19:23:51+00:00","dateModified":"2025-05-16T07:47:42+00:00","breadcrumb":{"@id":"https:\/\/menk-schmehmann.de\/fr\/industries\/industries-de-chimie-et-petrochimie\/#breadcrumb"},"inLanguage":"fr-FR","potentialAction":[{"@type":"ReadAction","target":["https:\/\/menk-schmehmann.de\/fr\/industries\/industries-de-chimie-et-petrochimie\/"]}]},{"@type":"ImageObject","inLanguage":"fr-FR","@id":"https:\/\/menk-schmehmann.de\/fr\/industries\/industries-de-chimie-et-petrochimie\/#primaryimage","url":"https:\/\/menk-schmehmann.de\/wp-content\/uploads\/2021\/11\/Menk-Schmehmann-Chemie-und-Petrochemie.jpg","contentUrl":"https:\/\/menk-schmehmann.de\/wp-content\/uploads\/2021\/11\/Menk-Schmehmann-Chemie-und-Petrochemie.jpg"},{"@type":"BreadcrumbList","@id":"https:\/\/menk-schmehmann.de\/fr\/industries\/industries-de-chimie-et-petrochimie\/#breadcrumb","itemListElement":[{"@type":"ListItem","position":1,"name":"Startseite","item":"https:\/\/menk-schmehmann.de\/fr\/"},{"@type":"ListItem","position":2,"name":"Industries","item":"https:\/\/menk-schmehmann.de\/fr\/branchen\/"},{"@type":"ListItem","position":3,"name":"Industries de chimie et p\u00e9trochimie"}]},{"@type":"WebSite","@id":"https:\/\/menk-schmehmann.de\/fr\/#website","url":"https:\/\/menk-schmehmann.de\/fr\/","name":"Menk-Schmehmann GmbH &amp; Co.KG","description":"Anlagenbau &amp; Rohrverformungstechnik","publisher":{"@id":"https:\/\/menk-schmehmann.de\/fr\/#organization"},"potentialAction":[{"@type":"SearchAction","target":{"@type":"EntryPoint","urlTemplate":"https:\/\/menk-schmehmann.de\/fr\/?s={search_term_string}"},"query-input":{"@type":"PropertyValueSpecification","valueRequired":true,"valueName":"search_term_string"}}],"inLanguage":"fr-FR"},{"@type":"Organization","@id":"https:\/\/menk-schmehmann.de\/fr\/#organization","name":"Menk Schmehmann","url":"https:\/\/menk-schmehmann.de\/fr\/","logo":{"@type":"ImageObject","inLanguage":"fr-FR","@id":"https:\/\/menk-schmehmann.de\/fr\/#\/schema\/logo\/image\/","url":"https:\/\/menk-schmehmann.de\/wp-content\/uploads\/2021\/11\/Menk-Schmehmann-Logo.png","contentUrl":"https:\/\/menk-schmehmann.de\/wp-content\/uploads\/2021\/11\/Menk-Schmehmann-Logo.png","width":775,"height":120,"caption":"Menk Schmehmann"},"image":{"@id":"https:\/\/menk-schmehmann.de\/fr\/#\/schema\/logo\/image\/"}}]}},"_links":{"self":[{"href":"https:\/\/menk-schmehmann.de\/fr\/wp-json\/wp\/v2\/pages\/1624","targetHints":{"allow":["GET"]}}],"collection":[{"href":"https:\/\/menk-schmehmann.de\/fr\/wp-json\/wp\/v2\/pages"}],"about":[{"href":"https:\/\/menk-schmehmann.de\/fr\/wp-json\/wp\/v2\/types\/page"}],"author":[{"embeddable":true,"href":"https:\/\/menk-schmehmann.de\/fr\/wp-json\/wp\/v2\/users\/1"}],"replies":[{"embeddable":true,"href":"https:\/\/menk-schmehmann.de\/fr\/wp-json\/wp\/v2\/comments?post=1624"}],"version-history":[{"count":7,"href":"https:\/\/menk-schmehmann.de\/fr\/wp-json\/wp\/v2\/pages\/1624\/revisions"}],"predecessor-version":[{"id":7765,"href":"https:\/\/menk-schmehmann.de\/fr\/wp-json\/wp\/v2\/pages\/1624\/revisions\/7765"}],"up":[{"embeddable":true,"href":"https:\/\/menk-schmehmann.de\/fr\/wp-json\/wp\/v2\/pages\/1616"}],"wp:attachment":[{"href":"https:\/\/menk-schmehmann.de\/fr\/wp-json\/wp\/v2\/media?parent=1624"}],"curies":[{"name":"wp","href":"https:\/\/api.w.org\/{rel}","templated":true}]}}