{"id":1620,"date":"2021-11-15T16:52:46","date_gmt":"2021-11-15T15:52:46","guid":{"rendered":"https:\/\/menk-schmehmann.de\/industries\/kraftwerktechnik\/"},"modified":"2025-05-16T09:47:42","modified_gmt":"2025-05-16T07:47:42","slug":"technologie-pour-les-centrales-electriques","status":"publish","type":"page","link":"https:\/\/menk-schmehmann.de\/fr\/industries\/technologie-pour-les-centrales-electriques\/","title":{"rendered":"Technologie pour les centrales \u00e9lectriques"},"content":{"rendered":"<div id=\"cs-content\" class=\"cs-content\"><div class=\"x-section e1620-e1 m190-0 m190-1\"><div class=\"x-bg\" aria-hidden=\"true\"><div class=\"x-bg-layer-lower-custom\"><div style=\"width: 100%; height: 40%; background: #FFF;\"><\/div><\/div><\/div><div class=\"x-row x-container max width e1620-e2 m190-4 m190-5 m190-6 m190-7 m190-8 m190-e m190-f\"><div class=\"x-row-inner\"><div class=\"x-col e1620-e3 m190-k m190-l\"><span class=\"x-image e1620-e4 m190-s m190-t\"><img decoding=\"async\" src=\"https:\/\/menk-schmehmann.de\/wp-content\/uploads\/2021\/11\/Menk-Schmehmann-Kraftwerktechnik.jpg\" width=\"1200\" height=\"665\" alt=\"Image\" loading=\"lazy\"><\/span><div class=\"x-text x-text-headline e1620-e5 m190-v m190-w\"><div class=\"x-text-content\"><div class=\"x-text-content-text\"><h1 class=\"x-text-content-text-primary\">Technologie pour les centrales \u00e9lectriques:<\/h1>\n<\/div><\/div><\/div><div class=\"x-text x-text-headline e1620-e6 m190-w m190-x\"><div class=\"x-text-content\"><div class=\"x-text-content-text\"><h2 class=\"x-text-content-text-primary\">qualit\u00e9 maximale pour un approvisionnement fiable en \u00e9nergie<\/h2>\n<\/div><\/div><\/div><\/div><\/div><\/div><\/div><div class=\"x-section e1620-e7 m190-0 m190-2\"><div class=\"x-row x-container max width e1620-e8 m190-4 m190-6 m190-7 m190-8 m190-9 m190-a m190-e m190-g\"><div class=\"x-row-inner\"><div class=\"x-col e1620-e9 m190-k m190-l m190-m m190-n m190-o\"><span class=\"x-image e1620-e10 m190-s m190-u m190-3\"><img decoding=\"async\" src=\"https:\/\/menk-schmehmann.de\/wp-content\/uploads\/2021\/11\/Menk-Schmehmann-Icon-Kraftwwerktechnik.png\" width=\"250\" height=\"250\" alt=\"Image\" loading=\"lazy\"><\/span><\/div><\/div><\/div><div class=\"x-row x-container max width e1620-e11 m190-4 m190-6 m190-7 m190-9 m190-a m190-b m190-h\"><div class=\"x-row-inner\"><div class=\"x-col e1620-e12 m190-k m190-l m190-m m190-o m190-p\"><div class=\"x-text x-content e1620-e13 m190-y m190-z m190-10\"><p><strong>Vous produisez l\u2019\u00e9nergie, nous nous assurons que tout fonctionne de fa\u00e7on optimale.<\/strong><\/p>\n<p>Nous connaissons les mots d\u2019ordre du secteur de l\u2019\u00e9nergie\u00a0: s\u00e9curit\u00e9, qualit\u00e9 et pr\u00e9cision. Pour ce faire, chaque composant individuel est fabriqu\u00e9 par nos sp\u00e9cialistes hautement qualifi\u00e9s, en utilisant des machines de derni\u00e8re g\u00e9n\u00e9ration, puis soumis \u00e0 une s\u00e9rie de tests exhaustifs avant de quitter notre usine. Nous pouvons ainsi garantir la fiabilit\u00e9 absolue de chaque composant.<\/p>\n<p>Notre grande capacit\u00e9 de production nous permet de traiter une commande rapidement. Qu\u2019il s\u2019agisse d\u2019un composant unique, fabriqu\u00e9 conform\u00e9ment aux sp\u00e9cifications ou d\u2019une commande qui exige la fabrication en s\u00e9rie, nous sommes \u00e0 tout moment votre partenaire de confiance.<\/p><\/div><\/div><div class=\"x-col e1620-e14 m190-k m190-q\"><div class=\"x-text x-content e1620-e15 m190-z m190-10 m190-11\"><b>Une s\u00e9rie d\u2019avantages\u00a0:<\/b><\/div><ul class=\"x-row e1620-e16 m190-4 m190-9 m190-c m190-d m190-i\"><div class=\"x-row-inner\"><li class=\"x-col e1620-e17 m190-k m190-l m190-m m190-n m190-r\"><figure class=\"x-div e1620-e18 m190-13 m190-14\"><i class=\"x-icon e1620-e19 m190-16\" aria-hidden=\"true\" data-x-icon-s=\"&#xf00c;\"><\/i><\/figure><div class=\"x-div e1620-e20 m190-14 m190-15\"><div class=\"x-text x-content e1620-e21 m190-y m190-z m190-12\">Votre partenaire exp\u00e9riment\u00e9 en technologie pour les centrales \u00e9lectriques.<\/div><\/div><\/li><li class=\"x-col e1620-e22 m190-k m190-l m190-m m190-n m190-r\"><figure class=\"x-div e1620-e23 m190-13 m190-14\"><i class=\"x-icon e1620-e24 m190-16\" aria-hidden=\"true\" data-x-icon-s=\"&#xf00c;\"><\/i><\/figure><div class=\"x-div e1620-e25 m190-14 m190-15\"><div class=\"x-text x-content e1620-e26 m190-y m190-z m190-12\">Fabrication en s\u00e9rie et fabrication de pi\u00e8ces sp\u00e9ciales, ainsi que de syst\u00e8mes complets, selon vos sp\u00e9cifications.<\/div><\/div><\/li><li class=\"x-col e1620-e27 m190-k m190-l m190-m m190-n m190-r\"><figure class=\"x-div e1620-e28 m190-13 m190-14\"><i class=\"x-icon e1620-e29 m190-16\" aria-hidden=\"true\" data-x-icon-s=\"&#xf00c;\"><\/i><\/figure><div class=\"x-div e1620-e30 m190-14 m190-15\"><div class=\"x-text x-content e1620-e31 m190-y m190-z m190-12\">Traitement rapide des commandes et de la livraison finale.<\/div><\/div><\/li><li class=\"x-col e1620-e32 m190-k m190-l m190-m m190-n m190-r\"><figure class=\"x-div e1620-e33 m190-13 m190-14\"><i class=\"x-icon e1620-e34 m190-16\" aria-hidden=\"true\" data-x-icon-s=\"&#xf00c;\"><\/i><\/figure><div class=\"x-div e1620-e35 m190-14 m190-15\"><div class=\"x-text x-content e1620-e36 m190-y m190-z m190-12\">Contr\u00f4le complet de la qualit\u00e9, selon la norme ISO 9001:2015.<\/div><\/div><\/li><li class=\"x-col e1620-e37 m190-k m190-l m190-m m190-n m190-r\"><figure class=\"x-div e1620-e38 m190-13 m190-14\"><i class=\"x-icon e1620-e39 m190-16\" aria-hidden=\"true\" data-x-icon-s=\"&#xf00c;\"><\/i><\/figure><div class=\"x-div e1620-e40 m190-14 m190-15\"><div class=\"x-text x-content e1620-e41 m190-y m190-z m190-12\">Produits de premier ordre, fabriqu\u00e9s par notre personnel hautement qualifi\u00e9.<\/div><\/div><\/li><\/div><\/ul><\/div><\/div><\/div><div class=\"x-row x-container max width e1620-e42 m190-4 m190-5 m190-7 m190-8 m190-d m190-e m190-j\"><div class=\"x-row-inner\"><div class=\"x-col e1620-e43 m190-k m190-l\"><div class=\"x-text x-content e1620-e44 m190-z m190-10 m190-11\">Que pouvons faire pour vous ?<span class=\"Apple-converted-space\">\u00a0<\/span><a title=\"Kontakt\" href=\"\/fr\/contact\">Contactez-nous.<\/a><\/div><\/div><\/div><\/div><\/div><\/div>","protected":false},"excerpt":{"rendered":"<p>Technologie pour les centrales \u00e9lectriques: qualit\u00e9 maximale pour un approvisionnement fiable en \u00e9nergie Vous produisez l\u2019\u00e9nergie, nous nous assurons que tout fonctionne de fa\u00e7on optimale. Nous connaissons les mots d\u2019ordre du secteur de l\u2019\u00e9nergie\u00a0: s\u00e9curit\u00e9, qualit\u00e9 et pr\u00e9cision. Pour ce faire, chaque composant individuel est fabriqu\u00e9 par nos sp\u00e9cialistes hautement qualifi\u00e9s, en utilisant des machines de derni\u00e8re g\u00e9n\u00e9ration, puis soumis &#8230;<\/p>\n","protected":false},"author":1,"featured_media":0,"parent":1616,"menu_order":0,"comment_status":"closed","ping_status":"closed","template":"template-blank-4.php","meta":{"_acf_changed":false,"footnotes":""},"class_list":["post-1620","page","type-page","status-publish","hentry","no-post-thumbnail"],"acf":[],"yoast_head":"<!-- This site is optimized with the Yoast SEO plugin v26.8 - https:\/\/yoast.com\/product\/yoast-seo-wordpress\/ -->\n<title>Technologie pour les centrales \u00e9lectriques | Menk-Schmehmann GmbH &amp; Co.KG<\/title>\n<meta name=\"robots\" content=\"index, follow, max-snippet:-1, max-image-preview:large, max-video-preview:-1\" \/>\n<link rel=\"canonical\" href=\"https:\/\/menk-schmehmann.de\/fr\/industries\/technologie-pour-les-centrales-electriques\/\" \/>\n<meta property=\"og:locale\" content=\"fr_FR\" \/>\n<meta property=\"og:type\" content=\"article\" \/>\n<meta property=\"og:title\" content=\"Technologie pour les centrales \u00e9lectriques | Menk-Schmehmann GmbH &amp; Co.KG\" \/>\n<meta property=\"og:description\" content=\"Technologie pour les centrales \u00e9lectriques: qualit\u00e9 maximale pour un approvisionnement fiable en \u00e9nergie Vous produisez l\u2019\u00e9nergie, nous nous assurons que tout fonctionne de fa\u00e7on optimale. Nous connaissons les mots d\u2019ordre du secteur de l\u2019\u00e9nergie\u00a0: s\u00e9curit\u00e9, qualit\u00e9 et pr\u00e9cision. Pour ce faire, chaque composant individuel est fabriqu\u00e9 par nos sp\u00e9cialistes hautement qualifi\u00e9s, en utilisant des machines de derni\u00e8re g\u00e9n\u00e9ration, puis soumis ...\" \/>\n<meta property=\"og:url\" content=\"https:\/\/menk-schmehmann.de\/fr\/industries\/technologie-pour-les-centrales-electriques\/\" \/>\n<meta property=\"og:site_name\" content=\"Menk-Schmehmann GmbH &amp; Co.KG\" \/>\n<meta property=\"article:modified_time\" content=\"2025-05-16T07:47:42+00:00\" \/>\n<meta property=\"og:image\" content=\"https:\/\/menk-schmehmann.de\/wp-content\/uploads\/2021\/11\/Menk-Schmehmann-Kraftwerktechnik.jpg\" \/>\n<meta name=\"twitter:card\" content=\"summary_large_image\" \/>\n<meta name=\"twitter:label1\" content=\"Dur\u00e9e de lecture estim\u00e9e\" \/>\n\t<meta name=\"twitter:data1\" content=\"1 minute\" \/>\n<script type=\"application\/ld+json\" class=\"yoast-schema-graph\">{\"@context\":\"https:\/\/schema.org\",\"@graph\":[{\"@type\":\"WebPage\",\"@id\":\"https:\/\/menk-schmehmann.de\/fr\/industries\/technologie-pour-les-centrales-electriques\/\",\"url\":\"https:\/\/menk-schmehmann.de\/fr\/industries\/technologie-pour-les-centrales-electriques\/\",\"name\":\"Technologie pour les centrales \u00e9lectriques | Menk-Schmehmann GmbH &amp; Co.KG\",\"isPartOf\":{\"@id\":\"https:\/\/menk-schmehmann.de\/fr\/#website\"},\"primaryImageOfPage\":{\"@id\":\"https:\/\/menk-schmehmann.de\/fr\/industries\/technologie-pour-les-centrales-electriques\/#primaryimage\"},\"image\":{\"@id\":\"https:\/\/menk-schmehmann.de\/fr\/industries\/technologie-pour-les-centrales-electriques\/#primaryimage\"},\"thumbnailUrl\":\"https:\/\/menk-schmehmann.de\/wp-content\/uploads\/2021\/11\/Menk-Schmehmann-Kraftwerktechnik.jpg\",\"datePublished\":\"2021-11-15T15:52:46+00:00\",\"dateModified\":\"2025-05-16T07:47:42+00:00\",\"breadcrumb\":{\"@id\":\"https:\/\/menk-schmehmann.de\/fr\/industries\/technologie-pour-les-centrales-electriques\/#breadcrumb\"},\"inLanguage\":\"fr-FR\",\"potentialAction\":[{\"@type\":\"ReadAction\",\"target\":[\"https:\/\/menk-schmehmann.de\/fr\/industries\/technologie-pour-les-centrales-electriques\/\"]}]},{\"@type\":\"ImageObject\",\"inLanguage\":\"fr-FR\",\"@id\":\"https:\/\/menk-schmehmann.de\/fr\/industries\/technologie-pour-les-centrales-electriques\/#primaryimage\",\"url\":\"https:\/\/menk-schmehmann.de\/wp-content\/uploads\/2021\/11\/Menk-Schmehmann-Kraftwerktechnik.jpg\",\"contentUrl\":\"https:\/\/menk-schmehmann.de\/wp-content\/uploads\/2021\/11\/Menk-Schmehmann-Kraftwerktechnik.jpg\"},{\"@type\":\"BreadcrumbList\",\"@id\":\"https:\/\/menk-schmehmann.de\/fr\/industries\/technologie-pour-les-centrales-electriques\/#breadcrumb\",\"itemListElement\":[{\"@type\":\"ListItem\",\"position\":1,\"name\":\"Startseite\",\"item\":\"https:\/\/menk-schmehmann.de\/fr\/\"},{\"@type\":\"ListItem\",\"position\":2,\"name\":\"Industries\",\"item\":\"https:\/\/menk-schmehmann.de\/fr\/branchen\/\"},{\"@type\":\"ListItem\",\"position\":3,\"name\":\"Technologie pour les centrales \u00e9lectriques\"}]},{\"@type\":\"WebSite\",\"@id\":\"https:\/\/menk-schmehmann.de\/fr\/#website\",\"url\":\"https:\/\/menk-schmehmann.de\/fr\/\",\"name\":\"Menk-Schmehmann GmbH &amp; Co.KG\",\"description\":\"Anlagenbau &amp; Rohrverformungstechnik\",\"publisher\":{\"@id\":\"https:\/\/menk-schmehmann.de\/fr\/#organization\"},\"potentialAction\":[{\"@type\":\"SearchAction\",\"target\":{\"@type\":\"EntryPoint\",\"urlTemplate\":\"https:\/\/menk-schmehmann.de\/fr\/?s={search_term_string}\"},\"query-input\":{\"@type\":\"PropertyValueSpecification\",\"valueRequired\":true,\"valueName\":\"search_term_string\"}}],\"inLanguage\":\"fr-FR\"},{\"@type\":\"Organization\",\"@id\":\"https:\/\/menk-schmehmann.de\/fr\/#organization\",\"name\":\"Menk Schmehmann\",\"url\":\"https:\/\/menk-schmehmann.de\/fr\/\",\"logo\":{\"@type\":\"ImageObject\",\"inLanguage\":\"fr-FR\",\"@id\":\"https:\/\/menk-schmehmann.de\/fr\/#\/schema\/logo\/image\/\",\"url\":\"https:\/\/menk-schmehmann.de\/wp-content\/uploads\/2021\/11\/Menk-Schmehmann-Logo.png\",\"contentUrl\":\"https:\/\/menk-schmehmann.de\/wp-content\/uploads\/2021\/11\/Menk-Schmehmann-Logo.png\",\"width\":775,\"height\":120,\"caption\":\"Menk Schmehmann\"},\"image\":{\"@id\":\"https:\/\/menk-schmehmann.de\/fr\/#\/schema\/logo\/image\/\"}}]}<\/script>\n<!-- \/ Yoast SEO plugin. -->","yoast_head_json":{"title":"Technologie pour les centrales \u00e9lectriques | Menk-Schmehmann GmbH &amp; Co.KG","robots":{"index":"index","follow":"follow","max-snippet":"max-snippet:-1","max-image-preview":"max-image-preview:large","max-video-preview":"max-video-preview:-1"},"canonical":"https:\/\/menk-schmehmann.de\/fr\/industries\/technologie-pour-les-centrales-electriques\/","og_locale":"fr_FR","og_type":"article","og_title":"Technologie pour les centrales \u00e9lectriques | Menk-Schmehmann GmbH &amp; Co.KG","og_description":"Technologie pour les centrales \u00e9lectriques: qualit\u00e9 maximale pour un approvisionnement fiable en \u00e9nergie Vous produisez l\u2019\u00e9nergie, nous nous assurons que tout fonctionne de fa\u00e7on optimale. Nous connaissons les mots d\u2019ordre du secteur de l\u2019\u00e9nergie\u00a0: s\u00e9curit\u00e9, qualit\u00e9 et pr\u00e9cision. Pour ce faire, chaque composant individuel est fabriqu\u00e9 par nos sp\u00e9cialistes hautement qualifi\u00e9s, en utilisant des machines de derni\u00e8re g\u00e9n\u00e9ration, puis soumis ...","og_url":"https:\/\/menk-schmehmann.de\/fr\/industries\/technologie-pour-les-centrales-electriques\/","og_site_name":"Menk-Schmehmann GmbH &amp; Co.KG","article_modified_time":"2025-05-16T07:47:42+00:00","og_image":[{"url":"https:\/\/menk-schmehmann.de\/wp-content\/uploads\/2021\/11\/Menk-Schmehmann-Kraftwerktechnik.jpg","type":"","width":"","height":""}],"twitter_card":"summary_large_image","twitter_misc":{"Dur\u00e9e de lecture estim\u00e9e":"1 minute"},"schema":{"@context":"https:\/\/schema.org","@graph":[{"@type":"WebPage","@id":"https:\/\/menk-schmehmann.de\/fr\/industries\/technologie-pour-les-centrales-electriques\/","url":"https:\/\/menk-schmehmann.de\/fr\/industries\/technologie-pour-les-centrales-electriques\/","name":"Technologie pour les centrales \u00e9lectriques | Menk-Schmehmann GmbH &amp; Co.KG","isPartOf":{"@id":"https:\/\/menk-schmehmann.de\/fr\/#website"},"primaryImageOfPage":{"@id":"https:\/\/menk-schmehmann.de\/fr\/industries\/technologie-pour-les-centrales-electriques\/#primaryimage"},"image":{"@id":"https:\/\/menk-schmehmann.de\/fr\/industries\/technologie-pour-les-centrales-electriques\/#primaryimage"},"thumbnailUrl":"https:\/\/menk-schmehmann.de\/wp-content\/uploads\/2021\/11\/Menk-Schmehmann-Kraftwerktechnik.jpg","datePublished":"2021-11-15T15:52:46+00:00","dateModified":"2025-05-16T07:47:42+00:00","breadcrumb":{"@id":"https:\/\/menk-schmehmann.de\/fr\/industries\/technologie-pour-les-centrales-electriques\/#breadcrumb"},"inLanguage":"fr-FR","potentialAction":[{"@type":"ReadAction","target":["https:\/\/menk-schmehmann.de\/fr\/industries\/technologie-pour-les-centrales-electriques\/"]}]},{"@type":"ImageObject","inLanguage":"fr-FR","@id":"https:\/\/menk-schmehmann.de\/fr\/industries\/technologie-pour-les-centrales-electriques\/#primaryimage","url":"https:\/\/menk-schmehmann.de\/wp-content\/uploads\/2021\/11\/Menk-Schmehmann-Kraftwerktechnik.jpg","contentUrl":"https:\/\/menk-schmehmann.de\/wp-content\/uploads\/2021\/11\/Menk-Schmehmann-Kraftwerktechnik.jpg"},{"@type":"BreadcrumbList","@id":"https:\/\/menk-schmehmann.de\/fr\/industries\/technologie-pour-les-centrales-electriques\/#breadcrumb","itemListElement":[{"@type":"ListItem","position":1,"name":"Startseite","item":"https:\/\/menk-schmehmann.de\/fr\/"},{"@type":"ListItem","position":2,"name":"Industries","item":"https:\/\/menk-schmehmann.de\/fr\/branchen\/"},{"@type":"ListItem","position":3,"name":"Technologie pour les centrales \u00e9lectriques"}]},{"@type":"WebSite","@id":"https:\/\/menk-schmehmann.de\/fr\/#website","url":"https:\/\/menk-schmehmann.de\/fr\/","name":"Menk-Schmehmann GmbH &amp; Co.KG","description":"Anlagenbau &amp; Rohrverformungstechnik","publisher":{"@id":"https:\/\/menk-schmehmann.de\/fr\/#organization"},"potentialAction":[{"@type":"SearchAction","target":{"@type":"EntryPoint","urlTemplate":"https:\/\/menk-schmehmann.de\/fr\/?s={search_term_string}"},"query-input":{"@type":"PropertyValueSpecification","valueRequired":true,"valueName":"search_term_string"}}],"inLanguage":"fr-FR"},{"@type":"Organization","@id":"https:\/\/menk-schmehmann.de\/fr\/#organization","name":"Menk Schmehmann","url":"https:\/\/menk-schmehmann.de\/fr\/","logo":{"@type":"ImageObject","inLanguage":"fr-FR","@id":"https:\/\/menk-schmehmann.de\/fr\/#\/schema\/logo\/image\/","url":"https:\/\/menk-schmehmann.de\/wp-content\/uploads\/2021\/11\/Menk-Schmehmann-Logo.png","contentUrl":"https:\/\/menk-schmehmann.de\/wp-content\/uploads\/2021\/11\/Menk-Schmehmann-Logo.png","width":775,"height":120,"caption":"Menk Schmehmann"},"image":{"@id":"https:\/\/menk-schmehmann.de\/fr\/#\/schema\/logo\/image\/"}}]}},"_links":{"self":[{"href":"https:\/\/menk-schmehmann.de\/fr\/wp-json\/wp\/v2\/pages\/1620","targetHints":{"allow":["GET"]}}],"collection":[{"href":"https:\/\/menk-schmehmann.de\/fr\/wp-json\/wp\/v2\/pages"}],"about":[{"href":"https:\/\/menk-schmehmann.de\/fr\/wp-json\/wp\/v2\/types\/page"}],"author":[{"embeddable":true,"href":"https:\/\/menk-schmehmann.de\/fr\/wp-json\/wp\/v2\/users\/1"}],"replies":[{"embeddable":true,"href":"https:\/\/menk-schmehmann.de\/fr\/wp-json\/wp\/v2\/comments?post=1620"}],"version-history":[{"count":3,"href":"https:\/\/menk-schmehmann.de\/fr\/wp-json\/wp\/v2\/pages\/1620\/revisions"}],"predecessor-version":[{"id":7764,"href":"https:\/\/menk-schmehmann.de\/fr\/wp-json\/wp\/v2\/pages\/1620\/revisions\/7764"}],"up":[{"embeddable":true,"href":"https:\/\/menk-schmehmann.de\/fr\/wp-json\/wp\/v2\/pages\/1616"}],"wp:attachment":[{"href":"https:\/\/menk-schmehmann.de\/fr\/wp-json\/wp\/v2\/media?parent=1620"}],"curies":[{"name":"wp","href":"https:\/\/api.w.org\/{rel}","templated":true}]}}