{"id":1616,"date":"2021-11-02T22:57:04","date_gmt":"2021-11-02T21:57:04","guid":{"rendered":"https:\/\/menk-schmehmann.de\/branchen\/"},"modified":"2025-05-16T09:47:39","modified_gmt":"2025-05-16T07:47:39","slug":"industries","status":"publish","type":"page","link":"https:\/\/menk-schmehmann.de\/fr\/industries\/","title":{"rendered":"Industries"},"content":{"rendered":"<div id=\"cs-content\" class=\"cs-content\"><div class=\"x-section e1616-e1 m18w-0\"><div class=\"x-row x-container max width e1616-e2 m18w-2 m18w-3 m18w-5\"><div class=\"x-row-inner\"><div class=\"x-col e1616-e3 m18w-7 m18w-8\"><div class=\"x-text x-text-headline e1616-e4 m18w-a m18w-b m18w-c\"><div class=\"x-text-content\"><div class=\"x-text-content-text\"><h1 class=\"x-text-content-text-primary\"><b>Industries:<\/b><\/h1>\n<\/div><\/div><\/div><div class=\"x-text x-text-headline e1616-e5 m18w-a m18w-c m18w-d m18w-e\"><div class=\"x-text-content\"><div class=\"x-text-content-text\"><h2 class=\"x-text-content-text-primary\">votre partenaire de confiance.<\/h2>\n<\/div><\/div><\/div><div class=\"x-text x-content e1616-e6 m18w-g\"><p>Nous sommes l\u2019une des entreprises leader du secteur de la production de serpentins plats et de syst\u00e8mes de bobines tubulaires. Nous sommes le premier arr\u00eat obligatoire des projets des secteurs de l\u2019\u00e9nergie, la chimie et la p\u00e9trochimie, la construction d\u2019appareils et de stations, ainsi que des industries alimentaire et pharmaceutique.<\/p>\n<p>Nos longues ann\u00e9es d\u2019exp\u00e9rience nous permettent d\u2019implanter des designs complexes, en total accord avec les sp\u00e9cifications de nos clients ou de servir de grandes commandes rapidement, gr\u00e2ce \u00e0 notre haut niveau d\u2019int\u00e9gration verticale.<\/p><\/div><\/div><\/div><\/div><div class=\"x-row x-container max width e1616-e7 m18w-2 m18w-4 m18w-6\"><div class=\"x-row-inner\"><a class=\"x-col e1616-e8 m18w-7 m18w-9\" href=\"https:\/\/menk-schmehmann.de\/branchen\/kraftwerktechnik\/\" data-x-effect-provider=\"colors particles effects\"><div class=\"x-div e1616-e9 m18w-h m18w-i\"><span class=\"x-image e1616-e10 m18w-j m18w-1\" data-x-effect=\"{&quot;durationBase&quot;:&quot;0ms&quot;}\"><img decoding=\"async\" src=\"https:\/\/menk-schmehmann.de\/wp-content\/uploads\/2021\/11\/Menk-Schmehmann-Icon-Kraftwwerktechnik.png\" width=\"250\" height=\"250\" alt=\"Image\" loading=\"lazy\"><\/span><div class=\"x-text x-text-headline e1616-e11 m18w-a m18w-d m18w-f\"><div class=\"x-text-content\"><div class=\"x-text-content-text\"><h2 class=\"x-text-content-text-primary\"><b>Technologie pour les sites de production d\u2019\u00e9nergie<\/b><\/h2>\n<span class=\"x-text-content-text-subheadline\">qualit\u00e9 maximale pour un approvisionnement fiable en \u00e9nergie.<\/span><\/div><\/div><\/div><\/div><div class=\"x-div e1616-e12 m18w-i\"><span class=\"x-anchor x-anchor-button has-graphic has-particle e1616-e13 m18w-k\" tabindex=\"0\"><span class=\"x-particle is-primary\" data-x-particle=\"scale-x inside-c_l\" aria-hidden=\"true\"><span style=\"\"><\/span><\/span><div class=\"x-anchor-content\"><span class=\"x-graphic\" aria-hidden=\"true\"><i class=\"x-icon x-graphic-child x-graphic-icon x-graphic-primary\" aria-hidden=\"true\" data-x-icon-s=\"&#xf105;\"><\/i><\/span><div class=\"x-anchor-text\"><span class=\"x-anchor-text-primary\">plus<\/span><\/div><\/div><\/span><\/div><\/a><a class=\"x-col e1616-e14 m18w-7 m18w-9\" href=\"https:\/\/menk-schmehmann.de\/branchen\/chemie-petrochemie\/\" data-x-effect-provider=\"colors particles effects\"><div class=\"x-div e1616-e15 m18w-h m18w-i\"><span class=\"x-image e1616-e16 m18w-j m18w-1\" data-x-effect=\"{&quot;durationBase&quot;:&quot;0ms&quot;}\"><img decoding=\"async\" src=\"https:\/\/menk-schmehmann.de\/wp-content\/uploads\/2021\/11\/Menk-Schmehmann-Icon-Chemie.png\" width=\"250\" height=\"250\" alt=\"Image\" loading=\"lazy\"><\/span><div class=\"x-text x-text-headline e1616-e17 m18w-a m18w-d m18w-f\"><div class=\"x-text-content\"><div class=\"x-text-content-text\"><h2 class=\"x-text-content-text-primary\"><b>Industries de chimie et p\u00e9trochimie<\/b><\/h2>\n<span class=\"x-text-content-text-subheadline\">quand la s\u00e9curit\u00e9 est la priorit\u00e9.<\/span><\/div><\/div><\/div><\/div><div class=\"x-div e1616-e18 m18w-i\"><span class=\"x-anchor x-anchor-button has-graphic has-particle e1616-e19 m18w-k\" tabindex=\"0\"><span class=\"x-particle is-primary\" data-x-particle=\"scale-x inside-c_l\" aria-hidden=\"true\"><span style=\"\"><\/span><\/span><div class=\"x-anchor-content\"><span class=\"x-graphic\" aria-hidden=\"true\"><i class=\"x-icon x-graphic-child x-graphic-icon x-graphic-primary\" aria-hidden=\"true\" data-x-icon-s=\"&#xf105;\"><\/i><\/span><div class=\"x-anchor-text\"><span class=\"x-anchor-text-primary\">plus<\/span><\/div><\/div><\/span><\/div><\/a><a class=\"x-col e1616-e20 m18w-7 m18w-9\" href=\"https:\/\/menk-schmehmann.de\/branchen\/apparate-anlagenbau\/\" data-x-effect-provider=\"colors particles effects\"><div class=\"x-div e1616-e21 m18w-h m18w-i\"><span class=\"x-image e1616-e22 m18w-j m18w-1\" data-x-effect=\"{&quot;durationBase&quot;:&quot;0ms&quot;}\"><img decoding=\"async\" src=\"https:\/\/menk-schmehmann.de\/wp-content\/uploads\/2021\/11\/Menk-Schmehmann-Icon-Apparate.png\" width=\"250\" height=\"250\" alt=\"Image\" loading=\"lazy\"><\/span><div class=\"x-text x-text-headline e1616-e23 m18w-a m18w-d m18w-f\"><div class=\"x-text-content\"><div class=\"x-text-content-text\"><h2 class=\"x-text-content-text-primary\"><b>Construction d\u2019\u00e9quipements et de stations compl\u00e8tes.<\/b><\/h2>\n<span class=\"x-text-content-text-subheadline\">Technologie de pointe.<\/span><\/div><\/div><\/div><\/div><div class=\"x-div e1616-e24 m18w-i\"><span class=\"x-anchor x-anchor-button has-graphic has-particle e1616-e25 m18w-k\" tabindex=\"0\"><span class=\"x-particle is-primary\" data-x-particle=\"scale-x inside-c_l\" aria-hidden=\"true\"><span style=\"\"><\/span><\/span><div class=\"x-anchor-content\"><span class=\"x-graphic\" aria-hidden=\"true\"><i class=\"x-icon x-graphic-child x-graphic-icon x-graphic-primary\" aria-hidden=\"true\" data-x-icon-s=\"&#xf105;\"><\/i><\/span><div class=\"x-anchor-text\"><span class=\"x-anchor-text-primary\">plus<\/span><\/div><\/div><\/span><\/div><\/a><a class=\"x-col e1616-e26 m18w-7 m18w-9\" href=\"https:\/\/menk-schmehmann.de\/branchen\/lebensmittel-pharmaindustrie\/\" data-x-effect-provider=\"colors particles effects\"><div class=\"x-div e1616-e27 m18w-h m18w-i\"><span class=\"x-image e1616-e28 m18w-j m18w-1\" data-x-effect=\"{&quot;durationBase&quot;:&quot;0ms&quot;}\"><img decoding=\"async\" src=\"https:\/\/menk-schmehmann.de\/wp-content\/uploads\/2021\/11\/Menk-Schmehmann-Icon-Lebensmittel.png\" width=\"250\" height=\"250\" alt=\"Image\" loading=\"lazy\"><\/span><div class=\"x-text x-text-headline e1616-e29 m18w-a m18w-d m18w-f\"><div class=\"x-text-content\"><div class=\"x-text-content-text\"><h2 class=\"x-text-content-text-primary\"><b>Industries alimentaire et pharmaceutique<\/b><\/h2>\n<span class=\"x-text-content-text-subheadline\"><span class=\"Apple-converted-space\">\u00a0<\/span>lorsque l\u2019hygi\u00e8ne est une priorit\u00e9.<\/span><\/div><\/div><\/div><\/div><div class=\"x-div e1616-e30 m18w-i\"><span class=\"x-anchor x-anchor-button has-graphic has-particle e1616-e31 m18w-k\" tabindex=\"0\"><span class=\"x-particle is-primary\" data-x-particle=\"scale-x inside-c_l\" aria-hidden=\"true\"><span style=\"\"><\/span><\/span><div class=\"x-anchor-content\"><span class=\"x-graphic\" aria-hidden=\"true\"><i class=\"x-icon x-graphic-child x-graphic-icon x-graphic-primary\" aria-hidden=\"true\" data-x-icon-s=\"&#xf105;\"><\/i><\/span><div class=\"x-anchor-text\"><span class=\"x-anchor-text-primary\">plus<\/span><\/div><\/div><\/span><\/div><\/a><\/div><\/div><\/div><\/div>","protected":false},"excerpt":{"rendered":"<p>Industries: votre partenaire de confiance. Nous sommes l\u2019une des entreprises leader du secteur de la production de serpentins plats et de syst\u00e8mes de bobines tubulaires. Nous sommes le premier arr\u00eat obligatoire des projets des secteurs de l\u2019\u00e9nergie, la chimie et la p\u00e9trochimie, la construction d\u2019appareils et de stations, ainsi que des industries alimentaire et pharmaceutique. Nos longues ann\u00e9es d\u2019exp\u00e9rience nous &#8230;<\/p>\n","protected":false},"author":1,"featured_media":0,"parent":0,"menu_order":0,"comment_status":"closed","ping_status":"closed","template":"template-blank-4.php","meta":{"_acf_changed":false,"footnotes":""},"class_list":["post-1616","page","type-page","status-publish","hentry","no-post-thumbnail"],"acf":[],"yoast_head":"<!-- This site is optimized with the Yoast SEO plugin v26.8 - https:\/\/yoast.com\/product\/yoast-seo-wordpress\/ -->\n<title>Industries | Menk-Schmehmann GmbH &amp; Co.KG<\/title>\n<meta name=\"robots\" content=\"index, follow, max-snippet:-1, max-image-preview:large, max-video-preview:-1\" \/>\n<link rel=\"canonical\" href=\"https:\/\/menk-schmehmann.de\/fr\/industries\/\" \/>\n<meta property=\"og:locale\" content=\"fr_FR\" \/>\n<meta property=\"og:type\" content=\"article\" \/>\n<meta property=\"og:title\" content=\"Industries | Menk-Schmehmann GmbH &amp; Co.KG\" \/>\n<meta property=\"og:description\" content=\"Industries: votre partenaire de confiance. Nous sommes l\u2019une des entreprises leader du secteur de la production de serpentins plats et de syst\u00e8mes de bobines tubulaires. Nous sommes le premier arr\u00eat obligatoire des projets des secteurs de l\u2019\u00e9nergie, la chimie et la p\u00e9trochimie, la construction d\u2019appareils et de stations, ainsi que des industries alimentaire et pharmaceutique. Nos longues ann\u00e9es d\u2019exp\u00e9rience nous ...\" \/>\n<meta property=\"og:url\" content=\"https:\/\/menk-schmehmann.de\/fr\/industries\/\" \/>\n<meta property=\"og:site_name\" content=\"Menk-Schmehmann GmbH &amp; Co.KG\" \/>\n<meta property=\"article:modified_time\" content=\"2025-05-16T07:47:39+00:00\" \/>\n<meta property=\"og:image\" content=\"https:\/\/menk-schmehmann.de\/wp-content\/uploads\/2021\/11\/Menk-Schmehmann-Icon-Kraftwwerktechnik.png\" \/>\n<meta name=\"twitter:card\" content=\"summary_large_image\" \/>\n<meta name=\"twitter:label1\" content=\"Dur\u00e9e de lecture estim\u00e9e\" \/>\n\t<meta name=\"twitter:data1\" content=\"1 minute\" \/>\n<script type=\"application\/ld+json\" class=\"yoast-schema-graph\">{\"@context\":\"https:\/\/schema.org\",\"@graph\":[{\"@type\":\"WebPage\",\"@id\":\"https:\/\/menk-schmehmann.de\/fr\/industries\/\",\"url\":\"https:\/\/menk-schmehmann.de\/fr\/industries\/\",\"name\":\"Industries | Menk-Schmehmann GmbH &amp; Co.KG\",\"isPartOf\":{\"@id\":\"https:\/\/menk-schmehmann.de\/fr\/#website\"},\"primaryImageOfPage\":{\"@id\":\"https:\/\/menk-schmehmann.de\/fr\/industries\/#primaryimage\"},\"image\":{\"@id\":\"https:\/\/menk-schmehmann.de\/fr\/industries\/#primaryimage\"},\"thumbnailUrl\":\"https:\/\/menk-schmehmann.de\/wp-content\/uploads\/2021\/11\/Menk-Schmehmann-Icon-Kraftwwerktechnik.png\",\"datePublished\":\"2021-11-02T21:57:04+00:00\",\"dateModified\":\"2025-05-16T07:47:39+00:00\",\"breadcrumb\":{\"@id\":\"https:\/\/menk-schmehmann.de\/fr\/industries\/#breadcrumb\"},\"inLanguage\":\"fr-FR\",\"potentialAction\":[{\"@type\":\"ReadAction\",\"target\":[\"https:\/\/menk-schmehmann.de\/fr\/industries\/\"]}]},{\"@type\":\"ImageObject\",\"inLanguage\":\"fr-FR\",\"@id\":\"https:\/\/menk-schmehmann.de\/fr\/industries\/#primaryimage\",\"url\":\"https:\/\/menk-schmehmann.de\/wp-content\/uploads\/2021\/11\/Menk-Schmehmann-Icon-Kraftwwerktechnik.png\",\"contentUrl\":\"https:\/\/menk-schmehmann.de\/wp-content\/uploads\/2021\/11\/Menk-Schmehmann-Icon-Kraftwwerktechnik.png\"},{\"@type\":\"BreadcrumbList\",\"@id\":\"https:\/\/menk-schmehmann.de\/fr\/industries\/#breadcrumb\",\"itemListElement\":[{\"@type\":\"ListItem\",\"position\":1,\"name\":\"Startseite\",\"item\":\"https:\/\/menk-schmehmann.de\/fr\/\"},{\"@type\":\"ListItem\",\"position\":2,\"name\":\"Industries\"}]},{\"@type\":\"WebSite\",\"@id\":\"https:\/\/menk-schmehmann.de\/fr\/#website\",\"url\":\"https:\/\/menk-schmehmann.de\/fr\/\",\"name\":\"Menk-Schmehmann GmbH &amp; Co.KG\",\"description\":\"Anlagenbau &amp; Rohrverformungstechnik\",\"publisher\":{\"@id\":\"https:\/\/menk-schmehmann.de\/fr\/#organization\"},\"potentialAction\":[{\"@type\":\"SearchAction\",\"target\":{\"@type\":\"EntryPoint\",\"urlTemplate\":\"https:\/\/menk-schmehmann.de\/fr\/?s={search_term_string}\"},\"query-input\":{\"@type\":\"PropertyValueSpecification\",\"valueRequired\":true,\"valueName\":\"search_term_string\"}}],\"inLanguage\":\"fr-FR\"},{\"@type\":\"Organization\",\"@id\":\"https:\/\/menk-schmehmann.de\/fr\/#organization\",\"name\":\"Menk Schmehmann\",\"url\":\"https:\/\/menk-schmehmann.de\/fr\/\",\"logo\":{\"@type\":\"ImageObject\",\"inLanguage\":\"fr-FR\",\"@id\":\"https:\/\/menk-schmehmann.de\/fr\/#\/schema\/logo\/image\/\",\"url\":\"https:\/\/menk-schmehmann.de\/wp-content\/uploads\/2021\/11\/Menk-Schmehmann-Logo.png\",\"contentUrl\":\"https:\/\/menk-schmehmann.de\/wp-content\/uploads\/2021\/11\/Menk-Schmehmann-Logo.png\",\"width\":775,\"height\":120,\"caption\":\"Menk Schmehmann\"},\"image\":{\"@id\":\"https:\/\/menk-schmehmann.de\/fr\/#\/schema\/logo\/image\/\"}}]}<\/script>\n<!-- \/ Yoast SEO plugin. -->","yoast_head_json":{"title":"Industries | Menk-Schmehmann GmbH &amp; Co.KG","robots":{"index":"index","follow":"follow","max-snippet":"max-snippet:-1","max-image-preview":"max-image-preview:large","max-video-preview":"max-video-preview:-1"},"canonical":"https:\/\/menk-schmehmann.de\/fr\/industries\/","og_locale":"fr_FR","og_type":"article","og_title":"Industries | Menk-Schmehmann GmbH &amp; Co.KG","og_description":"Industries: votre partenaire de confiance. Nous sommes l\u2019une des entreprises leader du secteur de la production de serpentins plats et de syst\u00e8mes de bobines tubulaires. Nous sommes le premier arr\u00eat obligatoire des projets des secteurs de l\u2019\u00e9nergie, la chimie et la p\u00e9trochimie, la construction d\u2019appareils et de stations, ainsi que des industries alimentaire et pharmaceutique. Nos longues ann\u00e9es d\u2019exp\u00e9rience nous ...","og_url":"https:\/\/menk-schmehmann.de\/fr\/industries\/","og_site_name":"Menk-Schmehmann GmbH &amp; Co.KG","article_modified_time":"2025-05-16T07:47:39+00:00","og_image":[{"url":"https:\/\/menk-schmehmann.de\/wp-content\/uploads\/2021\/11\/Menk-Schmehmann-Icon-Kraftwwerktechnik.png","type":"","width":"","height":""}],"twitter_card":"summary_large_image","twitter_misc":{"Dur\u00e9e de lecture estim\u00e9e":"1 minute"},"schema":{"@context":"https:\/\/schema.org","@graph":[{"@type":"WebPage","@id":"https:\/\/menk-schmehmann.de\/fr\/industries\/","url":"https:\/\/menk-schmehmann.de\/fr\/industries\/","name":"Industries | Menk-Schmehmann GmbH &amp; Co.KG","isPartOf":{"@id":"https:\/\/menk-schmehmann.de\/fr\/#website"},"primaryImageOfPage":{"@id":"https:\/\/menk-schmehmann.de\/fr\/industries\/#primaryimage"},"image":{"@id":"https:\/\/menk-schmehmann.de\/fr\/industries\/#primaryimage"},"thumbnailUrl":"https:\/\/menk-schmehmann.de\/wp-content\/uploads\/2021\/11\/Menk-Schmehmann-Icon-Kraftwwerktechnik.png","datePublished":"2021-11-02T21:57:04+00:00","dateModified":"2025-05-16T07:47:39+00:00","breadcrumb":{"@id":"https:\/\/menk-schmehmann.de\/fr\/industries\/#breadcrumb"},"inLanguage":"fr-FR","potentialAction":[{"@type":"ReadAction","target":["https:\/\/menk-schmehmann.de\/fr\/industries\/"]}]},{"@type":"ImageObject","inLanguage":"fr-FR","@id":"https:\/\/menk-schmehmann.de\/fr\/industries\/#primaryimage","url":"https:\/\/menk-schmehmann.de\/wp-content\/uploads\/2021\/11\/Menk-Schmehmann-Icon-Kraftwwerktechnik.png","contentUrl":"https:\/\/menk-schmehmann.de\/wp-content\/uploads\/2021\/11\/Menk-Schmehmann-Icon-Kraftwwerktechnik.png"},{"@type":"BreadcrumbList","@id":"https:\/\/menk-schmehmann.de\/fr\/industries\/#breadcrumb","itemListElement":[{"@type":"ListItem","position":1,"name":"Startseite","item":"https:\/\/menk-schmehmann.de\/fr\/"},{"@type":"ListItem","position":2,"name":"Industries"}]},{"@type":"WebSite","@id":"https:\/\/menk-schmehmann.de\/fr\/#website","url":"https:\/\/menk-schmehmann.de\/fr\/","name":"Menk-Schmehmann GmbH &amp; Co.KG","description":"Anlagenbau &amp; Rohrverformungstechnik","publisher":{"@id":"https:\/\/menk-schmehmann.de\/fr\/#organization"},"potentialAction":[{"@type":"SearchAction","target":{"@type":"EntryPoint","urlTemplate":"https:\/\/menk-schmehmann.de\/fr\/?s={search_term_string}"},"query-input":{"@type":"PropertyValueSpecification","valueRequired":true,"valueName":"search_term_string"}}],"inLanguage":"fr-FR"},{"@type":"Organization","@id":"https:\/\/menk-schmehmann.de\/fr\/#organization","name":"Menk Schmehmann","url":"https:\/\/menk-schmehmann.de\/fr\/","logo":{"@type":"ImageObject","inLanguage":"fr-FR","@id":"https:\/\/menk-schmehmann.de\/fr\/#\/schema\/logo\/image\/","url":"https:\/\/menk-schmehmann.de\/wp-content\/uploads\/2021\/11\/Menk-Schmehmann-Logo.png","contentUrl":"https:\/\/menk-schmehmann.de\/wp-content\/uploads\/2021\/11\/Menk-Schmehmann-Logo.png","width":775,"height":120,"caption":"Menk Schmehmann"},"image":{"@id":"https:\/\/menk-schmehmann.de\/fr\/#\/schema\/logo\/image\/"}}]}},"_links":{"self":[{"href":"https:\/\/menk-schmehmann.de\/fr\/wp-json\/wp\/v2\/pages\/1616","targetHints":{"allow":["GET"]}}],"collection":[{"href":"https:\/\/menk-schmehmann.de\/fr\/wp-json\/wp\/v2\/pages"}],"about":[{"href":"https:\/\/menk-schmehmann.de\/fr\/wp-json\/wp\/v2\/types\/page"}],"author":[{"embeddable":true,"href":"https:\/\/menk-schmehmann.de\/fr\/wp-json\/wp\/v2\/users\/1"}],"replies":[{"embeddable":true,"href":"https:\/\/menk-schmehmann.de\/fr\/wp-json\/wp\/v2\/comments?post=1616"}],"version-history":[{"count":3,"href":"https:\/\/menk-schmehmann.de\/fr\/wp-json\/wp\/v2\/pages\/1616\/revisions"}],"predecessor-version":[{"id":7763,"href":"https:\/\/menk-schmehmann.de\/fr\/wp-json\/wp\/v2\/pages\/1616\/revisions\/7763"}],"wp:attachment":[{"href":"https:\/\/menk-schmehmann.de\/fr\/wp-json\/wp\/v2\/media?parent=1616"}],"curies":[{"name":"wp","href":"https:\/\/api.w.org\/{rel}","templated":true}]}}