{"id":1748,"date":"2022-07-08T09:34:25","date_gmt":"2022-07-08T07:34:25","guid":{"rendered":"https:\/\/menk-schmehmann.de\/tutto-cio-che-riguarda-i-tubi-es\/"},"modified":"2025-05-16T09:47:57","modified_gmt":"2025-05-16T07:47:57","slug":"alrededor-del-tubo","status":"publish","type":"page","link":"https:\/\/menk-schmehmann.de\/es\/alrededor-del-tubo\/","title":{"rendered":"Alrededor del tubo"},"content":{"rendered":"<div id=\"cs-content\" class=\"cs-content\"><div class=\"x-section e1748-e1 m1ck-0\"><div class=\"x-row x-container max width e1748-e2 m1ck-2 m1ck-3 m1ck-5\"><div class=\"x-row-inner\"><div class=\"x-col e1748-e3 m1ck-7 m1ck-8\"><div class=\"x-text x-text-headline e1748-e4 m1ck-a m1ck-b m1ck-c\"><div class=\"x-text-content\"><div class=\"x-text-content-text\"><h1 class=\"x-text-content-text-primary\">Todo lo relacionado con los tubos:<\/h1>\n<\/div><\/div><\/div><div class=\"x-text x-text-headline e1748-e5 m1ck-a m1ck-c m1ck-d m1ck-e m1ck-f\"><div class=\"x-text-content\"><div class=\"x-text-content-text\"><h2 class=\"x-text-content-text-primary\">Nuestros productos principales  <\/h2>\n<\/div><\/div><\/div><div class=\"x-text x-content e1748-e6 m1ck-k\">Desde el curvado simple de tubos hasta serpentines planos complejos y bobinas de tuber\u00eda altamente especializadas, somos las personas adecuadas con quien hablar cuando las cosas necesitan ponerse redondas. Obtenga m\u00e1s informaci\u00f3n sobre nuestros productos principales y c\u00f3mo los fabricamos.<\/div><\/div><\/div><\/div><div class=\"x-row x-container max width e1748-e7 m1ck-2 m1ck-4 m1ck-6\"><div class=\"x-row-inner\"><a class=\"x-col e1748-e8 m1ck-7 m1ck-9\" href=\"https:\/\/menk-schmehmann.de\/rund-ums-rohr\/rohrbiegung\/\" data-x-effect-provider=\"colors particles effects\"><div class=\"x-div e1748-e9 m1ck-l m1ck-m\"><span class=\"x-image e1748-e10 m1ck-n m1ck-1\" data-x-effect=\"{&quot;durationBase&quot;:&quot;0ms&quot;}\"><img decoding=\"async\" src=\"https:\/\/menk-schmehmann.de\/wp-content\/uploads\/2021\/11\/Menk-Schmehmann-Icon-Rohrbiegung.png\" width=\"250\" height=\"250\" alt=\"Image\" loading=\"lazy\"><\/span><div class=\"x-text x-text-headline e1748-e11 m1ck-a m1ck-d m1ck-g m1ck-h m1ck-i\"><div class=\"x-text-content\"><div class=\"x-text-content-text\"><h2 class=\"x-text-content-text-primary\">Curvado de tubos<\/h2>\n<span class=\"x-text-content-text-subheadline\">Un producto, innumerables aplicaciones <\/span><\/div><\/div><\/div><\/div><div class=\"x-div e1748-e12 m1ck-m\"><span class=\"x-anchor x-anchor-button has-graphic has-particle e1748-e13 m1ck-o\" tabindex=\"0\"><span class=\"x-particle is-primary\" data-x-particle=\"scale-x inside-c_l\" aria-hidden=\"true\"><span style=\"\"><\/span><\/span><div class=\"x-anchor-content\"><span class=\"x-graphic\" aria-hidden=\"true\"><i class=\"x-icon x-graphic-child x-graphic-icon x-graphic-primary\" aria-hidden=\"true\" data-x-icon-s=\"&#xf105;\"><\/i><\/span><div class=\"x-anchor-text\"><span class=\"x-anchor-text-primary\">m\u00e1s<\/span><\/div><\/div><\/span><\/div><\/a><a class=\"x-col e1748-e14 m1ck-7 m1ck-9\" href=\"https:\/\/menk-schmehmann.de\/rund-ums-rohr\/flachschlangen\/\" data-x-effect-provider=\"colors particles effects\"><div class=\"x-div e1748-e15 m1ck-l m1ck-m\"><span class=\"x-image e1748-e16 m1ck-n m1ck-1\" data-x-effect=\"{&quot;durationBase&quot;:&quot;0ms&quot;}\"><img decoding=\"async\" src=\"https:\/\/menk-schmehmann.de\/wp-content\/uploads\/2021\/11\/Menk-Schmehmann-Icon-Flaxhschlangen.png\" width=\"250\" height=\"250\" alt=\"Image\" loading=\"lazy\"><\/span><div class=\"x-text x-text-headline e1748-e17 m1ck-a m1ck-d m1ck-e m1ck-h m1ck-i m1ck-j\"><div class=\"x-text-content\"><div class=\"x-text-content-text\"><h2 class=\"x-text-content-text-primary\">Serpentines planos<\/h2>\n<span class=\"x-text-content-text-subheadline\">Flexible, individual, de uno a 360 grados<\/span><\/div><\/div><\/div><\/div><div class=\"x-div e1748-e18 m1ck-m\"><span class=\"x-anchor x-anchor-button has-graphic has-particle e1748-e19 m1ck-o\" tabindex=\"0\"><span class=\"x-particle is-primary\" data-x-particle=\"scale-x inside-c_l\" aria-hidden=\"true\"><span style=\"\"><\/span><\/span><div class=\"x-anchor-content\"><span class=\"x-graphic\" aria-hidden=\"true\"><i class=\"x-icon x-graphic-child x-graphic-icon x-graphic-primary\" aria-hidden=\"true\" data-x-icon-s=\"&#xf105;\"><\/i><\/span><div class=\"x-anchor-text\"><span class=\"x-anchor-text-primary\">m\u00e1s<\/span><\/div><\/div><\/span><\/div><\/a><a class=\"x-col e1748-e20 m1ck-7 m1ck-9\" href=\"https:\/\/menk-schmehmann.de\/rund-ums-rohr\/rohrschlangen\/\" data-x-effect-provider=\"colors particles effects\"><div class=\"x-div e1748-e21 m1ck-l m1ck-m\"><span class=\"x-image e1748-e22 m1ck-n m1ck-1\" data-x-effect=\"{&quot;durationBase&quot;:&quot;0ms&quot;}\"><img decoding=\"async\" src=\"https:\/\/menk-schmehmann.de\/wp-content\/uploads\/2021\/11\/Menk-Schmehmann-Icon-Rohrschlangen.png\" width=\"250\" height=\"250\" alt=\"Image\" loading=\"lazy\"><\/span><div class=\"x-text x-text-headline e1748-e23 m1ck-a m1ck-d m1ck-e m1ck-h m1ck-i m1ck-j\"><div class=\"x-text-content\"><div class=\"x-text-content-text\"><h2 class=\"x-text-content-text-primary\">Bobinas tubulares<\/h2>\n<span class=\"x-text-content-text-subheadline\">Sistemas complejos en tres dimensiones<\/span><\/div><\/div><\/div><\/div><div class=\"x-div e1748-e24 m1ck-m\"><span class=\"x-anchor x-anchor-button has-graphic has-particle e1748-e25 m1ck-o\" tabindex=\"0\"><span class=\"x-particle is-primary\" data-x-particle=\"scale-x inside-c_l\" aria-hidden=\"true\"><span style=\"\"><\/span><\/span><div class=\"x-anchor-content\"><span class=\"x-graphic\" aria-hidden=\"true\"><i class=\"x-icon x-graphic-child x-graphic-icon x-graphic-primary\" aria-hidden=\"true\" data-x-icon-s=\"&#xf105;\"><\/i><\/span><div class=\"x-anchor-text\"><span class=\"x-anchor-text-primary\">m\u00e1s<\/span><\/div><\/div><\/span><\/div><\/a><a class=\"x-col e1748-e26 m1ck-7 m1ck-9\" href=\"https:\/\/menk-schmehmann.de\/rund-ums-rohr\/sonderbaugruppen-und-komplettsysteme\/\" data-x-effect-provider=\"colors particles effects\"><div class=\"x-div e1748-e27 m1ck-l m1ck-m\"><span class=\"x-image e1748-e28 m1ck-n m1ck-1\" data-x-effect=\"{&quot;durationBase&quot;:&quot;0ms&quot;}\"><img decoding=\"async\" src=\"https:\/\/menk-schmehmann.de\/wp-content\/uploads\/2021\/11\/Menk-Schmehmann-Icon-Sonderteile.png\" width=\"250\" height=\"250\" alt=\"Image\" loading=\"lazy\"><\/span><div class=\"x-text x-text-headline e1748-e29 m1ck-a m1ck-d m1ck-e m1ck-h m1ck-j\"><div class=\"x-text-content\"><div class=\"x-text-content-text\"><h2 class=\"x-text-content-text-primary\">Ensamblajes especiales y sistemas completos <\/h2>\n<\/div><\/div><\/div><\/div><div class=\"x-div e1748-e30 m1ck-m\"><span class=\"x-anchor x-anchor-button has-graphic has-particle e1748-e31 m1ck-o\" tabindex=\"0\"><span class=\"x-particle is-primary\" data-x-particle=\"scale-x inside-c_l\" aria-hidden=\"true\"><span style=\"\"><\/span><\/span><div class=\"x-anchor-content\"><span class=\"x-graphic\" aria-hidden=\"true\"><i class=\"x-icon x-graphic-child x-graphic-icon x-graphic-primary\" aria-hidden=\"true\" data-x-icon-s=\"&#xf105;\"><\/i><\/span><div class=\"x-anchor-text\"><span class=\"x-anchor-text-primary\">m\u00e1s<\/span><\/div><\/div><\/span><\/div><\/a><\/div><\/div><\/div><\/div>","protected":false},"excerpt":{"rendered":"<p>Todo lo relacionado con los tubos: Nuestros productos principales Desde el curvado simple de tubos hasta serpentines planos complejos y bobinas de tuber\u00eda altamente especializadas, somos las personas adecuadas con quien hablar cuando las cosas necesitan ponerse redondas. Obtenga m\u00e1s informaci\u00f3n sobre nuestros productos principales y c\u00f3mo los fabricamos.Curvado de tubos Un producto, innumerables aplicaciones m\u00e1sSerpentines planos Flexible, individual, de &#8230;<\/p>\n","protected":false},"author":5,"featured_media":0,"parent":0,"menu_order":0,"comment_status":"closed","ping_status":"closed","template":"template-blank-4.php","meta":{"_acf_changed":false,"footnotes":""},"class_list":["post-1748","page","type-page","status-publish","hentry","no-post-thumbnail"],"acf":[],"yoast_head":"<!-- This site is optimized with the Yoast SEO plugin v26.8 - https:\/\/yoast.com\/product\/yoast-seo-wordpress\/ -->\n<title>Alrededor del tubo | Menk-Schmehmann GmbH &amp; Co.KG<\/title>\n<meta name=\"robots\" content=\"index, follow, max-snippet:-1, max-image-preview:large, max-video-preview:-1\" \/>\n<link rel=\"canonical\" href=\"https:\/\/menk-schmehmann.de\/es\/alrededor-del-tubo\/\" \/>\n<meta property=\"og:locale\" content=\"es_ES\" \/>\n<meta property=\"og:type\" content=\"article\" \/>\n<meta property=\"og:title\" content=\"Alrededor del tubo | Menk-Schmehmann GmbH &amp; Co.KG\" \/>\n<meta property=\"og:description\" content=\"Todo lo relacionado con los tubos: Nuestros productos principales Desde el curvado simple de tubos hasta serpentines planos complejos y bobinas de tuber\u00eda altamente especializadas, somos las personas adecuadas con quien hablar cuando las cosas necesitan ponerse redondas. Obtenga m\u00e1s informaci\u00f3n sobre nuestros productos principales y c\u00f3mo los fabricamos.Curvado de tubos Un producto, innumerables aplicaciones m\u00e1sSerpentines planos Flexible, individual, de ...\" \/>\n<meta property=\"og:url\" content=\"https:\/\/menk-schmehmann.de\/es\/alrededor-del-tubo\/\" \/>\n<meta property=\"og:site_name\" content=\"Menk-Schmehmann GmbH &amp; Co.KG\" \/>\n<meta property=\"article:modified_time\" content=\"2025-05-16T07:47:57+00:00\" \/>\n<meta property=\"og:image\" content=\"https:\/\/menk-schmehmann.de\/wp-content\/uploads\/2021\/11\/Menk-Schmehmann-Icon-Rohrbiegung.png\" \/>\n<meta name=\"twitter:card\" content=\"summary_large_image\" \/>\n<script type=\"application\/ld+json\" class=\"yoast-schema-graph\">{\"@context\":\"https:\/\/schema.org\",\"@graph\":[{\"@type\":\"WebPage\",\"@id\":\"https:\/\/menk-schmehmann.de\/es\/alrededor-del-tubo\/\",\"url\":\"https:\/\/menk-schmehmann.de\/es\/alrededor-del-tubo\/\",\"name\":\"Alrededor del tubo | Menk-Schmehmann GmbH &amp; Co.KG\",\"isPartOf\":{\"@id\":\"https:\/\/menk-schmehmann.de\/es\/#website\"},\"primaryImageOfPage\":{\"@id\":\"https:\/\/menk-schmehmann.de\/es\/alrededor-del-tubo\/#primaryimage\"},\"image\":{\"@id\":\"https:\/\/menk-schmehmann.de\/es\/alrededor-del-tubo\/#primaryimage\"},\"thumbnailUrl\":\"https:\/\/menk-schmehmann.de\/wp-content\/uploads\/2021\/11\/Menk-Schmehmann-Icon-Rohrbiegung.png\",\"datePublished\":\"2022-07-08T07:34:25+00:00\",\"dateModified\":\"2025-05-16T07:47:57+00:00\",\"breadcrumb\":{\"@id\":\"https:\/\/menk-schmehmann.de\/es\/alrededor-del-tubo\/#breadcrumb\"},\"inLanguage\":\"es\",\"potentialAction\":[{\"@type\":\"ReadAction\",\"target\":[\"https:\/\/menk-schmehmann.de\/es\/alrededor-del-tubo\/\"]}]},{\"@type\":\"ImageObject\",\"inLanguage\":\"es\",\"@id\":\"https:\/\/menk-schmehmann.de\/es\/alrededor-del-tubo\/#primaryimage\",\"url\":\"https:\/\/menk-schmehmann.de\/wp-content\/uploads\/2021\/11\/Menk-Schmehmann-Icon-Rohrbiegung.png\",\"contentUrl\":\"https:\/\/menk-schmehmann.de\/wp-content\/uploads\/2021\/11\/Menk-Schmehmann-Icon-Rohrbiegung.png\"},{\"@type\":\"BreadcrumbList\",\"@id\":\"https:\/\/menk-schmehmann.de\/es\/alrededor-del-tubo\/#breadcrumb\",\"itemListElement\":[{\"@type\":\"ListItem\",\"position\":1,\"name\":\"Startseite\",\"item\":\"https:\/\/menk-schmehmann.de\/es\/\"},{\"@type\":\"ListItem\",\"position\":2,\"name\":\"Alrededor del tubo\"}]},{\"@type\":\"WebSite\",\"@id\":\"https:\/\/menk-schmehmann.de\/es\/#website\",\"url\":\"https:\/\/menk-schmehmann.de\/es\/\",\"name\":\"Menk-Schmehmann GmbH &amp; Co.KG\",\"description\":\"Anlagenbau &amp; Rohrverformungstechnik\",\"publisher\":{\"@id\":\"https:\/\/menk-schmehmann.de\/es\/#organization\"},\"potentialAction\":[{\"@type\":\"SearchAction\",\"target\":{\"@type\":\"EntryPoint\",\"urlTemplate\":\"https:\/\/menk-schmehmann.de\/es\/?s={search_term_string}\"},\"query-input\":{\"@type\":\"PropertyValueSpecification\",\"valueRequired\":true,\"valueName\":\"search_term_string\"}}],\"inLanguage\":\"es\"},{\"@type\":\"Organization\",\"@id\":\"https:\/\/menk-schmehmann.de\/es\/#organization\",\"name\":\"Menk Schmehmann\",\"url\":\"https:\/\/menk-schmehmann.de\/es\/\",\"logo\":{\"@type\":\"ImageObject\",\"inLanguage\":\"es\",\"@id\":\"https:\/\/menk-schmehmann.de\/es\/#\/schema\/logo\/image\/\",\"url\":\"https:\/\/menk-schmehmann.de\/wp-content\/uploads\/2021\/11\/Menk-Schmehmann-Logo.png\",\"contentUrl\":\"https:\/\/menk-schmehmann.de\/wp-content\/uploads\/2021\/11\/Menk-Schmehmann-Logo.png\",\"width\":775,\"height\":120,\"caption\":\"Menk Schmehmann\"},\"image\":{\"@id\":\"https:\/\/menk-schmehmann.de\/es\/#\/schema\/logo\/image\/\"}}]}<\/script>\n<!-- \/ Yoast SEO plugin. -->","yoast_head_json":{"title":"Alrededor del tubo | Menk-Schmehmann GmbH &amp; Co.KG","robots":{"index":"index","follow":"follow","max-snippet":"max-snippet:-1","max-image-preview":"max-image-preview:large","max-video-preview":"max-video-preview:-1"},"canonical":"https:\/\/menk-schmehmann.de\/es\/alrededor-del-tubo\/","og_locale":"es_ES","og_type":"article","og_title":"Alrededor del tubo | Menk-Schmehmann GmbH &amp; Co.KG","og_description":"Todo lo relacionado con los tubos: Nuestros productos principales Desde el curvado simple de tubos hasta serpentines planos complejos y bobinas de tuber\u00eda altamente especializadas, somos las personas adecuadas con quien hablar cuando las cosas necesitan ponerse redondas. Obtenga m\u00e1s informaci\u00f3n sobre nuestros productos principales y c\u00f3mo los fabricamos.Curvado de tubos Un producto, innumerables aplicaciones m\u00e1sSerpentines planos Flexible, individual, de ...","og_url":"https:\/\/menk-schmehmann.de\/es\/alrededor-del-tubo\/","og_site_name":"Menk-Schmehmann GmbH &amp; Co.KG","article_modified_time":"2025-05-16T07:47:57+00:00","og_image":[{"url":"https:\/\/menk-schmehmann.de\/wp-content\/uploads\/2021\/11\/Menk-Schmehmann-Icon-Rohrbiegung.png","type":"","width":"","height":""}],"twitter_card":"summary_large_image","schema":{"@context":"https:\/\/schema.org","@graph":[{"@type":"WebPage","@id":"https:\/\/menk-schmehmann.de\/es\/alrededor-del-tubo\/","url":"https:\/\/menk-schmehmann.de\/es\/alrededor-del-tubo\/","name":"Alrededor del tubo | Menk-Schmehmann GmbH &amp; Co.KG","isPartOf":{"@id":"https:\/\/menk-schmehmann.de\/es\/#website"},"primaryImageOfPage":{"@id":"https:\/\/menk-schmehmann.de\/es\/alrededor-del-tubo\/#primaryimage"},"image":{"@id":"https:\/\/menk-schmehmann.de\/es\/alrededor-del-tubo\/#primaryimage"},"thumbnailUrl":"https:\/\/menk-schmehmann.de\/wp-content\/uploads\/2021\/11\/Menk-Schmehmann-Icon-Rohrbiegung.png","datePublished":"2022-07-08T07:34:25+00:00","dateModified":"2025-05-16T07:47:57+00:00","breadcrumb":{"@id":"https:\/\/menk-schmehmann.de\/es\/alrededor-del-tubo\/#breadcrumb"},"inLanguage":"es","potentialAction":[{"@type":"ReadAction","target":["https:\/\/menk-schmehmann.de\/es\/alrededor-del-tubo\/"]}]},{"@type":"ImageObject","inLanguage":"es","@id":"https:\/\/menk-schmehmann.de\/es\/alrededor-del-tubo\/#primaryimage","url":"https:\/\/menk-schmehmann.de\/wp-content\/uploads\/2021\/11\/Menk-Schmehmann-Icon-Rohrbiegung.png","contentUrl":"https:\/\/menk-schmehmann.de\/wp-content\/uploads\/2021\/11\/Menk-Schmehmann-Icon-Rohrbiegung.png"},{"@type":"BreadcrumbList","@id":"https:\/\/menk-schmehmann.de\/es\/alrededor-del-tubo\/#breadcrumb","itemListElement":[{"@type":"ListItem","position":1,"name":"Startseite","item":"https:\/\/menk-schmehmann.de\/es\/"},{"@type":"ListItem","position":2,"name":"Alrededor del tubo"}]},{"@type":"WebSite","@id":"https:\/\/menk-schmehmann.de\/es\/#website","url":"https:\/\/menk-schmehmann.de\/es\/","name":"Menk-Schmehmann GmbH &amp; Co.KG","description":"Anlagenbau &amp; Rohrverformungstechnik","publisher":{"@id":"https:\/\/menk-schmehmann.de\/es\/#organization"},"potentialAction":[{"@type":"SearchAction","target":{"@type":"EntryPoint","urlTemplate":"https:\/\/menk-schmehmann.de\/es\/?s={search_term_string}"},"query-input":{"@type":"PropertyValueSpecification","valueRequired":true,"valueName":"search_term_string"}}],"inLanguage":"es"},{"@type":"Organization","@id":"https:\/\/menk-schmehmann.de\/es\/#organization","name":"Menk Schmehmann","url":"https:\/\/menk-schmehmann.de\/es\/","logo":{"@type":"ImageObject","inLanguage":"es","@id":"https:\/\/menk-schmehmann.de\/es\/#\/schema\/logo\/image\/","url":"https:\/\/menk-schmehmann.de\/wp-content\/uploads\/2021\/11\/Menk-Schmehmann-Logo.png","contentUrl":"https:\/\/menk-schmehmann.de\/wp-content\/uploads\/2021\/11\/Menk-Schmehmann-Logo.png","width":775,"height":120,"caption":"Menk Schmehmann"},"image":{"@id":"https:\/\/menk-schmehmann.de\/es\/#\/schema\/logo\/image\/"}}]}},"_links":{"self":[{"href":"https:\/\/menk-schmehmann.de\/es\/wp-json\/wp\/v2\/pages\/1748","targetHints":{"allow":["GET"]}}],"collection":[{"href":"https:\/\/menk-schmehmann.de\/es\/wp-json\/wp\/v2\/pages"}],"about":[{"href":"https:\/\/menk-schmehmann.de\/es\/wp-json\/wp\/v2\/types\/page"}],"author":[{"embeddable":true,"href":"https:\/\/menk-schmehmann.de\/es\/wp-json\/wp\/v2\/users\/5"}],"replies":[{"embeddable":true,"href":"https:\/\/menk-schmehmann.de\/es\/wp-json\/wp\/v2\/comments?post=1748"}],"version-history":[{"count":5,"href":"https:\/\/menk-schmehmann.de\/es\/wp-json\/wp\/v2\/pages\/1748\/revisions"}],"predecessor-version":[{"id":7774,"href":"https:\/\/menk-schmehmann.de\/es\/wp-json\/wp\/v2\/pages\/1748\/revisions\/7774"}],"wp:attachment":[{"href":"https:\/\/menk-schmehmann.de\/es\/wp-json\/wp\/v2\/media?parent=1748"}],"curies":[{"name":"wp","href":"https:\/\/api.w.org\/{rel}","templated":true}]}}