{"id":1733,"date":"2022-07-07T15:09:17","date_gmt":"2022-07-07T13:09:17","guid":{"rendered":"https:\/\/menk-schmehmann.de\/lebensmittel-pharmaindustrie-es\/"},"modified":"2025-05-16T09:47:53","modified_gmt":"2025-05-16T07:47:53","slug":"industria-alimentaria-y-farmaceutica","status":"publish","type":"page","link":"https:\/\/menk-schmehmann.de\/es\/industrias\/industria-alimentaria-y-farmaceutica\/","title":{"rendered":"Industria alimentaria y farmaceutica"},"content":{"rendered":"<div id=\"cs-content\" class=\"cs-content\"><div class=\"x-section e1733-e1 m1c5-0 m1c5-1\"><div class=\"x-bg\" aria-hidden=\"true\"><div class=\"x-bg-layer-lower-custom\"><div style=\"width: 100%; height: 40%; background: #FFF;\"><\/div><\/div><\/div><div class=\"x-row x-container max width e1733-e2 m1c5-4 m1c5-5 m1c5-6 m1c5-7 m1c5-8 m1c5-e m1c5-f\"><div class=\"x-row-inner\"><div class=\"x-col e1733-e3 m1c5-k m1c5-l\"><span class=\"x-image e1733-e4 m1c5-s m1c5-t\"><img decoding=\"async\" src=\"https:\/\/menk-schmehmann.de\/wp-content\/uploads\/2021\/11\/Menk-Schmehmann-Lebensmittel-und-Pharmaindustrie.jpg\" width=\"2400\" height=\"1330\" alt=\"Image\" loading=\"lazy\"><\/span><div class=\"x-text x-text-headline e1733-e5 m1c5-v m1c5-w\"><div class=\"x-text-content\"><div class=\"x-text-content-text\"><h1 class=\"x-text-content-text-primary\">Industria alimentaria y farmaceutica:<\/h1>\n<\/div><\/div><\/div><div class=\"x-text x-text-headline e1733-e6 m1c5-w m1c5-x\"><div class=\"x-text-content\"><div class=\"x-text-content-text\"><h2 class=\"x-text-content-text-primary\">Cuando la higiene cuenta<\/h2>\n<\/div><\/div><\/div><\/div><\/div><\/div><\/div><div class=\"x-section e1733-e7 m1c5-0 m1c5-2\"><div class=\"x-row x-container max width e1733-e8 m1c5-4 m1c5-6 m1c5-7 m1c5-8 m1c5-9 m1c5-a m1c5-e m1c5-g\"><div class=\"x-row-inner\"><div class=\"x-col e1733-e9 m1c5-k m1c5-l m1c5-m m1c5-n m1c5-o\"><span class=\"x-image e1733-e10 m1c5-s m1c5-u m1c5-3\"><img decoding=\"async\" src=\"https:\/\/menk-schmehmann.de\/wp-content\/uploads\/2021\/11\/Menk-Schmehmann-Icon-Lebensmittel.png\" width=\"250\" height=\"250\" alt=\"Image\" loading=\"lazy\"><\/span><\/div><\/div><\/div><div class=\"x-row x-container max width e1733-e11 m1c5-4 m1c5-6 m1c5-7 m1c5-9 m1c5-a m1c5-b m1c5-h\"><div class=\"x-row-inner\"><div class=\"x-col e1733-e12 m1c5-k m1c5-l m1c5-m m1c5-o m1c5-p\"><div class=\"x-text x-content e1733-e13 m1c5-y m1c5-z m1c5-10\"><p><strong>Usted trabaja en una industria en la que incluso la contaminaci\u00f3n m\u00e1s peque\u00f1a puede significar una p\u00e9rdida total de producci\u00f3n. As\u00ed que conf\u00ede en nuestro trabajo.<\/strong><\/p>\n<p><span>Los sistemas de serpentines de nuestra f\u00e1brica son fabricados por nuestros empleados altamente cualificados con las m\u00e1quinas m\u00e1s modernas con precisi\u00f3n milim\u00e9trica. Esto garantiza una fiabilidad absoluta y la m\u00e1s alta calidad. Al mismo tiempo, sometemos cada componente a amplios procedimientos de inspecci\u00f3n y prueba en nuestro propio laboratorio antes de la entrega.<\/span><\/p>\n<p><span>As\u00ed es como fabricamos componentes en serie y productos hechos a medida en nuestra nave de producci\u00f3n para componentes en acero inoxidable de alta pureza de acuerdo con sus especificaciones, que cumplen con creces las altas exigencias de las industrias alimentaria y farmac\u00e9utica. No hace falta decir que podemos satisfacer todas sus consultas de manera r\u00e1pida y fiable gracias a nuestras altas capacidades de producci\u00f3n.<\/span><\/p><\/div><\/div><div class=\"x-col e1733-e14 m1c5-k m1c5-q\"><div class=\"x-text x-content e1733-e15 m1c5-z m1c5-10 m1c5-11\"><div><b><span lang=\"EN-US\">Ventajas para Vd<\/span><\/b><\/div>\n<div><\/div><\/div><ul class=\"x-row e1733-e16 m1c5-4 m1c5-9 m1c5-c m1c5-d m1c5-i\"><div class=\"x-row-inner\"><li class=\"x-col e1733-e17 m1c5-k m1c5-l m1c5-m m1c5-n m1c5-r\"><figure class=\"x-div e1733-e18 m1c5-13 m1c5-14\"><i class=\"x-icon e1733-e19 m1c5-16\" aria-hidden=\"true\" data-x-icon-s=\"&#xf00c;\"><\/i><\/figure><div class=\"x-div e1733-e20 m1c5-14 m1c5-15\"><div class=\"x-text x-content e1733-e21 m1c5-y m1c5-z m1c5-12\">Su socio experimentado para las industrias alimentaria y farmaceutica<\/div><\/div><\/li><li class=\"x-col e1733-e22 m1c5-k m1c5-l m1c5-m m1c5-n m1c5-r\"><figure class=\"x-div e1733-e23 m1c5-13 m1c5-14\"><i class=\"x-icon e1733-e24 m1c5-16\" aria-hidden=\"true\" data-x-icon-s=\"&#xf00c;\"><\/i><\/figure><div class=\"x-div e1733-e25 m1c5-14 m1c5-15\"><div class=\"x-text x-content e1733-e26 m1c5-y m1c5-z m1c5-12\">Nave de producci\u00f3n separada para el procesamiento de acero inoxidable en ambiente de alta pureza con los m\u00e1s altos est\u00e1ndares de <\/div><\/div><\/li><li class=\"x-col e1733-e27 m1c5-k m1c5-l m1c5-m m1c5-n m1c5-r\"><figure class=\"x-div e1733-e28 m1c5-13 m1c5-14\"><i class=\"x-icon e1733-e29 m1c5-16\" aria-hidden=\"true\" data-x-icon-s=\"&#xf00c;\"><\/i><\/figure><div class=\"x-div e1733-e30 m1c5-14 m1c5-15\"><div class=\"x-text x-content e1733-e31 m1c5-y m1c5-z m1c5-12\">Fabricaci\u00f3n en serie y tambi\u00e9n de piezas especiales, as\u00ed como sistemas completos seg\u00fan sus especificaciones<\/div><\/div><\/li><li class=\"x-col e1733-e32 m1c5-k m1c5-l m1c5-m m1c5-n m1c5-r\"><figure class=\"x-div e1733-e33 m1c5-13 m1c5-14\"><i class=\"x-icon e1733-e34 m1c5-16\" aria-hidden=\"true\" data-x-icon-s=\"&#xf00c;\"><\/i><\/figure><div class=\"x-div e1733-e35 m1c5-14 m1c5-15\"><div class=\"x-text x-content e1733-e36 m1c5-y m1c5-z m1c5-12\">Gesti\u00f3n r\u00e1pida de pedidos y entrega final<\/div><\/div><\/li><li class=\"x-col e1733-e37 m1c5-k m1c5-l m1c5-m m1c5-n m1c5-r\"><figure class=\"x-div e1733-e38 m1c5-13 m1c5-14\"><i class=\"x-icon e1733-e39 m1c5-16\" aria-hidden=\"true\" data-x-icon-s=\"&#xf00c;\"><\/i><\/figure><div class=\"x-div e1733-e40 m1c5-14 m1c5-15\"><div class=\"x-text x-content e1733-e41 m1c5-y m1c5-z m1c5-12\">Control de calidad total seg\u00fan ISO 9001:2015<\/div><\/div><\/li><li class=\"x-col e1733-e42 m1c5-k m1c5-l m1c5-m m1c5-n m1c5-r\"><figure class=\"x-div e1733-e43 m1c5-13 m1c5-14\"><i class=\"x-icon e1733-e44 m1c5-16\" aria-hidden=\"true\" data-x-icon-s=\"&#xf00c;\"><\/i><\/figure><div class=\"x-div e1733-e45 m1c5-14 m1c5-15\"><div class=\"x-text x-content e1733-e46 m1c5-y m1c5-z m1c5-12\">Resultado de producto de primera clase gracias a empleados altamente cualificados<\/div><\/div><\/li><\/div><\/ul><\/div><\/div><\/div><div class=\"x-row x-container max width e1733-e47 m1c5-4 m1c5-5 m1c5-7 m1c5-8 m1c5-d m1c5-e m1c5-j\"><div class=\"x-row-inner\"><div class=\"x-col e1733-e48 m1c5-k m1c5-l\"><div class=\"x-text x-content e1733-e49 m1c5-z m1c5-10 m1c5-11\"><p>\u00bfTiene un pedido para nosotros?  <a title=\"Kontakt\" href=\"\/kontakt\">Esperamos tener noticias suyas.<\/a><\/p><\/div><\/div><\/div><\/div><\/div><\/div>","protected":false},"excerpt":{"rendered":"<p>Industria alimentaria y farmaceutica: Cuando la higiene cuenta Usted trabaja en una industria en la que incluso la contaminaci\u00f3n m\u00e1s peque\u00f1a puede significar una p\u00e9rdida total de producci\u00f3n. As\u00ed que conf\u00ede en nuestro trabajo. Los sistemas de serpentines de nuestra f\u00e1brica son fabricados por nuestros empleados altamente cualificados con las m\u00e1quinas m\u00e1s modernas con precisi\u00f3n milim\u00e9trica. Esto garantiza una fiabilidad &#8230;<\/p>\n","protected":false},"author":5,"featured_media":0,"parent":1666,"menu_order":0,"comment_status":"closed","ping_status":"closed","template":"template-blank-4.php","meta":{"_acf_changed":false,"footnotes":""},"class_list":["post-1733","page","type-page","status-publish","hentry","no-post-thumbnail"],"acf":[],"yoast_head":"<!-- This site is optimized with the Yoast SEO plugin v26.8 - https:\/\/yoast.com\/product\/yoast-seo-wordpress\/ -->\n<title>Industria alimentaria y farmaceutica | Menk-Schmehmann GmbH &amp; Co.KG<\/title>\n<meta name=\"robots\" content=\"index, follow, max-snippet:-1, max-image-preview:large, max-video-preview:-1\" \/>\n<link rel=\"canonical\" href=\"https:\/\/menk-schmehmann.de\/es\/industrias\/industria-alimentaria-y-farmaceutica\/\" \/>\n<meta property=\"og:locale\" content=\"es_ES\" \/>\n<meta property=\"og:type\" content=\"article\" \/>\n<meta property=\"og:title\" content=\"Industria alimentaria y farmaceutica | Menk-Schmehmann GmbH &amp; Co.KG\" \/>\n<meta property=\"og:description\" content=\"Industria alimentaria y farmaceutica: Cuando la higiene cuenta Usted trabaja en una industria en la que incluso la contaminaci\u00f3n m\u00e1s peque\u00f1a puede significar una p\u00e9rdida total de producci\u00f3n. As\u00ed que conf\u00ede en nuestro trabajo. Los sistemas de serpentines de nuestra f\u00e1brica son fabricados por nuestros empleados altamente cualificados con las m\u00e1quinas m\u00e1s modernas con precisi\u00f3n milim\u00e9trica. Esto garantiza una fiabilidad ...\" \/>\n<meta property=\"og:url\" content=\"https:\/\/menk-schmehmann.de\/es\/industrias\/industria-alimentaria-y-farmaceutica\/\" \/>\n<meta property=\"og:site_name\" content=\"Menk-Schmehmann GmbH &amp; Co.KG\" \/>\n<meta property=\"article:modified_time\" content=\"2025-05-16T07:47:53+00:00\" \/>\n<meta property=\"og:image\" content=\"https:\/\/menk-schmehmann.de\/wp-content\/uploads\/2021\/11\/Menk-Schmehmann-Lebensmittel-und-Pharmaindustrie.jpg\" \/>\n<meta name=\"twitter:card\" content=\"summary_large_image\" \/>\n<meta name=\"twitter:label1\" content=\"Tiempo de lectura\" \/>\n\t<meta name=\"twitter:data1\" content=\"1 minuto\" \/>\n<script type=\"application\/ld+json\" class=\"yoast-schema-graph\">{\"@context\":\"https:\/\/schema.org\",\"@graph\":[{\"@type\":\"WebPage\",\"@id\":\"https:\/\/menk-schmehmann.de\/es\/industrias\/industria-alimentaria-y-farmaceutica\/\",\"url\":\"https:\/\/menk-schmehmann.de\/es\/industrias\/industria-alimentaria-y-farmaceutica\/\",\"name\":\"Industria alimentaria y farmaceutica | Menk-Schmehmann GmbH &amp; Co.KG\",\"isPartOf\":{\"@id\":\"https:\/\/menk-schmehmann.de\/es\/#website\"},\"primaryImageOfPage\":{\"@id\":\"https:\/\/menk-schmehmann.de\/es\/industrias\/industria-alimentaria-y-farmaceutica\/#primaryimage\"},\"image\":{\"@id\":\"https:\/\/menk-schmehmann.de\/es\/industrias\/industria-alimentaria-y-farmaceutica\/#primaryimage\"},\"thumbnailUrl\":\"https:\/\/menk-schmehmann.de\/wp-content\/uploads\/2021\/11\/Menk-Schmehmann-Lebensmittel-und-Pharmaindustrie.jpg\",\"datePublished\":\"2022-07-07T13:09:17+00:00\",\"dateModified\":\"2025-05-16T07:47:53+00:00\",\"breadcrumb\":{\"@id\":\"https:\/\/menk-schmehmann.de\/es\/industrias\/industria-alimentaria-y-farmaceutica\/#breadcrumb\"},\"inLanguage\":\"es\",\"potentialAction\":[{\"@type\":\"ReadAction\",\"target\":[\"https:\/\/menk-schmehmann.de\/es\/industrias\/industria-alimentaria-y-farmaceutica\/\"]}]},{\"@type\":\"ImageObject\",\"inLanguage\":\"es\",\"@id\":\"https:\/\/menk-schmehmann.de\/es\/industrias\/industria-alimentaria-y-farmaceutica\/#primaryimage\",\"url\":\"https:\/\/menk-schmehmann.de\/wp-content\/uploads\/2021\/11\/Menk-Schmehmann-Lebensmittel-und-Pharmaindustrie.jpg\",\"contentUrl\":\"https:\/\/menk-schmehmann.de\/wp-content\/uploads\/2021\/11\/Menk-Schmehmann-Lebensmittel-und-Pharmaindustrie.jpg\"},{\"@type\":\"BreadcrumbList\",\"@id\":\"https:\/\/menk-schmehmann.de\/es\/industrias\/industria-alimentaria-y-farmaceutica\/#breadcrumb\",\"itemListElement\":[{\"@type\":\"ListItem\",\"position\":1,\"name\":\"Startseite\",\"item\":\"https:\/\/menk-schmehmann.de\/es\/\"},{\"@type\":\"ListItem\",\"position\":2,\"name\":\"Industrias\",\"item\":\"https:\/\/menk-schmehmann.de\/es\/branchen\/\"},{\"@type\":\"ListItem\",\"position\":3,\"name\":\"Industria alimentaria y farmaceutica\"}]},{\"@type\":\"WebSite\",\"@id\":\"https:\/\/menk-schmehmann.de\/es\/#website\",\"url\":\"https:\/\/menk-schmehmann.de\/es\/\",\"name\":\"Menk-Schmehmann GmbH &amp; Co.KG\",\"description\":\"Anlagenbau &amp; Rohrverformungstechnik\",\"publisher\":{\"@id\":\"https:\/\/menk-schmehmann.de\/es\/#organization\"},\"potentialAction\":[{\"@type\":\"SearchAction\",\"target\":{\"@type\":\"EntryPoint\",\"urlTemplate\":\"https:\/\/menk-schmehmann.de\/es\/?s={search_term_string}\"},\"query-input\":{\"@type\":\"PropertyValueSpecification\",\"valueRequired\":true,\"valueName\":\"search_term_string\"}}],\"inLanguage\":\"es\"},{\"@type\":\"Organization\",\"@id\":\"https:\/\/menk-schmehmann.de\/es\/#organization\",\"name\":\"Menk Schmehmann\",\"url\":\"https:\/\/menk-schmehmann.de\/es\/\",\"logo\":{\"@type\":\"ImageObject\",\"inLanguage\":\"es\",\"@id\":\"https:\/\/menk-schmehmann.de\/es\/#\/schema\/logo\/image\/\",\"url\":\"https:\/\/menk-schmehmann.de\/wp-content\/uploads\/2021\/11\/Menk-Schmehmann-Logo.png\",\"contentUrl\":\"https:\/\/menk-schmehmann.de\/wp-content\/uploads\/2021\/11\/Menk-Schmehmann-Logo.png\",\"width\":775,\"height\":120,\"caption\":\"Menk Schmehmann\"},\"image\":{\"@id\":\"https:\/\/menk-schmehmann.de\/es\/#\/schema\/logo\/image\/\"}}]}<\/script>\n<!-- \/ Yoast SEO plugin. -->","yoast_head_json":{"title":"Industria alimentaria y farmaceutica | Menk-Schmehmann GmbH &amp; Co.KG","robots":{"index":"index","follow":"follow","max-snippet":"max-snippet:-1","max-image-preview":"max-image-preview:large","max-video-preview":"max-video-preview:-1"},"canonical":"https:\/\/menk-schmehmann.de\/es\/industrias\/industria-alimentaria-y-farmaceutica\/","og_locale":"es_ES","og_type":"article","og_title":"Industria alimentaria y farmaceutica | Menk-Schmehmann GmbH &amp; Co.KG","og_description":"Industria alimentaria y farmaceutica: Cuando la higiene cuenta Usted trabaja en una industria en la que incluso la contaminaci\u00f3n m\u00e1s peque\u00f1a puede significar una p\u00e9rdida total de producci\u00f3n. As\u00ed que conf\u00ede en nuestro trabajo. Los sistemas de serpentines de nuestra f\u00e1brica son fabricados por nuestros empleados altamente cualificados con las m\u00e1quinas m\u00e1s modernas con precisi\u00f3n milim\u00e9trica. Esto garantiza una fiabilidad ...","og_url":"https:\/\/menk-schmehmann.de\/es\/industrias\/industria-alimentaria-y-farmaceutica\/","og_site_name":"Menk-Schmehmann GmbH &amp; Co.KG","article_modified_time":"2025-05-16T07:47:53+00:00","og_image":[{"url":"https:\/\/menk-schmehmann.de\/wp-content\/uploads\/2021\/11\/Menk-Schmehmann-Lebensmittel-und-Pharmaindustrie.jpg","type":"","width":"","height":""}],"twitter_card":"summary_large_image","twitter_misc":{"Tiempo de lectura":"1 minuto"},"schema":{"@context":"https:\/\/schema.org","@graph":[{"@type":"WebPage","@id":"https:\/\/menk-schmehmann.de\/es\/industrias\/industria-alimentaria-y-farmaceutica\/","url":"https:\/\/menk-schmehmann.de\/es\/industrias\/industria-alimentaria-y-farmaceutica\/","name":"Industria alimentaria y farmaceutica | Menk-Schmehmann GmbH &amp; Co.KG","isPartOf":{"@id":"https:\/\/menk-schmehmann.de\/es\/#website"},"primaryImageOfPage":{"@id":"https:\/\/menk-schmehmann.de\/es\/industrias\/industria-alimentaria-y-farmaceutica\/#primaryimage"},"image":{"@id":"https:\/\/menk-schmehmann.de\/es\/industrias\/industria-alimentaria-y-farmaceutica\/#primaryimage"},"thumbnailUrl":"https:\/\/menk-schmehmann.de\/wp-content\/uploads\/2021\/11\/Menk-Schmehmann-Lebensmittel-und-Pharmaindustrie.jpg","datePublished":"2022-07-07T13:09:17+00:00","dateModified":"2025-05-16T07:47:53+00:00","breadcrumb":{"@id":"https:\/\/menk-schmehmann.de\/es\/industrias\/industria-alimentaria-y-farmaceutica\/#breadcrumb"},"inLanguage":"es","potentialAction":[{"@type":"ReadAction","target":["https:\/\/menk-schmehmann.de\/es\/industrias\/industria-alimentaria-y-farmaceutica\/"]}]},{"@type":"ImageObject","inLanguage":"es","@id":"https:\/\/menk-schmehmann.de\/es\/industrias\/industria-alimentaria-y-farmaceutica\/#primaryimage","url":"https:\/\/menk-schmehmann.de\/wp-content\/uploads\/2021\/11\/Menk-Schmehmann-Lebensmittel-und-Pharmaindustrie.jpg","contentUrl":"https:\/\/menk-schmehmann.de\/wp-content\/uploads\/2021\/11\/Menk-Schmehmann-Lebensmittel-und-Pharmaindustrie.jpg"},{"@type":"BreadcrumbList","@id":"https:\/\/menk-schmehmann.de\/es\/industrias\/industria-alimentaria-y-farmaceutica\/#breadcrumb","itemListElement":[{"@type":"ListItem","position":1,"name":"Startseite","item":"https:\/\/menk-schmehmann.de\/es\/"},{"@type":"ListItem","position":2,"name":"Industrias","item":"https:\/\/menk-schmehmann.de\/es\/branchen\/"},{"@type":"ListItem","position":3,"name":"Industria alimentaria y farmaceutica"}]},{"@type":"WebSite","@id":"https:\/\/menk-schmehmann.de\/es\/#website","url":"https:\/\/menk-schmehmann.de\/es\/","name":"Menk-Schmehmann GmbH &amp; Co.KG","description":"Anlagenbau &amp; Rohrverformungstechnik","publisher":{"@id":"https:\/\/menk-schmehmann.de\/es\/#organization"},"potentialAction":[{"@type":"SearchAction","target":{"@type":"EntryPoint","urlTemplate":"https:\/\/menk-schmehmann.de\/es\/?s={search_term_string}"},"query-input":{"@type":"PropertyValueSpecification","valueRequired":true,"valueName":"search_term_string"}}],"inLanguage":"es"},{"@type":"Organization","@id":"https:\/\/menk-schmehmann.de\/es\/#organization","name":"Menk Schmehmann","url":"https:\/\/menk-schmehmann.de\/es\/","logo":{"@type":"ImageObject","inLanguage":"es","@id":"https:\/\/menk-schmehmann.de\/es\/#\/schema\/logo\/image\/","url":"https:\/\/menk-schmehmann.de\/wp-content\/uploads\/2021\/11\/Menk-Schmehmann-Logo.png","contentUrl":"https:\/\/menk-schmehmann.de\/wp-content\/uploads\/2021\/11\/Menk-Schmehmann-Logo.png","width":775,"height":120,"caption":"Menk Schmehmann"},"image":{"@id":"https:\/\/menk-schmehmann.de\/es\/#\/schema\/logo\/image\/"}}]}},"_links":{"self":[{"href":"https:\/\/menk-schmehmann.de\/es\/wp-json\/wp\/v2\/pages\/1733","targetHints":{"allow":["GET"]}}],"collection":[{"href":"https:\/\/menk-schmehmann.de\/es\/wp-json\/wp\/v2\/pages"}],"about":[{"href":"https:\/\/menk-schmehmann.de\/es\/wp-json\/wp\/v2\/types\/page"}],"author":[{"embeddable":true,"href":"https:\/\/menk-schmehmann.de\/es\/wp-json\/wp\/v2\/users\/5"}],"replies":[{"embeddable":true,"href":"https:\/\/menk-schmehmann.de\/es\/wp-json\/wp\/v2\/comments?post=1733"}],"version-history":[{"count":6,"href":"https:\/\/menk-schmehmann.de\/es\/wp-json\/wp\/v2\/pages\/1733\/revisions"}],"predecessor-version":[{"id":7772,"href":"https:\/\/menk-schmehmann.de\/es\/wp-json\/wp\/v2\/pages\/1733\/revisions\/7772"}],"up":[{"embeddable":true,"href":"https:\/\/menk-schmehmann.de\/es\/wp-json\/wp\/v2\/pages\/1666"}],"wp:attachment":[{"href":"https:\/\/menk-schmehmann.de\/es\/wp-json\/wp\/v2\/media?parent=1733"}],"curies":[{"name":"wp","href":"https:\/\/api.w.org\/{rel}","templated":true}]}}