{"id":1725,"date":"2022-07-07T12:48:31","date_gmt":"2022-07-07T10:48:31","guid":{"rendered":"https:\/\/menk-schmehmann.de\/attrezzature-e-costruzione-di-impianti-completi-es\/"},"modified":"2025-05-16T09:47:52","modified_gmt":"2025-05-16T07:47:52","slug":"construccion-de-equipos-y-de-plantas-completas","status":"publish","type":"page","link":"https:\/\/menk-schmehmann.de\/es\/industrias\/construccion-de-equipos-y-de-plantas-completas\/","title":{"rendered":"Construcci\u00f3n de equipos y de plantas completas"},"content":{"rendered":"<div id=\"cs-content\" class=\"cs-content\"><div class=\"x-section e1725-e1 m1bx-0 m1bx-1\"><div class=\"x-bg\" aria-hidden=\"true\"><div class=\"x-bg-layer-lower-custom\"><div style=\"width: 100%; height: 40%; background: #FFF;\"><\/div><\/div><\/div><div class=\"x-row x-container max width e1725-e2 m1bx-4 m1bx-5 m1bx-6 m1bx-7 m1bx-8 m1bx-e m1bx-f\"><div class=\"x-row-inner\"><div class=\"x-col e1725-e3 m1bx-k m1bx-l\"><span class=\"x-image e1725-e4 m1bx-s m1bx-t\"><img decoding=\"async\" src=\"https:\/\/menk-schmehmann.de\/wp-content\/uploads\/2021\/11\/Menk-Schmehmann-Apparate-und-Anlagenbau.jpg\" width=\"2400\" height=\"1330\" alt=\"Image\" loading=\"lazy\"><\/span><div class=\"x-text x-text-headline e1725-e5 m1bx-v m1bx-w\"><div class=\"x-text-content\"><div class=\"x-text-content-text\"><h1 class=\"x-text-content-text-primary\">Construcci\u00f3n de equipos y de plantas completas:<\/h1>\n<\/div><\/div><\/div><div class=\"x-text x-text-headline e1725-e6 m1bx-w m1bx-x\"><div class=\"x-text-content\"><div class=\"x-text-content-text\"><h2 class=\"x-text-content-text-primary\">Tecnolog\u00eda de punta<\/h2>\n<\/div><\/div><\/div><\/div><\/div><\/div><\/div><div class=\"x-section e1725-e7 m1bx-0 m1bx-2\"><div class=\"x-row x-container max width e1725-e8 m1bx-4 m1bx-6 m1bx-7 m1bx-8 m1bx-9 m1bx-a m1bx-e m1bx-g\"><div class=\"x-row-inner\"><div class=\"x-col e1725-e9 m1bx-k m1bx-l m1bx-m m1bx-n m1bx-o\"><span class=\"x-image e1725-e10 m1bx-s m1bx-u m1bx-3\"><img decoding=\"async\" src=\"https:\/\/menk-schmehmann.de\/wp-content\/uploads\/2021\/11\/Menk-Schmehmann-Icon-Apparate.png\" width=\"250\" height=\"250\" alt=\"Image\" loading=\"lazy\"><\/span><\/div><\/div><\/div><div class=\"x-row x-container max width e1725-e11 m1bx-4 m1bx-6 m1bx-7 m1bx-9 m1bx-a m1bx-b m1bx-h\"><div class=\"x-row-inner\"><div class=\"x-col e1725-e12 m1bx-k m1bx-l m1bx-m m1bx-o m1bx-p\"><div class=\"x-text x-content e1725-e13 m1bx-y m1bx-z\"><p><span><strong>Usted es el motor de la econom\u00eda, nosotros somos su socio de confianza\u00a0<\/strong>\u00a0 <\/span><\/p>\n<p><span>La construcci\u00f3n de equipos y plantas completas impulsa constantemente la innovaci\u00f3n y con nuestros sistemas de serpentines planos hemos sido una parte integral de este progreso durante d\u00e9cadas. Fabricamos componentes que cumplen con los m\u00e1s altos est\u00e1ndares de calidad y precisi\u00f3n. Fabricado con nuestras m\u00e1quinas de \u00faltima generaci\u00f3n por nuestros empleados altamente capacitados, siempre verificamos cada componente utilizando nuestros exhaustivos procedimientos de prueba.<\/span><\/p>\n<p><span>Ya sea que necesite un componente \u00fanico hecho de acuerdo con sus planos de construcci\u00f3n para su pr\u00f3ximo proyecto o piezas en serie en grandes cantidades,ofrecemos entregas r\u00e1pidas y en cualquier cantidad deseada.<\/span><\/p><\/div><\/div><div class=\"x-col e1725-e14 m1bx-k m1bx-q\"><div class=\"x-text x-content e1725-e15 m1bx-y m1bx-z\"><div><b><span lang=\"EN-US\">Ventajas para Vd<\/span><\/b><\/div>\n<div><\/div><\/div><ul class=\"x-row e1725-e16 m1bx-4 m1bx-9 m1bx-c m1bx-d m1bx-i\"><div class=\"x-row-inner\"><li class=\"x-col e1725-e17 m1bx-k m1bx-l m1bx-m m1bx-n m1bx-r\"><figure class=\"x-div e1725-e18 m1bx-11 m1bx-12\"><i class=\"x-icon e1725-e19 m1bx-14\" aria-hidden=\"true\" data-x-icon-s=\"&#xf00c;\"><\/i><\/figure><div class=\"x-div e1725-e20 m1bx-12 m1bx-13\"><div class=\"x-text x-content e1725-e21 m1bx-z m1bx-10\">Su socio experimentado para la construcci\u00f3n de equipos y plantas completas<\/div><\/div><\/li><li class=\"x-col e1725-e22 m1bx-k m1bx-l m1bx-m m1bx-n m1bx-r\"><figure class=\"x-div e1725-e23 m1bx-11 m1bx-12\"><i class=\"x-icon e1725-e24 m1bx-14\" aria-hidden=\"true\" data-x-icon-s=\"&#xf00c;\"><\/i><\/figure><div class=\"x-div e1725-e25 m1bx-12 m1bx-13\"><div class=\"x-text x-content e1725-e26 m1bx-z m1bx-10\">Fabricaci\u00f3n en serie  y de piezas especiales, as\u00ed como sistemas completos seg\u00fan sus especificaciones<\/div><\/div><\/li><li class=\"x-col e1725-e27 m1bx-k m1bx-l m1bx-m m1bx-n m1bx-r\"><figure class=\"x-div e1725-e28 m1bx-11 m1bx-12\"><i class=\"x-icon e1725-e29 m1bx-14\" aria-hidden=\"true\" data-x-icon-s=\"&#xf00c;\"><\/i><\/figure><div class=\"x-div e1725-e30 m1bx-12 m1bx-13\"><div class=\"x-text x-content e1725-e31 m1bx-z m1bx-10\">Gesti\u00f3n r\u00e1pida de pedidos y entrega final<\/div><\/div><\/li><li class=\"x-col e1725-e32 m1bx-k m1bx-l m1bx-m m1bx-n m1bx-r\"><figure class=\"x-div e1725-e33 m1bx-11 m1bx-12\"><i class=\"x-icon e1725-e34 m1bx-14\" aria-hidden=\"true\" data-x-icon-s=\"&#xf00c;\"><\/i><\/figure><div class=\"x-div e1725-e35 m1bx-12 m1bx-13\"><div class=\"x-text x-content e1725-e36 m1bx-z m1bx-10\">Control de calidad total seg\u00fan ISO 9001:2015<\/div><\/div><\/li><li class=\"x-col e1725-e37 m1bx-k m1bx-l m1bx-m m1bx-n m1bx-r\"><figure class=\"x-div e1725-e38 m1bx-11 m1bx-12\"><i class=\"x-icon e1725-e39 m1bx-14\" aria-hidden=\"true\" data-x-icon-s=\"&#xf00c;\"><\/i><\/figure><div class=\"x-div e1725-e40 m1bx-12 m1bx-13\"><div class=\"x-text x-content e1725-e41 m1bx-z m1bx-10\">Resultado de producto de primera clase gracias a empleados altamente cualificados<\/div><\/div><\/li><\/div><\/ul><\/div><\/div><\/div><div class=\"x-row x-container max width e1725-e42 m1bx-4 m1bx-5 m1bx-7 m1bx-8 m1bx-d m1bx-e m1bx-j\"><div class=\"x-row-inner\"><div class=\"x-col e1725-e43 m1bx-k m1bx-l\"><div class=\"x-text x-content e1725-e44 m1bx-y m1bx-z\"><p>Esperamos su pedido, <a title=\"Kontakt\" href=\"\/kontakt\">pero no dude en contactarnos.<\/a><\/p><\/div><\/div><\/div><\/div><\/div><\/div>","protected":false},"excerpt":{"rendered":"<p>Construcci\u00f3n de equipos y de plantas completas: Tecnolog\u00eda de punta Usted es el motor de la econom\u00eda, nosotros somos su socio de confianza\u00a0\u00a0 La construcci\u00f3n de equipos y plantas completas impulsa constantemente la innovaci\u00f3n y con nuestros sistemas de serpentines planos hemos sido una parte integral de este progreso durante d\u00e9cadas. Fabricamos componentes que cumplen con los m\u00e1s altos est\u00e1ndares &#8230;<\/p>\n","protected":false},"author":5,"featured_media":0,"parent":1666,"menu_order":0,"comment_status":"closed","ping_status":"closed","template":"template-blank-4.php","meta":{"_acf_changed":false,"footnotes":""},"class_list":["post-1725","page","type-page","status-publish","hentry","no-post-thumbnail"],"acf":[],"yoast_head":"<!-- This site is optimized with the Yoast SEO plugin v26.8 - https:\/\/yoast.com\/product\/yoast-seo-wordpress\/ -->\n<title>Construcci\u00f3n de equipos y de plantas completas | Menk-Schmehmann GmbH &amp; Co.KG<\/title>\n<meta name=\"robots\" content=\"index, follow, max-snippet:-1, max-image-preview:large, max-video-preview:-1\" \/>\n<link rel=\"canonical\" href=\"https:\/\/menk-schmehmann.de\/es\/industrias\/construccion-de-equipos-y-de-plantas-completas\/\" \/>\n<meta property=\"og:locale\" content=\"es_ES\" \/>\n<meta property=\"og:type\" content=\"article\" \/>\n<meta property=\"og:title\" content=\"Construcci\u00f3n de equipos y de plantas completas | Menk-Schmehmann GmbH &amp; Co.KG\" \/>\n<meta property=\"og:description\" content=\"Construcci\u00f3n de equipos y de plantas completas: Tecnolog\u00eda de punta Usted es el motor de la econom\u00eda, nosotros somos su socio de confianza\u00a0\u00a0 La construcci\u00f3n de equipos y plantas completas impulsa constantemente la innovaci\u00f3n y con nuestros sistemas de serpentines planos hemos sido una parte integral de este progreso durante d\u00e9cadas. Fabricamos componentes que cumplen con los m\u00e1s altos est\u00e1ndares ...\" \/>\n<meta property=\"og:url\" content=\"https:\/\/menk-schmehmann.de\/es\/industrias\/construccion-de-equipos-y-de-plantas-completas\/\" \/>\n<meta property=\"og:site_name\" content=\"Menk-Schmehmann GmbH &amp; Co.KG\" \/>\n<meta property=\"article:modified_time\" content=\"2025-05-16T07:47:52+00:00\" \/>\n<meta property=\"og:image\" content=\"https:\/\/menk-schmehmann.de\/wp-content\/uploads\/2021\/11\/Menk-Schmehmann-Apparate-und-Anlagenbau.jpg\" \/>\n<meta name=\"twitter:card\" content=\"summary_large_image\" \/>\n<meta name=\"twitter:label1\" content=\"Tiempo de lectura\" \/>\n\t<meta name=\"twitter:data1\" content=\"1 minuto\" \/>\n<script type=\"application\/ld+json\" class=\"yoast-schema-graph\">{\"@context\":\"https:\/\/schema.org\",\"@graph\":[{\"@type\":\"WebPage\",\"@id\":\"https:\/\/menk-schmehmann.de\/es\/industrias\/construccion-de-equipos-y-de-plantas-completas\/\",\"url\":\"https:\/\/menk-schmehmann.de\/es\/industrias\/construccion-de-equipos-y-de-plantas-completas\/\",\"name\":\"Construcci\u00f3n de equipos y de plantas completas | Menk-Schmehmann GmbH &amp; Co.KG\",\"isPartOf\":{\"@id\":\"https:\/\/menk-schmehmann.de\/es\/#website\"},\"primaryImageOfPage\":{\"@id\":\"https:\/\/menk-schmehmann.de\/es\/industrias\/construccion-de-equipos-y-de-plantas-completas\/#primaryimage\"},\"image\":{\"@id\":\"https:\/\/menk-schmehmann.de\/es\/industrias\/construccion-de-equipos-y-de-plantas-completas\/#primaryimage\"},\"thumbnailUrl\":\"https:\/\/menk-schmehmann.de\/wp-content\/uploads\/2021\/11\/Menk-Schmehmann-Apparate-und-Anlagenbau.jpg\",\"datePublished\":\"2022-07-07T10:48:31+00:00\",\"dateModified\":\"2025-05-16T07:47:52+00:00\",\"breadcrumb\":{\"@id\":\"https:\/\/menk-schmehmann.de\/es\/industrias\/construccion-de-equipos-y-de-plantas-completas\/#breadcrumb\"},\"inLanguage\":\"es\",\"potentialAction\":[{\"@type\":\"ReadAction\",\"target\":[\"https:\/\/menk-schmehmann.de\/es\/industrias\/construccion-de-equipos-y-de-plantas-completas\/\"]}]},{\"@type\":\"ImageObject\",\"inLanguage\":\"es\",\"@id\":\"https:\/\/menk-schmehmann.de\/es\/industrias\/construccion-de-equipos-y-de-plantas-completas\/#primaryimage\",\"url\":\"https:\/\/menk-schmehmann.de\/wp-content\/uploads\/2021\/11\/Menk-Schmehmann-Apparate-und-Anlagenbau.jpg\",\"contentUrl\":\"https:\/\/menk-schmehmann.de\/wp-content\/uploads\/2021\/11\/Menk-Schmehmann-Apparate-und-Anlagenbau.jpg\"},{\"@type\":\"BreadcrumbList\",\"@id\":\"https:\/\/menk-schmehmann.de\/es\/industrias\/construccion-de-equipos-y-de-plantas-completas\/#breadcrumb\",\"itemListElement\":[{\"@type\":\"ListItem\",\"position\":1,\"name\":\"Startseite\",\"item\":\"https:\/\/menk-schmehmann.de\/es\/\"},{\"@type\":\"ListItem\",\"position\":2,\"name\":\"Industrias\",\"item\":\"https:\/\/menk-schmehmann.de\/es\/branchen\/\"},{\"@type\":\"ListItem\",\"position\":3,\"name\":\"Construcci\u00f3n de equipos y de plantas completas\"}]},{\"@type\":\"WebSite\",\"@id\":\"https:\/\/menk-schmehmann.de\/es\/#website\",\"url\":\"https:\/\/menk-schmehmann.de\/es\/\",\"name\":\"Menk-Schmehmann GmbH &amp; Co.KG\",\"description\":\"Anlagenbau &amp; Rohrverformungstechnik\",\"publisher\":{\"@id\":\"https:\/\/menk-schmehmann.de\/es\/#organization\"},\"potentialAction\":[{\"@type\":\"SearchAction\",\"target\":{\"@type\":\"EntryPoint\",\"urlTemplate\":\"https:\/\/menk-schmehmann.de\/es\/?s={search_term_string}\"},\"query-input\":{\"@type\":\"PropertyValueSpecification\",\"valueRequired\":true,\"valueName\":\"search_term_string\"}}],\"inLanguage\":\"es\"},{\"@type\":\"Organization\",\"@id\":\"https:\/\/menk-schmehmann.de\/es\/#organization\",\"name\":\"Menk Schmehmann\",\"url\":\"https:\/\/menk-schmehmann.de\/es\/\",\"logo\":{\"@type\":\"ImageObject\",\"inLanguage\":\"es\",\"@id\":\"https:\/\/menk-schmehmann.de\/es\/#\/schema\/logo\/image\/\",\"url\":\"https:\/\/menk-schmehmann.de\/wp-content\/uploads\/2021\/11\/Menk-Schmehmann-Logo.png\",\"contentUrl\":\"https:\/\/menk-schmehmann.de\/wp-content\/uploads\/2021\/11\/Menk-Schmehmann-Logo.png\",\"width\":775,\"height\":120,\"caption\":\"Menk Schmehmann\"},\"image\":{\"@id\":\"https:\/\/menk-schmehmann.de\/es\/#\/schema\/logo\/image\/\"}}]}<\/script>\n<!-- \/ Yoast SEO plugin. -->","yoast_head_json":{"title":"Construcci\u00f3n de equipos y de plantas completas | Menk-Schmehmann GmbH &amp; Co.KG","robots":{"index":"index","follow":"follow","max-snippet":"max-snippet:-1","max-image-preview":"max-image-preview:large","max-video-preview":"max-video-preview:-1"},"canonical":"https:\/\/menk-schmehmann.de\/es\/industrias\/construccion-de-equipos-y-de-plantas-completas\/","og_locale":"es_ES","og_type":"article","og_title":"Construcci\u00f3n de equipos y de plantas completas | Menk-Schmehmann GmbH &amp; Co.KG","og_description":"Construcci\u00f3n de equipos y de plantas completas: Tecnolog\u00eda de punta Usted es el motor de la econom\u00eda, nosotros somos su socio de confianza\u00a0\u00a0 La construcci\u00f3n de equipos y plantas completas impulsa constantemente la innovaci\u00f3n y con nuestros sistemas de serpentines planos hemos sido una parte integral de este progreso durante d\u00e9cadas. Fabricamos componentes que cumplen con los m\u00e1s altos est\u00e1ndares ...","og_url":"https:\/\/menk-schmehmann.de\/es\/industrias\/construccion-de-equipos-y-de-plantas-completas\/","og_site_name":"Menk-Schmehmann GmbH &amp; Co.KG","article_modified_time":"2025-05-16T07:47:52+00:00","og_image":[{"url":"https:\/\/menk-schmehmann.de\/wp-content\/uploads\/2021\/11\/Menk-Schmehmann-Apparate-und-Anlagenbau.jpg","type":"","width":"","height":""}],"twitter_card":"summary_large_image","twitter_misc":{"Tiempo de lectura":"1 minuto"},"schema":{"@context":"https:\/\/schema.org","@graph":[{"@type":"WebPage","@id":"https:\/\/menk-schmehmann.de\/es\/industrias\/construccion-de-equipos-y-de-plantas-completas\/","url":"https:\/\/menk-schmehmann.de\/es\/industrias\/construccion-de-equipos-y-de-plantas-completas\/","name":"Construcci\u00f3n de equipos y de plantas completas | Menk-Schmehmann GmbH &amp; Co.KG","isPartOf":{"@id":"https:\/\/menk-schmehmann.de\/es\/#website"},"primaryImageOfPage":{"@id":"https:\/\/menk-schmehmann.de\/es\/industrias\/construccion-de-equipos-y-de-plantas-completas\/#primaryimage"},"image":{"@id":"https:\/\/menk-schmehmann.de\/es\/industrias\/construccion-de-equipos-y-de-plantas-completas\/#primaryimage"},"thumbnailUrl":"https:\/\/menk-schmehmann.de\/wp-content\/uploads\/2021\/11\/Menk-Schmehmann-Apparate-und-Anlagenbau.jpg","datePublished":"2022-07-07T10:48:31+00:00","dateModified":"2025-05-16T07:47:52+00:00","breadcrumb":{"@id":"https:\/\/menk-schmehmann.de\/es\/industrias\/construccion-de-equipos-y-de-plantas-completas\/#breadcrumb"},"inLanguage":"es","potentialAction":[{"@type":"ReadAction","target":["https:\/\/menk-schmehmann.de\/es\/industrias\/construccion-de-equipos-y-de-plantas-completas\/"]}]},{"@type":"ImageObject","inLanguage":"es","@id":"https:\/\/menk-schmehmann.de\/es\/industrias\/construccion-de-equipos-y-de-plantas-completas\/#primaryimage","url":"https:\/\/menk-schmehmann.de\/wp-content\/uploads\/2021\/11\/Menk-Schmehmann-Apparate-und-Anlagenbau.jpg","contentUrl":"https:\/\/menk-schmehmann.de\/wp-content\/uploads\/2021\/11\/Menk-Schmehmann-Apparate-und-Anlagenbau.jpg"},{"@type":"BreadcrumbList","@id":"https:\/\/menk-schmehmann.de\/es\/industrias\/construccion-de-equipos-y-de-plantas-completas\/#breadcrumb","itemListElement":[{"@type":"ListItem","position":1,"name":"Startseite","item":"https:\/\/menk-schmehmann.de\/es\/"},{"@type":"ListItem","position":2,"name":"Industrias","item":"https:\/\/menk-schmehmann.de\/es\/branchen\/"},{"@type":"ListItem","position":3,"name":"Construcci\u00f3n de equipos y de plantas completas"}]},{"@type":"WebSite","@id":"https:\/\/menk-schmehmann.de\/es\/#website","url":"https:\/\/menk-schmehmann.de\/es\/","name":"Menk-Schmehmann GmbH &amp; Co.KG","description":"Anlagenbau &amp; Rohrverformungstechnik","publisher":{"@id":"https:\/\/menk-schmehmann.de\/es\/#organization"},"potentialAction":[{"@type":"SearchAction","target":{"@type":"EntryPoint","urlTemplate":"https:\/\/menk-schmehmann.de\/es\/?s={search_term_string}"},"query-input":{"@type":"PropertyValueSpecification","valueRequired":true,"valueName":"search_term_string"}}],"inLanguage":"es"},{"@type":"Organization","@id":"https:\/\/menk-schmehmann.de\/es\/#organization","name":"Menk Schmehmann","url":"https:\/\/menk-schmehmann.de\/es\/","logo":{"@type":"ImageObject","inLanguage":"es","@id":"https:\/\/menk-schmehmann.de\/es\/#\/schema\/logo\/image\/","url":"https:\/\/menk-schmehmann.de\/wp-content\/uploads\/2021\/11\/Menk-Schmehmann-Logo.png","contentUrl":"https:\/\/menk-schmehmann.de\/wp-content\/uploads\/2021\/11\/Menk-Schmehmann-Logo.png","width":775,"height":120,"caption":"Menk Schmehmann"},"image":{"@id":"https:\/\/menk-schmehmann.de\/es\/#\/schema\/logo\/image\/"}}]}},"_links":{"self":[{"href":"https:\/\/menk-schmehmann.de\/es\/wp-json\/wp\/v2\/pages\/1725","targetHints":{"allow":["GET"]}}],"collection":[{"href":"https:\/\/menk-schmehmann.de\/es\/wp-json\/wp\/v2\/pages"}],"about":[{"href":"https:\/\/menk-schmehmann.de\/es\/wp-json\/wp\/v2\/types\/page"}],"author":[{"embeddable":true,"href":"https:\/\/menk-schmehmann.de\/es\/wp-json\/wp\/v2\/users\/5"}],"replies":[{"embeddable":true,"href":"https:\/\/menk-schmehmann.de\/es\/wp-json\/wp\/v2\/comments?post=1725"}],"version-history":[{"count":4,"href":"https:\/\/menk-schmehmann.de\/es\/wp-json\/wp\/v2\/pages\/1725\/revisions"}],"predecessor-version":[{"id":7771,"href":"https:\/\/menk-schmehmann.de\/es\/wp-json\/wp\/v2\/pages\/1725\/revisions\/7771"}],"up":[{"embeddable":true,"href":"https:\/\/menk-schmehmann.de\/es\/wp-json\/wp\/v2\/pages\/1666"}],"wp:attachment":[{"href":"https:\/\/menk-schmehmann.de\/es\/wp-json\/wp\/v2\/media?parent=1725"}],"curies":[{"name":"wp","href":"https:\/\/api.w.org\/{rel}","templated":true}]}}