{"id":1712,"date":"2022-07-07T12:14:41","date_gmt":"2022-07-07T10:14:41","guid":{"rendered":"https:\/\/menk-schmehmann.de\/industria-chimica-e-petrolchimica-es\/"},"modified":"2025-05-16T09:47:51","modified_gmt":"2025-05-16T07:47:51","slug":"industria-quimica-y-petroquimica","status":"publish","type":"page","link":"https:\/\/menk-schmehmann.de\/es\/industrias\/industria-quimica-y-petroquimica\/","title":{"rendered":"Industria qu\u00edmica y petroqu\u00edmica"},"content":{"rendered":"<div id=\"cs-content\" class=\"cs-content\"><div class=\"x-section e1712-e1 m1bk-0 m1bk-1\"><div class=\"x-bg\" aria-hidden=\"true\"><div class=\"x-bg-layer-lower-custom\"><div style=\"width: 100%; height: 40%; background: #FFF;\"><\/div><\/div><\/div><div class=\"x-row x-container max width e1712-e2 m1bk-4 m1bk-5 m1bk-6 m1bk-7 m1bk-8 m1bk-e m1bk-f\"><div class=\"x-row-inner\"><div class=\"x-col e1712-e3 m1bk-k m1bk-l\"><span class=\"x-image e1712-e4 m1bk-s m1bk-t\"><img decoding=\"async\" src=\"https:\/\/menk-schmehmann.de\/wp-content\/uploads\/2021\/11\/Menk-Schmehmann-Chemie-und-Petrochemie.jpg\" width=\"2400\" height=\"1330\" alt=\"Image\" loading=\"lazy\"><\/span><div class=\"x-text x-text-headline e1712-e5 m1bk-v m1bk-w\"><div class=\"x-text-content\"><div class=\"x-text-content-text\"><h1 class=\"x-text-content-text-primary\">Industria qu\u00edmica y petroqu\u00edmica:<\/h1>\n<\/div><\/div><\/div><div class=\"x-text x-text-headline e1712-e6 m1bk-w m1bk-x\"><div class=\"x-text-content\"><div class=\"x-text-content-text\"><h2 class=\"x-text-content-text-primary\">Cuando la seguridad es primordial  <\/h2>\n<\/div><\/div><\/div><\/div><\/div><\/div><\/div><div class=\"x-section e1712-e7 m1bk-0 m1bk-2\"><div class=\"x-row x-container max width e1712-e8 m1bk-4 m1bk-6 m1bk-7 m1bk-8 m1bk-9 m1bk-a m1bk-e m1bk-g\"><div class=\"x-row-inner\"><div class=\"x-col e1712-e9 m1bk-k m1bk-l m1bk-m m1bk-n m1bk-o\"><span class=\"x-image e1712-e10 m1bk-s m1bk-u m1bk-3\"><img decoding=\"async\" src=\"https:\/\/menk-schmehmann.de\/wp-content\/uploads\/2021\/11\/Menk-Schmehmann-Icon-Chemie.png\" width=\"250\" height=\"250\" alt=\"Image\" loading=\"lazy\"><\/span><\/div><\/div><\/div><div class=\"x-row x-container max width e1712-e11 m1bk-4 m1bk-6 m1bk-7 m1bk-9 m1bk-a m1bk-b m1bk-h\"><div class=\"x-row-inner\"><div class=\"x-col e1712-e12 m1bk-k m1bk-l m1bk-m m1bk-o m1bk-p\"><div class=\"x-text x-content e1712-e13 m1bk-y m1bk-z\"><p><span><strong>Vd. Trabaja con sustancias que no permiten ning\u00fan error.<\/strong><\/span><\/p>\n<p><span> Garantizamos procesos de trabajo seguros.<\/span><\/p>\n<p><span>Los serpentines planos de nuestra f\u00e1brica no solo establecen est\u00e1ndares en t\u00e9rminos de calidad y precisi\u00f3n, si no que nuestros expertos capacitados verifican la fiabilidad de cada componente mediante procedimientos de prueba de m\u00faltiples etapas antes de entreg\u00e1rselo.<\/span><\/p>\n<p><span>Los plazos de entrega r\u00e1pidos son cruciales para nosotros, al igual que el cumplimiento de pedidos complejos. Ya sean componentes en serie est\u00e1ndar o un sistema simple de serpentines planos con miles de curvados, podemos construirlo.<\/span><\/p><\/div><\/div><div class=\"x-col e1712-e14 m1bk-k m1bk-q\"><div class=\"x-text x-content e1712-e15 m1bk-y m1bk-z\"><div><b><span lang=\"EN-US\">Ventajas para Vd.<\/span><\/b><\/div>\n<div><\/div><\/div><ul class=\"x-row e1712-e16 m1bk-4 m1bk-9 m1bk-c m1bk-d m1bk-i\"><div class=\"x-row-inner\"><li class=\"x-col e1712-e17 m1bk-k m1bk-l m1bk-m m1bk-n m1bk-r\"><figure class=\"x-div e1712-e18 m1bk-11 m1bk-12\"><i class=\"x-icon e1712-e19 m1bk-14\" aria-hidden=\"true\" data-x-icon-s=\"&#xf00c;\"><\/i><\/figure><div class=\"x-div e1712-e20 m1bk-12 m1bk-13\"><div class=\"x-text x-content e1712-e21 m1bk-z m1bk-10\">Su socio experimentado en tecnolog\u00eda para las industrias qu\u00edmica y petroqu\u00edmica<\/div><\/div><\/li><li class=\"x-col e1712-e22 m1bk-k m1bk-l m1bk-m m1bk-n m1bk-r\"><figure class=\"x-div e1712-e23 m1bk-11 m1bk-12\"><i class=\"x-icon e1712-e24 m1bk-14\" aria-hidden=\"true\" data-x-icon-s=\"&#xf00c;\"><\/i><\/figure><div class=\"x-div e1712-e25 m1bk-12 m1bk-13\"><div class=\"x-text x-content e1712-e26 m1bk-z m1bk-10\">Fabricaci\u00f3n en serie  y tambi\u00e9n de piezas especiales, as\u00ed como sistemas completos seg\u00fan sus especificaciones<\/div><\/div><\/li><li class=\"x-col e1712-e27 m1bk-k m1bk-l m1bk-m m1bk-n m1bk-r\"><figure class=\"x-div e1712-e28 m1bk-11 m1bk-12\"><i class=\"x-icon e1712-e29 m1bk-14\" aria-hidden=\"true\" data-x-icon-s=\"&#xf00c;\"><\/i><\/figure><div class=\"x-div e1712-e30 m1bk-12 m1bk-13\"><div class=\"x-text x-content e1712-e31 m1bk-z m1bk-10\">Gesti\u00f3n r\u00e1pida de pedidos y entrega final<\/div><\/div><\/li><li class=\"x-col e1712-e32 m1bk-k m1bk-l m1bk-m m1bk-n m1bk-r\"><figure class=\"x-div e1712-e33 m1bk-11 m1bk-12\"><i class=\"x-icon e1712-e34 m1bk-14\" aria-hidden=\"true\" data-x-icon-s=\"&#xf00c;\"><\/i><\/figure><div class=\"x-div e1712-e35 m1bk-12 m1bk-13\"><div class=\"x-text x-content e1712-e36 m1bk-z m1bk-10\">Control de calidad total seg\u00fan ISO 9001:2015<\/div><\/div><\/li><li class=\"x-col e1712-e37 m1bk-k m1bk-l m1bk-m m1bk-n m1bk-r\"><figure class=\"x-div e1712-e38 m1bk-11 m1bk-12\"><i class=\"x-icon e1712-e39 m1bk-14\" aria-hidden=\"true\" data-x-icon-s=\"&#xf00c;\"><\/i><\/figure><div class=\"x-div e1712-e40 m1bk-12 m1bk-13\"><div class=\"x-text x-content e1712-e41 m1bk-z m1bk-10\">Resultado de producto de primera clase gracias a empleados altamente cualificados<\/div><\/div><\/li><\/div><\/ul><\/div><\/div><\/div><div class=\"x-row x-container max width e1712-e42 m1bk-4 m1bk-5 m1bk-7 m1bk-8 m1bk-d m1bk-e m1bk-j\"><div class=\"x-row-inner\"><div class=\"x-col e1712-e43 m1bk-k m1bk-l\"><div class=\"x-text x-content e1712-e44 m1bk-y m1bk-z\"><p>\u00bfEst\u00e1 interesado en nuestro trabajo?  <a title=\"Kontakt\" href=\"\/kontakt\">Estamos a su entera disposici\u00f3n.<\/a><\/p><\/div><\/div><\/div><\/div><\/div><\/div>","protected":false},"excerpt":{"rendered":"<p>Industria qu\u00edmica y petroqu\u00edmica: Cuando la seguridad es primordial Vd. Trabaja con sustancias que no permiten ning\u00fan error. Garantizamos procesos de trabajo seguros. Los serpentines planos de nuestra f\u00e1brica no solo establecen est\u00e1ndares en t\u00e9rminos de calidad y precisi\u00f3n, si no que nuestros expertos capacitados verifican la fiabilidad de cada componente mediante procedimientos de prueba de m\u00faltiples etapas antes de &#8230;<\/p>\n","protected":false},"author":5,"featured_media":0,"parent":1666,"menu_order":0,"comment_status":"closed","ping_status":"closed","template":"template-blank-4.php","meta":{"_acf_changed":false,"footnotes":""},"class_list":["post-1712","page","type-page","status-publish","hentry","no-post-thumbnail"],"acf":[],"yoast_head":"<!-- This site is optimized with the Yoast SEO plugin v26.8 - https:\/\/yoast.com\/product\/yoast-seo-wordpress\/ -->\n<title>Industria qu\u00edmica y petroqu\u00edmica | Menk-Schmehmann GmbH &amp; Co.KG<\/title>\n<meta name=\"robots\" content=\"index, follow, max-snippet:-1, max-image-preview:large, max-video-preview:-1\" \/>\n<link rel=\"canonical\" href=\"https:\/\/menk-schmehmann.de\/es\/industrias\/industria-quimica-y-petroquimica\/\" \/>\n<meta property=\"og:locale\" content=\"es_ES\" \/>\n<meta property=\"og:type\" content=\"article\" \/>\n<meta property=\"og:title\" content=\"Industria qu\u00edmica y petroqu\u00edmica | Menk-Schmehmann GmbH &amp; Co.KG\" \/>\n<meta property=\"og:description\" content=\"Industria qu\u00edmica y petroqu\u00edmica: Cuando la seguridad es primordial Vd. Trabaja con sustancias que no permiten ning\u00fan error. Garantizamos procesos de trabajo seguros. Los serpentines planos de nuestra f\u00e1brica no solo establecen est\u00e1ndares en t\u00e9rminos de calidad y precisi\u00f3n, si no que nuestros expertos capacitados verifican la fiabilidad de cada componente mediante procedimientos de prueba de m\u00faltiples etapas antes de ...\" \/>\n<meta property=\"og:url\" content=\"https:\/\/menk-schmehmann.de\/es\/industrias\/industria-quimica-y-petroquimica\/\" \/>\n<meta property=\"og:site_name\" content=\"Menk-Schmehmann GmbH &amp; Co.KG\" \/>\n<meta property=\"article:modified_time\" content=\"2025-05-16T07:47:51+00:00\" \/>\n<meta property=\"og:image\" content=\"https:\/\/menk-schmehmann.de\/wp-content\/uploads\/2021\/11\/Menk-Schmehmann-Chemie-und-Petrochemie.jpg\" \/>\n<meta name=\"twitter:card\" content=\"summary_large_image\" \/>\n<meta name=\"twitter:label1\" content=\"Tiempo de lectura\" \/>\n\t<meta name=\"twitter:data1\" content=\"1 minuto\" \/>\n<script type=\"application\/ld+json\" class=\"yoast-schema-graph\">{\"@context\":\"https:\/\/schema.org\",\"@graph\":[{\"@type\":\"WebPage\",\"@id\":\"https:\/\/menk-schmehmann.de\/es\/industrias\/industria-quimica-y-petroquimica\/\",\"url\":\"https:\/\/menk-schmehmann.de\/es\/industrias\/industria-quimica-y-petroquimica\/\",\"name\":\"Industria qu\u00edmica y petroqu\u00edmica | Menk-Schmehmann GmbH &amp; Co.KG\",\"isPartOf\":{\"@id\":\"https:\/\/menk-schmehmann.de\/es\/#website\"},\"primaryImageOfPage\":{\"@id\":\"https:\/\/menk-schmehmann.de\/es\/industrias\/industria-quimica-y-petroquimica\/#primaryimage\"},\"image\":{\"@id\":\"https:\/\/menk-schmehmann.de\/es\/industrias\/industria-quimica-y-petroquimica\/#primaryimage\"},\"thumbnailUrl\":\"https:\/\/menk-schmehmann.de\/wp-content\/uploads\/2021\/11\/Menk-Schmehmann-Chemie-und-Petrochemie.jpg\",\"datePublished\":\"2022-07-07T10:14:41+00:00\",\"dateModified\":\"2025-05-16T07:47:51+00:00\",\"breadcrumb\":{\"@id\":\"https:\/\/menk-schmehmann.de\/es\/industrias\/industria-quimica-y-petroquimica\/#breadcrumb\"},\"inLanguage\":\"es\",\"potentialAction\":[{\"@type\":\"ReadAction\",\"target\":[\"https:\/\/menk-schmehmann.de\/es\/industrias\/industria-quimica-y-petroquimica\/\"]}]},{\"@type\":\"ImageObject\",\"inLanguage\":\"es\",\"@id\":\"https:\/\/menk-schmehmann.de\/es\/industrias\/industria-quimica-y-petroquimica\/#primaryimage\",\"url\":\"https:\/\/menk-schmehmann.de\/wp-content\/uploads\/2021\/11\/Menk-Schmehmann-Chemie-und-Petrochemie.jpg\",\"contentUrl\":\"https:\/\/menk-schmehmann.de\/wp-content\/uploads\/2021\/11\/Menk-Schmehmann-Chemie-und-Petrochemie.jpg\"},{\"@type\":\"BreadcrumbList\",\"@id\":\"https:\/\/menk-schmehmann.de\/es\/industrias\/industria-quimica-y-petroquimica\/#breadcrumb\",\"itemListElement\":[{\"@type\":\"ListItem\",\"position\":1,\"name\":\"Startseite\",\"item\":\"https:\/\/menk-schmehmann.de\/es\/\"},{\"@type\":\"ListItem\",\"position\":2,\"name\":\"Industrias\",\"item\":\"https:\/\/menk-schmehmann.de\/es\/branchen\/\"},{\"@type\":\"ListItem\",\"position\":3,\"name\":\"Industria qu\u00edmica y petroqu\u00edmica\"}]},{\"@type\":\"WebSite\",\"@id\":\"https:\/\/menk-schmehmann.de\/es\/#website\",\"url\":\"https:\/\/menk-schmehmann.de\/es\/\",\"name\":\"Menk-Schmehmann GmbH &amp; Co.KG\",\"description\":\"Anlagenbau &amp; Rohrverformungstechnik\",\"publisher\":{\"@id\":\"https:\/\/menk-schmehmann.de\/es\/#organization\"},\"potentialAction\":[{\"@type\":\"SearchAction\",\"target\":{\"@type\":\"EntryPoint\",\"urlTemplate\":\"https:\/\/menk-schmehmann.de\/es\/?s={search_term_string}\"},\"query-input\":{\"@type\":\"PropertyValueSpecification\",\"valueRequired\":true,\"valueName\":\"search_term_string\"}}],\"inLanguage\":\"es\"},{\"@type\":\"Organization\",\"@id\":\"https:\/\/menk-schmehmann.de\/es\/#organization\",\"name\":\"Menk Schmehmann\",\"url\":\"https:\/\/menk-schmehmann.de\/es\/\",\"logo\":{\"@type\":\"ImageObject\",\"inLanguage\":\"es\",\"@id\":\"https:\/\/menk-schmehmann.de\/es\/#\/schema\/logo\/image\/\",\"url\":\"https:\/\/menk-schmehmann.de\/wp-content\/uploads\/2021\/11\/Menk-Schmehmann-Logo.png\",\"contentUrl\":\"https:\/\/menk-schmehmann.de\/wp-content\/uploads\/2021\/11\/Menk-Schmehmann-Logo.png\",\"width\":775,\"height\":120,\"caption\":\"Menk Schmehmann\"},\"image\":{\"@id\":\"https:\/\/menk-schmehmann.de\/es\/#\/schema\/logo\/image\/\"}}]}<\/script>\n<!-- \/ Yoast SEO plugin. -->","yoast_head_json":{"title":"Industria qu\u00edmica y petroqu\u00edmica | Menk-Schmehmann GmbH &amp; Co.KG","robots":{"index":"index","follow":"follow","max-snippet":"max-snippet:-1","max-image-preview":"max-image-preview:large","max-video-preview":"max-video-preview:-1"},"canonical":"https:\/\/menk-schmehmann.de\/es\/industrias\/industria-quimica-y-petroquimica\/","og_locale":"es_ES","og_type":"article","og_title":"Industria qu\u00edmica y petroqu\u00edmica | Menk-Schmehmann GmbH &amp; Co.KG","og_description":"Industria qu\u00edmica y petroqu\u00edmica: Cuando la seguridad es primordial Vd. Trabaja con sustancias que no permiten ning\u00fan error. Garantizamos procesos de trabajo seguros. Los serpentines planos de nuestra f\u00e1brica no solo establecen est\u00e1ndares en t\u00e9rminos de calidad y precisi\u00f3n, si no que nuestros expertos capacitados verifican la fiabilidad de cada componente mediante procedimientos de prueba de m\u00faltiples etapas antes de ...","og_url":"https:\/\/menk-schmehmann.de\/es\/industrias\/industria-quimica-y-petroquimica\/","og_site_name":"Menk-Schmehmann GmbH &amp; Co.KG","article_modified_time":"2025-05-16T07:47:51+00:00","og_image":[{"url":"https:\/\/menk-schmehmann.de\/wp-content\/uploads\/2021\/11\/Menk-Schmehmann-Chemie-und-Petrochemie.jpg","type":"","width":"","height":""}],"twitter_card":"summary_large_image","twitter_misc":{"Tiempo de lectura":"1 minuto"},"schema":{"@context":"https:\/\/schema.org","@graph":[{"@type":"WebPage","@id":"https:\/\/menk-schmehmann.de\/es\/industrias\/industria-quimica-y-petroquimica\/","url":"https:\/\/menk-schmehmann.de\/es\/industrias\/industria-quimica-y-petroquimica\/","name":"Industria qu\u00edmica y petroqu\u00edmica | Menk-Schmehmann GmbH &amp; Co.KG","isPartOf":{"@id":"https:\/\/menk-schmehmann.de\/es\/#website"},"primaryImageOfPage":{"@id":"https:\/\/menk-schmehmann.de\/es\/industrias\/industria-quimica-y-petroquimica\/#primaryimage"},"image":{"@id":"https:\/\/menk-schmehmann.de\/es\/industrias\/industria-quimica-y-petroquimica\/#primaryimage"},"thumbnailUrl":"https:\/\/menk-schmehmann.de\/wp-content\/uploads\/2021\/11\/Menk-Schmehmann-Chemie-und-Petrochemie.jpg","datePublished":"2022-07-07T10:14:41+00:00","dateModified":"2025-05-16T07:47:51+00:00","breadcrumb":{"@id":"https:\/\/menk-schmehmann.de\/es\/industrias\/industria-quimica-y-petroquimica\/#breadcrumb"},"inLanguage":"es","potentialAction":[{"@type":"ReadAction","target":["https:\/\/menk-schmehmann.de\/es\/industrias\/industria-quimica-y-petroquimica\/"]}]},{"@type":"ImageObject","inLanguage":"es","@id":"https:\/\/menk-schmehmann.de\/es\/industrias\/industria-quimica-y-petroquimica\/#primaryimage","url":"https:\/\/menk-schmehmann.de\/wp-content\/uploads\/2021\/11\/Menk-Schmehmann-Chemie-und-Petrochemie.jpg","contentUrl":"https:\/\/menk-schmehmann.de\/wp-content\/uploads\/2021\/11\/Menk-Schmehmann-Chemie-und-Petrochemie.jpg"},{"@type":"BreadcrumbList","@id":"https:\/\/menk-schmehmann.de\/es\/industrias\/industria-quimica-y-petroquimica\/#breadcrumb","itemListElement":[{"@type":"ListItem","position":1,"name":"Startseite","item":"https:\/\/menk-schmehmann.de\/es\/"},{"@type":"ListItem","position":2,"name":"Industrias","item":"https:\/\/menk-schmehmann.de\/es\/branchen\/"},{"@type":"ListItem","position":3,"name":"Industria qu\u00edmica y petroqu\u00edmica"}]},{"@type":"WebSite","@id":"https:\/\/menk-schmehmann.de\/es\/#website","url":"https:\/\/menk-schmehmann.de\/es\/","name":"Menk-Schmehmann GmbH &amp; Co.KG","description":"Anlagenbau &amp; Rohrverformungstechnik","publisher":{"@id":"https:\/\/menk-schmehmann.de\/es\/#organization"},"potentialAction":[{"@type":"SearchAction","target":{"@type":"EntryPoint","urlTemplate":"https:\/\/menk-schmehmann.de\/es\/?s={search_term_string}"},"query-input":{"@type":"PropertyValueSpecification","valueRequired":true,"valueName":"search_term_string"}}],"inLanguage":"es"},{"@type":"Organization","@id":"https:\/\/menk-schmehmann.de\/es\/#organization","name":"Menk Schmehmann","url":"https:\/\/menk-schmehmann.de\/es\/","logo":{"@type":"ImageObject","inLanguage":"es","@id":"https:\/\/menk-schmehmann.de\/es\/#\/schema\/logo\/image\/","url":"https:\/\/menk-schmehmann.de\/wp-content\/uploads\/2021\/11\/Menk-Schmehmann-Logo.png","contentUrl":"https:\/\/menk-schmehmann.de\/wp-content\/uploads\/2021\/11\/Menk-Schmehmann-Logo.png","width":775,"height":120,"caption":"Menk Schmehmann"},"image":{"@id":"https:\/\/menk-schmehmann.de\/es\/#\/schema\/logo\/image\/"}}]}},"_links":{"self":[{"href":"https:\/\/menk-schmehmann.de\/es\/wp-json\/wp\/v2\/pages\/1712","targetHints":{"allow":["GET"]}}],"collection":[{"href":"https:\/\/menk-schmehmann.de\/es\/wp-json\/wp\/v2\/pages"}],"about":[{"href":"https:\/\/menk-schmehmann.de\/es\/wp-json\/wp\/v2\/types\/page"}],"author":[{"embeddable":true,"href":"https:\/\/menk-schmehmann.de\/es\/wp-json\/wp\/v2\/users\/5"}],"replies":[{"embeddable":true,"href":"https:\/\/menk-schmehmann.de\/es\/wp-json\/wp\/v2\/comments?post=1712"}],"version-history":[{"count":5,"href":"https:\/\/menk-schmehmann.de\/es\/wp-json\/wp\/v2\/pages\/1712\/revisions"}],"predecessor-version":[{"id":7770,"href":"https:\/\/menk-schmehmann.de\/es\/wp-json\/wp\/v2\/pages\/1712\/revisions\/7770"}],"up":[{"embeddable":true,"href":"https:\/\/menk-schmehmann.de\/es\/wp-json\/wp\/v2\/pages\/1666"}],"wp:attachment":[{"href":"https:\/\/menk-schmehmann.de\/es\/wp-json\/wp\/v2\/media?parent=1712"}],"curies":[{"name":"wp","href":"https:\/\/api.w.org\/{rel}","templated":true}]}}