{"id":1692,"date":"2022-07-07T11:54:04","date_gmt":"2022-07-07T09:54:04","guid":{"rendered":"https:\/\/menk-schmehmann.de\/tecnologia-delle-centrali-elettriche-es\/"},"modified":"2025-05-16T09:47:50","modified_gmt":"2025-05-16T07:47:50","slug":"tecnologia-para-centrales-electricas","status":"publish","type":"page","link":"https:\/\/menk-schmehmann.de\/es\/industrias\/tecnologia-para-centrales-electricas\/","title":{"rendered":"Tecnolog\u00eda para centrales el\u00e9ctricas"},"content":{"rendered":"<div id=\"cs-content\" class=\"cs-content\"><div class=\"x-section e1692-e1 m1b0-0 m1b0-1\"><div class=\"x-bg\" aria-hidden=\"true\"><div class=\"x-bg-layer-lower-custom\"><div style=\"width: 100%; height: 40%; background: #FFF;\"><\/div><\/div><\/div><div class=\"x-row x-container max width e1692-e2 m1b0-4 m1b0-5 m1b0-6 m1b0-7 m1b0-8 m1b0-e m1b0-f\"><div class=\"x-row-inner\"><div class=\"x-col e1692-e3 m1b0-k m1b0-l\"><span class=\"x-image e1692-e4 m1b0-s m1b0-t\"><img decoding=\"async\" src=\"https:\/\/menk-schmehmann.de\/wp-content\/uploads\/2021\/11\/Menk-Schmehmann-Kraftwerktechnik.jpg\" width=\"1200\" height=\"665\" alt=\"Image\" loading=\"lazy\"><\/span><div class=\"x-text x-text-headline e1692-e5 m1b0-v m1b0-w\"><div class=\"x-text-content\"><div class=\"x-text-content-text\"><h1 class=\"x-text-content-text-primary\">Tecnolog\u00eda para centrales el\u00e9ctricas:<\/h1>\n<\/div><\/div><\/div><div class=\"x-text x-text-headline e1692-e6 m1b0-w m1b0-x\"><div class=\"x-text-content\"><div class=\"x-text-content-text\"><h2 class=\"x-text-content-text-primary\">M\u00e1xima calidad para un suministro de energ\u00eda fiable<\/h2>\n<\/div><\/div><\/div><\/div><\/div><\/div><\/div><div class=\"x-section e1692-e7 m1b0-0 m1b0-2\"><div class=\"x-row x-container max width e1692-e8 m1b0-4 m1b0-6 m1b0-7 m1b0-8 m1b0-9 m1b0-a m1b0-e m1b0-g\"><div class=\"x-row-inner\"><div class=\"x-col e1692-e9 m1b0-k m1b0-l m1b0-m m1b0-n m1b0-o\"><span class=\"x-image e1692-e10 m1b0-s m1b0-u m1b0-3\"><img decoding=\"async\" src=\"https:\/\/menk-schmehmann.de\/wp-content\/uploads\/2021\/11\/Menk-Schmehmann-Icon-Kraftwwerktechnik.png\" width=\"250\" height=\"250\" alt=\"Image\" loading=\"lazy\"><\/span><\/div><\/div><\/div><div class=\"x-row x-container max width e1692-e11 m1b0-4 m1b0-6 m1b0-7 m1b0-9 m1b0-a m1b0-b m1b0-h\"><div class=\"x-row-inner\"><div class=\"x-col e1692-e12 m1b0-k m1b0-l m1b0-m m1b0-o m1b0-p\"><div class=\"x-text x-content e1692-e13 m1b0-y m1b0-z m1b0-10\"><p><strong>Usted produce la energ\u00eda, nosotros nos aseguramos de que todo funcione sin problemas.<\/strong><\/p>\n<p>Sabemos lo que cuenta en el sector energ\u00e9tico: Seguridad, Calidad y Precisi\u00f3n. Por lo tanto, cada componente individual no solo es fabricado por nuestros especialistas altamente cualificados utilizando m\u00e1quinas de \u00faltima generaci\u00f3n, sino que tambi\u00e9n se somete a una serie de pruebas exhaustivas antes de salir de nuestra f\u00e1brica. As\u00ed es como aseguramos una fiabilidad absoluta para cada uno de los componentes.<\/p>\n<p>Gracias a nuestra gran capacidad de producci\u00f3n, siempre podemos procesar su pedido a corto plazo sin ning\u00fan problema. Independientemente de si se trata de un componente \u00fanico fabricado de acuerdo con sus especificaciones o un pedido que requiere la fabricaci\u00f3n en serie , somos su socio de confianza.<\/p><\/div><\/div><div class=\"x-col e1692-e14 m1b0-k m1b0-q\"><div class=\"x-text x-content e1692-e15 m1b0-z m1b0-10 m1b0-11\"><div><b><span lang=\"EN-US\">Ventajas para Vd<\/span><\/b><\/div>\n<div><\/div><\/div><ul class=\"x-row e1692-e16 m1b0-4 m1b0-9 m1b0-c m1b0-d m1b0-i\"><div class=\"x-row-inner\"><li class=\"x-col e1692-e17 m1b0-k m1b0-l m1b0-m m1b0-n m1b0-r\"><figure class=\"x-div e1692-e18 m1b0-13 m1b0-14\"><i class=\"x-icon e1692-e19 m1b0-16\" aria-hidden=\"true\" data-x-icon-s=\"&#xf00c;\"><\/i><\/figure><div class=\"x-div e1692-e20 m1b0-14 m1b0-15\"><div class=\"x-text x-content e1692-e21 m1b0-y m1b0-z m1b0-12\">Su socio experimentado en tecnolog\u00eda para centrales el\u00e9ctricas<\/div><\/div><\/li><li class=\"x-col e1692-e22 m1b0-k m1b0-l m1b0-m m1b0-n m1b0-r\"><figure class=\"x-div e1692-e23 m1b0-13 m1b0-14\"><i class=\"x-icon e1692-e24 m1b0-16\" aria-hidden=\"true\" data-x-icon-s=\"&#xf00c;\"><\/i><\/figure><div class=\"x-div e1692-e25 m1b0-14 m1b0-15\"><div class=\"x-text x-content e1692-e26 m1b0-y m1b0-z m1b0-12\">Fabricaci\u00f3n en serie  y tambi\u00e9n de piezas especiales, as\u00ed como sistemas completos seg\u00fan sus especificaciones<\/div><\/div><\/li><li class=\"x-col e1692-e27 m1b0-k m1b0-l m1b0-m m1b0-n m1b0-r\"><figure class=\"x-div e1692-e28 m1b0-13 m1b0-14\"><i class=\"x-icon e1692-e29 m1b0-16\" aria-hidden=\"true\" data-x-icon-s=\"&#xf00c;\"><\/i><\/figure><div class=\"x-div e1692-e30 m1b0-14 m1b0-15\"><div class=\"x-text x-content e1692-e31 m1b0-y m1b0-z m1b0-12\">Gesti\u00f3n r\u00e1pida de pedidos y entrega final<\/div><\/div><\/li><li class=\"x-col e1692-e32 m1b0-k m1b0-l m1b0-m m1b0-n m1b0-r\"><figure class=\"x-div e1692-e33 m1b0-13 m1b0-14\"><i class=\"x-icon e1692-e34 m1b0-16\" aria-hidden=\"true\" data-x-icon-s=\"&#xf00c;\"><\/i><\/figure><div class=\"x-div e1692-e35 m1b0-14 m1b0-15\"><div class=\"x-text x-content e1692-e36 m1b0-y m1b0-z m1b0-12\">Control de calidad total seg\u00fan ISO 9001:2015<\/div><\/div><\/li><li class=\"x-col e1692-e37 m1b0-k m1b0-l m1b0-m m1b0-n m1b0-r\"><figure class=\"x-div e1692-e38 m1b0-13 m1b0-14\"><i class=\"x-icon e1692-e39 m1b0-16\" aria-hidden=\"true\" data-x-icon-s=\"&#xf00c;\"><\/i><\/figure><div class=\"x-div e1692-e40 m1b0-14 m1b0-15\"><div class=\"x-text x-content e1692-e41 m1b0-y m1b0-z m1b0-12\">Resultado de producto de primera clase gracias a empleados altamente cualificados<\/div><\/div><\/li><\/div><\/ul><\/div><\/div><\/div><div class=\"x-row x-container max width e1692-e42 m1b0-4 m1b0-5 m1b0-7 m1b0-8 m1b0-d m1b0-e m1b0-j\"><div class=\"x-row-inner\"><div class=\"x-col e1692-e43 m1b0-k m1b0-l\"><div class=\"x-text x-content e1692-e44 m1b0-z m1b0-10 m1b0-11\"><p>\u00bfQu\u00e9 podemos hacer por Vd?  <a title=\"Kontakt\" href=\"\/kontakt\">Cont\u00e1ctenos.<\/a><\/p><\/div><\/div><\/div><\/div><\/div><\/div>","protected":false},"excerpt":{"rendered":"<p>Tecnolog\u00eda para centrales el\u00e9ctricas: M\u00e1xima calidad para un suministro de energ\u00eda fiable Usted produce la energ\u00eda, nosotros nos aseguramos de que todo funcione sin problemas. Sabemos lo que cuenta en el sector energ\u00e9tico: Seguridad, Calidad y Precisi\u00f3n. Por lo tanto, cada componente individual no solo es fabricado por nuestros especialistas altamente cualificados utilizando m\u00e1quinas de \u00faltima generaci\u00f3n, sino que tambi\u00e9n &#8230;<\/p>\n","protected":false},"author":5,"featured_media":0,"parent":1666,"menu_order":0,"comment_status":"closed","ping_status":"closed","template":"template-blank-4.php","meta":{"_acf_changed":false,"footnotes":""},"class_list":["post-1692","page","type-page","status-publish","hentry","no-post-thumbnail"],"acf":[],"yoast_head":"<!-- This site is optimized with the Yoast SEO plugin v26.8 - https:\/\/yoast.com\/product\/yoast-seo-wordpress\/ -->\n<title>Tecnolog\u00eda para centrales el\u00e9ctricas | Menk-Schmehmann GmbH &amp; Co.KG<\/title>\n<meta name=\"robots\" content=\"index, follow, max-snippet:-1, max-image-preview:large, max-video-preview:-1\" \/>\n<link rel=\"canonical\" href=\"https:\/\/menk-schmehmann.de\/es\/industrias\/tecnologia-para-centrales-electricas\/\" \/>\n<meta property=\"og:locale\" content=\"es_ES\" \/>\n<meta property=\"og:type\" content=\"article\" \/>\n<meta property=\"og:title\" content=\"Tecnolog\u00eda para centrales el\u00e9ctricas | Menk-Schmehmann GmbH &amp; Co.KG\" \/>\n<meta property=\"og:description\" content=\"Tecnolog\u00eda para centrales el\u00e9ctricas: M\u00e1xima calidad para un suministro de energ\u00eda fiable Usted produce la energ\u00eda, nosotros nos aseguramos de que todo funcione sin problemas. Sabemos lo que cuenta en el sector energ\u00e9tico: Seguridad, Calidad y Precisi\u00f3n. Por lo tanto, cada componente individual no solo es fabricado por nuestros especialistas altamente cualificados utilizando m\u00e1quinas de \u00faltima generaci\u00f3n, sino que tambi\u00e9n ...\" \/>\n<meta property=\"og:url\" content=\"https:\/\/menk-schmehmann.de\/es\/industrias\/tecnologia-para-centrales-electricas\/\" \/>\n<meta property=\"og:site_name\" content=\"Menk-Schmehmann GmbH &amp; Co.KG\" \/>\n<meta property=\"article:modified_time\" content=\"2025-05-16T07:47:50+00:00\" \/>\n<meta property=\"og:image\" content=\"https:\/\/menk-schmehmann.de\/wp-content\/uploads\/2021\/11\/Menk-Schmehmann-Kraftwerktechnik.jpg\" \/>\n<meta name=\"twitter:card\" content=\"summary_large_image\" \/>\n<meta name=\"twitter:label1\" content=\"Tiempo de lectura\" \/>\n\t<meta name=\"twitter:data1\" content=\"1 minuto\" \/>\n<script type=\"application\/ld+json\" class=\"yoast-schema-graph\">{\"@context\":\"https:\/\/schema.org\",\"@graph\":[{\"@type\":\"WebPage\",\"@id\":\"https:\/\/menk-schmehmann.de\/es\/industrias\/tecnologia-para-centrales-electricas\/\",\"url\":\"https:\/\/menk-schmehmann.de\/es\/industrias\/tecnologia-para-centrales-electricas\/\",\"name\":\"Tecnolog\u00eda para centrales el\u00e9ctricas | Menk-Schmehmann GmbH &amp; Co.KG\",\"isPartOf\":{\"@id\":\"https:\/\/menk-schmehmann.de\/es\/#website\"},\"primaryImageOfPage\":{\"@id\":\"https:\/\/menk-schmehmann.de\/es\/industrias\/tecnologia-para-centrales-electricas\/#primaryimage\"},\"image\":{\"@id\":\"https:\/\/menk-schmehmann.de\/es\/industrias\/tecnologia-para-centrales-electricas\/#primaryimage\"},\"thumbnailUrl\":\"https:\/\/menk-schmehmann.de\/wp-content\/uploads\/2021\/11\/Menk-Schmehmann-Kraftwerktechnik.jpg\",\"datePublished\":\"2022-07-07T09:54:04+00:00\",\"dateModified\":\"2025-05-16T07:47:50+00:00\",\"breadcrumb\":{\"@id\":\"https:\/\/menk-schmehmann.de\/es\/industrias\/tecnologia-para-centrales-electricas\/#breadcrumb\"},\"inLanguage\":\"es\",\"potentialAction\":[{\"@type\":\"ReadAction\",\"target\":[\"https:\/\/menk-schmehmann.de\/es\/industrias\/tecnologia-para-centrales-electricas\/\"]}]},{\"@type\":\"ImageObject\",\"inLanguage\":\"es\",\"@id\":\"https:\/\/menk-schmehmann.de\/es\/industrias\/tecnologia-para-centrales-electricas\/#primaryimage\",\"url\":\"https:\/\/menk-schmehmann.de\/wp-content\/uploads\/2021\/11\/Menk-Schmehmann-Kraftwerktechnik.jpg\",\"contentUrl\":\"https:\/\/menk-schmehmann.de\/wp-content\/uploads\/2021\/11\/Menk-Schmehmann-Kraftwerktechnik.jpg\"},{\"@type\":\"BreadcrumbList\",\"@id\":\"https:\/\/menk-schmehmann.de\/es\/industrias\/tecnologia-para-centrales-electricas\/#breadcrumb\",\"itemListElement\":[{\"@type\":\"ListItem\",\"position\":1,\"name\":\"Startseite\",\"item\":\"https:\/\/menk-schmehmann.de\/es\/\"},{\"@type\":\"ListItem\",\"position\":2,\"name\":\"Industrias\",\"item\":\"https:\/\/menk-schmehmann.de\/es\/branchen\/\"},{\"@type\":\"ListItem\",\"position\":3,\"name\":\"Tecnolog\u00eda para centrales el\u00e9ctricas\"}]},{\"@type\":\"WebSite\",\"@id\":\"https:\/\/menk-schmehmann.de\/es\/#website\",\"url\":\"https:\/\/menk-schmehmann.de\/es\/\",\"name\":\"Menk-Schmehmann GmbH &amp; Co.KG\",\"description\":\"Anlagenbau &amp; Rohrverformungstechnik\",\"publisher\":{\"@id\":\"https:\/\/menk-schmehmann.de\/es\/#organization\"},\"potentialAction\":[{\"@type\":\"SearchAction\",\"target\":{\"@type\":\"EntryPoint\",\"urlTemplate\":\"https:\/\/menk-schmehmann.de\/es\/?s={search_term_string}\"},\"query-input\":{\"@type\":\"PropertyValueSpecification\",\"valueRequired\":true,\"valueName\":\"search_term_string\"}}],\"inLanguage\":\"es\"},{\"@type\":\"Organization\",\"@id\":\"https:\/\/menk-schmehmann.de\/es\/#organization\",\"name\":\"Menk Schmehmann\",\"url\":\"https:\/\/menk-schmehmann.de\/es\/\",\"logo\":{\"@type\":\"ImageObject\",\"inLanguage\":\"es\",\"@id\":\"https:\/\/menk-schmehmann.de\/es\/#\/schema\/logo\/image\/\",\"url\":\"https:\/\/menk-schmehmann.de\/wp-content\/uploads\/2021\/11\/Menk-Schmehmann-Logo.png\",\"contentUrl\":\"https:\/\/menk-schmehmann.de\/wp-content\/uploads\/2021\/11\/Menk-Schmehmann-Logo.png\",\"width\":775,\"height\":120,\"caption\":\"Menk Schmehmann\"},\"image\":{\"@id\":\"https:\/\/menk-schmehmann.de\/es\/#\/schema\/logo\/image\/\"}}]}<\/script>\n<!-- \/ Yoast SEO plugin. -->","yoast_head_json":{"title":"Tecnolog\u00eda para centrales el\u00e9ctricas | Menk-Schmehmann GmbH &amp; Co.KG","robots":{"index":"index","follow":"follow","max-snippet":"max-snippet:-1","max-image-preview":"max-image-preview:large","max-video-preview":"max-video-preview:-1"},"canonical":"https:\/\/menk-schmehmann.de\/es\/industrias\/tecnologia-para-centrales-electricas\/","og_locale":"es_ES","og_type":"article","og_title":"Tecnolog\u00eda para centrales el\u00e9ctricas | Menk-Schmehmann GmbH &amp; Co.KG","og_description":"Tecnolog\u00eda para centrales el\u00e9ctricas: M\u00e1xima calidad para un suministro de energ\u00eda fiable Usted produce la energ\u00eda, nosotros nos aseguramos de que todo funcione sin problemas. Sabemos lo que cuenta en el sector energ\u00e9tico: Seguridad, Calidad y Precisi\u00f3n. Por lo tanto, cada componente individual no solo es fabricado por nuestros especialistas altamente cualificados utilizando m\u00e1quinas de \u00faltima generaci\u00f3n, sino que tambi\u00e9n ...","og_url":"https:\/\/menk-schmehmann.de\/es\/industrias\/tecnologia-para-centrales-electricas\/","og_site_name":"Menk-Schmehmann GmbH &amp; Co.KG","article_modified_time":"2025-05-16T07:47:50+00:00","og_image":[{"url":"https:\/\/menk-schmehmann.de\/wp-content\/uploads\/2021\/11\/Menk-Schmehmann-Kraftwerktechnik.jpg","type":"","width":"","height":""}],"twitter_card":"summary_large_image","twitter_misc":{"Tiempo de lectura":"1 minuto"},"schema":{"@context":"https:\/\/schema.org","@graph":[{"@type":"WebPage","@id":"https:\/\/menk-schmehmann.de\/es\/industrias\/tecnologia-para-centrales-electricas\/","url":"https:\/\/menk-schmehmann.de\/es\/industrias\/tecnologia-para-centrales-electricas\/","name":"Tecnolog\u00eda para centrales el\u00e9ctricas | Menk-Schmehmann GmbH &amp; Co.KG","isPartOf":{"@id":"https:\/\/menk-schmehmann.de\/es\/#website"},"primaryImageOfPage":{"@id":"https:\/\/menk-schmehmann.de\/es\/industrias\/tecnologia-para-centrales-electricas\/#primaryimage"},"image":{"@id":"https:\/\/menk-schmehmann.de\/es\/industrias\/tecnologia-para-centrales-electricas\/#primaryimage"},"thumbnailUrl":"https:\/\/menk-schmehmann.de\/wp-content\/uploads\/2021\/11\/Menk-Schmehmann-Kraftwerktechnik.jpg","datePublished":"2022-07-07T09:54:04+00:00","dateModified":"2025-05-16T07:47:50+00:00","breadcrumb":{"@id":"https:\/\/menk-schmehmann.de\/es\/industrias\/tecnologia-para-centrales-electricas\/#breadcrumb"},"inLanguage":"es","potentialAction":[{"@type":"ReadAction","target":["https:\/\/menk-schmehmann.de\/es\/industrias\/tecnologia-para-centrales-electricas\/"]}]},{"@type":"ImageObject","inLanguage":"es","@id":"https:\/\/menk-schmehmann.de\/es\/industrias\/tecnologia-para-centrales-electricas\/#primaryimage","url":"https:\/\/menk-schmehmann.de\/wp-content\/uploads\/2021\/11\/Menk-Schmehmann-Kraftwerktechnik.jpg","contentUrl":"https:\/\/menk-schmehmann.de\/wp-content\/uploads\/2021\/11\/Menk-Schmehmann-Kraftwerktechnik.jpg"},{"@type":"BreadcrumbList","@id":"https:\/\/menk-schmehmann.de\/es\/industrias\/tecnologia-para-centrales-electricas\/#breadcrumb","itemListElement":[{"@type":"ListItem","position":1,"name":"Startseite","item":"https:\/\/menk-schmehmann.de\/es\/"},{"@type":"ListItem","position":2,"name":"Industrias","item":"https:\/\/menk-schmehmann.de\/es\/branchen\/"},{"@type":"ListItem","position":3,"name":"Tecnolog\u00eda para centrales el\u00e9ctricas"}]},{"@type":"WebSite","@id":"https:\/\/menk-schmehmann.de\/es\/#website","url":"https:\/\/menk-schmehmann.de\/es\/","name":"Menk-Schmehmann GmbH &amp; Co.KG","description":"Anlagenbau &amp; Rohrverformungstechnik","publisher":{"@id":"https:\/\/menk-schmehmann.de\/es\/#organization"},"potentialAction":[{"@type":"SearchAction","target":{"@type":"EntryPoint","urlTemplate":"https:\/\/menk-schmehmann.de\/es\/?s={search_term_string}"},"query-input":{"@type":"PropertyValueSpecification","valueRequired":true,"valueName":"search_term_string"}}],"inLanguage":"es"},{"@type":"Organization","@id":"https:\/\/menk-schmehmann.de\/es\/#organization","name":"Menk Schmehmann","url":"https:\/\/menk-schmehmann.de\/es\/","logo":{"@type":"ImageObject","inLanguage":"es","@id":"https:\/\/menk-schmehmann.de\/es\/#\/schema\/logo\/image\/","url":"https:\/\/menk-schmehmann.de\/wp-content\/uploads\/2021\/11\/Menk-Schmehmann-Logo.png","contentUrl":"https:\/\/menk-schmehmann.de\/wp-content\/uploads\/2021\/11\/Menk-Schmehmann-Logo.png","width":775,"height":120,"caption":"Menk Schmehmann"},"image":{"@id":"https:\/\/menk-schmehmann.de\/es\/#\/schema\/logo\/image\/"}}]}},"_links":{"self":[{"href":"https:\/\/menk-schmehmann.de\/es\/wp-json\/wp\/v2\/pages\/1692","targetHints":{"allow":["GET"]}}],"collection":[{"href":"https:\/\/menk-schmehmann.de\/es\/wp-json\/wp\/v2\/pages"}],"about":[{"href":"https:\/\/menk-schmehmann.de\/es\/wp-json\/wp\/v2\/types\/page"}],"author":[{"embeddable":true,"href":"https:\/\/menk-schmehmann.de\/es\/wp-json\/wp\/v2\/users\/5"}],"replies":[{"embeddable":true,"href":"https:\/\/menk-schmehmann.de\/es\/wp-json\/wp\/v2\/comments?post=1692"}],"version-history":[{"count":5,"href":"https:\/\/menk-schmehmann.de\/es\/wp-json\/wp\/v2\/pages\/1692\/revisions"}],"predecessor-version":[{"id":7769,"href":"https:\/\/menk-schmehmann.de\/es\/wp-json\/wp\/v2\/pages\/1692\/revisions\/7769"}],"up":[{"embeddable":true,"href":"https:\/\/menk-schmehmann.de\/es\/wp-json\/wp\/v2\/pages\/1666"}],"wp:attachment":[{"href":"https:\/\/menk-schmehmann.de\/es\/wp-json\/wp\/v2\/media?parent=1692"}],"curies":[{"name":"wp","href":"https:\/\/api.w.org\/{rel}","templated":true}]}}