{"id":1666,"date":"2022-07-06T13:08:09","date_gmt":"2022-07-06T11:08:09","guid":{"rendered":"https:\/\/menk-schmehmann.de\/industrias\/"},"modified":"2025-05-16T09:47:47","modified_gmt":"2025-05-16T07:47:47","slug":"industrias","status":"publish","type":"page","link":"https:\/\/menk-schmehmann.de\/es\/industrias\/","title":{"rendered":"Industrias"},"content":{"rendered":"<div id=\"cs-content\" class=\"cs-content\"><div class=\"x-section e1666-e1 m1aa-0\"><div class=\"x-row x-container max width e1666-e2 m1aa-2 m1aa-3 m1aa-5\"><div class=\"x-row-inner\"><div class=\"x-col e1666-e3 m1aa-7 m1aa-8\"><div class=\"x-text x-text-headline e1666-e4 m1aa-a m1aa-b m1aa-c\"><div class=\"x-text-content\"><div class=\"x-text-content-text\"><h1 class=\"x-text-content-text-primary\">Industrias:<\/h1>\n<\/div><\/div><\/div><div class=\"x-text x-text-headline e1666-e5 m1aa-a m1aa-c m1aa-d m1aa-e\"><div class=\"x-text-content\"><div class=\"x-text-content-text\"><h2 class=\"x-text-content-text-primary\">Su socio de confianza<\/h2>\n<\/div><\/div><\/div><div class=\"x-text x-content e1666-e6 m1aa-g\"><p>Como una de las empresas l\u00edderes en el mundo en la producci\u00f3n de serpentines planos y sistemas de bobinas tubulares, somos la primera parada para proyectos en los sectores energ\u00e9tico, qu\u00edmico y petroqu\u00edmico, construcci\u00f3n de aparatos y plantas, as\u00ed como para la industria alimentaria y farmac\u00e9utica.<\/p>\n<p>Nuestros muchos a\u00f1os de experiencia nos permiten implementar incluso dise\u00f1os complejos exactamente de acuerdo con las especificaciones de nuestros clientes o ejecutar grandes pedidos r\u00e1pidamente gracias a nuestro alto nivel de integraci\u00f3n vertical.<\/p><\/div><\/div><\/div><\/div><div class=\"x-row x-container max width e1666-e7 m1aa-2 m1aa-4 m1aa-6\"><div class=\"x-row-inner\"><a class=\"x-col e1666-e8 m1aa-7 m1aa-9\" href=\"https:\/\/menk-schmehmann.de\/branchen\/kraftwerktechnik\/\" data-x-effect-provider=\"colors particles effects\"><div class=\"x-div e1666-e9 m1aa-h m1aa-i\"><span class=\"x-image e1666-e10 m1aa-j m1aa-1\" data-x-effect=\"{&quot;durationBase&quot;:&quot;0ms&quot;}\"><img decoding=\"async\" src=\"https:\/\/menk-schmehmann.de\/wp-content\/uploads\/2021\/11\/Menk-Schmehmann-Icon-Kraftwwerktechnik.png\" width=\"250\" height=\"250\" alt=\"Image\" loading=\"lazy\"><\/span><div class=\"x-text x-text-headline e1666-e11 m1aa-a m1aa-d m1aa-f\"><div class=\"x-text-content\"><div class=\"x-text-content-text\"><h2 class=\"x-text-content-text-primary\">Tecnolog\u00eda para centrales el\u00e9ctricas<\/h2>\n<span class=\"x-text-content-text-subheadline\">M\u00e1xima calidad para un suministro de energ\u00eda fiable<\/span><\/div><\/div><\/div><\/div><div class=\"x-div e1666-e12 m1aa-i\"><span class=\"x-anchor x-anchor-button has-graphic has-particle e1666-e13 m1aa-k\" tabindex=\"0\"><span class=\"x-particle is-primary\" data-x-particle=\"scale-x inside-c_l\" aria-hidden=\"true\"><span style=\"\"><\/span><\/span><div class=\"x-anchor-content\"><span class=\"x-graphic\" aria-hidden=\"true\"><i class=\"x-icon x-graphic-child x-graphic-icon x-graphic-primary\" aria-hidden=\"true\" data-x-icon-s=\"&#xf105;\"><\/i><\/span><div class=\"x-anchor-text\"><span class=\"x-anchor-text-primary\">m\u00e1s<\/span><\/div><\/div><\/span><\/div><\/a><a class=\"x-col e1666-e14 m1aa-7 m1aa-9\" href=\"https:\/\/menk-schmehmann.de\/branchen\/chemie-petrochemie\/\" data-x-effect-provider=\"colors particles effects\"><div class=\"x-div e1666-e15 m1aa-h m1aa-i\"><span class=\"x-image e1666-e16 m1aa-j m1aa-1\" data-x-effect=\"{&quot;durationBase&quot;:&quot;0ms&quot;}\"><img decoding=\"async\" src=\"https:\/\/menk-schmehmann.de\/wp-content\/uploads\/2021\/11\/Menk-Schmehmann-Icon-Chemie.png\" width=\"250\" height=\"250\" alt=\"Image\" loading=\"lazy\"><\/span><div class=\"x-text x-text-headline e1666-e17 m1aa-a m1aa-d m1aa-f\"><div class=\"x-text-content\"><div class=\"x-text-content-text\"><h2 class=\"x-text-content-text-primary\">Industria qu\u00edmica y petroqu\u00edmica<\/h2>\n<span class=\"x-text-content-text-subheadline\">Cuando la seguridad es primordial<\/span><\/div><\/div><\/div><\/div><div class=\"x-div e1666-e18 m1aa-i\"><span class=\"x-anchor x-anchor-button has-graphic has-particle e1666-e19 m1aa-k\" tabindex=\"0\"><span class=\"x-particle is-primary\" data-x-particle=\"scale-x inside-c_l\" aria-hidden=\"true\"><span style=\"\"><\/span><\/span><div class=\"x-anchor-content\"><span class=\"x-graphic\" aria-hidden=\"true\"><i class=\"x-icon x-graphic-child x-graphic-icon x-graphic-primary\" aria-hidden=\"true\" data-x-icon-s=\"&#xf105;\"><\/i><\/span><div class=\"x-anchor-text\"><span class=\"x-anchor-text-primary\">m\u00e1s<\/span><\/div><\/div><\/span><\/div><\/a><a class=\"x-col e1666-e20 m1aa-7 m1aa-9\" href=\"https:\/\/menk-schmehmann.de\/branchen\/apparate-anlagenbau\/\" data-x-effect-provider=\"colors particles effects\"><div class=\"x-div e1666-e21 m1aa-h m1aa-i\"><span class=\"x-image e1666-e22 m1aa-j m1aa-1\" data-x-effect=\"{&quot;durationBase&quot;:&quot;0ms&quot;}\"><img decoding=\"async\" src=\"https:\/\/menk-schmehmann.de\/wp-content\/uploads\/2021\/11\/Menk-Schmehmann-Icon-Apparate.png\" width=\"250\" height=\"250\" alt=\"Image\" loading=\"lazy\"><\/span><div class=\"x-text x-text-headline e1666-e23 m1aa-a m1aa-d m1aa-f\"><div class=\"x-text-content\"><div class=\"x-text-content-text\"><h2 class=\"x-text-content-text-primary\">Construcci\u00f3n de equipos y de plantas completas<\/h2>\n<span class=\"x-text-content-text-subheadline\">Tecnolog\u00eda de punta<\/span><\/div><\/div><\/div><\/div><div class=\"x-div e1666-e24 m1aa-i\"><span class=\"x-anchor x-anchor-button has-graphic has-particle e1666-e25 m1aa-k\" tabindex=\"0\"><span class=\"x-particle is-primary\" data-x-particle=\"scale-x inside-c_l\" aria-hidden=\"true\"><span style=\"\"><\/span><\/span><div class=\"x-anchor-content\"><span class=\"x-graphic\" aria-hidden=\"true\"><i class=\"x-icon x-graphic-child x-graphic-icon x-graphic-primary\" aria-hidden=\"true\" data-x-icon-s=\"&#xf105;\"><\/i><\/span><div class=\"x-anchor-text\"><span class=\"x-anchor-text-primary\">m\u00e1s<\/span><\/div><\/div><\/span><\/div><\/a><a class=\"x-col e1666-e26 m1aa-7 m1aa-9\" href=\"https:\/\/menk-schmehmann.de\/branchen\/lebensmittel-pharmaindustrie\/\" data-x-effect-provider=\"colors particles effects\"><div class=\"x-div e1666-e27 m1aa-h m1aa-i\"><span class=\"x-image e1666-e28 m1aa-j m1aa-1\" data-x-effect=\"{&quot;durationBase&quot;:&quot;0ms&quot;}\"><img decoding=\"async\" src=\"https:\/\/menk-schmehmann.de\/wp-content\/uploads\/2021\/11\/Menk-Schmehmann-Icon-Lebensmittel.png\" width=\"250\" height=\"250\" alt=\"Image\" loading=\"lazy\"><\/span><div class=\"x-text x-text-headline e1666-e29 m1aa-a m1aa-d m1aa-f\"><div class=\"x-text-content\"><div class=\"x-text-content-text\"><h2 class=\"x-text-content-text-primary\">Industria alimentaria y farmaceutica<\/h2>\n<span class=\"x-text-content-text-subheadline\">Cuando la higiene cuenta<\/span><\/div><\/div><\/div><\/div><div class=\"x-div e1666-e30 m1aa-i\"><span class=\"x-anchor x-anchor-button has-graphic has-particle e1666-e31 m1aa-k\" tabindex=\"0\"><span class=\"x-particle is-primary\" data-x-particle=\"scale-x inside-c_l\" aria-hidden=\"true\"><span style=\"\"><\/span><\/span><div class=\"x-anchor-content\"><span class=\"x-graphic\" aria-hidden=\"true\"><i class=\"x-icon x-graphic-child x-graphic-icon x-graphic-primary\" aria-hidden=\"true\" data-x-icon-s=\"&#xf105;\"><\/i><\/span><div class=\"x-anchor-text\"><span class=\"x-anchor-text-primary\">m\u00e1s<\/span><\/div><\/div><\/span><\/div><\/a><\/div><\/div><\/div><\/div>","protected":false},"excerpt":{"rendered":"<p>Industrias: Su socio de confianza Como una de las empresas l\u00edderes en el mundo en la producci\u00f3n de serpentines planos y sistemas de bobinas tubulares, somos la primera parada para proyectos en los sectores energ\u00e9tico, qu\u00edmico y petroqu\u00edmico, construcci\u00f3n de aparatos y plantas, as\u00ed como para la industria alimentaria y farmac\u00e9utica. Nuestros muchos a\u00f1os de experiencia nos permiten implementar incluso &#8230;<\/p>\n","protected":false},"author":5,"featured_media":0,"parent":0,"menu_order":0,"comment_status":"closed","ping_status":"closed","template":"template-blank-4.php","meta":{"_acf_changed":false,"footnotes":""},"class_list":["post-1666","page","type-page","status-publish","hentry","no-post-thumbnail"],"acf":[],"yoast_head":"<!-- This site is optimized with the Yoast SEO plugin v26.8 - https:\/\/yoast.com\/product\/yoast-seo-wordpress\/ -->\n<title>Industrias | Menk-Schmehmann GmbH &amp; Co.KG<\/title>\n<meta name=\"robots\" content=\"index, follow, max-snippet:-1, max-image-preview:large, max-video-preview:-1\" \/>\n<link rel=\"canonical\" href=\"https:\/\/menk-schmehmann.de\/es\/industrias\/\" \/>\n<meta property=\"og:locale\" content=\"es_ES\" \/>\n<meta property=\"og:type\" content=\"article\" \/>\n<meta property=\"og:title\" content=\"Industrias | Menk-Schmehmann GmbH &amp; Co.KG\" \/>\n<meta property=\"og:description\" content=\"Industrias: Su socio de confianza Como una de las empresas l\u00edderes en el mundo en la producci\u00f3n de serpentines planos y sistemas de bobinas tubulares, somos la primera parada para proyectos en los sectores energ\u00e9tico, qu\u00edmico y petroqu\u00edmico, construcci\u00f3n de aparatos y plantas, as\u00ed como para la industria alimentaria y farmac\u00e9utica. Nuestros muchos a\u00f1os de experiencia nos permiten implementar incluso ...\" \/>\n<meta property=\"og:url\" content=\"https:\/\/menk-schmehmann.de\/es\/industrias\/\" \/>\n<meta property=\"og:site_name\" content=\"Menk-Schmehmann GmbH &amp; Co.KG\" \/>\n<meta property=\"article:modified_time\" content=\"2025-05-16T07:47:47+00:00\" \/>\n<meta property=\"og:image\" content=\"https:\/\/menk-schmehmann.de\/wp-content\/uploads\/2021\/11\/Menk-Schmehmann-Icon-Kraftwwerktechnik.png\" \/>\n<meta name=\"twitter:card\" content=\"summary_large_image\" \/>\n<meta name=\"twitter:label1\" content=\"Tiempo de lectura\" \/>\n\t<meta name=\"twitter:data1\" content=\"1 minuto\" \/>\n<script type=\"application\/ld+json\" class=\"yoast-schema-graph\">{\"@context\":\"https:\/\/schema.org\",\"@graph\":[{\"@type\":\"WebPage\",\"@id\":\"https:\/\/menk-schmehmann.de\/es\/industrias\/\",\"url\":\"https:\/\/menk-schmehmann.de\/es\/industrias\/\",\"name\":\"Industrias | Menk-Schmehmann GmbH &amp; Co.KG\",\"isPartOf\":{\"@id\":\"https:\/\/menk-schmehmann.de\/es\/#website\"},\"primaryImageOfPage\":{\"@id\":\"https:\/\/menk-schmehmann.de\/es\/industrias\/#primaryimage\"},\"image\":{\"@id\":\"https:\/\/menk-schmehmann.de\/es\/industrias\/#primaryimage\"},\"thumbnailUrl\":\"https:\/\/menk-schmehmann.de\/wp-content\/uploads\/2021\/11\/Menk-Schmehmann-Icon-Kraftwwerktechnik.png\",\"datePublished\":\"2022-07-06T11:08:09+00:00\",\"dateModified\":\"2025-05-16T07:47:47+00:00\",\"breadcrumb\":{\"@id\":\"https:\/\/menk-schmehmann.de\/es\/industrias\/#breadcrumb\"},\"inLanguage\":\"es\",\"potentialAction\":[{\"@type\":\"ReadAction\",\"target\":[\"https:\/\/menk-schmehmann.de\/es\/industrias\/\"]}]},{\"@type\":\"ImageObject\",\"inLanguage\":\"es\",\"@id\":\"https:\/\/menk-schmehmann.de\/es\/industrias\/#primaryimage\",\"url\":\"https:\/\/menk-schmehmann.de\/wp-content\/uploads\/2021\/11\/Menk-Schmehmann-Icon-Kraftwwerktechnik.png\",\"contentUrl\":\"https:\/\/menk-schmehmann.de\/wp-content\/uploads\/2021\/11\/Menk-Schmehmann-Icon-Kraftwwerktechnik.png\"},{\"@type\":\"BreadcrumbList\",\"@id\":\"https:\/\/menk-schmehmann.de\/es\/industrias\/#breadcrumb\",\"itemListElement\":[{\"@type\":\"ListItem\",\"position\":1,\"name\":\"Startseite\",\"item\":\"https:\/\/menk-schmehmann.de\/es\/\"},{\"@type\":\"ListItem\",\"position\":2,\"name\":\"Industrias\"}]},{\"@type\":\"WebSite\",\"@id\":\"https:\/\/menk-schmehmann.de\/es\/#website\",\"url\":\"https:\/\/menk-schmehmann.de\/es\/\",\"name\":\"Menk-Schmehmann GmbH &amp; Co.KG\",\"description\":\"Anlagenbau &amp; Rohrverformungstechnik\",\"publisher\":{\"@id\":\"https:\/\/menk-schmehmann.de\/es\/#organization\"},\"potentialAction\":[{\"@type\":\"SearchAction\",\"target\":{\"@type\":\"EntryPoint\",\"urlTemplate\":\"https:\/\/menk-schmehmann.de\/es\/?s={search_term_string}\"},\"query-input\":{\"@type\":\"PropertyValueSpecification\",\"valueRequired\":true,\"valueName\":\"search_term_string\"}}],\"inLanguage\":\"es\"},{\"@type\":\"Organization\",\"@id\":\"https:\/\/menk-schmehmann.de\/es\/#organization\",\"name\":\"Menk Schmehmann\",\"url\":\"https:\/\/menk-schmehmann.de\/es\/\",\"logo\":{\"@type\":\"ImageObject\",\"inLanguage\":\"es\",\"@id\":\"https:\/\/menk-schmehmann.de\/es\/#\/schema\/logo\/image\/\",\"url\":\"https:\/\/menk-schmehmann.de\/wp-content\/uploads\/2021\/11\/Menk-Schmehmann-Logo.png\",\"contentUrl\":\"https:\/\/menk-schmehmann.de\/wp-content\/uploads\/2021\/11\/Menk-Schmehmann-Logo.png\",\"width\":775,\"height\":120,\"caption\":\"Menk Schmehmann\"},\"image\":{\"@id\":\"https:\/\/menk-schmehmann.de\/es\/#\/schema\/logo\/image\/\"}}]}<\/script>\n<!-- \/ Yoast SEO plugin. -->","yoast_head_json":{"title":"Industrias | Menk-Schmehmann GmbH &amp; Co.KG","robots":{"index":"index","follow":"follow","max-snippet":"max-snippet:-1","max-image-preview":"max-image-preview:large","max-video-preview":"max-video-preview:-1"},"canonical":"https:\/\/menk-schmehmann.de\/es\/industrias\/","og_locale":"es_ES","og_type":"article","og_title":"Industrias | Menk-Schmehmann GmbH &amp; Co.KG","og_description":"Industrias: Su socio de confianza Como una de las empresas l\u00edderes en el mundo en la producci\u00f3n de serpentines planos y sistemas de bobinas tubulares, somos la primera parada para proyectos en los sectores energ\u00e9tico, qu\u00edmico y petroqu\u00edmico, construcci\u00f3n de aparatos y plantas, as\u00ed como para la industria alimentaria y farmac\u00e9utica. Nuestros muchos a\u00f1os de experiencia nos permiten implementar incluso ...","og_url":"https:\/\/menk-schmehmann.de\/es\/industrias\/","og_site_name":"Menk-Schmehmann GmbH &amp; Co.KG","article_modified_time":"2025-05-16T07:47:47+00:00","og_image":[{"url":"https:\/\/menk-schmehmann.de\/wp-content\/uploads\/2021\/11\/Menk-Schmehmann-Icon-Kraftwwerktechnik.png","type":"","width":"","height":""}],"twitter_card":"summary_large_image","twitter_misc":{"Tiempo de lectura":"1 minuto"},"schema":{"@context":"https:\/\/schema.org","@graph":[{"@type":"WebPage","@id":"https:\/\/menk-schmehmann.de\/es\/industrias\/","url":"https:\/\/menk-schmehmann.de\/es\/industrias\/","name":"Industrias | Menk-Schmehmann GmbH &amp; Co.KG","isPartOf":{"@id":"https:\/\/menk-schmehmann.de\/es\/#website"},"primaryImageOfPage":{"@id":"https:\/\/menk-schmehmann.de\/es\/industrias\/#primaryimage"},"image":{"@id":"https:\/\/menk-schmehmann.de\/es\/industrias\/#primaryimage"},"thumbnailUrl":"https:\/\/menk-schmehmann.de\/wp-content\/uploads\/2021\/11\/Menk-Schmehmann-Icon-Kraftwwerktechnik.png","datePublished":"2022-07-06T11:08:09+00:00","dateModified":"2025-05-16T07:47:47+00:00","breadcrumb":{"@id":"https:\/\/menk-schmehmann.de\/es\/industrias\/#breadcrumb"},"inLanguage":"es","potentialAction":[{"@type":"ReadAction","target":["https:\/\/menk-schmehmann.de\/es\/industrias\/"]}]},{"@type":"ImageObject","inLanguage":"es","@id":"https:\/\/menk-schmehmann.de\/es\/industrias\/#primaryimage","url":"https:\/\/menk-schmehmann.de\/wp-content\/uploads\/2021\/11\/Menk-Schmehmann-Icon-Kraftwwerktechnik.png","contentUrl":"https:\/\/menk-schmehmann.de\/wp-content\/uploads\/2021\/11\/Menk-Schmehmann-Icon-Kraftwwerktechnik.png"},{"@type":"BreadcrumbList","@id":"https:\/\/menk-schmehmann.de\/es\/industrias\/#breadcrumb","itemListElement":[{"@type":"ListItem","position":1,"name":"Startseite","item":"https:\/\/menk-schmehmann.de\/es\/"},{"@type":"ListItem","position":2,"name":"Industrias"}]},{"@type":"WebSite","@id":"https:\/\/menk-schmehmann.de\/es\/#website","url":"https:\/\/menk-schmehmann.de\/es\/","name":"Menk-Schmehmann GmbH &amp; Co.KG","description":"Anlagenbau &amp; Rohrverformungstechnik","publisher":{"@id":"https:\/\/menk-schmehmann.de\/es\/#organization"},"potentialAction":[{"@type":"SearchAction","target":{"@type":"EntryPoint","urlTemplate":"https:\/\/menk-schmehmann.de\/es\/?s={search_term_string}"},"query-input":{"@type":"PropertyValueSpecification","valueRequired":true,"valueName":"search_term_string"}}],"inLanguage":"es"},{"@type":"Organization","@id":"https:\/\/menk-schmehmann.de\/es\/#organization","name":"Menk Schmehmann","url":"https:\/\/menk-schmehmann.de\/es\/","logo":{"@type":"ImageObject","inLanguage":"es","@id":"https:\/\/menk-schmehmann.de\/es\/#\/schema\/logo\/image\/","url":"https:\/\/menk-schmehmann.de\/wp-content\/uploads\/2021\/11\/Menk-Schmehmann-Logo.png","contentUrl":"https:\/\/menk-schmehmann.de\/wp-content\/uploads\/2021\/11\/Menk-Schmehmann-Logo.png","width":775,"height":120,"caption":"Menk Schmehmann"},"image":{"@id":"https:\/\/menk-schmehmann.de\/es\/#\/schema\/logo\/image\/"}}]}},"_links":{"self":[{"href":"https:\/\/menk-schmehmann.de\/es\/wp-json\/wp\/v2\/pages\/1666","targetHints":{"allow":["GET"]}}],"collection":[{"href":"https:\/\/menk-schmehmann.de\/es\/wp-json\/wp\/v2\/pages"}],"about":[{"href":"https:\/\/menk-schmehmann.de\/es\/wp-json\/wp\/v2\/types\/page"}],"author":[{"embeddable":true,"href":"https:\/\/menk-schmehmann.de\/es\/wp-json\/wp\/v2\/users\/5"}],"replies":[{"embeddable":true,"href":"https:\/\/menk-schmehmann.de\/es\/wp-json\/wp\/v2\/comments?post=1666"}],"version-history":[{"count":6,"href":"https:\/\/menk-schmehmann.de\/es\/wp-json\/wp\/v2\/pages\/1666\/revisions"}],"predecessor-version":[{"id":7768,"href":"https:\/\/menk-schmehmann.de\/es\/wp-json\/wp\/v2\/pages\/1666\/revisions\/7768"}],"wp:attachment":[{"href":"https:\/\/menk-schmehmann.de\/es\/wp-json\/wp\/v2\/media?parent=1666"}],"curies":[{"name":"wp","href":"https:\/\/api.w.org\/{rel}","templated":true}]}}