{"id":582,"date":"2021-11-16T22:50:46","date_gmt":"2021-11-16T21:50:46","guid":{"rendered":"https:\/\/menk-schmehmann.de\/karriere\/stellenangebote\/"},"modified":"2025-05-16T09:47:10","modified_gmt":"2025-05-16T07:47:10","slug":"current-vacancies","status":"publish","type":"page","link":"https:\/\/menk-schmehmann.de\/en\/career\/current-vacancies\/","title":{"rendered":"Current vacancies"},"content":{"rendered":"<div id=\"cs-content\" class=\"cs-content\"><div class=\"x-section e582-e1 mg6-0 mg6-1\"><div class=\"x-bg\" aria-hidden=\"true\"><div class=\"x-bg-layer-lower-custom\"><div style=\"width: 100%; height: 40%; background: #FFF;\"><\/div><\/div><\/div><div class=\"x-row x-container max width e582-e2 mg6-3 mg6-4 mg6-5 mg6-8 mg6-9\"><div class=\"x-row-inner\"><div class=\"x-col e582-e3 mg6-c mg6-d mg6-e mg6-f\"><span class=\"x-image e582-e4 mg6-j\"><img decoding=\"async\" src=\"https:\/\/menk-schmehmann.de\/wp-content\/uploads\/Menk-Schmehmann-04c.jpg\" width=\"2400\" height=\"1329\" alt=\"Image\" loading=\"lazy\"><\/span><\/div><\/div><\/div><\/div><div class=\"x-section e582-e5 mg6-0 mg6-2\"><div class=\"x-row x-container max width e582-e6 mg6-3 mg6-5 mg6-6 mg6-8 mg6-a\"><div class=\"x-row-inner\"><div class=\"x-col e582-e7 mg6-c mg6-d mg6-e mg6-f\"><div class=\"x-text x-text-headline e582-e8 mg6-k mg6-l\"><div class=\"x-text-content\"><div class=\"x-text-content-text\"><h1 class=\"x-text-content-text-primary\">Current vacancies:<\/h1>\n<\/div><\/div><\/div><\/div><\/div><\/div><div class=\"x-row x-container max width e582-e9 mg6-3 mg6-6 mg6-7 mg6-8 mg6-b\"><div class=\"x-row-inner\"><div class=\"x-col e582-e10 mg6-c mg6-f mg6-g mg6-h\"><div class=\"x-text x-text-headline e582-e11 mg6-k mg6-m\"><div class=\"x-text-content\"><div class=\"x-text-content-text\"><h2 class=\"x-text-content-text-primary\">WIG-SCHWEI&szlig;ER (m\/w\/d)<\/h2>\n<\/div><\/div><\/div><div class=\"x-acc e582-e12 mg6-n\" id=\"x-acc-e582-e12\"><div class=\"e582-e13 x-acc-item\"><button id=\"tab-e582-e13\" class=\"x-acc-header\" role=\"button\" type=\"button\" aria-expanded=\"false\" aria-controls=\"panel-e582-e13\" data-x-toggle=\"collapse\" data-x-toggleable=\"e582-e13\"><span class=\"x-acc-header-content\"><span class=\"x-acc-header-indicator\"><i class=\"x-icon\" aria-hidden=\"true\" data-x-icon-s=\"&#xf105;\"><\/i><\/span><span class=\"x-acc-header-text\">Stellenbeschreibung<\/span><\/span><\/button><div id=\"panel-e582-e13\" role=\"region\" aria-hidden=\"true\" aria-labelledby=\"tab-e582-e13\" data-x-toggleable=\"e582-e13\" data-x-toggle-collapse=\"1\" class=\"x-collapsed\"><div class=\"x-acc-content\"><h4>IHRE AUFGABEN:<\/h4>\n<ul>\n \t<li>WIG-Schwei\u00dfarbeiten (r\u00f6ntgensicher)<\/li>\n \t<li>Selbst\u00e4ndiges Schwei\u00dfen von Schwei\u00dfkonstruktionen<\/li>\n \t<li>Lesen von Zeichnungen und Schwei\u00dfanweisungen<\/li>\n \t<li>Richtarbeiten und Reinigungsarbeiten der Schwei\u00dfn\u00e4hte<\/li>\n<\/ul>\n<h4>IHR PROFIL:<\/h4>\n<ul>\n \t<li>Eine abgeschlossene technische Ausbildung als Schlosser\/Schwei\u00dfer oder vergleichbare Vorkenntnisse<\/li>\n \t<li>Erfahrung imWIG-Schwei\u00dfen<\/li>\n \t<li>Kenntnisse im Beh\u00e4lterbau w\u00fcnschenswert<\/li>\n \t<li>Selbstst\u00e4ndige und gewissenhafte Arbeitsweise<\/li>\n \t<li>Zuverl\u00e4ssigkeit, Verantwortungsbewusstsein und Teamf\u00e4higkeit<\/li>\n<\/ul>\n<h4>IHR MEHRWERT:<\/h4>\n<ul>\n \t<li>Ein spannender und sicherer Arbeitsplatz<\/li>\n \t<li>Zusammenarbeit in einem engagierten Team<\/li>\n \t<li>Leistungsgerechte Verg\u00fctung<\/li>\n \t<li>Div. Mitarbeitervorteile, wie E-Bike Leasing<\/li>\n \t<li>Urlaubs- und Weihnachtsgeld<\/li>\n<\/ul>\n<p>Wir haben Ihr Interesse geweckt?<\/p>\n<p>Dann freuen wir uns auf die Zusendung Ihrer Bewerbungsunterlagen unter Angabe Ihrer fr\u00fchestm\u00f6glichen Verf\u00fcgbarkeit und Ihrer Gehaltsvorstellung.<\/p><\/div><\/div><\/div><\/div><\/div><div class=\"x-col e582-e14 mg6-c mg6-e mg6-g mg6-i\"><a class=\"x-anchor x-anchor-button has-graphic has-particle e582-e15 mg6-o\" tabindex=\"0\" href=\"\/wp-content\/uploads\/20210909_WIG_Schweisser.pdf\" target=\"_blank\" rel=\"noopener noreferrer\"><span class=\"x-particle is-primary\" data-x-particle=\"scale-x inside-c_l\" aria-hidden=\"true\"><span style=\"\"><\/span><\/span><div class=\"x-anchor-content\"><span class=\"x-graphic\" aria-hidden=\"true\"><i class=\"x-icon x-graphic-child x-graphic-icon x-graphic-primary\" aria-hidden=\"true\" data-x-icon-l=\"&#xf56d;\"><\/i><\/span><\/div><\/a><\/div><\/div><\/div><\/div><\/div>","protected":false},"excerpt":{"rendered":"<p>Current vacancies: WIG-SCHWEI&szlig;ER (m\/w\/d) StellenbeschreibungIHRE AUFGABEN: WIG-Schwei\u00dfarbeiten (r\u00f6ntgensicher) Selbst\u00e4ndiges Schwei\u00dfen von Schwei\u00dfkonstruktionen Lesen von Zeichnungen und Schwei\u00dfanweisungen Richtarbeiten und Reinigungsarbeiten der Schwei\u00dfn\u00e4hte IHR PROFIL: Eine abgeschlossene technische Ausbildung als Schlosser\/Schwei\u00dfer oder vergleichbare Vorkenntnisse Erfahrung imWIG-Schwei\u00dfen Kenntnisse im Beh\u00e4lterbau w\u00fcnschenswert Selbstst\u00e4ndige und gewissenhafte Arbeitsweise Zuverl\u00e4ssigkeit, Verantwortungsbewusstsein und Teamf\u00e4higkeit IHR MEHRWERT: Ein spannender und sicherer Arbeitsplatz Zusammenarbeit in einem engagierten Team Leistungsgerechte &#8230;<\/p>\n","protected":false},"author":1,"featured_media":0,"parent":567,"menu_order":0,"comment_status":"closed","ping_status":"closed","template":"template-blank-4.php","meta":{"_acf_changed":false,"footnotes":""},"class_list":["post-582","page","type-page","status-publish","hentry","no-post-thumbnail"],"acf":[],"yoast_head":"<!-- This site is optimized with the Yoast SEO plugin v26.8 - https:\/\/yoast.com\/product\/yoast-seo-wordpress\/ -->\n<title>Current vacancies | Menk-Schmehmann GmbH &amp; Co.KG<\/title>\n<meta name=\"robots\" content=\"index, follow, max-snippet:-1, max-image-preview:large, max-video-preview:-1\" \/>\n<link rel=\"canonical\" href=\"https:\/\/menk-schmehmann.de\/en\/career\/current-vacancies\/\" \/>\n<meta property=\"og:locale\" content=\"en_US\" \/>\n<meta property=\"og:type\" content=\"article\" \/>\n<meta property=\"og:title\" content=\"Current vacancies | Menk-Schmehmann GmbH &amp; Co.KG\" \/>\n<meta property=\"og:description\" content=\"Current vacancies: WIG-SCHWEI&szlig;ER (m\/w\/d) StellenbeschreibungIHRE AUFGABEN: WIG-Schwei\u00dfarbeiten (r\u00f6ntgensicher) Selbst\u00e4ndiges Schwei\u00dfen von Schwei\u00dfkonstruktionen Lesen von Zeichnungen und Schwei\u00dfanweisungen Richtarbeiten und Reinigungsarbeiten der Schwei\u00dfn\u00e4hte IHR PROFIL: Eine abgeschlossene technische Ausbildung als Schlosser\/Schwei\u00dfer oder vergleichbare Vorkenntnisse Erfahrung imWIG-Schwei\u00dfen Kenntnisse im Beh\u00e4lterbau w\u00fcnschenswert Selbstst\u00e4ndige und gewissenhafte Arbeitsweise Zuverl\u00e4ssigkeit, Verantwortungsbewusstsein und Teamf\u00e4higkeit IHR MEHRWERT: Ein spannender und sicherer Arbeitsplatz Zusammenarbeit in einem engagierten Team Leistungsgerechte ...\" \/>\n<meta property=\"og:url\" content=\"https:\/\/menk-schmehmann.de\/en\/career\/current-vacancies\/\" \/>\n<meta property=\"og:site_name\" content=\"Menk-Schmehmann GmbH &amp; Co.KG\" \/>\n<meta property=\"article:modified_time\" content=\"2025-05-16T07:47:10+00:00\" \/>\n<meta property=\"og:image\" content=\"https:\/\/menk-schmehmann.de\/wp-content\/uploads\/Menk-Schmehmann-04c.jpg\" \/>\n<meta name=\"twitter:card\" content=\"summary_large_image\" \/>\n<meta name=\"twitter:label1\" content=\"Est. reading time\" \/>\n\t<meta name=\"twitter:data1\" content=\"1 minute\" \/>\n<script type=\"application\/ld+json\" class=\"yoast-schema-graph\">{\"@context\":\"https:\/\/schema.org\",\"@graph\":[{\"@type\":\"WebPage\",\"@id\":\"https:\/\/menk-schmehmann.de\/en\/career\/current-vacancies\/\",\"url\":\"https:\/\/menk-schmehmann.de\/en\/career\/current-vacancies\/\",\"name\":\"Current vacancies | Menk-Schmehmann GmbH &amp; Co.KG\",\"isPartOf\":{\"@id\":\"https:\/\/menk-schmehmann.de\/en\/#website\"},\"primaryImageOfPage\":{\"@id\":\"https:\/\/menk-schmehmann.de\/en\/career\/current-vacancies\/#primaryimage\"},\"image\":{\"@id\":\"https:\/\/menk-schmehmann.de\/en\/career\/current-vacancies\/#primaryimage\"},\"thumbnailUrl\":\"https:\/\/menk-schmehmann.de\/wp-content\/uploads\/Menk-Schmehmann-04c.jpg\",\"datePublished\":\"2021-11-16T21:50:46+00:00\",\"dateModified\":\"2025-05-16T07:47:10+00:00\",\"breadcrumb\":{\"@id\":\"https:\/\/menk-schmehmann.de\/en\/career\/current-vacancies\/#breadcrumb\"},\"inLanguage\":\"en-US\",\"potentialAction\":[{\"@type\":\"ReadAction\",\"target\":[\"https:\/\/menk-schmehmann.de\/en\/career\/current-vacancies\/\"]}]},{\"@type\":\"ImageObject\",\"inLanguage\":\"en-US\",\"@id\":\"https:\/\/menk-schmehmann.de\/en\/career\/current-vacancies\/#primaryimage\",\"url\":\"https:\/\/menk-schmehmann.de\/wp-content\/uploads\/Menk-Schmehmann-04c.jpg\",\"contentUrl\":\"https:\/\/menk-schmehmann.de\/wp-content\/uploads\/Menk-Schmehmann-04c.jpg\"},{\"@type\":\"BreadcrumbList\",\"@id\":\"https:\/\/menk-schmehmann.de\/en\/career\/current-vacancies\/#breadcrumb\",\"itemListElement\":[{\"@type\":\"ListItem\",\"position\":1,\"name\":\"Startseite\",\"item\":\"https:\/\/menk-schmehmann.de\/en\/\"},{\"@type\":\"ListItem\",\"position\":2,\"name\":\"Career\",\"item\":\"https:\/\/menk-schmehmann.de\/en\/karriere\/\"},{\"@type\":\"ListItem\",\"position\":3,\"name\":\"Current vacancies\"}]},{\"@type\":\"WebSite\",\"@id\":\"https:\/\/menk-schmehmann.de\/en\/#website\",\"url\":\"https:\/\/menk-schmehmann.de\/en\/\",\"name\":\"Menk-Schmehmann GmbH &amp; Co.KG\",\"description\":\"Anlagenbau &amp; Rohrverformungstechnik\",\"publisher\":{\"@id\":\"https:\/\/menk-schmehmann.de\/en\/#organization\"},\"potentialAction\":[{\"@type\":\"SearchAction\",\"target\":{\"@type\":\"EntryPoint\",\"urlTemplate\":\"https:\/\/menk-schmehmann.de\/en\/?s={search_term_string}\"},\"query-input\":{\"@type\":\"PropertyValueSpecification\",\"valueRequired\":true,\"valueName\":\"search_term_string\"}}],\"inLanguage\":\"en-US\"},{\"@type\":\"Organization\",\"@id\":\"https:\/\/menk-schmehmann.de\/en\/#organization\",\"name\":\"Menk Schmehmann\",\"url\":\"https:\/\/menk-schmehmann.de\/en\/\",\"logo\":{\"@type\":\"ImageObject\",\"inLanguage\":\"en-US\",\"@id\":\"https:\/\/menk-schmehmann.de\/en\/#\/schema\/logo\/image\/\",\"url\":\"https:\/\/menk-schmehmann.de\/wp-content\/uploads\/2021\/11\/Menk-Schmehmann-Logo.png\",\"contentUrl\":\"https:\/\/menk-schmehmann.de\/wp-content\/uploads\/2021\/11\/Menk-Schmehmann-Logo.png\",\"width\":775,\"height\":120,\"caption\":\"Menk Schmehmann\"},\"image\":{\"@id\":\"https:\/\/menk-schmehmann.de\/en\/#\/schema\/logo\/image\/\"}}]}<\/script>\n<!-- \/ Yoast SEO plugin. -->","yoast_head_json":{"title":"Current vacancies | Menk-Schmehmann GmbH &amp; Co.KG","robots":{"index":"index","follow":"follow","max-snippet":"max-snippet:-1","max-image-preview":"max-image-preview:large","max-video-preview":"max-video-preview:-1"},"canonical":"https:\/\/menk-schmehmann.de\/en\/career\/current-vacancies\/","og_locale":"en_US","og_type":"article","og_title":"Current vacancies | Menk-Schmehmann GmbH &amp; Co.KG","og_description":"Current vacancies: WIG-SCHWEI&szlig;ER (m\/w\/d) StellenbeschreibungIHRE AUFGABEN: WIG-Schwei\u00dfarbeiten (r\u00f6ntgensicher) Selbst\u00e4ndiges Schwei\u00dfen von Schwei\u00dfkonstruktionen Lesen von Zeichnungen und Schwei\u00dfanweisungen Richtarbeiten und Reinigungsarbeiten der Schwei\u00dfn\u00e4hte IHR PROFIL: Eine abgeschlossene technische Ausbildung als Schlosser\/Schwei\u00dfer oder vergleichbare Vorkenntnisse Erfahrung imWIG-Schwei\u00dfen Kenntnisse im Beh\u00e4lterbau w\u00fcnschenswert Selbstst\u00e4ndige und gewissenhafte Arbeitsweise Zuverl\u00e4ssigkeit, Verantwortungsbewusstsein und Teamf\u00e4higkeit IHR MEHRWERT: Ein spannender und sicherer Arbeitsplatz Zusammenarbeit in einem engagierten Team Leistungsgerechte ...","og_url":"https:\/\/menk-schmehmann.de\/en\/career\/current-vacancies\/","og_site_name":"Menk-Schmehmann GmbH &amp; Co.KG","article_modified_time":"2025-05-16T07:47:10+00:00","og_image":[{"url":"https:\/\/menk-schmehmann.de\/wp-content\/uploads\/Menk-Schmehmann-04c.jpg","type":"","width":"","height":""}],"twitter_card":"summary_large_image","twitter_misc":{"Est. reading time":"1 minute"},"schema":{"@context":"https:\/\/schema.org","@graph":[{"@type":"WebPage","@id":"https:\/\/menk-schmehmann.de\/en\/career\/current-vacancies\/","url":"https:\/\/menk-schmehmann.de\/en\/career\/current-vacancies\/","name":"Current vacancies | Menk-Schmehmann GmbH &amp; Co.KG","isPartOf":{"@id":"https:\/\/menk-schmehmann.de\/en\/#website"},"primaryImageOfPage":{"@id":"https:\/\/menk-schmehmann.de\/en\/career\/current-vacancies\/#primaryimage"},"image":{"@id":"https:\/\/menk-schmehmann.de\/en\/career\/current-vacancies\/#primaryimage"},"thumbnailUrl":"https:\/\/menk-schmehmann.de\/wp-content\/uploads\/Menk-Schmehmann-04c.jpg","datePublished":"2021-11-16T21:50:46+00:00","dateModified":"2025-05-16T07:47:10+00:00","breadcrumb":{"@id":"https:\/\/menk-schmehmann.de\/en\/career\/current-vacancies\/#breadcrumb"},"inLanguage":"en-US","potentialAction":[{"@type":"ReadAction","target":["https:\/\/menk-schmehmann.de\/en\/career\/current-vacancies\/"]}]},{"@type":"ImageObject","inLanguage":"en-US","@id":"https:\/\/menk-schmehmann.de\/en\/career\/current-vacancies\/#primaryimage","url":"https:\/\/menk-schmehmann.de\/wp-content\/uploads\/Menk-Schmehmann-04c.jpg","contentUrl":"https:\/\/menk-schmehmann.de\/wp-content\/uploads\/Menk-Schmehmann-04c.jpg"},{"@type":"BreadcrumbList","@id":"https:\/\/menk-schmehmann.de\/en\/career\/current-vacancies\/#breadcrumb","itemListElement":[{"@type":"ListItem","position":1,"name":"Startseite","item":"https:\/\/menk-schmehmann.de\/en\/"},{"@type":"ListItem","position":2,"name":"Career","item":"https:\/\/menk-schmehmann.de\/en\/karriere\/"},{"@type":"ListItem","position":3,"name":"Current vacancies"}]},{"@type":"WebSite","@id":"https:\/\/menk-schmehmann.de\/en\/#website","url":"https:\/\/menk-schmehmann.de\/en\/","name":"Menk-Schmehmann GmbH &amp; Co.KG","description":"Anlagenbau &amp; Rohrverformungstechnik","publisher":{"@id":"https:\/\/menk-schmehmann.de\/en\/#organization"},"potentialAction":[{"@type":"SearchAction","target":{"@type":"EntryPoint","urlTemplate":"https:\/\/menk-schmehmann.de\/en\/?s={search_term_string}"},"query-input":{"@type":"PropertyValueSpecification","valueRequired":true,"valueName":"search_term_string"}}],"inLanguage":"en-US"},{"@type":"Organization","@id":"https:\/\/menk-schmehmann.de\/en\/#organization","name":"Menk Schmehmann","url":"https:\/\/menk-schmehmann.de\/en\/","logo":{"@type":"ImageObject","inLanguage":"en-US","@id":"https:\/\/menk-schmehmann.de\/en\/#\/schema\/logo\/image\/","url":"https:\/\/menk-schmehmann.de\/wp-content\/uploads\/2021\/11\/Menk-Schmehmann-Logo.png","contentUrl":"https:\/\/menk-schmehmann.de\/wp-content\/uploads\/2021\/11\/Menk-Schmehmann-Logo.png","width":775,"height":120,"caption":"Menk Schmehmann"},"image":{"@id":"https:\/\/menk-schmehmann.de\/en\/#\/schema\/logo\/image\/"}}]}},"_links":{"self":[{"href":"https:\/\/menk-schmehmann.de\/en\/wp-json\/wp\/v2\/pages\/582","targetHints":{"allow":["GET"]}}],"collection":[{"href":"https:\/\/menk-schmehmann.de\/en\/wp-json\/wp\/v2\/pages"}],"about":[{"href":"https:\/\/menk-schmehmann.de\/en\/wp-json\/wp\/v2\/types\/page"}],"author":[{"embeddable":true,"href":"https:\/\/menk-schmehmann.de\/en\/wp-json\/wp\/v2\/users\/1"}],"replies":[{"embeddable":true,"href":"https:\/\/menk-schmehmann.de\/en\/wp-json\/wp\/v2\/comments?post=582"}],"version-history":[{"count":5,"href":"https:\/\/menk-schmehmann.de\/en\/wp-json\/wp\/v2\/pages\/582\/revisions"}],"predecessor-version":[{"id":7743,"href":"https:\/\/menk-schmehmann.de\/en\/wp-json\/wp\/v2\/pages\/582\/revisions\/7743"}],"up":[{"embeddable":true,"href":"https:\/\/menk-schmehmann.de\/en\/wp-json\/wp\/v2\/pages\/567"}],"wp:attachment":[{"href":"https:\/\/menk-schmehmann.de\/en\/wp-json\/wp\/v2\/media?parent=582"}],"curies":[{"name":"wp","href":"https:\/\/api.w.org\/{rel}","templated":true}]}}