{"id":459,"date":"2021-10-22T11:43:29","date_gmt":"2021-10-22T09:43:29","guid":{"rendered":"https:\/\/menk-schmehmann.de\/start\/"},"modified":"2025-05-16T09:46:38","modified_gmt":"2025-05-16T07:46:38","slug":"start-en","status":"publish","type":"page","link":"https:\/\/menk-schmehmann.de\/en\/","title":{"rendered":"Start-En"},"content":{"rendered":"<div id=\"cs-content\" class=\"cs-content\"><div class=\"x-section e459-e1 mcr-0 mcr-1\"><div class=\"x-bg\" aria-hidden=\"true\"><div class=\"x-bg-layer-lower-custom\"><div style=\"width: 100%; height: 30vh; background-color: #FFF;\"><\/div><\/div><\/div><div class=\"x-row x-container max width e459-e2 mcr-4 mcr-5 mcr-7 mcr-8\"><div class=\"x-row-inner\"><div class=\"x-col e459-e3 mcr-b mcr-c\"><div class=\"x-div e459-e4 mcr-e mcr-f mcr-g mcr-h\"><div class=\"x-div e459-e5 mcr-e mcr-g mcr-h mcr-i\"><div class=\"x-slide-container-viewport is-loading e459-e6 mcr-p\" data-x-slide-container=\"{&quot;keyboardNavigation&quot;:true,&quot;startingSlide&quot;:1,&quot;enter&quot;:&quot;fade&quot;,&quot;exit&quot;:&quot;fade&quot;,&quot;swipe&quot;:&quot;&quot;,&quot;stacked&quot;:true}\"><div class=\"x-slide-container-content\"><div class=\"x-slide-container is-stacked\"><div class=\"x-slide e459-e7 mcr-q mcr-r\" data-x-slide=\"\"><div class=\"x-bg\" aria-hidden=\"true\"><div class=\"x-bg-layer-lower-image\"><\/div><\/div><div class=\"x-div e459-e8 mcr-e mcr-g mcr-h mcr-i mcr-j mcr-k mcr-l\"><div class=\"x-text x-content e459-e9 mcr-t mcr-u mcr-v mcr-w mcr-x\"><p><strong>We BEND<\/strong><\/p><\/div><div class=\"x-text x-content e459-e10 mcr-v mcr-w mcr-x mcr-y\"><strong>features<\/strong><\/div><\/div><\/div><div class=\"x-slide e459-e11 mcr-q mcr-s\" data-x-slide=\"\"><div class=\"x-bg\" aria-hidden=\"true\"><div class=\"x-bg-layer-lower-image\"><\/div><\/div><a class=\"x-anchor x-anchor-button has-graphic has-particle e459-e12 mcr-12 mcr-13\" tabindex=\"0\" href=\"\/en\/career\/apprenticeship\/\"><span class=\"x-particle is-primary\" data-x-particle=\"scale-x inside-c_l\" aria-hidden=\"true\"><span style=\"\"><\/span><\/span><div class=\"x-anchor-content\"><span class=\"x-graphic\" aria-hidden=\"true\"><i class=\"x-icon x-graphic-child x-graphic-icon x-graphic-primary\" aria-hidden=\"true\" data-x-icon-s=\"&#xf105;\"><\/i><\/span><div class=\"x-anchor-text\"><span class=\"x-anchor-text-primary\">Apprenticeship<\/span><\/div><\/div><\/a><\/div><\/div><\/div><\/div><div class=\"x-div e459-e13 mcr-e mcr-g mcr-i mcr-j mcr-m mcr-n mcr-3\"><a class=\"x-div e459-e14 mcr-e mcr-h mcr-i mcr-j mcr-k mcr-n mcr-o\" href=\"#prev\" data-x-effect-provider=\"colors particles effects\" data-x-slide-prev=\"\"><i class=\"x-icon e459-e15 mcr-15\" aria-hidden=\"true\" data-x-icon-o=\"&#xf060;\"><\/i><\/a><a class=\"x-div e459-e16 mcr-e mcr-h mcr-i mcr-j mcr-k mcr-n mcr-o\" href=\"#next\" data-x-effect-provider=\"colors particles effects\" data-x-slide-next=\"\"><i class=\"x-icon e459-e17 mcr-15\" aria-hidden=\"true\" data-x-icon-o=\"&#xf061;\"><\/i><\/a><\/div><\/div><ul class=\"x-slide-pagination is-row e459-e18 mcr-16\" data-x-slide-pagination=\"\"><\/ul><\/div><div class=\"x-text x-content e459-e19 mcr-v mcr-y mcr-z mcr-10\"><p>For over 75 years, we have been one of the leading specialists in complex tube forming, welding-assemblies and plant technology.<br \/>With a production area of over 20,000 square meters at our disposal, we can guarantee prompt order processing and fast delivery; a reliable combination of grown expertise coupled with high-tech machinery enables us to execute even the most demanding projects.<\/p>\n<p>Our maxim: We will find the best individual solution for every order from every customers. We can guarantee not only a result of the highest quality, but at the same time achieve maximum economic efficiency.<\/p><\/div><\/div><\/div><\/div><\/div><div class=\"x-section e459-e20 mcr-0 mcr-2\"><div class=\"x-row x-container max width e459-e21 mcr-5 mcr-6 mcr-7 mcr-9\"><div class=\"x-row-inner\"><div class=\"x-col e459-e22 mcr-b mcr-d\"><span class=\"x-image e459-e23 mcr-17 mcr-18 mcr-19\"><img decoding=\"async\" src=\"https:\/\/menk-schmehmann.de\/wp-content\/uploads\/2021\/11\/Menk-Schmehmann-Icon-Rohre.png\" width=\"250\" height=\"250\" alt=\"Image\" loading=\"lazy\"><\/span><div class=\"x-div e459-e24 mcr-e mcr-g mcr-h mcr-i\"><div class=\"x-text x-text-headline e459-e25 mcr-1c\"><div class=\"x-text-content\"><div class=\"x-text-content-text\"><h2 class=\"x-text-content-text-primary\">Industries<\/h2>\n<\/div><\/div><\/div><div class=\"x-text x-content e459-e26 mcr-t mcr-v mcr-x mcr-z mcr-11\">As Europe's largest manufacturer of flat coils, we are the first port of call for complex challenges from innovative industries such as power plant technology, chemistry &amp; petrochemistry, apparatus &amp; plant construction, and the food &amp; pharmaceutical industry. Find out what we can do for your company.<\/div><a class=\"x-anchor x-anchor-button has-graphic has-particle e459-e27 mcr-12 mcr-14\" tabindex=\"0\" href=\"\/en\/industries\/\"><span class=\"x-particle is-primary\" data-x-particle=\"scale-x inside-c_l\" aria-hidden=\"true\"><span style=\"\"><\/span><\/span><div class=\"x-anchor-content\"><span class=\"x-graphic\" aria-hidden=\"true\"><i class=\"x-icon x-graphic-child x-graphic-icon x-graphic-primary\" aria-hidden=\"true\" data-x-icon-s=\"&#xf105;\"><\/i><\/span><div class=\"x-anchor-text\"><span class=\"x-anchor-text-primary\">MORE<\/span><\/div><\/div><\/a><\/div><\/div><div class=\"x-col e459-e28 mcr-b mcr-d\"><span class=\"x-image e459-e29 mcr-17 mcr-19 mcr-1a\"><img decoding=\"async\" src=\"https:\/\/menk-schmehmann.de\/wp-content\/uploads\/2021\/11\/Menk-Schmehmann-Icon-Maschine.png\" width=\"300\" height=\"300\" alt=\"Image\" loading=\"lazy\"><\/span><div class=\"x-div e459-e30 mcr-e mcr-g mcr-h mcr-i\"><div class=\"x-text x-text-headline e459-e31 mcr-1c\"><div class=\"x-text-content\"><div class=\"x-text-content-text\"><h2 class=\"x-text-content-text-primary\"><strong>Products and services<\/strong><\/h2>\n<\/div><\/div><\/div><div class=\"x-text x-content e459-e32 mcr-t mcr-v mcr-x mcr-z mcr-11\"><p>Our depth of service is just as wide as our range of products and services: flat and tube coils, surface treatment or mechanical processing - when it comes to tube and sheet metal processing, we can do it. We would be pleased to introduce you to our wide range of services.<\/p><\/div><a class=\"x-anchor x-anchor-button has-graphic has-particle e459-e33 mcr-12 mcr-14\" tabindex=\"0\" href=\"\/en\/all-around-the-tube\/\"><span class=\"x-particle is-primary\" data-x-particle=\"scale-x inside-c_l\" aria-hidden=\"true\"><span style=\"\"><\/span><\/span><div class=\"x-anchor-content\"><span class=\"x-graphic\" aria-hidden=\"true\"><i class=\"x-icon x-graphic-child x-graphic-icon x-graphic-primary\" aria-hidden=\"true\" data-x-icon-s=\"&#xf105;\"><\/i><\/span><div class=\"x-anchor-text\"><span class=\"x-anchor-text-primary\">More<\/span><\/div><\/div><\/a><\/div><\/div><\/div><\/div><div class=\"x-row x-container max width e459-e34 mcr-4 mcr-5 mcr-7 mcr-a\"><div class=\"x-row-inner\"><div class=\"x-col e459-e35 mcr-b mcr-c\"><span class=\"x-image e459-e36 mcr-17 mcr-1b\"><img decoding=\"async\" src=\"https:\/\/menk-schmehmann.de\/wp-content\/uploads\/2021\/11\/Menk-Schmehmann-02.jpg\" width=\"517\" height=\"484\" alt=\"Image\" loading=\"lazy\"><\/span><\/div><div class=\"x-col e459-e37 mcr-b mcr-c\"><span class=\"x-image e459-e38 mcr-17 mcr-1b\"><img decoding=\"async\" src=\"https:\/\/menk-schmehmann.de\/wp-content\/uploads\/2021\/11\/Menk-Schmehmann-03.jpg\" width=\"517\" height=\"484\" alt=\"Image\" loading=\"lazy\"><\/span><\/div><\/div><\/div><\/div><\/div>","protected":false},"excerpt":{"rendered":"<p>We BENDfeaturesApprenticeshipFor over 75 years, we have been one of the leading specialists in complex tube forming, welding-assemblies and plant technology.With a production area of over 20,000 square meters at our disposal, we can guarantee prompt order processing and fast delivery; a reliable combination of grown expertise coupled with high-tech machinery enables us to execute even the most demanding projects. &#8230;<\/p>\n","protected":false},"author":1,"featured_media":0,"parent":0,"menu_order":0,"comment_status":"closed","ping_status":"closed","template":"template-blank-4.php","meta":{"_acf_changed":false,"footnotes":""},"class_list":["post-459","page","type-page","status-publish","hentry","no-post-thumbnail"],"acf":[],"yoast_head":"<!-- This site is optimized with the Yoast SEO plugin v26.8 - https:\/\/yoast.com\/product\/yoast-seo-wordpress\/ -->\n<title>Menk-Schmehmann GmbH &amp; Co.KG | Anlagenbau &amp; Rohrverformungstechnik<\/title>\n<meta name=\"description\" content=\"Seit \u00fcber 75 Jahren sind wir einer der f\u00fchrenden Spezialisten f\u00fcr komplexe Rohrverformung, Schwei\u00df-Baugruppen und Anlagenbau.\" \/>\n<meta name=\"robots\" content=\"index, follow, max-snippet:-1, max-image-preview:large, max-video-preview:-1\" \/>\n<link rel=\"canonical\" href=\"https:\/\/menk-schmehmann.de\/en\/\" \/>\n<meta property=\"og:locale\" content=\"en_US\" \/>\n<meta property=\"og:type\" content=\"article\" \/>\n<meta property=\"og:title\" content=\"Menk-Schmehmann GmbH &amp; Co.KG | Anlagenbau &amp; Rohrverformungstechnik\" \/>\n<meta property=\"og:description\" content=\"Seit \u00fcber 75 Jahren sind wir einer der f\u00fchrenden Spezialisten f\u00fcr komplexe Rohrverformung, Schwei\u00df-Baugruppen und Anlagenbau.\" \/>\n<meta property=\"og:url\" content=\"https:\/\/menk-schmehmann.de\/en\/\" \/>\n<meta property=\"og:site_name\" content=\"Menk-Schmehmann GmbH &amp; Co.KG\" \/>\n<meta property=\"article:modified_time\" content=\"2025-05-16T07:46:38+00:00\" \/>\n<meta property=\"og:image\" content=\"https:\/\/menk-schmehmann.de\/wp-content\/uploads\/2021\/11\/Menk-Schmehmann-Icon-Rohre.png\" \/>\n<meta name=\"twitter:card\" content=\"summary_large_image\" \/>\n<meta name=\"twitter:label1\" content=\"Est. reading time\" \/>\n\t<meta name=\"twitter:data1\" content=\"1 minute\" \/>\n<script type=\"application\/ld+json\" class=\"yoast-schema-graph\">{\"@context\":\"https:\/\/schema.org\",\"@graph\":[{\"@type\":\"WebPage\",\"@id\":\"https:\/\/menk-schmehmann.de\/en\/\",\"url\":\"https:\/\/menk-schmehmann.de\/en\/\",\"name\":\"Menk-Schmehmann GmbH &amp; Co.KG | Anlagenbau &amp; Rohrverformungstechnik\",\"isPartOf\":{\"@id\":\"https:\/\/menk-schmehmann.de\/en\/#website\"},\"primaryImageOfPage\":{\"@id\":\"https:\/\/menk-schmehmann.de\/en\/#primaryimage\"},\"image\":{\"@id\":\"https:\/\/menk-schmehmann.de\/en\/#primaryimage\"},\"thumbnailUrl\":\"https:\/\/menk-schmehmann.de\/wp-content\/uploads\/2021\/11\/Menk-Schmehmann-Icon-Rohre.png\",\"datePublished\":\"2021-10-22T09:43:29+00:00\",\"dateModified\":\"2025-05-16T07:46:38+00:00\",\"description\":\"Seit \u00fcber 75 Jahren sind wir einer der f\u00fchrenden Spezialisten f\u00fcr komplexe Rohrverformung, Schwei\u00df-Baugruppen und Anlagenbau.\",\"breadcrumb\":{\"@id\":\"https:\/\/menk-schmehmann.de\/en\/#breadcrumb\"},\"inLanguage\":\"en-US\",\"potentialAction\":[{\"@type\":\"ReadAction\",\"target\":[\"https:\/\/menk-schmehmann.de\/en\/\"]}]},{\"@type\":\"ImageObject\",\"inLanguage\":\"en-US\",\"@id\":\"https:\/\/menk-schmehmann.de\/en\/#primaryimage\",\"url\":\"https:\/\/menk-schmehmann.de\/wp-content\/uploads\/2021\/11\/Menk-Schmehmann-Icon-Rohre.png\",\"contentUrl\":\"https:\/\/menk-schmehmann.de\/wp-content\/uploads\/2021\/11\/Menk-Schmehmann-Icon-Rohre.png\"},{\"@type\":\"BreadcrumbList\",\"@id\":\"https:\/\/menk-schmehmann.de\/en\/#breadcrumb\",\"itemListElement\":[{\"@type\":\"ListItem\",\"position\":1,\"name\":\"Startseite\",\"item\":\"https:\/\/menk-schmehmann.de\/en\/\"},{\"@type\":\"ListItem\",\"position\":2,\"name\":\"Start-En\"}]},{\"@type\":\"WebSite\",\"@id\":\"https:\/\/menk-schmehmann.de\/en\/#website\",\"url\":\"https:\/\/menk-schmehmann.de\/en\/\",\"name\":\"Menk-Schmehmann GmbH &amp; Co.KG\",\"description\":\"Anlagenbau &amp; Rohrverformungstechnik\",\"publisher\":{\"@id\":\"https:\/\/menk-schmehmann.de\/en\/#organization\"},\"potentialAction\":[{\"@type\":\"SearchAction\",\"target\":{\"@type\":\"EntryPoint\",\"urlTemplate\":\"https:\/\/menk-schmehmann.de\/en\/?s={search_term_string}\"},\"query-input\":{\"@type\":\"PropertyValueSpecification\",\"valueRequired\":true,\"valueName\":\"search_term_string\"}}],\"inLanguage\":\"en-US\"},{\"@type\":\"Organization\",\"@id\":\"https:\/\/menk-schmehmann.de\/en\/#organization\",\"name\":\"Menk Schmehmann\",\"url\":\"https:\/\/menk-schmehmann.de\/en\/\",\"logo\":{\"@type\":\"ImageObject\",\"inLanguage\":\"en-US\",\"@id\":\"https:\/\/menk-schmehmann.de\/en\/#\/schema\/logo\/image\/\",\"url\":\"https:\/\/menk-schmehmann.de\/wp-content\/uploads\/2021\/11\/Menk-Schmehmann-Logo.png\",\"contentUrl\":\"https:\/\/menk-schmehmann.de\/wp-content\/uploads\/2021\/11\/Menk-Schmehmann-Logo.png\",\"width\":775,\"height\":120,\"caption\":\"Menk Schmehmann\"},\"image\":{\"@id\":\"https:\/\/menk-schmehmann.de\/en\/#\/schema\/logo\/image\/\"}}]}<\/script>\n<!-- \/ Yoast SEO plugin. -->","yoast_head_json":{"title":"Menk-Schmehmann GmbH &amp; Co.KG | Anlagenbau &amp; Rohrverformungstechnik","description":"Seit \u00fcber 75 Jahren sind wir einer der f\u00fchrenden Spezialisten f\u00fcr komplexe Rohrverformung, Schwei\u00df-Baugruppen und Anlagenbau.","robots":{"index":"index","follow":"follow","max-snippet":"max-snippet:-1","max-image-preview":"max-image-preview:large","max-video-preview":"max-video-preview:-1"},"canonical":"https:\/\/menk-schmehmann.de\/en\/","og_locale":"en_US","og_type":"article","og_title":"Menk-Schmehmann GmbH &amp; Co.KG | Anlagenbau &amp; Rohrverformungstechnik","og_description":"Seit \u00fcber 75 Jahren sind wir einer der f\u00fchrenden Spezialisten f\u00fcr komplexe Rohrverformung, Schwei\u00df-Baugruppen und Anlagenbau.","og_url":"https:\/\/menk-schmehmann.de\/en\/","og_site_name":"Menk-Schmehmann GmbH &amp; Co.KG","article_modified_time":"2025-05-16T07:46:38+00:00","og_image":[{"url":"https:\/\/menk-schmehmann.de\/wp-content\/uploads\/2021\/11\/Menk-Schmehmann-Icon-Rohre.png","type":"","width":"","height":""}],"twitter_card":"summary_large_image","twitter_misc":{"Est. reading time":"1 minute"},"schema":{"@context":"https:\/\/schema.org","@graph":[{"@type":"WebPage","@id":"https:\/\/menk-schmehmann.de\/en\/","url":"https:\/\/menk-schmehmann.de\/en\/","name":"Menk-Schmehmann GmbH &amp; Co.KG | Anlagenbau &amp; Rohrverformungstechnik","isPartOf":{"@id":"https:\/\/menk-schmehmann.de\/en\/#website"},"primaryImageOfPage":{"@id":"https:\/\/menk-schmehmann.de\/en\/#primaryimage"},"image":{"@id":"https:\/\/menk-schmehmann.de\/en\/#primaryimage"},"thumbnailUrl":"https:\/\/menk-schmehmann.de\/wp-content\/uploads\/2021\/11\/Menk-Schmehmann-Icon-Rohre.png","datePublished":"2021-10-22T09:43:29+00:00","dateModified":"2025-05-16T07:46:38+00:00","description":"Seit \u00fcber 75 Jahren sind wir einer der f\u00fchrenden Spezialisten f\u00fcr komplexe Rohrverformung, Schwei\u00df-Baugruppen und Anlagenbau.","breadcrumb":{"@id":"https:\/\/menk-schmehmann.de\/en\/#breadcrumb"},"inLanguage":"en-US","potentialAction":[{"@type":"ReadAction","target":["https:\/\/menk-schmehmann.de\/en\/"]}]},{"@type":"ImageObject","inLanguage":"en-US","@id":"https:\/\/menk-schmehmann.de\/en\/#primaryimage","url":"https:\/\/menk-schmehmann.de\/wp-content\/uploads\/2021\/11\/Menk-Schmehmann-Icon-Rohre.png","contentUrl":"https:\/\/menk-schmehmann.de\/wp-content\/uploads\/2021\/11\/Menk-Schmehmann-Icon-Rohre.png"},{"@type":"BreadcrumbList","@id":"https:\/\/menk-schmehmann.de\/en\/#breadcrumb","itemListElement":[{"@type":"ListItem","position":1,"name":"Startseite","item":"https:\/\/menk-schmehmann.de\/en\/"},{"@type":"ListItem","position":2,"name":"Start-En"}]},{"@type":"WebSite","@id":"https:\/\/menk-schmehmann.de\/en\/#website","url":"https:\/\/menk-schmehmann.de\/en\/","name":"Menk-Schmehmann GmbH &amp; Co.KG","description":"Anlagenbau &amp; Rohrverformungstechnik","publisher":{"@id":"https:\/\/menk-schmehmann.de\/en\/#organization"},"potentialAction":[{"@type":"SearchAction","target":{"@type":"EntryPoint","urlTemplate":"https:\/\/menk-schmehmann.de\/en\/?s={search_term_string}"},"query-input":{"@type":"PropertyValueSpecification","valueRequired":true,"valueName":"search_term_string"}}],"inLanguage":"en-US"},{"@type":"Organization","@id":"https:\/\/menk-schmehmann.de\/en\/#organization","name":"Menk Schmehmann","url":"https:\/\/menk-schmehmann.de\/en\/","logo":{"@type":"ImageObject","inLanguage":"en-US","@id":"https:\/\/menk-schmehmann.de\/en\/#\/schema\/logo\/image\/","url":"https:\/\/menk-schmehmann.de\/wp-content\/uploads\/2021\/11\/Menk-Schmehmann-Logo.png","contentUrl":"https:\/\/menk-schmehmann.de\/wp-content\/uploads\/2021\/11\/Menk-Schmehmann-Logo.png","width":775,"height":120,"caption":"Menk Schmehmann"},"image":{"@id":"https:\/\/menk-schmehmann.de\/en\/#\/schema\/logo\/image\/"}}]}},"_links":{"self":[{"href":"https:\/\/menk-schmehmann.de\/en\/wp-json\/wp\/v2\/pages\/459","targetHints":{"allow":["GET"]}}],"collection":[{"href":"https:\/\/menk-schmehmann.de\/en\/wp-json\/wp\/v2\/pages"}],"about":[{"href":"https:\/\/menk-schmehmann.de\/en\/wp-json\/wp\/v2\/types\/page"}],"author":[{"embeddable":true,"href":"https:\/\/menk-schmehmann.de\/en\/wp-json\/wp\/v2\/users\/1"}],"replies":[{"embeddable":true,"href":"https:\/\/menk-schmehmann.de\/en\/wp-json\/wp\/v2\/comments?post=459"}],"version-history":[{"count":8,"href":"https:\/\/menk-schmehmann.de\/en\/wp-json\/wp\/v2\/pages\/459\/revisions"}],"predecessor-version":[{"id":7721,"href":"https:\/\/menk-schmehmann.de\/en\/wp-json\/wp\/v2\/pages\/459\/revisions\/7721"}],"wp:attachment":[{"href":"https:\/\/menk-schmehmann.de\/en\/wp-json\/wp\/v2\/media?parent=459"}],"curies":[{"name":"wp","href":"https:\/\/api.w.org\/{rel}","templated":true}]}}